{"id":987470474,"date":"2021-02-03T11:11:53","date_gmt":"2021-02-03T10:11:53","guid":{"rendered":"https:\/\/www.claresco-cosmetic.de\/kosmetik-shop\/zahlungsweisen\/"},"modified":"2025-09-29T23:00:01","modified_gmt":"2025-09-29T21:00:01","slug":"zahlungsweisen","status":"publish","type":"page","link":"https:\/\/www.claresco-cosmetic.de\/kosmetik-shop\/zahlungsweisen\/","title":{"rendered":"Zahlungsweisen"},"content":{"rendered":"<p>[et_pb_section fb_built=&#8221;1&#8243; custom_padding_last_edited=&#8221;on|phone&#8221; admin_label=&#8221;Sektion nur texte&#8221; _builder_version=&#8221;4.16&#8243; _module_preset=&#8221;default&#8221; background_color=&#8221;#fefefe&#8221; use_background_color_gradient=&#8221;on&#8221; background_color_gradient_stops=&#8221;#fbf2f0 0%|#fefefe 10%&#8221; background_color_gradient_start=&#8221;#fbf2f0&#8243; background_color_gradient_end=&#8221;#fefefe&#8221; background_color_gradient_end_position=&#8221;10%&#8221; custom_padding=&#8221;11vw|5px|||false|false&#8221; custom_padding_tablet=&#8221;16vw||||false|false&#8221; custom_padding_phone=&#8221;35vw||||false|false&#8221; global_colors_info=&#8221;{}&#8221;][et_pb_row _builder_version=&#8221;4.16&#8243; _module_preset=&#8221;default&#8221; global_colors_info=&#8221;{}&#8221;][et_pb_column type=&#8221;4_4&#8243; _builder_version=&#8221;4.16&#8243; _module_preset=&#8221;default&#8221; global_colors_info=&#8221;{}&#8221;][et_pb_text _builder_version=&#8221;4.16.1&#8243; _module_preset=&#8221;bca70a6a-53a9-48dc-80fe-fe80069b80b7&#8243; global_colors_info=&#8221;{}&#8221;]<\/p>\n<h2>Zahlarten<\/h2>\n<p>[\/et_pb_text][et_pb_divider color=&#8221;#000000&#8243; divider_weight=&#8221;2px&#8221; disabled_on=&#8221;off|off|off&#8221; _builder_version=&#8221;4.16&#8243; max_width=&#8221;80px&#8221; module_alignment=&#8221;left&#8221; height=&#8221;10px&#8221; custom_margin=&#8221;-25px||20px||false|false&#8221; custom_margin_tablet=&#8221;-25px||||false|false&#8221; custom_margin_phone=&#8221;-25px||||false|false&#8221; custom_margin_last_edited=&#8221;on|desktop&#8221; animation_style=&#8221;slide&#8221; animation_direction=&#8221;bottom&#8221; saved_tabs=&#8221;all&#8221; locked=&#8221;off&#8221; global_colors_info=&#8221;{}&#8221;][\/et_pb_divider][\/et_pb_column][\/et_pb_row][et_pb_row _builder_version=&#8221;4.16&#8243; _module_preset=&#8221;default&#8221; global_colors_info=&#8221;{}&#8221;][et_pb_column type=&#8221;4_4&#8243; _builder_version=&#8221;4.16&#8243; _module_preset=&#8221;default&#8221; global_colors_info=&#8221;{}&#8221;][et_pb_text admin_label=&#8221;Text&#8221; _builder_version=&#8221;4.27.4&#8243; _module_preset=&#8221;6e8af5e7-2028-4f74-815e-4590f295017b&#8221; hover_enabled=&#8221;0&#8243; global_colors_info=&#8221;{}&#8221; sticky_enabled=&#8221;0&#8243;]<\/p>\n<p>Wir bieten Ihnen folgende Zahlungsarten an.<\/p>\n<p>Suchen Sie sich einfach die f\u00fcr Sie optimale Zahlart aus. Die Versandkosten sind teilweise abh\u00e4ngig von der gew\u00e4hlten Zahlungsart. Die in den jeweiligen Angeboten angef\u00fchrten Preise stellen Endpreise dar. Sie beinhalten alle Preisbestandteile einschlie\u00dflich etwaig anfallender Steuern wie Mehrwertsteuer. Nur bei grenz\u00fcberschreitender Lieferung k\u00f6nnen im Einzelfall weitere Steuern (z.B. im Falle eines innergemeinschaftlichen Erwerbs) und\/oder Abgaben (z.B. Z\u00f6lle) von Ihnen zu zahlen sein, jedoch nicht an den Verk\u00e4ufer, sondern an die dort zust\u00e4ndigen Zoll- bzw. Steuerbeh\u00f6rden.<\/p>\n<p>Die anfallenden Liefer- und Versandkosten sind nicht im Kaufpreis enthalten, sie sind \u00fcber die Seite \u201eVersandkosten\u201c aufrufbar, werden im Laufe des Bestellvorganges gesondert ausgewiesen und sind von Ihnen zus\u00e4tzlich zu tragen.<\/p>\n<p>&nbsp;<\/p>\n<p><strong>PayPal<\/strong><\/p>\n<p>Sicher und schnell bezahlen mit Ihrem PayPal-Konto.<br \/>Auch ohne PayPal-Konto k\u00f6nnen Sie bequem mit Ihrem Bankkonto oder Ihrer Kreditkarte bezahlen. Der Zahlungseingang wird in der Regel innerhalb weniger Minuten bei uns verbucht, sodass wir Ihre Bestellung umgehend bearbeiten werden. Weitere Informationen erhalten Sie unter <a href=\"https:\/\/www.paypal.com\/\" target=\"_blank\" rel=\"noopener\">www.paypal.com<\/a>.<\/p>\n<p>&nbsp;<\/p>\n<p><strong>Vorkasse per \u00dcberweisung<\/strong><\/p>\n<p>Nach Beendigung Ihrer Bestellung erhalten Sie eine Bestellbest\u00e4tigung mit allen Zahlungsinformationen an Ihre angegebene E-Mail-Adresse. Die Ware wird direkt nach Zahlungseingang an Sie verschickt. Bitte beachten Sie, dass wir Ihre Bestellung maximal 7 Tage ab Bestelldatum f\u00fcr Sie reservieren k\u00f6nnen.<\/p>\n<p>&nbsp;<\/p>\n<p><span style=\"font-size: 15px;\"><strong>Auf Rechnung<\/strong><\/span><\/p>\n<p>Wenn Sie Rechnung als Zahlungsart ausgew\u00e4hlt haben, bezahlen Sie die Ware erst nach Erhalt. Die Zahlart Rechnung ist erst nach einer erfolgreich abgeschlossenen Erstbestellung m\u00f6glich.<\/p>\n<p>&nbsp;<\/p>\n<p>[\/et_pb_text][et_pb_divider color=&#8221;#000000&#8243; divider_weight=&#8221;2px&#8221; disabled_on=&#8221;off|off|off&#8221; _builder_version=&#8221;4.16&#8243; max_width=&#8221;80px&#8221; module_alignment=&#8221;left&#8221; height=&#8221;10px&#8221; custom_margin=&#8221;||||false|false&#8221; custom_margin_tablet=&#8221;&#8221; custom_margin_phone=&#8221;&#8221; custom_margin_last_edited=&#8221;on|phone&#8221; animation_style=&#8221;slide&#8221; animation_direction=&#8221;bottom&#8221; saved_tabs=&#8221;all&#8221; locked=&#8221;off&#8221; global_colors_info=&#8221;{}&#8221;][\/et_pb_divider][\/et_pb_column][\/et_pb_row][\/et_pb_section]<\/p>\n","protected":false},"excerpt":{"rendered":"<p>ZahlartenWir bieten Ihnen folgende Zahlungsarten an. Suchen Sie sich einfach die f\u00fcr Sie optimale Zahlart aus. Die Versandkosten sind teilweise abh\u00e4ngig von der gew\u00e4hlten Zahlungsart. Die in den jeweiligen Angeboten angef\u00fchrten Preise stellen Endpreise dar. Sie beinhalten alle Preisbestandteile einschlie\u00dflich etwaig anfallender Steuern wie Mehrwertsteuer. Nur bei grenz\u00fcberschreitender Lieferung k\u00f6nnen im Einzelfall weitere Steuern (z.B. im Falle eines innergemeinschaftlichen Erwerbs) und\/oder Abgaben (z.B. Z\u00f6lle) von Ihnen zu zahlen sein, jedoch nicht an den Verk\u00e4ufer, sondern an die dort zust\u00e4ndigen Zoll- bzw. Steuerbeh\u00f6rden. Die anfallenden Liefer- und Versandkosten sind nicht im Kaufpreis enthalten, sie sind \u00fcber die Seite \u201eVersandkosten\u201c aufrufbar, werden im Laufe des Bestellvorganges gesondert ausgewiesen und sind von Ihnen zus\u00e4tzlich zu tragen. &nbsp; PayPal Sicher und schnell bezahlen mit Ihrem PayPal-Konto.Auch ohne PayPal-Konto k\u00f6nnen Sie bequem mit Ihrem Bankkonto oder Ihrer Kreditkarte bezahlen. Der Zahlungseingang wird in der Regel innerhalb weniger Minuten bei uns verbucht, sodass wir Ihre Bestellung umgehend bearbeiten werden. Weitere Informationen erhalten Sie unter www.paypal.com. &nbsp; Vorkasse per \u00dcberweisung Nach Beendigung Ihrer Bestellung erhalten Sie eine Bestellbest\u00e4tigung mit allen Zahlungsinformationen an Ihre angegebene E-Mail-Adresse. Die Ware wird direkt nach Zahlungseingang an Sie verschickt. Bitte beachten Sie, dass wir Ihre Bestellung maximal 7 Tage ab Bestelldatum f\u00fcr [&hellip;]<\/p>\n","protected":false},"author":2,"featured_media":0,"parent":0,"menu_order":0,"comment_status":"closed","ping_status":"closed","template":"","meta":{"_et_pb_use_builder":"on","_et_pb_old_content":"<strong>Haftungshinweis: Das nachstehende Muster ist von einem Rechtsanwalt (<a href=\"https:\/\/drschwenke.de\" rel=\"nofollow\">https:\/\/drschwenke.de<\/a>) entsprechend den typischen Anforderungen eines Onlineshops erstellt worden.\u00a0Jedoch sollten Sie das Muster nur\u00a0nach sorgf\u00e4ltiger Pr\u00fcfung und Anpassung auf Ihr konkretes Gesch\u00e4ftsmodell verwenden. Das nachfolgende Muster enth\u00e4lt daher zus\u00e4tzliche Hinweise, die Sie beachten m\u00fcssen und rote Passagen, die Sie besonders pr\u00fcfen und ggf. anpassen m\u00fcssen. Bitte entfernen Sie die Hinweise nach der Bearbeitung. Lassen Sie sich im Zweifel rechtlich beraten. Urheberrecht: Sie d\u00fcrfen das Muster solange innerhalb der Domain\/Website nutzen, solange f\u00fcr diese auch Ihre Marketpress-Lizenz gilt. Weitergabe an Dritte, auch an Kunden (z.B. als Entwickler) ist nicht erlaubt.<\/strong>\r\n\r\n<strong>Zahlungsarten<\/strong>\r\n\r\nWir bieten Ihnen folgende Zahlungsarten an. Suchen Sie sich einfach die f\u00fcr Sie optimale Zahlart aus. Die Versandkosten sind teilweise abh\u00e4ngig von der gew\u00e4hlten Zahlungsart. Die in den jeweiligen Angeboten angef\u00fchrten Preise stellen Endpreise dar. Sie beinhalten alle Preisbestandteile einschlie\u00dflich etwaig anfallender Steuern wie Mehrwertsteuer. Nur bei grenz\u00fcberschreitender Lieferung k\u00f6nnen im Einzelfall weitere Steuern (z.B. im Falle eines innergemeinschaftlichen Erwerbs) und\/oder Abgaben (z.B. Z\u00f6lle) von Ihnen zu zahlen sein, jedoch nicht an den Verk\u00e4ufer, sondern an die dort zust\u00e4ndigen Zoll- bzw. Steuerbeh\u00f6rden. Die anfallenden Liefer- und Versandkosten sind nicht im Kaufpreis enthalten, sie sind \u00fcber die Seite \u201eVersandkosten\u201c aufrufbar, werden im Laufe des Bestellvorganges gesondert ausgewiesen und sind von Ihnen zus\u00e4tzlich zu tragen.\r\n\r\n<em>Nachnahme<\/em>\r\n\r\nBitte halten Sie den Rechnungsbetrag bereit; der Zusteller kassiert bei Lieferung in bar (keine Schecks). Bei Nachnahme fallen zus\u00e4tzlich [6,50 EUR Nachnahmegeb\u00fchren] an, die direkt an den Paketzusteller zu entrichten sind.\r\n\r\n<em>Lastschrift<\/em>\r\n\r\nWir ziehen den Rechnungsbetrag Ihrer Bestellung von Ihrem hinterlegten Bankkonto nach der get\u00e4tigten Bestellung ein. [Plus 2 Euro Geb\u00fchr]\r\n\r\n<em>Auf Rechnung<\/em>\r\nEinfach bestellen und im Anschlu\u00df erst bezahlen. [Plus 2 Euro Geb\u00fchr]\r\n\r\n<em>Kreditkarte<\/em>\r\n\r\nZahlen Sie ganz einfach per Kreditkarte.\r\n\r\n<em>PayPal<\/em>\r\n\r\nNoch schneller und sicherer bezahlen mit ihrem PayPal-Konto.\r\n\r\n<em>Vorkasse<\/em>\r\n\r\nKostenloser Versand innerhalb Deutschlands (Au\u00dfer Express-Versand)\r\n\r\nBitte \u00fcberweisen Sie den Gesamtbetrag Ihrer Bestellung auf unser Konto:\r\n\r\nKontoinhaber: Demoshop GmbH & Co.KG\r\nKontonummer: 10000000\r\nBLZ: 222 22 222\r\nKreditinstitut: Bank Demostadt\r\nSWIFT: DELE944834\r\nIBAN: DE12345678910111213\r\n\r\n<em>Barzahlung<\/em>\r\n\r\nBestellen Sie online und holen Sie Ihre Bestellung bei uns im Laden einfach ab:\r\n\r\nDemoshop, Demostra\u00dfe 13\r\n12345 Musterstadt, Deutschland\r\nMo \u2013 Fr 8:30 \u2013 13:00, 14:30 \u2013 18:00\r\nSa 9:00 \u2013 13:00","_et_gb_content_width":"","footnotes":""},"class_list":["post-987470474","page","type-page","status-publish","hentry"],"_links":{"self":[{"href":"https:\/\/www.claresco-cosmetic.de\/kosmetik-shop\/wp-json\/wp\/v2\/pages\/987470474","targetHints":{"allow":["GET"]}}],"collection":[{"href":"https:\/\/www.claresco-cosmetic.de\/kosmetik-shop\/wp-json\/wp\/v2\/pages"}],"about":[{"href":"https:\/\/www.claresco-cosmetic.de\/kosmetik-shop\/wp-json\/wp\/v2\/types\/page"}],"author":[{"embeddable":true,"href":"https:\/\/www.claresco-cosmetic.de\/kosmetik-shop\/wp-json\/wp\/v2\/users\/2"}],"replies":[{"embeddable":true,"href":"https:\/\/www.claresco-cosmetic.de\/kosmetik-shop\/wp-json\/wp\/v2\/comments?post=987470474"}],"version-history":[{"count":5,"href":"https:\/\/www.claresco-cosmetic.de\/kosmetik-shop\/wp-json\/wp\/v2\/pages\/987470474\/revisions"}],"predecessor-version":[{"id":987494954,"href":"https:\/\/www.claresco-cosmetic.de\/kosmetik-shop\/wp-json\/wp\/v2\/pages\/987470474\/revisions\/987494954"}],"wp:attachment":[{"href":"https:\/\/www.claresco-cosmetic.de\/kosmetik-shop\/wp-json\/wp\/v2\/media?parent=987470474"}],"curies":[{"name":"wp","href":"https:\/\/api.w.org\/{rel}","templated":true}]}}