{"id":987480871,"date":"2023-08-13T14:35:22","date_gmt":"2023-08-13T12:35:22","guid":{"rendered":"https:\/\/www.claresco-cosmetic.de\/kosmetik-shop\/?page_id=987480871"},"modified":"2024-06-18T21:47:32","modified_gmt":"2024-06-18T19:47:32","slug":"kontakttestroselheim","status":"publish","type":"page","link":"https:\/\/www.claresco-cosmetic.de\/kosmetik-shop\/kontakttestroselheim\/","title":{"rendered":"Arbeitsseite KontaktTestRoselheim"},"content":{"rendered":"<p>[et_pb_section fb_built=&#8221;1&#8243; custom_padding_last_edited=&#8221;on|phone&#8221; admin_label=&#8221;Hero Kategorien Archive&#8221; _builder_version=&#8221;4.23.1&#8243; _module_preset=&#8221;default&#8221; background_color=&#8221;RGBA(255,255,255,0)&#8221; use_background_color_gradient=&#8221;on&#8221; background_color_gradient_stops=&#8221;#fbf2f0 0%|#f7f5f6 34%&#8221; background_color_gradient_start=&#8221;#fbf2f0&#8243; background_color_gradient_end=&#8221;#f7f5f6&#8243; custom_margin=&#8221;||0px||false|false&#8221; custom_padding=&#8221;10vw||1vw||false|false&#8221; custom_padding_tablet=&#8221;18vw||||false|false&#8221; custom_padding_phone=&#8221;30vw||||false|false&#8221; locked=&#8221;off&#8221; collapsed=&#8221;off&#8221; global_colors_info=&#8221;{}&#8221;][et_pb_row column_structure=&#8221;3_5,2_5&#8243; custom_padding_last_edited=&#8221;on|phone&#8221; _builder_version=&#8221;4.17.3&#8243; _module_preset=&#8221;default&#8221; background_enable_color=&#8221;off&#8221; use_background_color_gradient=&#8221;on&#8221; background_color_gradient_direction=&#8221;90deg&#8221; background_color_gradient_stops=&#8221;rgba(254,254,254,0.57) 0%|#fefefe 96%&#8221; background_color_gradient_overlays_image=&#8221;on&#8221; background_color_gradient_start=&#8221;#fbf2f0&#8243; background_color_gradient_end=&#8221;#fefefe&#8221; background_color_gradient_end_position=&#8221;0%&#8221; background_enable_image=&#8221;off&#8221; parallax=&#8221;on&#8221; parallax_method=&#8221;off&#8221; z_index=&#8221;1&#8243; width_tablet=&#8221;90%&#8221; width_phone=&#8221;&#8221; width_last_edited=&#8221;on|phone&#8221; max_width=&#8221;1480px&#8221; custom_padding=&#8221;20px|20px|20px|20px|false|false&#8221; custom_padding_tablet=&#8221;20px||||false|false&#8221; custom_padding_phone=&#8221;0px||0px||false|false&#8221; global_colors_info=&#8221;{}&#8221;][et_pb_column type=&#8221;3_5&#8243; _builder_version=&#8221;4.17.3&#8243; _module_preset=&#8221;default&#8221; z_index=&#8221;0&#8243; custom_padding=&#8221;||||false|false&#8221; global_colors_info=&#8221;{}&#8221;][dsm_shapes shapes_type=&#8221;circle&#8221; shapes_square_size=&#8221;218&#8243; shape_color=&#8221;rgba(227,196,187,0.64)&#8221; shapes_square_size_tablet=&#8221;200&#8243; shapes_square_size_phone=&#8221;153&#8243; shapes_square_size_last_edited=&#8221;on|phone&#8221; disabled_on=&#8221;off|off|off&#8221; admin_label=&#8221;kreis gross&#8221; _builder_version=&#8221;4.23&#8243; positioning=&#8221;absolute&#8221; vertical_offset=&#8221;427px&#8221; horizontal_offset=&#8221;-200px&#8221; z_index=&#8221;-1&#8243; vertical_offset_tablet=&#8221;1rem&#8221; vertical_offset_phone=&#8221;-2rem&#8221; vertical_offset_last_edited=&#8221;on|tablet&#8221; horizontal_offset_tablet=&#8221;-9rem&#8221; horizontal_offset_phone=&#8221;-9rem&#8221; horizontal_offset_last_edited=&#8221;on|desktop&#8221; position_origin_a_tablet=&#8221;top_right&#8221; position_origin_a_phone=&#8221;top_right&#8221; position_origin_a_last_edited=&#8221;on|tablet&#8221; position_origin_f_tablet=&#8221;&#8221; position_origin_f_phone=&#8221;&#8221; position_origin_f_last_edited=&#8221;on|desktop&#8221; position_origin_r_tablet=&#8221;&#8221; position_origin_r_phone=&#8221;&#8221; position_origin_r_last_edited=&#8221;on|desktop&#8221; positioning_tablet=&#8221;absolute&#8221; positioning_phone=&#8221;absolute&#8221; positioning_last_edited=&#8221;on|desktop&#8221; border_color_all=&#8221;#FEFEFE&#8221; global_colors_info=&#8221;{}&#8221;][\/dsm_shapes][dsm_shapes shapes_type=&#8221;circle&#8221; shape_color=&#8221;gcid-620eb930-2f92-4748-9695-867f320063ad&#8221; shapes_square_size_tablet=&#8221;&#8221; shapes_square_size_phone=&#8221;60&#8243; shapes_square_size_last_edited=&#8221;on|phone&#8221; disabled_on=&#8221;off|off|off&#8221; admin_label=&#8221;kreis mittel&#8221; _builder_version=&#8221;4.23&#8243; positioning=&#8221;absolute&#8221; vertical_offset=&#8221;392px&#8221; horizontal_offset=&#8221;-184px&#8221; z_index=&#8221;0&#8243; vertical_offset_tablet=&#8221;-17px&#8221; vertical_offset_phone=&#8221;86px&#8221; vertical_offset_last_edited=&#8221;on|phone&#8221; horizontal_offset_tablet=&#8221;-20px&#8221; horizontal_offset_phone=&#8221;-37px&#8221; horizontal_offset_last_edited=&#8221;on|desktop&#8221; position_origin_a_tablet=&#8221;top_right&#8221; position_origin_a_phone=&#8221;top_right&#8221; position_origin_a_last_edited=&#8221;on|tablet&#8221; position_origin_f_tablet=&#8221;&#8221; position_origin_f_phone=&#8221;&#8221; position_origin_f_last_edited=&#8221;on|desktop&#8221; position_origin_r_tablet=&#8221;&#8221; position_origin_r_phone=&#8221;&#8221; position_origin_r_last_edited=&#8221;on|desktop&#8221; positioning_tablet=&#8221;absolute&#8221; positioning_phone=&#8221;absolute&#8221; positioning_last_edited=&#8221;on|phone&#8221; global_colors_info=&#8221;{%22gcid-620eb930-2f92-4748-9695-867f320063ad%22:%91%22shape_color%22%93}&#8221;][\/dsm_shapes][\/et_pb_column][et_pb_column type=&#8221;2_5&#8243; disabled_on=&#8221;off|off|off&#8221; _builder_version=&#8221;4.17.3&#8243; _module_preset=&#8221;default&#8221; custom_padding=&#8221;||||false|false&#8221; global_colors_info=&#8221;{}&#8221;][\/et_pb_column][\/et_pb_row][et_pb_row column_structure=&#8221;3_5,2_5&#8243; use_custom_gutter=&#8221;on&#8221; make_equal=&#8221;on&#8221; custom_padding_last_edited=&#8221;on|phone&#8221; _builder_version=&#8221;4.23&#8243; _module_preset=&#8221;default&#8221; background_color=&#8221;#ED9BA9&#8243; use_background_color_gradient=&#8221;on&#8221; background_color_gradient_stops=&#8221;#ffffff 1%|gcid-f6a3689d-a668-4350-af50-132b2d07b02b 84%&#8221; background_enable_image=&#8221;off&#8221; parallax=&#8221;on&#8221; parallax_method=&#8221;off&#8221; positioning=&#8221;none&#8221; z_index=&#8221;0&#8243; width_tablet=&#8221;90%&#8221; width_phone=&#8221;&#8221; width_last_edited=&#8221;on|phone&#8221; max_width=&#8221;1480px&#8221; custom_padding=&#8221;20px|20px|20px|20px|false|false&#8221; custom_padding_tablet=&#8221;20px||||false|false&#8221; custom_padding_phone=&#8221;&#8221; global_colors_info=&#8221;{%22gcid-f6a3689d-a668-4350-af50-132b2d07b02b%22:%91%22background_color_gradient_stops%22%93}&#8221;][et_pb_column type=&#8221;3_5&#8243; _builder_version=&#8221;4.22.0&#8243; _module_preset=&#8221;default&#8221; custom_padding=&#8221;||||false|false&#8221; custom_css_main_element=&#8221;align-self: center;&#8221; global_colors_info=&#8221;{}&#8221;][et_pb_text content_tablet=&#8221;<\/p>\n<h1>2. Schritt<\/h1>\n<h4 style=%22text-align: left;%22>Rosel Heim Kunde zu werden<\/h4>\n<p>&#8221; content_phone=&#8221;<\/p>\n<h1>2. Schritt<\/h1>\n<h4 style=%22text-align: left;%22>Rosel Heim Kunde zu werden<\/h4>\n<p>&#8221; content_last_edited=&#8221;on|phone&#8221; _builder_version=&#8221;4.23.1&#8243; _module_preset=&#8221;3eb0557b-119e-4e22-8cd5-4f1ce91b0245&#8243; header_font=&#8221;Source Sans Pro|600|||||||&#8221; header_text_align=&#8221;left&#8221; header_text_color=&#8221;gcid-78aebea1-d65b-47b0-b274-541623b424a5&#8243; animation_style=&#8221;fade&#8221; header_4_line_height_tablet=&#8221;1.4em&#8221; header_4_line_height_phone=&#8221;1.4em&#8221; locked=&#8221;off&#8221; global_colors_info=&#8221;{%22gcid-78aebea1-d65b-47b0-b274-541623b424a5%22:%91%22header_text_color%22%93}&#8221;]<\/p>\n<h1>2. Schritt<\/h1>\n<h4 style=\"text-align: left;\">Rosel Heim Kunde zu werden<\/h4>\n<p>[\/et_pb_text][et_pb_divider color=&#8221;#000000&#8243; divider_weight=&#8221;2px&#8221; disabled_on=&#8221;off|off|off&#8221; _builder_version=&#8221;4.16&#8243; max_width=&#8221;80px&#8221; module_alignment=&#8221;left&#8221; height=&#8221;10px&#8221; custom_margin=&#8221;||||false|false&#8221; animation_style=&#8221;slide&#8221; animation_direction=&#8221;bottom&#8221; saved_tabs=&#8221;all&#8221; locked=&#8221;off&#8221; global_colors_info=&#8221;{}&#8221;][\/et_pb_divider][et_pb_text content_tablet=&#8221;<\/p>\n<p>Um f\u00fcr Sie die idealen Produkte empfehlen und die besten Anwendungen finden zu k\u00f6nnen, m\u00fcssen wir Ihre Bed\u00fcrfnisse und Anforderungen kennen. Nur so k\u00f6nnen wir f\u00fcr Sie das optiale Ergebnis erzielen.<\/p>\n<p>Wir \u00fcberpr\u00fcfen pers\u00f6nlich Ihre Angaben und danach werden wir Ihr bereits bestehendes Kundenkonto f\u00fcr die Produkte freischalten.<\/p>\n<p>&#8221; content_phone=&#8221;<\/p>\n<p>Um f\u00fcr Sie die idealen Produkte empfehlen und die besten Anwendungen finden zu k\u00f6nnen, m\u00fcssen wir Ihre Bed\u00fcrfnisse und Anforderungen kennen. Nur so k\u00f6nnen wir f\u00fcr Sie das optiale Ergebnis erzielen.<\/p>\n<p>Wir \u00fcberpr\u00fcfen pers\u00f6nlich Ihre Angaben und danach werden wir Ihr bereits bestehendes Kundenkonto f\u00fcr die Produkte freischalten.<\/p>\n<p>&#8221; content_last_edited=&#8221;on|phone&#8221; _builder_version=&#8221;4.23.1&#8243; _module_preset=&#8221;f48d9de8-31b2-41b7-a132-39fbe55a9172&#8243; text_line_height=&#8221;1.7em&#8221; header_3_text_color=&#8221;gcid-8ce5df40-5767-44d8-858e-aa1a4d961be7&#8243; width_tablet=&#8221;&#8221; width_phone=&#8221;&#8221; width_last_edited=&#8221;on|desktop&#8221; text_font_size_tablet=&#8221;1rem&#8221; text_font_size_phone=&#8221;1rem&#8221; text_font_size_last_edited=&#8221;on|phone&#8221; header_4_line_height_tablet=&#8221;1.4em&#8221; header_4_line_height_phone=&#8221;1.4em&#8221; locked=&#8221;off&#8221; global_colors_info=&#8221;{%22gcid-8ce5df40-5767-44d8-858e-aa1a4d961be7%22:%91%22header_3_text_color%22%93}&#8221;]<\/p>\n<p>Um f\u00fcr Sie die idealen Produkte empfehlen und die besten Anwendungen finden zu k\u00f6nnen, m\u00fcssen wir Ihre Bed\u00fcrfnisse und Anforderungen kennen. Nur so k\u00f6nnen wir f\u00fcr Sie das optiale Ergebnis erzielen.<\/p>\n<p>Wir \u00fcberpr\u00fcfen pers\u00f6nlich Ihre Angaben und danach werden wir Ihr bereits bestehendes Kundenkonto f\u00fcr die Produkte freischalten.<\/p>\n<p>[\/et_pb_text][\/et_pb_column][et_pb_column type=&#8221;2_5&#8243; disabled_on=&#8221;off|off|off&#8221; _builder_version=&#8221;4.22.0&#8243; _module_preset=&#8221;default&#8221; custom_padding=&#8221;||||false|false&#8221; custom_css_main_element=&#8221;align-self: center;&#8221; global_colors_info=&#8221;{}&#8221;][et_pb_image src=&#8221;https:\/\/www.claresco-cosmetic.de\/kosmetik-shop\/wp-content\/uploads\/2023\/11\/rosel-heim-produkte-claresco-cosmetic-1.jpg&#8221; alt=&#8221;Rosel Heim Produkte bei Claresco Cosmetic in Reichenbach&#8221; title_text=&#8221;rosel-heim-produkte-claresco-cosmetic&#8221; force_fullwidth=&#8221;on&#8221; disabled_on=&#8221;on|on|off&#8221; _builder_version=&#8221;4.23&#8243; _module_preset=&#8221;default&#8221; global_colors_info=&#8221;{}&#8221;][\/et_pb_image][\/et_pb_column][\/et_pb_row][\/et_pb_section][et_pb_section fb_built=&#8221;1&#8243; custom_padding_last_edited=&#8221;on|phone&#8221; _builder_version=&#8221;4.23.1&#8243; _module_preset=&#8221;default&#8221; background_color=&#8221;#F7F5F6&#8243; background_image=&#8221;https:\/\/www.claresco-cosmetic.de\/kosmetik-shop\/wp-content\/uploads\/2022\/12\/background-kategorieseite-weihnachtsgeschenke-3.png&#8221; parallax=&#8221;on&#8221; custom_margin=&#8221;||||false|false&#8221; custom_padding=&#8221;0px||||false|false&#8221; custom_padding_tablet=&#8221;2vw||||false|false&#8221; custom_padding_phone=&#8221;2vw||||false|false&#8221; locked=&#8221;off&#8221; global_colors_info=&#8221;{}&#8221;][et_pb_row use_custom_gutter=&#8221;on&#8221; gutter_width=&#8221;1&#8243; custom_padding_last_edited=&#8221;on|desktop&#8221; admin_label=&#8221;kategorien produkte&#8221; _builder_version=&#8221;4.23.1&#8243; background_color=&#8221;RGBA(255,255,255,0)&#8221; width_tablet=&#8221;90%&#8221; width_phone=&#8221;90%&#8221; width_last_edited=&#8221;on|phone&#8221; max_width=&#8221;1480px&#8221; custom_margin=&#8221;||||false|false&#8221; custom_margin_tablet=&#8221;30px||||false|false&#8221; custom_margin_phone=&#8221;20px||||false|false&#8221; custom_margin_last_edited=&#8221;on|phone&#8221; custom_padding=&#8221;2vw|0vw|2vw|0vw|true|true&#8221; custom_padding_tablet=&#8221;0px||||false|false&#8221; custom_padding_phone=&#8221;&#8221; border_radii=&#8221;on|5px|5px|5px|5px&#8221; locked=&#8221;off&#8221; global_colors_info=&#8221;{}&#8221;][et_pb_column type=&#8221;4_4&#8243; disabled_on=&#8221;off|off|off&#8221; _builder_version=&#8221;4.22.0&#8243; background_color=&#8221;RGBA(255,255,255,0)&#8221; custom_padding=&#8221;|||&#8221; global_colors_info=&#8221;{}&#8221; custom_padding__hover=&#8221;|||&#8221;][dsm_advanced_tabs dsm_show_arrow=&#8221;on&#8221; dsm_content_animation=&#8221;fadeIn&#8221; dsm_tabs_horizontal_alignment=&#8221;center&#8221; dsm_tabs_gap=&#8221;20px&#8221; dsm_tabs_bg_color=&#8221;gcid-c7b09c4b-b0be-4d7b-874f-ea099d8b5a37&#8243; dsm_tabs_active_bg_color=&#8221;gcid-f8d525fe-a220-4bc7-86a6-a2c8f0b09ca0&#8243; dsm_tabs_text_color=&#8221;gcid-f8d525fe-a220-4bc7-86a6-a2c8f0b09ca0&#8243; dsm_tabs_active_text_color=&#8221;#FFFFFF&#8221; dsm_tabs_subtitle_color=&#8221;gcid-f8d525fe-a220-4bc7-86a6-a2c8f0b09ca0&#8243; dsm_tabs_active_subtitle_color=&#8221;#FEFEFE&#8221; dsm_tabs_icon_color=&#8221;gcid-f8d525fe-a220-4bc7-86a6-a2c8f0b09ca0&#8243; dsm_tabs_active_icon_color=&#8221;#FFFFFF&#8221; dsm_content_margin=&#8221;50px||||false|false&#8221; dsm_content_padding=&#8221;30px|10px|30px|10px|false|true&#8221; dsm_tabs_wrapper_padding=&#8221;20px|20px|20px|20px|true|true&#8221; dsm_tabs_wrapper_bg_color=&#8221;RGBA(255,255,255,0)&#8221; dsm_tabs_wrapper_alignment=&#8221;center&#8221; dsm_content_icon_color=&#8221;gcid-f8d525fe-a220-4bc7-86a6-a2c8f0b09ca0&#8243; dsm_tabs_gap_tablet=&#8221;30px&#8221; dsm_tabs_gap_phone=&#8221;20px&#8221; dsm_tabs_gap_last_edited=&#8221;on|desktop&#8221; dsm_content_padding_tablet=&#8221;30px|0px|30px|0px|false|true&#8221; dsm_content_padding_phone=&#8221;30px|0px|30px|0px|false|true&#8221; dsm_content_padding_last_edited=&#8221;on|phone&#8221; dsm_tabs_wrapper_width_tablet=&#8221;540px&#8221; dsm_tabs_wrapper_width_phone=&#8221;100%&#8221; dsm_tabs_wrapper_width_last_edited=&#8221;on|phone&#8221; dsm_tabs_wrapper_padding_tablet=&#8221;13px|13px|13px|13px|true|true&#8221; dsm_tabs_wrapper_padding_phone=&#8221;8px|5px|8px|5px|true|true&#8221; dsm_tabs_wrapper_padding_last_edited=&#8221;on|phone&#8221; _builder_version=&#8221;4.23.1&#8243; _module_preset=&#8221;default&#8221; tab_title_font=&#8221;||||||||&#8221; tab_title_font_size=&#8221;1.1rem&#8221; image_icon_custom_padding=&#8221;10px|25px|20px|25px|false|true&#8221; image_icon_custom_padding_tablet=&#8221;10px|25px|10px|25px|true|true&#8221; image_icon_custom_padding_phone=&#8221;3px|11px|3px|11px|true|true&#8221; image_icon_custom_padding_last_edited=&#8221;on|phone&#8221; custom_margin=&#8221;|0px||0px|false|false&#8221; custom_padding_tablet=&#8221;&#8221; custom_padding_phone=&#8221;|0px||0px|false|false&#8221; custom_padding_last_edited=&#8221;on|phone&#8221; hover_enabled=&#8221;0&#8243; tab_title_font_size_tablet=&#8221;1.1rem&#8221; tab_title_font_size_phone=&#8221;0.9rem&#8221; tab_title_font_size_last_edited=&#8221;on|phone&#8221; border_radii_dsm_tabs_border=&#8221;on|100px|100px|100px|100px&#8221; border_width_all_dsm_tabs_border=&#8221;1px&#8221; border_color_all_dsm_tabs_border=&#8221;gcid-f8d525fe-a220-4bc7-86a6-a2c8f0b09ca0&#8243; border_radii_dsm_tabs_border_tablet=&#8221;on|100px|100px|100px|100px&#8221; border_radii_dsm_tabs_border_phone=&#8221;on|100px|100px|100px|100px&#8221; border_radii_dsm_tabs_border_last_edited=&#8221;on|phone&#8221; border_width_all_dsm_content_border=&#8221;0px&#8221; box_shadow_style_tabs_shadow=&#8221;preset3&#8243; box_shadow_spread_tabs_shadow=&#8221;-9px&#8221; locked=&#8221;off&#8221; global_colors_info=&#8221;{%22gcid-f8d525fe-a220-4bc7-86a6-a2c8f0b09ca0%22:%91%22border_color_all_dsm_tabs_border%22,%22dsm_tabs_active_bg_color%22,%22dsm_tabs_text_color%22,%22dsm_tabs_bg_color__hover%22,%22dsm_tabs_icon_color%22,%22dsm_content_icon_color%22,%22dsm_tabs_subtitle_color%22%93,%22gcid-c7b09c4b-b0be-4d7b-874f-ea099d8b5a37%22:%91%22dsm_tabs_bg_color%22%93}&#8221; image_icon_custom_padding__hover_enabled=&#8221;off|desktop&#8221; image_icon_custom_padding__hover=&#8221;25px||25px||true|true&#8221; tab_title_line_height__hover_enabled=&#8221;off|desktop&#8221; tab_title_line_height__hover=&#8221;1.5em&#8221; button_bg_color__hover_enabled=&#8221;on|hover&#8221; button_bg_color__hover=&#8221;#A8B294&#8243; button_bg_enable_color__hover=&#8221;on&#8221; dsm_tabs_bg_color__hover=&#8221;#617665&#8243; dsm_tabs_bg_color__hover_enabled=&#8221;on|hover&#8221; dsm_tabs_text_color__hover=&#8221;#FFFFFF&#8221; dsm_tabs_text_color__hover_enabled=&#8221;on|hover&#8221; sticky_enabled=&#8221;0&#8243;][dsm_advanced_tabs_child dsm_title=&#8221;Sie kennen bereits die Produkte und deren Anwendung&#8221; dsm_subtitle=&#8221;bitte hier weitergehen&#8230;&#8221; dsm_use_icon_image=&#8221;on&#8221; dsm_use_icon=&#8221;on&#8221; font_icon=&#8221;&#x4e;||divi||400&#8243; dsm_content_type=&#8221;shortcode&#8221; shortcode_content=&#8221;%91leform id=&#8217;2&#8242; name=&#8217;Rosel Heim Formular zur Freigabe&#8217;%93&#8243; dsm_tabs_icon_color=&#8221;gcid-f8d525fe-a220-4bc7-86a6-a2c8f0b09ca0&#8243; dsm_tabs_active_icon_color=&#8221;#FEFEFE&#8221; _builder_version=&#8221;4.23.1&#8243; _module_preset=&#8221;default&#8221; background_color=&#8221;RGBA(255,255,255,0)&#8221; background_enable_color=&#8221;on&#8221; global_colors_info=&#8221;{%22gcid-f8d525fe-a220-4bc7-86a6-a2c8f0b09ca0%22:%91%22dsm_tabs_icon_color%22%93}&#8221; custom_css_main_element_last_edited=&#8221;on|desktop&#8221; custom_css_main_element_tablet=&#8221; &#8221; custom_css_main_element_phone=&#8221; &#8221; parentOrderClass=&#8221;dsm_advanced_tabs_0&#8243;][\/dsm_advanced_tabs_child][dsm_advanced_tabs_child dsm_title=&#8221;Sie kennen die Produkte nicht und brauchen eine Beratung&#8221; dsm_subtitle=&#8221;bitte hier weitergehen&#8230;&#8221; dsm_use_icon_image=&#8221;on&#8221; dsm_use_icon=&#8221;on&#8221; font_icon=&#8221;&#xe066;||divi||400&#8243; dsm_content_type=&#8221;shortcode&#8221; shortcode_content=&#8221;%91divi_shortcode id=%22987481937%22%93&#8243; dsm_tabs_icon_color=&#8221;gcid-f8d525fe-a220-4bc7-86a6-a2c8f0b09ca0&#8243; dsm_tabs_active_icon_color=&#8221;gcid-f8d525fe-a220-4bc7-86a6-a2c8f0b09ca0&#8243; _builder_version=&#8221;4.23.1&#8243; _module_preset=&#8221;default&#8221; tab_subtitle_font=&#8221;|300|||||||&#8221; background_color=&#8221;#FEFEFE&#8221; background_enable_color=&#8221;on&#8221; global_colors_info=&#8221;{%22gcid-f8d525fe-a220-4bc7-86a6-a2c8f0b09ca0%22:%91%22dsm_tabs_icon_color%22,%22dsm_tabs_active_icon_color%22%93}&#8221; image_icon_custom_padding__hover_enabled=&#8221;off|hover&#8221; image_icon_custom_padding__hover=&#8221;||5px||false|false&#8221; custom_css_main_element_tablet=&#8221; &#8221; custom_css_main_element_last_edited=&#8221;on|desktop&#8221; custom_css_main_element_phone=&#8221; &#8221; parentOrderClass=&#8221;dsm_advanced_tabs_0&#8243;][\/dsm_advanced_tabs_child][\/dsm_advanced_tabs][\/et_pb_column][\/et_pb_row][\/et_pb_section][et_pb_section fb_built=&#8221;1&#8243; custom_padding_last_edited=&#8221;on|tablet&#8221; _builder_version=&#8221;4.23&#8243; _module_preset=&#8221;default&#8221; use_background_color_gradient=&#8221;on&#8221; background_color_gradient_stops=&#8221;#f7f5f6 0%|#fefefe 87%&#8221; background_color_gradient_start=&#8221;#f7f5f6&#8243; background_color_gradient_end=&#8221;#fefefe&#8221; custom_padding=&#8221;5vw||9vw||false|false&#8221; custom_padding_tablet=&#8221;||12vw||false|false&#8221; custom_padding_phone=&#8221;0px||16vw||false|false&#8221; global_colors_info=&#8221;{}&#8221;][\/et_pb_section]<\/p>\n","protected":false},"excerpt":{"rendered":"<p><div class=\"et_pb_with_border dsm_shapes dsm_shapes_0\">\n\t\t\t\t\n\t\t\t\t\n\t\t\t\t\n\t\t\t\t\n\t\t\t\t\n\t\t\t\t\n\t\t\t\t<div class=\"et_pb_module_inner\">\n\t\t\t\t\t\n\t\t\t\n\t\t\t<div class=\"dsm_shapes_wrapper dsm_shapes_circle\">\n\t\t\t<\/div>\n\t\t\t\t<\/div>\n\t\t\t<\/div><div class=\"dsm_shapes dsm_shapes_1\">\n\t\t\t\t\n\t\t\t\t\n\t\t\t\t\n\t\t\t\t\n\t\t\t\t\n\t\t\t\t\n\t\t\t\t<div class=\"et_pb_module_inner\">\n\t\t\t\t\t\n\t\t\t\n\t\t\t<div class=\"dsm_shapes_wrapper dsm_shapes_circle\">\n\t\t\t<\/div>\n\t\t\t\t<\/div>\n\t\t\t<\/div>2. Schritt Rosel Heim Kunde zu werdenUm f\u00fcr Sie die idealen Produkte empfehlen und die besten Anwendungen finden zu k\u00f6nnen, m\u00fcssen wir Ihre Bed\u00fcrfnisse und Anforderungen kennen. Nur so k\u00f6nnen wir f\u00fcr Sie das optiale Ergebnis erzielen. Wir \u00fcberpr\u00fcfen pers\u00f6nlich Ihre Angaben und danach werden wir Ihr bereits bestehendes Kundenkonto f\u00fcr die Produkte freischalten.<div class=\"et_pb_with_border et_pb_module dsm_advanced_tabs dsm_advanced_tabs_0\">\n\t\t\t\t\n\t\t\t\t\n\t\t\t\t\n\t\t\t\t\n\t\t\t\t\n\t\t\t\t\n\t\t\t\t<div class=\"et_pb_module_inner\">\n\t\t\t\t\t<div class=\"dsm-advanced-tabs-container\" data-trigger=\"click\" data-animation=\"fadeIn\" data-inner_animation=\"none\" data-deep_link=\"off\" data-image_lightbox=\"off\" data-auto_scroll_mobile=\"off\" data-anchor_link=\"off\">\n\t\t\t\t    <div class=\"dsm-advanced-tabs-wrapper\" role=\"tablist\"><\/div>\n\t\t\t\t <div class=\"dsm-advanced-tabs-content-wrapper\">\n\t\t\t\t    \n\t\t\t\t <\/div>\n\t\t     <\/div>\n\t\t    \n\t\t\t\t<\/div>\n\t\t\t<\/div><div class=\"dsm-advanced-tab-item-wrapper dsm_advanced_tabs_child_0\">\n\t\t\t\t<\/div>\n\t\t\t<\/p>\n","protected":false},"author":2,"featured_media":0,"parent":0,"menu_order":0,"comment_status":"closed","ping_status":"closed","template":"","meta":{"_et_pb_use_builder":"on","_et_pb_old_content":"","_et_gb_content_width":"","footnotes":""},"class_list":["post-987480871","page","type-page","status-publish","hentry"],"_links":{"self":[{"href":"https:\/\/www.claresco-cosmetic.de\/kosmetik-shop\/wp-json\/wp\/v2\/pages\/987480871","targetHints":{"allow":["GET"]}}],"collection":[{"href":"https:\/\/www.claresco-cosmetic.de\/kosmetik-shop\/wp-json\/wp\/v2\/pages"}],"about":[{"href":"https:\/\/www.claresco-cosmetic.de\/kosmetik-shop\/wp-json\/wp\/v2\/types\/page"}],"author":[{"embeddable":true,"href":"https:\/\/www.claresco-cosmetic.de\/kosmetik-shop\/wp-json\/wp\/v2\/users\/2"}],"replies":[{"embeddable":true,"href":"https:\/\/www.claresco-cosmetic.de\/kosmetik-shop\/wp-json\/wp\/v2\/comments?post=987480871"}],"version-history":[{"count":5,"href":"https:\/\/www.claresco-cosmetic.de\/kosmetik-shop\/wp-json\/wp\/v2\/pages\/987480871\/revisions"}],"predecessor-version":[{"id":987482048,"href":"https:\/\/www.claresco-cosmetic.de\/kosmetik-shop\/wp-json\/wp\/v2\/pages\/987480871\/revisions\/987482048"}],"wp:attachment":[{"href":"https:\/\/www.claresco-cosmetic.de\/kosmetik-shop\/wp-json\/wp\/v2\/media?parent=987480871"}],"curies":[{"name":"wp","href":"https:\/\/api.w.org\/{rel}","templated":true}]}}