{"id":987466641,"date":"2020-11-10T11:59:34","date_gmt":"2020-11-10T10:59:34","guid":{"rendered":"https:\/\/www.claresco-cosmetic.de\/kosmetik-shop\/?post_type=product&#038;p=987466641"},"modified":"2026-04-16T19:39:28","modified_gmt":"2026-04-16T17:39:28","slug":"phase-2-aktive-regeneration","status":"publish","type":"product","link":"https:\/\/www.claresco-cosmetic.de\/kosmetik-shop\/produkt\/phase-2-aktive-regeneration\/","title":{"rendered":"Phase 2 aktive regeneration"},"content":{"rendered":"<h5>Anwendungsgebiete:<\/h5>\n<ul>\n<li>Alle Formen von Mangelzust\u00e4nden der Haut<\/li>\n<li>Kontinuierliche und erh\u00f6hte N\u00e4hrstoffversorgung insbesondere bei Verletzungen oder Entz\u00fcndungen der Haut, bei allen Stress-Situationen<\/li>\n<li>Anti-aging<\/li>\n<\/ul>\n<p>&nbsp;<\/p>\n<h5>Wirkungsweise:<\/h5>\n<p>Hauptwirkstoff der Phase2 aktive regeneration ist Zelloxan, ein Komplex niedermolekularer N\u00e4hrstoffe, wie sie in der gesunden, jungen Haut ausreichend vorhanden sind. Verminderter Zellstoffwechsel wird verbessert, reparative Vorg\u00e4nge werden sanft unterst\u00fctzt.<\/p>\n<p>&nbsp;<\/p>\n<h5>Anwendung &amp; Hinweise:<\/h5>\n<p>Durch Zelloxan k\u00f6nnen Reaktionen ausgel\u00f6st werden, welche unter Umst\u00e4nden als Hautunreinheiten sichtbar werden. Die Praxis hat gezeigt, dass die Entz\u00fcndung bei diesem Absto\u00dfungsprozess vermieden werden kann, wenn die Versorgung mit Mikron\u00e4hrstoffen langsam in Gang gesetzt wird. In Phase 2 aktive regeneration besteht der Fettanteil haupts\u00e4chlich aus Squalan. Dies bewirkt einen sogenannten Occlusionseffekt, der eine verbesserten Verwertung von Zelloxan erm\u00f6glicht. Die Einwirkzeit ist individuell dem aktuellen Hautzustand anzupassen. Um das Selbstregulierungssystem der Haut nicht zu st\u00f6ren, ist es wichtig, die Fettschicht nicht \u00fcber das Therapiema\u00df hinaus auf der Haut zu belassen. Ein eventuell verbleibender Fettfilm sollte daher mit einer feuchten Kompresse entfernt werden.<\/p>\n","protected":false},"excerpt":{"rendered":"<p>Zellerneuernde &amp; reichhaltige Gesichtspflege mit Anti-Aging Effekt.<\/p>\n","protected":false},"featured_media":987489703,"comment_status":"open","ping_status":"closed","template":"","meta":{"_et_pb_use_builder":"off","_et_pb_old_content":"<span style=\"font-weight: bold\">Anwendungsgebiete:<\/span>\r\n<ul>\r\n \t<li><span style=\"font-family: Calibri;font-size: 12.0pt\">Alle Formen von Mangelzust\u00e4nden der Haut<\/span><\/li>\r\n \t<li style=\"margin-top: 0;margin-bottom: 0;vertical-align: middle\"><span style=\"font-family: Calibri;font-size: 12.0pt\">Kontinuierliche und erh\u00f6hte N\u00e4hrstoffversorgung insbesondere bei Verletzungen oder Entz\u00fcndungen der Haut, bei allen Stress-Situationen<\/span><\/li>\r\n \t<li style=\"margin-top: 0;margin-bottom: 0;vertical-align: middle\"><span style=\"font-family: Calibri;font-size: 12.0pt\"><span style=\"font-family: Calibri;font-size: 12.0pt\">Anti-aging<\/span><\/span>\u00a0<\/li>\r\n<\/ul>\r\n<span style=\"font-weight: bold\">Wirkungsweise:<\/span>\r\n\r\nHauptwirkstoff der Phase2 aktive regeneration ist Zelloxan, ein Komplex niedermolekularer N\u00e4hrstoffe, wie sie in der gesunden, jungen Haut ausreichend vorhanden sind. Vermindeter Zellstoffwechsel wird verbessert, reparative Vorg\u00e4nge werden sanft unterst\u00fctzt.\r\n\r\n<strong>\r\nAnwendung & Hinweise:<\/strong>\r\n\r\nDurch Zelloxan k\u00f6nnen Reaktionen ausgel\u00f6st werden, welche unter Umst\u00e4nden als Hautunreinheiten sichtbar werden. Die Praxis hat gezeigt, dass die Entz\u00fcndung bei diesem Absto\u00dfungsprozess vermieden werden kann, wenn die Versorgung mit Mikron\u00e4hrstoffen langsam in Gang gesetzt wird. In phase 2 aktive regeneration besteht der Fettanteil haupts\u00e4chlich aus Squalan. Dies bewirkt einen sogenannten Occlusionseffekt, der eine verbesserten Verwertung von Zelloxan erm\u00f6glicht.\r\n\r\nDie Einwirkzeit ist individuell dem aktuellen Hautzustand anzupassen. Um das Selbstregulierungssystem der Haut nicht zu st\u00f6ren, ist es wichtig, die Fettschicht nicht \u00fcber das Therapiema\u00df hinaus auf der Haut zu belassen. Ein eventuell verbleibender Fettfilm sollte daher mit einer feuchten Kompresse entfernt werden.","_et_gb_content_width":""},"product_brand":[472],"product_cat":[372,351,84,210,90,43],"product_tag":[56,66,68,67],"class_list":{"0":"post-987466641","1":"product","2":"type-product","3":"status-publish","4":"has-post-thumbnail","6":"product_brand-rosel-heim","7":"product_cat-alle-rosel-heim-produkte","8":"product_cat-beliebte-produkte","9":"product_cat-gesicht","10":"product_cat-gesichtspflege","11":"product_cat-rh-regeneration","12":"product_cat-rosel-heim","13":"product_tag-creme","14":"product_tag-gesichtscreme","15":"product_tag-regeneration","16":"product_tag-tagescreme","17":"pa_inhalt-15ml","18":"pa_inhalt-50ml","19":"pa_packform-airless-spender","20":"pa_packform-tiegel","22":"first","23":"instock","24":"taxable","25":"shipping-taxable","26":"purchasable","27":"product-type-variable"},"booking_location":null,"booking_location_type":null,"booking_duration":null,"booking_duration_unit":null,"booking_buffer":null,"booking_cost":null,"booking_resources":null,"exclude_global_add_ons":[],"addons":[],"_links":{"self":[{"href":"https:\/\/www.claresco-cosmetic.de\/kosmetik-shop\/wp-json\/wp\/v2\/product\/987466641","targetHints":{"allow":["GET"]}}],"collection":[{"href":"https:\/\/www.claresco-cosmetic.de\/kosmetik-shop\/wp-json\/wp\/v2\/product"}],"about":[{"href":"https:\/\/www.claresco-cosmetic.de\/kosmetik-shop\/wp-json\/wp\/v2\/types\/product"}],"replies":[{"embeddable":true,"href":"https:\/\/www.claresco-cosmetic.de\/kosmetik-shop\/wp-json\/wp\/v2\/comments?post=987466641"}],"wp:featuredmedia":[{"embeddable":true,"href":"https:\/\/www.claresco-cosmetic.de\/kosmetik-shop\/wp-json\/wp\/v2\/media\/987489703"}],"wp:attachment":[{"href":"https:\/\/www.claresco-cosmetic.de\/kosmetik-shop\/wp-json\/wp\/v2\/media?parent=987466641"}],"wp:term":[{"taxonomy":"product_brand","embeddable":true,"href":"https:\/\/www.claresco-cosmetic.de\/kosmetik-shop\/wp-json\/wp\/v2\/product_brand?post=987466641"},{"taxonomy":"product_cat","embeddable":true,"href":"https:\/\/www.claresco-cosmetic.de\/kosmetik-shop\/wp-json\/wp\/v2\/product_cat?post=987466641"},{"taxonomy":"product_tag","embeddable":true,"href":"https:\/\/www.claresco-cosmetic.de\/kosmetik-shop\/wp-json\/wp\/v2\/product_tag?post=987466641"}],"curies":[{"name":"wp","href":"https:\/\/api.w.org\/{rel}","templated":true}]}}