{"id":987466669,"date":"2020-11-10T22:34:25","date_gmt":"2020-11-10T21:34:25","guid":{"rendered":"https:\/\/www.claresco-cosmetic.de\/kosmetik-shop\/?post_type=product&#038;p=987466669"},"modified":"2026-04-20T09:31:50","modified_gmt":"2026-04-20T07:31:50","slug":"hydroluron","status":"publish","type":"product","link":"https:\/\/www.claresco-cosmetic.de\/kosmetik-shop\/produkt\/hydroluron\/","title":{"rendered":"Hydroluron"},"content":{"rendered":"<h5>Anwendungsgebiete:<\/h5>\n<p>Bei akutem Feuchtigkeitsmangel in den \u00e4u\u00dferen Hautschichten<\/p>\n<p>&nbsp;<\/p>\n<h5>Wirkungsweise<strong>:<\/strong><\/h5>\n<p>Hyalurons\u00e4ure kann bei mangelnder Hautfeuchtigkeit der Haut Wasser in reversibler Form zur Verf\u00fcgung stellen. Bei\u00a0Hydroluron wird Hyalurons\u00e4ure mit hohem Molekulargewicht verwendet, wodurch eine allergene Wirkung ausgeschlossen wird.<\/p>\n<p>&nbsp;<\/p>\n<h5>Anwendung:<\/h5>\n<p>Hydroluron sollte auf die feuchte Haut oder mit feuchten Fingern aufgetragen werden. Als Schutz und damit nicht zu viel Feuchtigkeit an die Luft abgegeben wird, sollte Hydroluron auf der Haut immer mit einer d\u00fcnnen Schicht Phase3 sch\u00fctzende Tagescreme bedeckt werden.<\/p>\n<p>&nbsp;<\/p>\n<h5>Gegenanzeigen:<\/h5>\n<p>Das Produkt sollte bei bakteriellen Erkrankungen der Haut nicht angewendet werden.<\/p>\n","protected":false},"excerpt":{"rendered":"<p>Konzentrierte Versorgung mit Hyalurons\u00e4ure.<\/p>\n","protected":false},"featured_media":987481515,"comment_status":"open","ping_status":"closed","template":"","meta":{"_et_pb_use_builder":"off","_et_pb_old_content":"<strong>Anwendungsgebiete:<\/strong>\r\n\r\nBei akutem Feuchtigkeitsmangel in den \u00e4u\u00dferen Hautschichten\r\n\r\n<strong>Wirkungsweise:<\/strong>\r\n\r\nHyalurons\u00e4ure kann bei mangelnder Hautfeuchtigkeit der Haut Wasser in reversibler Form zur Verf\u00fcgung stellen. Bei hydroluron wird Hyalurons\u00e4ure mit hohem Molekulargewicht verwendet, wodurch eine allergene Wirkung ausgeschlossen wird.\r\n\r\n<strong>Anwendung:<\/strong>\r\n\r\nhydroluron sollte auf die feuchte Haut oder mit feuchten Fingern aufgetragen werden. Als Schutz und damit nicht zuviel Feuchtigkeit an die Luft abgegeben wird, sollte hydroluron auf der Haut immer mit einer d\u00fcnnen Schicht phase3 sch\u00fctzende tagescreme bedeckt werden.\r\n\r\n<strong>Gegenanzeigen:<\/strong>\r\n\r\nDas Produkt sollte bei bakteriellen Erkrankungen der Haut nicht angewendet werden.\r\n\r\n\u00a0","_et_gb_content_width":""},"product_brand":[472],"product_cat":[372,211,84,210,43,93],"product_tag":[64,55,63,65],"class_list":{"0":"post-987466669","1":"product","2":"type-product","3":"status-publish","4":"has-post-thumbnail","6":"product_brand-rosel-heim","7":"product_cat-alle-rosel-heim-produkte","8":"product_cat-augen-und-co","9":"product_cat-gesicht","10":"product_cat-gesichtspflege","11":"product_cat-rosel-heim","12":"product_cat-rh-tagesschutz","13":"product_tag-hautschutz","14":"product_tag-naehrstoffe","15":"product_tag-tagesschutz","16":"product_tag-wirkstoffe","17":"pa_inhalt-15ml","18":"pa_inhalt-3x5ml","19":"pa_packform-airless-spender","20":"pa_packform-ampullen","22":"first","23":"instock","24":"taxable","25":"shipping-taxable","26":"purchasable","27":"product-type-variable"},"booking_location":null,"booking_location_type":null,"booking_duration":null,"booking_duration_unit":null,"booking_buffer":null,"booking_cost":null,"booking_resources":null,"exclude_global_add_ons":[],"addons":[],"_links":{"self":[{"href":"https:\/\/www.claresco-cosmetic.de\/kosmetik-shop\/wp-json\/wp\/v2\/product\/987466669","targetHints":{"allow":["GET"]}}],"collection":[{"href":"https:\/\/www.claresco-cosmetic.de\/kosmetik-shop\/wp-json\/wp\/v2\/product"}],"about":[{"href":"https:\/\/www.claresco-cosmetic.de\/kosmetik-shop\/wp-json\/wp\/v2\/types\/product"}],"replies":[{"embeddable":true,"href":"https:\/\/www.claresco-cosmetic.de\/kosmetik-shop\/wp-json\/wp\/v2\/comments?post=987466669"}],"wp:featuredmedia":[{"embeddable":true,"href":"https:\/\/www.claresco-cosmetic.de\/kosmetik-shop\/wp-json\/wp\/v2\/media\/987481515"}],"wp:attachment":[{"href":"https:\/\/www.claresco-cosmetic.de\/kosmetik-shop\/wp-json\/wp\/v2\/media?parent=987466669"}],"wp:term":[{"taxonomy":"product_brand","embeddable":true,"href":"https:\/\/www.claresco-cosmetic.de\/kosmetik-shop\/wp-json\/wp\/v2\/product_brand?post=987466669"},{"taxonomy":"product_cat","embeddable":true,"href":"https:\/\/www.claresco-cosmetic.de\/kosmetik-shop\/wp-json\/wp\/v2\/product_cat?post=987466669"},{"taxonomy":"product_tag","embeddable":true,"href":"https:\/\/www.claresco-cosmetic.de\/kosmetik-shop\/wp-json\/wp\/v2\/product_tag?post=987466669"}],"curies":[{"name":"wp","href":"https:\/\/api.w.org\/{rel}","templated":true}]}}