{"id":987466815,"date":"2020-11-15T18:17:55","date_gmt":"2020-11-15T17:17:55","guid":{"rendered":"https:\/\/www.claresco-cosmetic.de\/kosmetik-shop\/?post_type=product&#038;p=987466815"},"modified":"2026-04-14T14:27:41","modified_gmt":"2026-04-14T12:27:41","slug":"aloe-vera-lehm-masque","status":"publish","type":"product","link":"https:\/\/www.claresco-cosmetic.de\/kosmetik-shop\/produkt\/aloe-vera-lehm-masque\/","title":{"rendered":"Aloe vera Lehm Masque"},"content":{"rendered":"<h5>Anwendungsgebiete:<\/h5>\n<p>Zur Erfrischung der Haut und zum Ausgleich des Wasserhaushalts der Haut. Bei Stress, M\u00fcdigkeit und Feuchtigkeitsmangelf\u00e4ltchen.<\/p>\n<p>&nbsp;<\/p>\n<h5>Wirkungsweise:<\/h5>\n<p>Aloe Vera Lehm Masque stellt der Haut Feuchtigkeit zur Verf\u00fcgung, k\u00fchlt und beruhigt die Haut.<\/p>\n<p>&nbsp;<\/p>\n<h5>Anwendung:<\/h5>\n<p>Die Maske wird auf die gereinigte Haut aufgetragen. Die Einwirkzeit sollte mit der Kosmetikerin abgestimmt werden. Aloe Vera Lehm Masque wird mit viel lauwarmem Wasser abgewaschen. Danach sollte auf die sehr feuchte Haut d\u00fcnn Phase3 sch\u00fctzende Tagescreme aufgetragen werden.<\/p>\n<p>&nbsp;<\/p>\n<h5>Gegenanzeigen:<\/h5>\n<p>Die Aloe Vera Masque sollte nicht angewendet werden bei verletzter Haut (Ver\u00e4tzungen etc.) und bei defekter Hornschicht (nach Gebrauch von Peeling, Dermabrasion und \u00fcberm\u00e4\u00dfigem Gebrauch von Tensiden). Nach einem halben Jahr konsequenter regulativer Therapie mit Rosel Heim natur+science, darf auch in diesen F\u00e4llen die Aloe Vera Lehm Masque angewandt werden.<br \/>\nWenn bereits eine Aloe vera Unvertr\u00e4glichkeit festgestellt wurde, sollte die Masque nicht verwendet werden.<\/p>\n","protected":false},"excerpt":{"rendered":"<p>Wohltuende feuchtigkeitsspendende Gesichtspackung, k\u00fchlt und beruhigt.<\/p>\n","protected":false},"featured_media":987484170,"comment_status":"open","ping_status":"closed","template":"","meta":{"_et_pb_use_builder":"off","_et_pb_old_content":"<strong>Anwendungsgebiete: <\/strong>\r\n\r\nAls Gesichtspackung wird masque verwendet bei allen Hautarten zur Straffung und Versch\u00f6nerung des Hautbildes.\r\nZur kurfristigen Therapie bei d\u00fcnner, empfindlicher Haut mit oberfl\u00e4chlichen Entz\u00fcndungen.\r\n\r\n<strong>Wirkungsweise:<\/strong>\r\n\r\nMasque erh\u00f6ht mit Hilfe der Lipacide RH (Lipoaminos\u00e4uren) die F\u00e4higkeit der Epidermis, den zullul\u00e4ren Wassergehalt stabil zu halten. Die Haut wird sichtbar straffer und elastischer. Lipacide RH wirkt gleichzeitig vorbeugend gegen bakterielle Entz\u00fcndungen.\r\n\r\n<strong>Anwendung<\/strong>:\r\n\r\nQuantit\u00e4t und Art der Anwendung sind nach dem individuellen und aktuellen Zustand der Haut festzulegen.\r\n\r\n<strong>Gegenanzeigen:<\/strong>\r\n\r\nDas Produkt sollte bei bekannter Campher-Unvertr\u00e4glichkeit nicht angewendet werden.\r\n\r\n\u00a0","_et_gb_content_width":""},"product_brand":[472],"product_cat":[372,84,210,111,43,92],"product_tag":[57,69],"class_list":{"0":"post-987466815","1":"product","2":"type-product","3":"status-publish","4":"has-post-thumbnail","6":"product_brand-rosel-heim","7":"product_cat-alle-rosel-heim-produkte","8":"product_cat-gesicht","9":"product_cat-gesichtspflege","10":"product_cat-masken","11":"product_cat-rosel-heim","12":"product_cat-rh-therapie","13":"product_tag-maske","14":"product_tag-therapeutisch","15":"pa_inhalt-50ml","16":"pa_packform-airless-spender","18":"first","19":"instock","20":"taxable","21":"shipping-taxable","22":"purchasable","23":"product-type-simple"},"booking_location":null,"booking_location_type":null,"booking_duration":null,"booking_duration_unit":null,"booking_buffer":null,"booking_cost":null,"booking_resources":null,"exclude_global_add_ons":[],"addons":[],"_links":{"self":[{"href":"https:\/\/www.claresco-cosmetic.de\/kosmetik-shop\/wp-json\/wp\/v2\/product\/987466815","targetHints":{"allow":["GET"]}}],"collection":[{"href":"https:\/\/www.claresco-cosmetic.de\/kosmetik-shop\/wp-json\/wp\/v2\/product"}],"about":[{"href":"https:\/\/www.claresco-cosmetic.de\/kosmetik-shop\/wp-json\/wp\/v2\/types\/product"}],"replies":[{"embeddable":true,"href":"https:\/\/www.claresco-cosmetic.de\/kosmetik-shop\/wp-json\/wp\/v2\/comments?post=987466815"}],"wp:featuredmedia":[{"embeddable":true,"href":"https:\/\/www.claresco-cosmetic.de\/kosmetik-shop\/wp-json\/wp\/v2\/media\/987484170"}],"wp:attachment":[{"href":"https:\/\/www.claresco-cosmetic.de\/kosmetik-shop\/wp-json\/wp\/v2\/media?parent=987466815"}],"wp:term":[{"taxonomy":"product_brand","embeddable":true,"href":"https:\/\/www.claresco-cosmetic.de\/kosmetik-shop\/wp-json\/wp\/v2\/product_brand?post=987466815"},{"taxonomy":"product_cat","embeddable":true,"href":"https:\/\/www.claresco-cosmetic.de\/kosmetik-shop\/wp-json\/wp\/v2\/product_cat?post=987466815"},{"taxonomy":"product_tag","embeddable":true,"href":"https:\/\/www.claresco-cosmetic.de\/kosmetik-shop\/wp-json\/wp\/v2\/product_tag?post=987466815"}],"curies":[{"name":"wp","href":"https:\/\/api.w.org\/{rel}","templated":true}]}}