{"id":987466821,"date":"2020-11-15T21:27:38","date_gmt":"2020-11-15T20:27:38","guid":{"rendered":"https:\/\/www.claresco-cosmetic.de\/kosmetik-shop\/?post_type=product&#038;p=987466821"},"modified":"2026-03-29T17:52:45","modified_gmt":"2026-03-29T15:52:45","slug":"hand-nagelemulsion","status":"publish","type":"product","link":"https:\/\/www.claresco-cosmetic.de\/kosmetik-shop\/produkt\/hand-nagelemulsion\/","title":{"rendered":"Hand &#038; Nagelemulsion"},"content":{"rendered":"<p><strong>Wirkungsweise:<\/strong><\/p>\n<p>Die Emulsion Hand &amp; Nagel macht die H\u00e4nde und N\u00e4gel glatt und widerstandsf\u00e4hig. Panthenol verbessert die Schutzfunktion der Haut, L(+)Milchs\u00e4ure sorgt f\u00fcr einen ausgeglichenen pH-Wert.<\/p>\n","protected":false},"excerpt":{"rendered":"<p>Exklusive Handcreme und zugleich eine Nagelpflege.<\/p>\n","protected":false},"featured_media":987466826,"comment_status":"open","ping_status":"closed","template":"","meta":{"_et_pb_use_builder":"off","_et_pb_old_content":"<strong>Wirkungsweise:<\/strong>\r\n\r\nDie Emulsion Hand & Nagel macht die H\u00e4nde und N\u00e4gel glatt und widerstandsf\u00e4hig. Panthenol verbessert die Schutzfunktion der Haut, L(+)Milchs\u00e4ure sorgt f\u00fcr einen ausgeglichenen pH-Wert.","_et_gb_content_width":""},"product_brand":[472],"product_cat":[372,95,214,85,43],"product_tag":[56,135,118],"class_list":{"0":"post-987466821","1":"product","2":"type-product","3":"status-publish","4":"has-post-thumbnail","6":"product_brand-rosel-heim","7":"product_cat-alle-rosel-heim-produkte","8":"product_cat-rh-body-line","9":"product_cat-handpflege","10":"product_cat-koerper","11":"product_cat-rosel-heim","12":"product_tag-creme","13":"product_tag-handcreme","14":"product_tag-lotion","15":"pa_inhalt-100ml","16":"pa_inhalt-15ml","17":"pa_inhalt-50ml","18":"pa_packform-airless-spender","19":"pa_packform-tube","21":"first","22":"instock","23":"taxable","24":"shipping-taxable","25":"purchasable","26":"product-type-variable"},"booking_location":null,"booking_location_type":null,"booking_duration":null,"booking_duration_unit":null,"booking_buffer":null,"booking_cost":null,"booking_resources":null,"exclude_global_add_ons":[],"addons":[],"_links":{"self":[{"href":"https:\/\/www.claresco-cosmetic.de\/kosmetik-shop\/wp-json\/wp\/v2\/product\/987466821","targetHints":{"allow":["GET"]}}],"collection":[{"href":"https:\/\/www.claresco-cosmetic.de\/kosmetik-shop\/wp-json\/wp\/v2\/product"}],"about":[{"href":"https:\/\/www.claresco-cosmetic.de\/kosmetik-shop\/wp-json\/wp\/v2\/types\/product"}],"replies":[{"embeddable":true,"href":"https:\/\/www.claresco-cosmetic.de\/kosmetik-shop\/wp-json\/wp\/v2\/comments?post=987466821"}],"wp:featuredmedia":[{"embeddable":true,"href":"https:\/\/www.claresco-cosmetic.de\/kosmetik-shop\/wp-json\/wp\/v2\/media\/987466826"}],"wp:attachment":[{"href":"https:\/\/www.claresco-cosmetic.de\/kosmetik-shop\/wp-json\/wp\/v2\/media?parent=987466821"}],"wp:term":[{"taxonomy":"product_brand","embeddable":true,"href":"https:\/\/www.claresco-cosmetic.de\/kosmetik-shop\/wp-json\/wp\/v2\/product_brand?post=987466821"},{"taxonomy":"product_cat","embeddable":true,"href":"https:\/\/www.claresco-cosmetic.de\/kosmetik-shop\/wp-json\/wp\/v2\/product_cat?post=987466821"},{"taxonomy":"product_tag","embeddable":true,"href":"https:\/\/www.claresco-cosmetic.de\/kosmetik-shop\/wp-json\/wp\/v2\/product_tag?post=987466821"}],"curies":[{"name":"wp","href":"https:\/\/api.w.org\/{rel}","templated":true}]}}