{"id":987469914,"date":"2021-01-17T23:03:34","date_gmt":"2021-01-17T22:03:34","guid":{"rendered":"https:\/\/www.claresco-cosmetic.de\/kosmetik-shop\/?post_type=product&#038;p=987469914"},"modified":"2026-03-11T21:45:14","modified_gmt":"2026-03-11T20:45:14","slug":"haut-sprechstunde","status":"publish","type":"product","link":"https:\/\/www.claresco-cosmetic.de\/kosmetik-shop\/produkt\/haut-sprechstunde\/","title":{"rendered":"HAUT-Starter maxi"},"content":{"rendered":"<h5>Was Sie im HAUT\u2011Starter maxi erwartet<\/h5>\n<p>Sie w\u00fcnschen sich Klarheit f\u00fcr Ihre Hautpflege und m\u00f6chten wissen, was Ihrer Haut wirklich guttut? In diesem intensiven Beratungstermin nehmen wir uns bewusst Zeit nur f\u00fcr Sie und Ihre Haut. Gemeinsam schaffen wir eine solide Basis, auf der Sie Ihre t\u00e4gliche Pflegeroutine sicher und entspannt aufbauen k\u00f6nnen.<\/p>\n<p>&nbsp;<\/p>\n<h5>Ihr Nutzen auf einen Blick<\/h5>\n<ul>\n<li>Umfassende Analyse Ihrer aktuellen Hautsituation<\/li>\n<li>Individuelle Pflege\u2011Empfehlungen mit konkreten Produkten<\/li>\n<li>Pers\u00f6nlicher Pflegeplan, der zu Ihrem Alltag passt<\/li>\n<li>Weiteres Feedback Gespr\u00e4ch<\/li>\n<\/ul>\n<p>&nbsp;<\/p>\n<h5>Der gesamte Ablauf<\/h5>\n<ul>\n<li>Buchen Sie Ihren Wunschtermin und Ihre Option.<\/li>\n<li>Sobald Sie eine Terminbest\u00e4tigung bekommen, erhalten Sie Ihren Link zum Fragebogen, den Sie in Ruhe ausf\u00fcllen und anschlie\u00dfend bequem an uns absenden k\u00f6nnen.<\/li>\n<li>Zum Termin kontaktieren wir Sie je nach gew\u00e4hlter Kontaktart. Zun\u00e4chst sprechen wir \u00fcber Ihre Haut, Ihre bisherigen Pflegegewohnheiten und Ihre W\u00fcnsche. Anschlie\u00dfend analysieren wir Ihren Hautzustand und gehen auf die Produkte ein.<\/li>\n<li>Auf dieser Grundlage erhalten Sie klare Empfehlungen, Ihre Zusammenfassung und den abgestimmten Pflegeplan per E-mail.<\/li>\n<li>Nach ca. 4 Wochen sprechen wir uns zum Feedback. Bitte buchen Sie hierzu am besten jetzt gleich <strong><a href=\"https:\/\/www.claresco-cosmetic.de\/kosmetik-shop\/produkt\/hautcoaching-feedback\/\">HIER Ihren Feedback-Termin.<\/a><\/strong><\/li>\n<\/ul>\n","protected":false},"excerpt":{"rendered":"<p>Intensiver Beratungstermin online oder telefonisch &#8211; wir analysieren Ihren Hautzustand und erstellen einen pers\u00f6nlichen Pflegeplan mit weiteren Feedback Gespr\u00e4chen.<\/p>\n","protected":false},"featured_media":987480024,"comment_status":"open","ping_status":"closed","template":"","meta":{"_et_pb_use_builder":"off","_et_pb_old_content":"<strong>Dieser Service beinhaltet:<\/strong>\r\n<ul>\r\n \t<li>\u00dcbergang bestehender Nagelmodellage feilen<\/li>\r\n \t<li>in Form feilen<\/li>\r\n \t<li>Nagelhaut entfernen<\/li>\r\n \t<li>Gel\u00fcberzug \/ Rebalancierung in Frenchoptik oder mit Glitzer\u00fcberzug<\/li>\r\n \t<li>Hand & Nagelpflege<\/li>\r\n<\/ul>","_et_gb_content_width":""},"product_brand":[],"product_cat":[117,81],"product_tag":[406,407,408],"class_list":{"0":"post-987469914","1":"product","2":"type-product","3":"status-publish","4":"has-post-thumbnail","6":"product_cat-beratung-coaching","7":"product_cat-termine","8":"product_tag-hautberatung","9":"product_tag-hautsprechstunde","10":"product_tag-pflegekonzept","12":"first","13":"instock","14":"virtual","15":"sold-individually","16":"taxable","17":"purchasable","18":"product-type-booking"},"booking_location":"","booking_location_type":"","booking_duration":30,"booking_duration_unit":"minute","booking_buffer":5,"booking_cost":179,"booking_resources":[987471011],"exclude_global_add_ons":false,"addons":[{"name":"Ich w\u00fcnsche den Termin","type":"multiple_choice","position":0,"required":true,"title_format":"label","default":"","description_enable":false,"description":"","placeholder_enable":false,"placeholder":"","display":"select","restrictions_type":"any_text","adjust_price":false,"price":"","price_type":"flat_fee","restrictions":false,"min":"0","max":"0","options":[{"label":"Online visuell","price":"","price_type":"flat_fee","image":0,"visibility":true},{"label":"Telefonisch","price":"","price_type":"flat_fee","image":0,"visibility":true}],"id":1709111711}],"_links":{"self":[{"href":"https:\/\/www.claresco-cosmetic.de\/kosmetik-shop\/wp-json\/wp\/v2\/product\/987469914","targetHints":{"allow":["GET"]}}],"collection":[{"href":"https:\/\/www.claresco-cosmetic.de\/kosmetik-shop\/wp-json\/wp\/v2\/product"}],"about":[{"href":"https:\/\/www.claresco-cosmetic.de\/kosmetik-shop\/wp-json\/wp\/v2\/types\/product"}],"replies":[{"embeddable":true,"href":"https:\/\/www.claresco-cosmetic.de\/kosmetik-shop\/wp-json\/wp\/v2\/comments?post=987469914"}],"wp:featuredmedia":[{"embeddable":true,"href":"https:\/\/www.claresco-cosmetic.de\/kosmetik-shop\/wp-json\/wp\/v2\/media\/987480024"}],"wp:attachment":[{"href":"https:\/\/www.claresco-cosmetic.de\/kosmetik-shop\/wp-json\/wp\/v2\/media?parent=987469914"}],"wp:term":[{"taxonomy":"product_brand","embeddable":true,"href":"https:\/\/www.claresco-cosmetic.de\/kosmetik-shop\/wp-json\/wp\/v2\/product_brand?post=987469914"},{"taxonomy":"product_cat","embeddable":true,"href":"https:\/\/www.claresco-cosmetic.de\/kosmetik-shop\/wp-json\/wp\/v2\/product_cat?post=987469914"},{"taxonomy":"product_tag","embeddable":true,"href":"https:\/\/www.claresco-cosmetic.de\/kosmetik-shop\/wp-json\/wp\/v2\/product_tag?post=987469914"}],"curies":[{"name":"wp","href":"https:\/\/api.w.org\/{rel}","templated":true}]}}