{"id":987470424,"date":"2021-01-24T19:13:16","date_gmt":"2021-01-24T18:13:16","guid":{"rendered":"https:\/\/www.claresco-cosmetic.de\/kosmetik-shop\/?post_type=product&#038;p=987470424"},"modified":"2026-04-12T11:35:04","modified_gmt":"2026-04-12T09:35:04","slug":"corneo-lipid","status":"publish","type":"product","link":"https:\/\/www.claresco-cosmetic.de\/kosmetik-shop\/produkt\/corneo-lipid\/","title":{"rendered":"Corneo Lipid"},"content":{"rendered":"<h5>Anwendungsgebiete:<\/h5>\n<p>In allen F\u00e4llen von gest\u00f6rter oder gesch\u00e4digter Hornschichtbarriere. Ursache f\u00fcr eine gest\u00f6rte oder gesch\u00e4digte Hornschichtbarrieren sind unter Umst\u00e4nden Alter, Krankheit (atopische Dermatitis, Psoriasis), Fehler bei der Hautpflege (zu h\u00e4ufiger Gebrauch von Waschtensiden, Fruchts\u00e4uren, Vitamin-A-S\u00e4uren, Dermabrasion usw.), oder auch Nebenwirkungen von Arzneimitteln (z. B. von Cortison oder Chemotherapien).<\/p>\n<p>In allen diesen F\u00e4llen kommt es durch das Fehlen oder die fehlerhafte Zusammensetzung der Hornschichtlipide zu einer nicht ausreichenden Verkittung der Zellen der Hornschicht und damit zu einer St\u00f6rung der Barrierefunktion der Haut. In der Folge kommt es zu hohen Wasserverlusten durch die Haut. Bakterien, Viren und gef\u00e4hrliche Stoffe aus der Umwelt k\u00f6nnen in die Haut eindringen und Entz\u00fcndungen und Juckreiz verursachen.<\/p>\n<p>&nbsp;<\/p>\n<h5>Wirkungsweise:<\/h5>\n<p>Die in der Corneo Lipid Creme enthaltenen Hornschichtfette sind Signalmolek\u00fcle, die &#8211; wenn sie auf der Haut zu liegen kommen &#8211; f\u00fcr einen geregelten Aufbau der Epidermis sorgen.<\/p>\n<p>Corneo Lipid erm\u00f6glicht die Reparatur einer geschw\u00e4chten Haut. Hervorragend als festigende Augencreme geeignet.<\/p>\n<p>&nbsp;<\/p>\n<h5>Anwendung:<\/h5>\n<p>Die Creme sollte in Form einer Kur \u00fcber einen Zeitraum von 6-8 Wochen angewendet werden.<br \/>\nEs wird empfohlen Corneo Lipid k\u00fchl zu lagern.<\/p>\n","protected":false},"excerpt":{"rendered":"<p>Aufbauende und reparierende Spezialcreme.<\/p>\n","protected":false},"featured_media":987483736,"comment_status":"open","ping_status":"closed","template":"","meta":{"_et_pb_use_builder":"off","_et_pb_old_content":"<strong>Anwendungsgebiete: <\/strong>\r\n\r\nAls Gesichtspackung wird masque verwendet bei allen Hautarten zur Straffung und Versch\u00f6nerung des Hautbildes.\r\nZur kurfristigen Therapie bei d\u00fcnner, empfindlicher Haut mit oberfl\u00e4chlichen Entz\u00fcndungen.\r\n\r\n<strong>Wirkungsweise:<\/strong>\r\n\r\nMasque erh\u00f6ht mit Hilfe der Lipacide RH (Lipoaminos\u00e4uren) die F\u00e4higkeit der Epidermis, den zullul\u00e4ren Wassergehalt stabil zu halten. Die Haut wird sichtbar straffer und elastischer. Lipacide RH wirkt gleichzeitig vorbeugend gegen bakterielle Entz\u00fcndungen.\r\n\r\n<strong>Anwendung<\/strong>:\r\n\r\nQuantit\u00e4t und Art der Anwendung sind nach dem individuellen und aktuellen Zustand der Haut festzulegen.\r\n\r\n<strong>Gegenanzeigen:<\/strong>\r\n\r\nDas Produkt sollte bei bekannter Campher-Unvertr\u00e4glichkeit nicht angewendet werden.\r\n\r\n\u00a0","_et_gb_content_width":""},"product_brand":[472],"product_cat":[372,84,210,90,43,92],"product_tag":[123,432,56,66,68,67],"class_list":{"0":"post-987470424","1":"product","2":"type-product","3":"status-publish","4":"has-post-thumbnail","6":"product_brand-rosel-heim","7":"product_cat-alle-rosel-heim-produkte","8":"product_cat-gesicht","9":"product_cat-gesichtspflege","10":"product_cat-rh-regeneration","11":"product_cat-rosel-heim","12":"product_cat-rh-therapie","13":"product_tag-augen","14":"product_tag-ceramide","15":"product_tag-creme","16":"product_tag-gesichtscreme","17":"product_tag-regeneration","18":"product_tag-tagescreme","19":"pa_inhalt-15ml","20":"pa_inhalt-50ml","21":"pa_packform-airless-spender","23":"first","24":"instock","25":"taxable","26":"shipping-taxable","27":"purchasable","28":"product-type-variable"},"booking_location":null,"booking_location_type":null,"booking_duration":null,"booking_duration_unit":null,"booking_buffer":null,"booking_cost":null,"booking_resources":null,"exclude_global_add_ons":[],"addons":[],"_links":{"self":[{"href":"https:\/\/www.claresco-cosmetic.de\/kosmetik-shop\/wp-json\/wp\/v2\/product\/987470424","targetHints":{"allow":["GET"]}}],"collection":[{"href":"https:\/\/www.claresco-cosmetic.de\/kosmetik-shop\/wp-json\/wp\/v2\/product"}],"about":[{"href":"https:\/\/www.claresco-cosmetic.de\/kosmetik-shop\/wp-json\/wp\/v2\/types\/product"}],"replies":[{"embeddable":true,"href":"https:\/\/www.claresco-cosmetic.de\/kosmetik-shop\/wp-json\/wp\/v2\/comments?post=987470424"}],"wp:featuredmedia":[{"embeddable":true,"href":"https:\/\/www.claresco-cosmetic.de\/kosmetik-shop\/wp-json\/wp\/v2\/media\/987483736"}],"wp:attachment":[{"href":"https:\/\/www.claresco-cosmetic.de\/kosmetik-shop\/wp-json\/wp\/v2\/media?parent=987470424"}],"wp:term":[{"taxonomy":"product_brand","embeddable":true,"href":"https:\/\/www.claresco-cosmetic.de\/kosmetik-shop\/wp-json\/wp\/v2\/product_brand?post=987470424"},{"taxonomy":"product_cat","embeddable":true,"href":"https:\/\/www.claresco-cosmetic.de\/kosmetik-shop\/wp-json\/wp\/v2\/product_cat?post=987470424"},{"taxonomy":"product_tag","embeddable":true,"href":"https:\/\/www.claresco-cosmetic.de\/kosmetik-shop\/wp-json\/wp\/v2\/product_tag?post=987470424"}],"curies":[{"name":"wp","href":"https:\/\/api.w.org\/{rel}","templated":true}]}}