{"id":987470435,"date":"2021-01-24T19:56:26","date_gmt":"2021-01-24T18:56:26","guid":{"rendered":"https:\/\/www.claresco-cosmetic.de\/kosmetik-shop\/?post_type=product&#038;p=987470435"},"modified":"2026-04-03T12:44:55","modified_gmt":"2026-04-03T10:44:55","slug":"cream-2","status":"publish","type":"product","link":"https:\/\/www.claresco-cosmetic.de\/kosmetik-shop\/produkt\/cream-2\/","title":{"rendered":"Cream"},"content":{"rendered":"<h5>Wirkungsweise:<\/h5>\n<p>Die spezielle Art der Emulsion erm\u00f6glicht eine besonders leichte aber durch den Squalananteil doch hochwirksame Pflege der Haut. Squalan erg\u00e4nzt die Fettkomponente des hauteigenen Lipidfilms. Jojoba\u00f6l h\u00e4lt die Haut elastisch. Die im Wasseranteil gel\u00f6sten Mineralien aus dem toten Meer regulieren den Elektrolythaushalt der Haut, die Spannkraft der Haut wird erh\u00f6ht, das Nervensystem beruhigt. Zinkoxid wirkt antibakteriell, beruhigend und entz\u00fcndungshemmend.<\/p>\n<p>&nbsp;<\/p>\n<h5>Anwendung:<\/h5>\n<p>Cream ist auf Grund seiner speziellen Emulsionsform die ideale, leichte Pflegecreme f\u00fcr Tag und Nacht. Sie macht die Haut glatt und geschmeidig ohne einen Fettfilm zu hinterlassen. Erg\u00e4nzt sich hervorragend mit Phase2 aktive regeneration.<\/p>\n","protected":false},"excerpt":{"rendered":"<p>Die ideale leichte Pflegecreme f\u00fcr Tag und Nacht.<\/p>\n","protected":false},"featured_media":987483211,"comment_status":"open","ping_status":"closed","template":"","meta":{"_et_pb_use_builder":"off","_et_pb_old_content":"<strong>Anwendungsgebiete: <\/strong>\r\n\r\nAls Gesichtspackung wird masque verwendet bei allen Hautarten zur Straffung und Versch\u00f6nerung des Hautbildes.\r\nZur kurfristigen Therapie bei d\u00fcnner, empfindlicher Haut mit oberfl\u00e4chlichen Entz\u00fcndungen.\r\n\r\n<strong>Wirkungsweise:<\/strong>\r\n\r\nMasque erh\u00f6ht mit Hilfe der Lipacide RH (Lipoaminos\u00e4uren) die F\u00e4higkeit der Epidermis, den zullul\u00e4ren Wassergehalt stabil zu halten. Die Haut wird sichtbar straffer und elastischer. Lipacide RH wirkt gleichzeitig vorbeugend gegen bakterielle Entz\u00fcndungen.\r\n\r\n<strong>Anwendung<\/strong>:\r\n\r\nQuantit\u00e4t und Art der Anwendung sind nach dem individuellen und aktuellen Zustand der Haut festzulegen.\r\n\r\n<strong>Gegenanzeigen:<\/strong>\r\n\r\nDas Produkt sollte bei bekannter Campher-Unvertr\u00e4glichkeit nicht angewendet werden.\r\n\r\n\u00a0","_et_gb_content_width":""},"product_brand":[472],"product_cat":[372,94,84,210,43],"product_tag":[56,66,64,67],"class_list":{"0":"post-987470435","1":"product","2":"type-product","3":"status-publish","4":"has-post-thumbnail","6":"product_brand-rosel-heim","7":"product_cat-alle-rosel-heim-produkte","8":"product_cat-blaue-serie","9":"product_cat-gesicht","10":"product_cat-gesichtspflege","11":"product_cat-rosel-heim","12":"product_tag-creme","13":"product_tag-gesichtscreme","14":"product_tag-hautschutz","15":"product_tag-tagescreme","17":"first","18":"instock","19":"taxable","20":"shipping-taxable","21":"purchasable","22":"product-type-variable"},"booking_location":null,"booking_location_type":null,"booking_duration":null,"booking_duration_unit":null,"booking_buffer":null,"booking_cost":null,"booking_resources":null,"exclude_global_add_ons":[],"addons":[],"_links":{"self":[{"href":"https:\/\/www.claresco-cosmetic.de\/kosmetik-shop\/wp-json\/wp\/v2\/product\/987470435","targetHints":{"allow":["GET"]}}],"collection":[{"href":"https:\/\/www.claresco-cosmetic.de\/kosmetik-shop\/wp-json\/wp\/v2\/product"}],"about":[{"href":"https:\/\/www.claresco-cosmetic.de\/kosmetik-shop\/wp-json\/wp\/v2\/types\/product"}],"replies":[{"embeddable":true,"href":"https:\/\/www.claresco-cosmetic.de\/kosmetik-shop\/wp-json\/wp\/v2\/comments?post=987470435"}],"wp:featuredmedia":[{"embeddable":true,"href":"https:\/\/www.claresco-cosmetic.de\/kosmetik-shop\/wp-json\/wp\/v2\/media\/987483211"}],"wp:attachment":[{"href":"https:\/\/www.claresco-cosmetic.de\/kosmetik-shop\/wp-json\/wp\/v2\/media?parent=987470435"}],"wp:term":[{"taxonomy":"product_brand","embeddable":true,"href":"https:\/\/www.claresco-cosmetic.de\/kosmetik-shop\/wp-json\/wp\/v2\/product_brand?post=987470435"},{"taxonomy":"product_cat","embeddable":true,"href":"https:\/\/www.claresco-cosmetic.de\/kosmetik-shop\/wp-json\/wp\/v2\/product_cat?post=987470435"},{"taxonomy":"product_tag","embeddable":true,"href":"https:\/\/www.claresco-cosmetic.de\/kosmetik-shop\/wp-json\/wp\/v2\/product_tag?post=987470435"}],"curies":[{"name":"wp","href":"https:\/\/api.w.org\/{rel}","templated":true}]}}