{"id":987470441,"date":"2021-01-24T20:13:59","date_gmt":"2021-01-24T19:13:59","guid":{"rendered":"https:\/\/www.claresco-cosmetic.de\/kosmetik-shop\/?post_type=product&#038;p=987470441"},"modified":"2026-03-24T12:40:46","modified_gmt":"2026-03-24T11:40:46","slug":"gel","status":"publish","type":"product","link":"https:\/\/www.claresco-cosmetic.de\/kosmetik-shop\/produkt\/gel\/","title":{"rendered":"Gel"},"content":{"rendered":"<p><strong>Wirkungsweise:<\/strong><\/p>\n<p>Hyalurons\u00e4ure speichert Feuchtigkeit auf der Hautoberfl\u00e4che und in den oberen Lagen der Hornschicht. So entsteht eine Feuchtigkeitsbarriere, die verhindert, dass die Haut zu viel Wasser verliert. Sichtbar verschwinden so Trockenheitsf\u00e4ltchen. Aloe Vera Gel\u00a0 hat eine beruhigende, k\u00fchlende und adstringierende Wirkung, die Haut wird sp\u00fcrbar straffer. Alkohol verst\u00e4rkt die erfrischende, k\u00fchlende Wirkung von Gel.<\/p>\n<p>.<\/p>\n<p><strong>Beauty-Tipp | Hinweis | Anwendung:<\/strong><\/p>\n<p>Bei normaler bis dicker Haut mit ausreichender Talgproduktion bildet Gel mit dem hauteigenen Talg eine sch\u00fctzende Emulsion, die zur Tagespflege ausreicht, z. B. bei M\u00e4nnern nach der Rasur. Bei d\u00fcnner Haut mit mangelnder Talgproduktion sollte Gel immer durch eine leichte Tagescreme (Phase 3 oder Cream) erg\u00e4nzt werden.<\/p>\n<p><strong>Hinweis:<\/strong><\/p>\n<p>Nicht geeignet f\u00fcr besonders d\u00fcnne Haut mit gest\u00f6rter Hornschichtbarriere.<\/p>\n","protected":false},"excerpt":{"rendered":"<p>Tagespflege mit einer beruhigenden und k\u00fchlenden Wirkung. Besonders gut f\u00fcr M\u00e4nner nach der Rasur geeignet.<\/p>\n","protected":false},"featured_media":987471609,"comment_status":"open","ping_status":"closed","template":"","meta":{"_et_pb_use_builder":"off","_et_pb_old_content":"<strong>Anwendungsgebiete: <\/strong>\r\n\r\nAls Gesichtspackung wird masque verwendet bei allen Hautarten zur Straffung und Versch\u00f6nerung des Hautbildes.\r\nZur kurfristigen Therapie bei d\u00fcnner, empfindlicher Haut mit oberfl\u00e4chlichen Entz\u00fcndungen.\r\n\r\n<strong>Wirkungsweise:<\/strong>\r\n\r\nMasque erh\u00f6ht mit Hilfe der Lipacide RH (Lipoaminos\u00e4uren) die F\u00e4higkeit der Epidermis, den zullul\u00e4ren Wassergehalt stabil zu halten. Die Haut wird sichtbar straffer und elastischer. Lipacide RH wirkt gleichzeitig vorbeugend gegen bakterielle Entz\u00fcndungen.\r\n\r\n<strong>Anwendung<\/strong>:\r\n\r\nQuantit\u00e4t und Art der Anwendung sind nach dem individuellen und aktuellen Zustand der Haut festzulegen.\r\n\r\n<strong>Gegenanzeigen:<\/strong>\r\n\r\nDas Produkt sollte bei bekannter Campher-Unvertr\u00e4glichkeit nicht angewendet werden.\r\n\r\n\u00a0","_et_gb_content_width":""},"product_brand":[472],"product_cat":[372,94,84,210,43],"product_tag":[56,66,64,138,67],"class_list":{"0":"post-987470441","1":"product","2":"type-product","3":"status-publish","4":"has-post-thumbnail","6":"product_brand-rosel-heim","7":"product_cat-alle-rosel-heim-produkte","8":"product_cat-blaue-serie","9":"product_cat-gesicht","10":"product_cat-gesichtspflege","11":"product_cat-rosel-heim","12":"product_tag-creme","13":"product_tag-gesichtscreme","14":"product_tag-hautschutz","15":"product_tag-maenner","16":"product_tag-tagescreme","17":"pa_inhalt-15ml","18":"pa_inhalt-50ml","19":"pa_packform-airless-spender","20":"pa_packform-tiegel","22":"first","23":"instock","24":"taxable","25":"shipping-taxable","26":"purchasable","27":"product-type-variable"},"booking_location":null,"booking_location_type":null,"booking_duration":null,"booking_duration_unit":null,"booking_buffer":null,"booking_cost":null,"booking_resources":null,"exclude_global_add_ons":[],"addons":[],"_links":{"self":[{"href":"https:\/\/www.claresco-cosmetic.de\/kosmetik-shop\/wp-json\/wp\/v2\/product\/987470441","targetHints":{"allow":["GET"]}}],"collection":[{"href":"https:\/\/www.claresco-cosmetic.de\/kosmetik-shop\/wp-json\/wp\/v2\/product"}],"about":[{"href":"https:\/\/www.claresco-cosmetic.de\/kosmetik-shop\/wp-json\/wp\/v2\/types\/product"}],"replies":[{"embeddable":true,"href":"https:\/\/www.claresco-cosmetic.de\/kosmetik-shop\/wp-json\/wp\/v2\/comments?post=987470441"}],"wp:featuredmedia":[{"embeddable":true,"href":"https:\/\/www.claresco-cosmetic.de\/kosmetik-shop\/wp-json\/wp\/v2\/media\/987471609"}],"wp:attachment":[{"href":"https:\/\/www.claresco-cosmetic.de\/kosmetik-shop\/wp-json\/wp\/v2\/media?parent=987470441"}],"wp:term":[{"taxonomy":"product_brand","embeddable":true,"href":"https:\/\/www.claresco-cosmetic.de\/kosmetik-shop\/wp-json\/wp\/v2\/product_brand?post=987470441"},{"taxonomy":"product_cat","embeddable":true,"href":"https:\/\/www.claresco-cosmetic.de\/kosmetik-shop\/wp-json\/wp\/v2\/product_cat?post=987470441"},{"taxonomy":"product_tag","embeddable":true,"href":"https:\/\/www.claresco-cosmetic.de\/kosmetik-shop\/wp-json\/wp\/v2\/product_tag?post=987470441"}],"curies":[{"name":"wp","href":"https:\/\/api.w.org\/{rel}","templated":true}]}}