{"id":987471262,"date":"2021-03-07T14:04:05","date_gmt":"2021-03-07T13:04:05","guid":{"rendered":"https:\/\/www.claresco-cosmetic.de\/kosmetik-shop\/?post_type=product&#038;p=987471262"},"modified":"2025-01-13T14:28:27","modified_gmt":"2025-01-13T13:28:27","slug":"augenbrauen-formen","status":"publish","type":"product","link":"https:\/\/www.claresco-cosmetic.de\/kosmetik-shop\/produkt\/augenbrauen-formen\/","title":{"rendered":"Augenbrauen formen"},"content":{"rendered":"<ul>\n<li>Entfernen (zupfen) von \u00fcberfl\u00fcssigen H\u00e4rchen, um eine sch\u00f6ne Augenbrauenform zu erhalten.<\/li>\n<li>Feine zus\u00e4tzliche Konturierung nach Absprache mit der Fadentechnik oder Waxing.\u00a0<em>Bitte beachten Sie:<\/em>\u00a0Je nach Aufwand wird der endg\u00fcltige Preis direkt vor Ort berechnet<\/li>\n<\/ul>\n<p>Augenbrauen Zupfen ist bei jeder Gesichtsbehandlung ohne Aufpreis inklusive!<\/p>\n","protected":false},"excerpt":{"rendered":"<p>Dauer ca. 10 &#8211; 20 min<br \/>\nDer genannte Preis gilt &#8220;<em>ab<\/em> 15 Euro&#8221;<\/p>\n","protected":false},"featured_media":0,"comment_status":"open","ping_status":"closed","template":"","meta":{"_et_pb_use_builder":"off","_et_pb_old_content":"<strong>Dieser Service beinhaltet:<\/strong>\r\n<ul>\r\n \t<li>\u00dcbergang bestehender Nagelmodellage feilen<\/li>\r\n \t<li>in Form feilen<\/li>\r\n \t<li>Nagelhaut entfernen<\/li>\r\n \t<li>Gel\u00fcberzug \/ Rebalancierung in Frenchoptik oder mit Glitzer\u00fcberzug<\/li>\r\n \t<li>Hand & Nagelpflege<\/li>\r\n<\/ul>","_et_gb_content_width":""},"product_brand":[],"product_cat":[81,230],"product_tag":[],"class_list":{"0":"post-987471262","1":"product","2":"type-product","3":"status-publish","5":"product_cat-termine","6":"product_cat-termine-wimpern-augenbrauen","8":"first","9":"instock","10":"virtual","11":"sold-individually","12":"taxable","13":"purchasable","14":"product-type-booking"},"booking_location":"","booking_location_type":"","booking_duration":15,"booking_duration_unit":"minute","booking_buffer":0,"booking_cost":15,"booking_resources":[987471010,987471011],"exclude_global_add_ons":[],"addons":[],"_links":{"self":[{"href":"https:\/\/www.claresco-cosmetic.de\/kosmetik-shop\/wp-json\/wp\/v2\/product\/987471262","targetHints":{"allow":["GET"]}}],"collection":[{"href":"https:\/\/www.claresco-cosmetic.de\/kosmetik-shop\/wp-json\/wp\/v2\/product"}],"about":[{"href":"https:\/\/www.claresco-cosmetic.de\/kosmetik-shop\/wp-json\/wp\/v2\/types\/product"}],"replies":[{"embeddable":true,"href":"https:\/\/www.claresco-cosmetic.de\/kosmetik-shop\/wp-json\/wp\/v2\/comments?post=987471262"}],"wp:attachment":[{"href":"https:\/\/www.claresco-cosmetic.de\/kosmetik-shop\/wp-json\/wp\/v2\/media?parent=987471262"}],"wp:term":[{"taxonomy":"product_brand","embeddable":true,"href":"https:\/\/www.claresco-cosmetic.de\/kosmetik-shop\/wp-json\/wp\/v2\/product_brand?post=987471262"},{"taxonomy":"product_cat","embeddable":true,"href":"https:\/\/www.claresco-cosmetic.de\/kosmetik-shop\/wp-json\/wp\/v2\/product_cat?post=987471262"},{"taxonomy":"product_tag","embeddable":true,"href":"https:\/\/www.claresco-cosmetic.de\/kosmetik-shop\/wp-json\/wp\/v2\/product_tag?post=987471262"}],"curies":[{"name":"wp","href":"https:\/\/api.w.org\/{rel}","templated":true}]}}