{"id":987471610,"date":"2021-03-28T23:11:29","date_gmt":"2021-03-28T21:11:29","guid":{"rendered":"https:\/\/www.claresco-cosmetic.de\/kosmetik-shop\/?post_type=product&#038;p=987471610"},"modified":"2026-04-06T08:36:07","modified_gmt":"2026-04-06T06:36:07","slug":"sonnen-schutzemulsion","status":"publish","type":"product","link":"https:\/\/www.claresco-cosmetic.de\/kosmetik-shop\/produkt\/sonnen-schutzemulsion\/","title":{"rendered":"Sonnen Schutzemulsion"},"content":{"rendered":"<p>Die Rosel Heim nature+science Sonnen Schutzemulsion ist ein innovativer Sonnenschutz, der die nat\u00fcrlichen Abwehr- und Reparaturmechanismen Ihrer Haut gezielt unterst\u00fctzt. Sie eignet sich ideal f\u00fcr alle, die Wert auf eine hautvertr\u00e4gliche, effektive und physiologisch sinnvolle Sonnenpflege legen.<\/p>\n<p>&nbsp;<\/p>\n<h5>Wirkweise<\/h5>\n<ul>\n<li>Reflektierender Schutz: Die Emulsion enth\u00e4lt Titandioxid, Kieselerde und Zinkoxid. Diese mineralischen Filter reflektieren das gesamte Lichtspektrum und sch\u00fctzen so zuverl\u00e4ssig vor sch\u00e4dlicher Sonnenstrahlung. Die Schutzwirkung h\u00e4ngt von der Dicke der aufgetragenen Schicht ab.<\/li>\n<\/ul>\n<ul>\n<li>Panthenol: Unterst\u00fctzt die Anpassung der Hornschicht an Sonnenstrahlen (Bildung der sogenannten Lichtschwiele), st\u00e4rkt die Schutzfunktion der Epidermis und f\u00f6rdert die Regeneration der Haut.<\/li>\n<\/ul>\n<ul>\n<li>Himbeersamenextrakt: F\u00e4ngt freie Radikale ab und beugt so sonnenbedingten Hautsch\u00e4den vor.<\/li>\n<\/ul>\n<ul>\n<li>Feuchtigkeit &amp; Pflege: Die physiologische Emulsion h\u00e4lt die Haut geschmeidig, glatt und versorgt sie optimal mit Feuchtigkeit.<\/li>\n<\/ul>\n<h5>Anwendung<\/h5>\n<ul>\n<li>Tragen Sie die Sonnen Schutzemulsion je nach Bedarf ein- oder mehrmals auf die Haut auf.<\/li>\n<\/ul>\n<ul>\n<li>Besonders exponierte Hautstellen wie Nase oder Jochbein sollten h\u00e4ufiger nachgecremt werden, um einen h\u00f6heren Schutz zu gew\u00e4hrleisten.<\/li>\n<\/ul>\n<ul>\n<li>Auch w\u00e4hrend des Sonnenbads kann die Schutzwirkung durch erneutes Auftragen erh\u00f6ht werden \u2013 der Schutz besteht sofort nach dem Auftragen, eine Wartezeit ist nicht n\u00f6tig.<\/li>\n<\/ul>\n<ul>\n<li>Die Emulsion ist aus physiologischen Gr\u00fcnden nicht wasserfest und sollte nach Kontakt mit Wasser erneut aufgetragen werden.<\/li>\n<\/ul>\n<ul>\n<li>Alle Rosel heim nature+science Pflegeprodukte sind Konzentrate und deshalb auf die feuchte Haut aufzutragen.<\/li>\n<\/ul>\n<h5>Hinweise<\/h5>\n<ul>\n<li>Es wird bewusst kein Lichtschutzfaktor (LSF) angegeben, da die Schutzwirkung individuell von der Menge und H\u00e4ufigkeit der Anwendung abh\u00e4ngt. Lassen Sie sich ggf. beraten.<\/li>\n<\/ul>\n<ul>\n<li>Nicht anwenden bei bekannter Unvertr\u00e4glichkeit gegen\u00fcber Panthenol oder Duftstoffen <a href=\"https:\/\/www.claresco-cosmetic.de\/kosmetik-shop\/produkt\/o-p-sonnen-schutzemulsion\/\">(zur parf\u00fcmfreien Variante)<\/a><\/li>\n<\/ul>\n<ul>\n<li>Himbeersamenextrakt kann Kleidung gelblich verf\u00e4rben.<\/li>\n<\/ul>\n<ul>\n<li>Wir empfehlen das Produkt k\u00fchl zu lagern.<\/li>\n<\/ul>\n<ul>\n<li>Die Farbe und Konsistenz k\u00f6nnen variieren, die einzigartige Wirkung bleibt jedoch immer erhalten.<\/li>\n<\/ul>\n<h5>Besondere Eigenschaften<\/h5>\n<ul>\n<li>Hochwertige, streng kontrollierte Rohstoffe (nach bester Haut- und K\u00f6rpervertr\u00e4glichkeit und nach strengen Qualit\u00e4ts- und Reinheitskriterien)<\/li>\n<\/ul>\n<ul>\n<li>Ohne unn\u00f6tige Zusatzstoffe<\/li>\n<\/ul>\n<ul>\n<li>Auch <a href=\"https:\/\/www.claresco-cosmetic.de\/kosmetik-shop\/produkt\/o-p-sonnen-schutzemulsion\/\"><strong>ohne Parf\u00fcm<\/strong> <\/a>erh\u00e4ltlich<\/li>\n<\/ul>\n<ul>\n<li>F\u00fcr alle Hauttypen geeignet, besonders bei sensibler Haut<\/li>\n<\/ul>\n","protected":false},"excerpt":{"rendered":"<p>Die Sonnen Schutzemulsion von Rosel Heim nature+science bietet einen innovativen, mineralischen Sonnenschutz, der die Haut nicht nur sch\u00fctzt, sondern auch pflegt und regeneriert \u2013 optimal f\u00fcr anspruchsvolle Haut und alle, die auf nat\u00fcrliche Inhaltsstoffe setzen.<\/p>\n","protected":false},"featured_media":987492194,"comment_status":"open","ping_status":"closed","template":"","meta":{"_et_pb_use_builder":"off","_et_pb_old_content":"<strong>Anwendungsgebiete: <\/strong>\r\n\r\nAls Gesichtspackung wird masque verwendet bei allen Hautarten zur Straffung und Versch\u00f6nerung des Hautbildes.\r\nZur kurfristigen Therapie bei d\u00fcnner, empfindlicher Haut mit oberfl\u00e4chlichen Entz\u00fcndungen.\r\n\r\n<strong>Wirkungsweise:<\/strong>\r\n\r\nMasque erh\u00f6ht mit Hilfe der Lipacide RH (Lipoaminos\u00e4uren) die F\u00e4higkeit der Epidermis, den zullul\u00e4ren Wassergehalt stabil zu halten. Die Haut wird sichtbar straffer und elastischer. Lipacide RH wirkt gleichzeitig vorbeugend gegen bakterielle Entz\u00fcndungen.\r\n\r\n<strong>Anwendung<\/strong>:\r\n\r\nQuantit\u00e4t und Art der Anwendung sind nach dem individuellen und aktuellen Zustand der Haut festzulegen.\r\n\r\n<strong>Gegenanzeigen:<\/strong>\r\n\r\nDas Produkt sollte bei bekannter Campher-Unvertr\u00e4glichkeit nicht angewendet werden.\r\n\r\n\u00a0","_et_gb_content_width":""},"product_brand":[472],"product_cat":[372,84,210,85,213,43,99,114,227,228],"product_tag":[56,64,167,166,63],"class_list":{"0":"post-987471610","1":"product","2":"type-product","3":"status-publish","4":"has-post-thumbnail","6":"product_brand-rosel-heim","7":"product_cat-alle-rosel-heim-produkte","8":"product_cat-gesicht","9":"product_cat-gesichtspflege","10":"product_cat-koerper","11":"product_cat-koerperpflege","12":"product_cat-rosel-heim","13":"product_cat-rh-sonne","14":"product_cat-sonnenprodukte","15":"product_cat-gesichtssonnenschutz","16":"product_cat-koerpersonnenschutz","17":"product_tag-creme","18":"product_tag-hautschutz","19":"product_tag-sonnencreme","20":"product_tag-sonnenschutz","21":"product_tag-tagesschutz","22":"pa_inhalt-100ml","23":"pa_inhalt-15ml","24":"pa_packform-airless-spender","26":"first","27":"instock","28":"taxable","29":"shipping-taxable","30":"purchasable","31":"product-type-variable"},"booking_location":null,"booking_location_type":null,"booking_duration":null,"booking_duration_unit":null,"booking_buffer":null,"booking_cost":null,"booking_resources":null,"exclude_global_add_ons":[],"addons":[],"_links":{"self":[{"href":"https:\/\/www.claresco-cosmetic.de\/kosmetik-shop\/wp-json\/wp\/v2\/product\/987471610","targetHints":{"allow":["GET"]}}],"collection":[{"href":"https:\/\/www.claresco-cosmetic.de\/kosmetik-shop\/wp-json\/wp\/v2\/product"}],"about":[{"href":"https:\/\/www.claresco-cosmetic.de\/kosmetik-shop\/wp-json\/wp\/v2\/types\/product"}],"replies":[{"embeddable":true,"href":"https:\/\/www.claresco-cosmetic.de\/kosmetik-shop\/wp-json\/wp\/v2\/comments?post=987471610"}],"wp:featuredmedia":[{"embeddable":true,"href":"https:\/\/www.claresco-cosmetic.de\/kosmetik-shop\/wp-json\/wp\/v2\/media\/987492194"}],"wp:attachment":[{"href":"https:\/\/www.claresco-cosmetic.de\/kosmetik-shop\/wp-json\/wp\/v2\/media?parent=987471610"}],"wp:term":[{"taxonomy":"product_brand","embeddable":true,"href":"https:\/\/www.claresco-cosmetic.de\/kosmetik-shop\/wp-json\/wp\/v2\/product_brand?post=987471610"},{"taxonomy":"product_cat","embeddable":true,"href":"https:\/\/www.claresco-cosmetic.de\/kosmetik-shop\/wp-json\/wp\/v2\/product_cat?post=987471610"},{"taxonomy":"product_tag","embeddable":true,"href":"https:\/\/www.claresco-cosmetic.de\/kosmetik-shop\/wp-json\/wp\/v2\/product_tag?post=987471610"}],"curies":[{"name":"wp","href":"https:\/\/api.w.org\/{rel}","templated":true}]}}