{"id":987471683,"date":"2021-04-12T16:02:14","date_gmt":"2021-04-12T14:02:14","guid":{"rendered":"https:\/\/www.claresco-cosmetic.de\/kosmetik-shop\/?post_type=product&#038;p=987471683"},"modified":"2026-04-28T08:06:48","modified_gmt":"2026-04-28T06:06:48","slug":"o-p-phase-1-reinigungsemulsion-extra-mild","status":"publish","type":"product","link":"https:\/\/www.claresco-cosmetic.de\/kosmetik-shop\/produkt\/o-p-phase-1-reinigungsemulsion-extra-mild\/","title":{"rendered":"Phase 1 Reinigungsemulsion extra mild -ohne Parf\u00fcm-"},"content":{"rendered":"<p>Unsere Haut wird durch ein komplexes System sich gegenseitig beeinflussender Faktoren gesch\u00fctzt. Die Reinigungsemulsion unterst\u00fctzt diese wichtigen Systeme in ihrer Funktion!<\/p>\n<p>&nbsp;<\/p>\n<h5>Anwendungsgebiete:<\/h5>\n<p>Bei d\u00fcnner, trockener und sensibler Haut sowie zur Einleitung der Therapie bei defekter Hornschicht.<\/p>\n<p>&nbsp;<\/p>\n<h5>Wirkungsweise:<\/h5>\n<p>Phase1 Reinigungsemulsion extra mild bindet Staub und Schmutzpartikel und macht diese wasserl\u00f6slich. Die Emulsion reinigt besonders schonend und ohne die nat\u00fcrlichen Schutzmechanismen der Haut zu st\u00f6ren. Gleichzeitig wird der nat\u00fcrliche pH-Wert der Hautoberfl\u00e4che mit Hilfe der L(+) Milchs\u00e4ure (wieder) hergestellt.<\/p>\n<p>&nbsp;<\/p>\n<h5><strong>Anwendung:<\/strong><\/h5>\n<p>Phase 1 Reinigungsemulsion extra mild wird auf die nasse Haut aufgetragen und nach kurzem Einwirken mit viel Wasser abgewaschen. Die kosmetisch unliebsamen Folgen kalkhaltigen Wassers werden durch die Wirkung der L+ Milchs\u00e4ure verhindert. Um die Wirkung der Phase 1 Reinigungsemulsion extra mild nicht zu st\u00f6ren, sollte eine Nachbehandlung mit Gesichtswasser nicht erfolgen.<\/p>\n","protected":false},"excerpt":{"rendered":"<p>Schonende Gesichtsreinigung auf Milchs\u00e4urebasis -ohne Parf\u00fcm-<\/p>\n","protected":false},"featured_media":987483187,"comment_status":"open","ping_status":"closed","template":"","meta":{"_et_pb_use_builder":"off","_et_pb_old_content":"Unsere Haut wird durch ein komplexes System sich gegenseitig beeinflussender Faktoren gesch\u00fctzt. Die Reinigungsemulsion unterst\u00fctzt diese wichtigen Systeme in ihrer Funktion!\r\n\r\n<strong>Anwendungsgebiete:<\/strong>\r\n\r\nBei d\u00fcnner, trockener und sensibler Haut sowie zur Einleitung der Therapie bei defekter Hornschicht.\r\n\r\n<strong>Wirkungsweise:<\/strong>\r\n\r\nPhase1 Reinigungsemulsion extra mild bindet Staub und Schmutzpartikel und macht diese wasserl\u00f6slich. Die Emulsion reinigt besonders schonend und ohne die nat\u00fcrlichen Schutzmechanismen der Haut zu st\u00f6ren. Gleichzeitig wird der nat\u00fcrliche pH-Wert der Hautoberfl\u00e4che mit Hilfe der L(+) Milchs\u00e4ure (wieder) hergestellt.\r\n\r\n<strong>Anwendung:<\/strong>\r\n\r\nphase 1 reinigungsemulsion extra mild wird auf die nasse Haut aufgetragen und nach kurzem Einwirken mit viel Wasser abgewaschen. Die kosmetisch unliebsamen Folgen kalkhaltigen Wassers werden durch die Wirkung der L+ Milchs\u00e4ure verhindert. Um die Wirkung der phase 1 reinigungsemulsion extra mild nicht zu st\u00f6ren, sollte eine Nachbehandlung mit Gesichtswasser nicht erfolgen.","_et_gb_content_width":""},"product_brand":[472],"product_cat":[372,84,115,171,89,43],"product_tag":[49,59],"class_list":{"0":"post-987471683","1":"product","2":"type-product","3":"status-publish","4":"has-post-thumbnail","6":"product_brand-rosel-heim","7":"product_cat-alle-rosel-heim-produkte","8":"product_cat-gesicht","9":"product_cat-gesichtsreinigung","10":"product_cat-rh-ohne-parfuem","11":"product_cat-rh-reinigung","12":"product_cat-rosel-heim","13":"product_tag-gesichtsreinigung","14":"product_tag-reinigung","16":"first","17":"instock","18":"taxable","19":"shipping-taxable","20":"purchasable","21":"product-type-simple"},"booking_location":null,"booking_location_type":null,"booking_duration":null,"booking_duration_unit":null,"booking_buffer":null,"booking_cost":null,"booking_resources":null,"exclude_global_add_ons":[],"addons":[],"_links":{"self":[{"href":"https:\/\/www.claresco-cosmetic.de\/kosmetik-shop\/wp-json\/wp\/v2\/product\/987471683","targetHints":{"allow":["GET"]}}],"collection":[{"href":"https:\/\/www.claresco-cosmetic.de\/kosmetik-shop\/wp-json\/wp\/v2\/product"}],"about":[{"href":"https:\/\/www.claresco-cosmetic.de\/kosmetik-shop\/wp-json\/wp\/v2\/types\/product"}],"replies":[{"embeddable":true,"href":"https:\/\/www.claresco-cosmetic.de\/kosmetik-shop\/wp-json\/wp\/v2\/comments?post=987471683"}],"wp:featuredmedia":[{"embeddable":true,"href":"https:\/\/www.claresco-cosmetic.de\/kosmetik-shop\/wp-json\/wp\/v2\/media\/987483187"}],"wp:attachment":[{"href":"https:\/\/www.claresco-cosmetic.de\/kosmetik-shop\/wp-json\/wp\/v2\/media?parent=987471683"}],"wp:term":[{"taxonomy":"product_brand","embeddable":true,"href":"https:\/\/www.claresco-cosmetic.de\/kosmetik-shop\/wp-json\/wp\/v2\/product_brand?post=987471683"},{"taxonomy":"product_cat","embeddable":true,"href":"https:\/\/www.claresco-cosmetic.de\/kosmetik-shop\/wp-json\/wp\/v2\/product_cat?post=987471683"},{"taxonomy":"product_tag","embeddable":true,"href":"https:\/\/www.claresco-cosmetic.de\/kosmetik-shop\/wp-json\/wp\/v2\/product_tag?post=987471683"}],"curies":[{"name":"wp","href":"https:\/\/api.w.org\/{rel}","templated":true}]}}