{"id":987472836,"date":"2021-06-20T20:46:30","date_gmt":"2021-06-20T18:46:30","guid":{"rendered":"https:\/\/www.claresco-cosmetic.de\/kosmetik-shop\/?post_type=product&#038;p=987472836"},"modified":"2025-07-26T20:52:12","modified_gmt":"2025-07-26T18:52:12","slug":"pressed-powder-refill-bisque","status":"publish","type":"product","link":"https:\/\/www.claresco-cosmetic.de\/kosmetik-shop\/produkt\/pressed-powder-refill-bisque\/","title":{"rendered":"Pressed Powder Refill &#8211; Bisque"},"content":{"rendered":"<h5>Merkmale und Vorteile:<\/h5>\n<p>Die Refills sind Nachf\u00fcllbeh\u00e4lter (Pudertigel) und werden in die separat erh\u00e4ltliche, elegante jane iredale Puderdose eingesetzt.<\/p>\n<ul>\n<li>Wird aus mikronisierten Mineralien hergestellt, die als sehr wasserbest\u00e4ndig eingestuft werden.<\/li>\n<li>Dieses Pressed Powder Refill ist mit der Kennzeichnung LSF 20 und UVA Medium versehen.<\/li>\n<li>Enth\u00e4lt Antioxidationsmittel wie Extrakte aus Kiefernrinde und Granatapfel (ein starkes Antioxidationsmittel, das UV-Sch\u00e4digungen minimiert).<\/li>\n<li>Enth\u00e4lt Algenextrakte, die reife Haut pflegen, sensible Haut beruhigen, Feuchtigkeitsverlust verhindern und dabei helfen, UV-Sch\u00e4digungen zu reparieren.<\/li>\n<li>F\u00fcr eine normale Abdeckung verwendet man am besten den Handi Pinsel.<\/li>\n<li>Abgef\u00fcllt in einem nachf\u00fcllbaren Beh\u00e4lter aus eloxiertem Aluminium, das leicht recycelt werden kann.<\/li>\n<\/ul>\n<h5>Beschreibung:<\/h5>\n<ul>\n<li>Grundierung aus gepressten Mineralien<\/li>\n<li>Frei von synthetischen Chemikalien<\/li>\n<li>Frei von \u00d6len<\/li>\n<li>Schwerelos<\/li>\n<li>Lang anhaltend und \u00e4u\u00dferst wasserresistent<\/li>\n<li>Grundierung, Concealer, Sonnenschutz mit LSF 20 und mittlerer UVA-Schutz<\/li>\n<\/ul>\n<h5>Wirkung:<\/h5>\n<ul>\n<li>Ergibt ein halb-mattes Finish<\/li>\n<li>Ist gut f\u00fcr die Haut<\/li>\n<li>Sch\u00fctzt<\/li>\n<li>Beruhigt sensible Haut (Rosazea\/Akne)<\/li>\n<li>Hilft, Feuchtigkeitsverlust zu verhindern<\/li>\n<li>Bietet Schutz vor Bakterien<\/li>\n<li>F\u00fcr eine hauchd\u00fcnne bis mittlere Abdeckung<\/li>\n<li>Deckt R\u00f6tungen ab<\/li>\n<li>Verschleiert das Erscheinungsbild leichter F\u00e4ltchen durch einen Weichzeichnereffekt<\/li>\n<\/ul>\n<h5>Hautkondition:<\/h5>\n<p>Couperose, Rosacea, Tattoos abdecken, Teleangiektasie, Unreine Haut, \u00d6lige\/fettige Haut<\/p>\n","protected":false},"excerpt":{"rendered":"<p>Das Mineral Pressed Powder mit LSF 20\/LSF 25 ist Make-up, Concealer und Sonnenschutz in einem! Es pflegt &amp; beruhigt die Haut mit Antioxidantien und Algenextrakten und schenkt ihr ein nat\u00fcrliches, mattes Finish mit Weichzeichner-Effekt. Die leichte bis mittlere Deckkraft kaschiert das Erscheinungsbild feiner F\u00e4ltchen und f\u00fchlt sich an wie eine zweite Haut!<\/p>\n","protected":false},"featured_media":987478781,"comment_status":"open","ping_status":"closed","template":"","meta":{"_et_pb_use_builder":"off","_et_pb_old_content":"<strong>Anwendungsgebiete: <\/strong>\r\n\r\nAls Gesichtspackung wird masque verwendet bei allen Hautarten zur Straffung und Versch\u00f6nerung des Hautbildes.\r\nZur kurfristigen Therapie bei d\u00fcnner, empfindlicher Haut mit oberfl\u00e4chlichen Entz\u00fcndungen.\r\n\r\n<strong>Wirkungsweise:<\/strong>\r\n\r\nMasque erh\u00f6ht mit Hilfe der Lipacide RH (Lipoaminos\u00e4uren) die F\u00e4higkeit der Epidermis, den zullul\u00e4ren Wassergehalt stabil zu halten. Die Haut wird sichtbar straffer und elastischer. Lipacide RH wirkt gleichzeitig vorbeugend gegen bakterielle Entz\u00fcndungen.\r\n\r\n<strong>Anwendung<\/strong>:\r\n\r\nQuantit\u00e4t und Art der Anwendung sind nach dem individuellen und aktuellen Zustand der Haut festzulegen.\r\n\r\n<strong>Gegenanzeigen:<\/strong>\r\n\r\nDas Produkt sollte bei bekannter Campher-Unvertr\u00e4glichkeit nicht angewendet werden.\r\n\r\n\u00a0","_et_gb_content_width":""},"product_brand":[474],"product_cat":[209,220,129,83,86],"product_tag":[133,134],"class_list":{"0":"post-987472836","1":"product","2":"type-product","3":"status-publish","4":"has-post-thumbnail","6":"product_brand-jane-iredale","7":"product_cat-gepresste-puder-refills","8":"product_cat-mu-gesicht","9":"product_cat-mineralmakeup-gesicht","10":"product_cat-jane-iredale","11":"product_cat-make-up","12":"product_tag-puder","13":"product_tag-teint","15":"first","16":"onbackorder","17":"taxable","18":"shipping-taxable","19":"purchasable","20":"product-type-simple"},"booking_location":null,"booking_location_type":null,"booking_duration":null,"booking_duration_unit":null,"booking_buffer":null,"booking_cost":null,"booking_resources":null,"exclude_global_add_ons":[],"addons":[],"_links":{"self":[{"href":"https:\/\/www.claresco-cosmetic.de\/kosmetik-shop\/wp-json\/wp\/v2\/product\/987472836","targetHints":{"allow":["GET"]}}],"collection":[{"href":"https:\/\/www.claresco-cosmetic.de\/kosmetik-shop\/wp-json\/wp\/v2\/product"}],"about":[{"href":"https:\/\/www.claresco-cosmetic.de\/kosmetik-shop\/wp-json\/wp\/v2\/types\/product"}],"replies":[{"embeddable":true,"href":"https:\/\/www.claresco-cosmetic.de\/kosmetik-shop\/wp-json\/wp\/v2\/comments?post=987472836"}],"wp:featuredmedia":[{"embeddable":true,"href":"https:\/\/www.claresco-cosmetic.de\/kosmetik-shop\/wp-json\/wp\/v2\/media\/987478781"}],"wp:attachment":[{"href":"https:\/\/www.claresco-cosmetic.de\/kosmetik-shop\/wp-json\/wp\/v2\/media?parent=987472836"}],"wp:term":[{"taxonomy":"product_brand","embeddable":true,"href":"https:\/\/www.claresco-cosmetic.de\/kosmetik-shop\/wp-json\/wp\/v2\/product_brand?post=987472836"},{"taxonomy":"product_cat","embeddable":true,"href":"https:\/\/www.claresco-cosmetic.de\/kosmetik-shop\/wp-json\/wp\/v2\/product_cat?post=987472836"},{"taxonomy":"product_tag","embeddable":true,"href":"https:\/\/www.claresco-cosmetic.de\/kosmetik-shop\/wp-json\/wp\/v2\/product_tag?post=987472836"}],"curies":[{"name":"wp","href":"https:\/\/api.w.org\/{rel}","templated":true}]}}