{"id":987472911,"date":"2021-06-23T21:06:49","date_gmt":"2021-06-23T19:06:49","guid":{"rendered":"https:\/\/www.claresco-cosmetic.de\/kosmetik-shop\/?post_type=product&#038;p=987472911"},"modified":"2025-07-26T20:45:32","modified_gmt":"2025-07-26T18:45:32","slug":"gold-24ka-luxus-nachtcreme","status":"publish","type":"product","link":"https:\/\/www.claresco-cosmetic.de\/kosmetik-shop\/produkt\/gold-24ka-luxus-nachtcreme\/","title":{"rendered":"Gold 24Ka Luxus Nachtcreme"},"content":{"rendered":"<p>Die Creme eignet sich f\u00fcr die Pflege von normaler und trockener Haut.<\/p>\n<p>Die luxuri\u00f6se Kraft des reinen Goldes in Synergie mit Isoflavonen verringert Struktursch\u00e4den des vorhandenen Elastins und Kollagens und f\u00f6rdert die Bildung dieser beiden Proteine. Die einzigartige Anti-Falten-Formel f\u00f6rdert die Regeneration der Haut, die nach dieser kostbaren Pflege in einem j\u00fcngeren Aussehen erstrahlt, deren Spannkraft deutlich verbessert ist und die sich seidig zart und weich anf\u00fchlt.<\/p>\n<p>&nbsp;<\/p>\n<p><strong>Wirkung aktiver Inhaltsstoffe:<\/strong><\/p>\n<p><em>GOLDTEILCHEN in ihrer reinsten Form (24 Karat):<\/em><br \/>\nWirken nachweislich hautverj\u00fcngend, gl\u00e4tten Linien und Falten und verbessern die Hautspannung. Nach dem Auftragen auf die Haut aktiviert das Gold die Elektronen in den Hautzellen. Sind die Zellen aktiviert, wird in der Haut der Kommunikationsprozess der Zellen aufgebaut (F\u00f6rderung von Regeneration und Wachstum der Zellen).<\/p>\n<p><em>SOJA-ISOFLAVONE in Kapselform:<\/em><br \/>\nSoja-Isoflavone sind gut bekannt als nat\u00fcrliche Alternative zu \u00d6strogenen, deren Abbau in der Menopause die bekannten Anzeichen der Hautalterung verursacht: d\u00fcnne Haut, Verlust der Elastizit\u00e4t und Entstehung von Falten. Genistein ist das wichtigste und h\u00e4ufigste Soja-Isoflavon.<\/p>\n<p><em>WIESENSCHAUMKRAUT\u00d6L (Limnanthes alba):<\/em><br \/>\nDas \u00d6l ist ein nat\u00fcrlicher Feuchtigkeitsspender &#8211; die Quelle nat\u00fcrlicher Triglyceride &#8211; und sehr reich an Fetts\u00e4uren. Es ist besonders bei trockener Haut eine ideale Pflege, die der Haut ein seidiges, sanftes Wohlgef\u00fchl verleiht.<\/p>\n<p><em>CERAMIDE:<\/em><br \/>\nSie f\u00f6rdern den umfangreichen nat\u00fcrlichen Prozess der Erneuerung der Hydrolipiden-Barriere in der Hornschicht der Epidermis, bilden einen langanhaltenden Schutz vor dem nat\u00fcrlichen Alterungsprozess, spenden der Haut langanhaltend Feuchtigkeit und sch\u00fctzen sie vor sch\u00e4dlichen Umwelteinfl\u00fcssen.<\/p>\n<p>&nbsp;<\/p>\n<p><strong>Anwendung:<\/strong><\/p>\n<p>Bei normaler Haut die Creme abends auf die gereinigte und tonisierte Haut auftragen, bei trockener und atrophierter Haut die Creme als Tages- und Nachtpflege verwenden.<\/p>\n<p>&nbsp;<\/p>\n<p>&nbsp;<\/p>\n","protected":false},"excerpt":{"rendered":"<p>Intensives Anti-Wrinkle Treatment<br \/>\nParaben, Paraffin &amp; Silicone FREI<\/p>\n","protected":false},"featured_media":987472908,"comment_status":"open","ping_status":"closed","template":"","meta":{"_et_pb_use_builder":"off","_et_pb_old_content":"<strong>Anwendungsgebiete: <\/strong>\r\n\r\nAls Gesichtspackung wird masque verwendet bei allen Hautarten zur Straffung und Versch\u00f6nerung des Hautbildes.\r\nZur kurfristigen Therapie bei d\u00fcnner, empfindlicher Haut mit oberfl\u00e4chlichen Entz\u00fcndungen.\r\n\r\n<strong>Wirkungsweise:<\/strong>\r\n\r\nMasque erh\u00f6ht mit Hilfe der Lipacide RH (Lipoaminos\u00e4uren) die F\u00e4higkeit der Epidermis, den zullul\u00e4ren Wassergehalt stabil zu halten. Die Haut wird sichtbar straffer und elastischer. Lipacide RH wirkt gleichzeitig vorbeugend gegen bakterielle Entz\u00fcndungen.\r\n\r\n<strong>Anwendung<\/strong>:\r\n\r\nQuantit\u00e4t und Art der Anwendung sind nach dem individuellen und aktuellen Zustand der Haut festzulegen.\r\n\r\n<strong>Gegenanzeigen:<\/strong>\r\n\r\nDas Produkt sollte bei bekannter Campher-Unvertr\u00e4glichkeit nicht angewendet werden.\r\n\r\n\u00a0","_et_gb_content_width":""},"product_brand":[475],"product_cat":[178,84,210,113],"product_tag":[190,56,66,185,192],"class_list":{"0":"post-987472911","1":"product","2":"type-product","3":"status-publish","4":"has-post-thumbnail","6":"product_brand-afrodita","7":"product_cat-afrodita","8":"product_cat-gesicht","9":"product_cat-gesichtspflege","10":"product_cat-glow","11":"product_tag-antiaging","12":"product_tag-creme","13":"product_tag-gesichtscreme","14":"product_tag-gold","15":"product_tag-nachtcreme","17":"first","18":"onbackorder","19":"taxable","20":"shipping-taxable","21":"purchasable","22":"product-type-simple"},"booking_location":null,"booking_location_type":null,"booking_duration":null,"booking_duration_unit":null,"booking_buffer":null,"booking_cost":null,"booking_resources":null,"exclude_global_add_ons":[],"addons":[],"_links":{"self":[{"href":"https:\/\/www.claresco-cosmetic.de\/kosmetik-shop\/wp-json\/wp\/v2\/product\/987472911","targetHints":{"allow":["GET"]}}],"collection":[{"href":"https:\/\/www.claresco-cosmetic.de\/kosmetik-shop\/wp-json\/wp\/v2\/product"}],"about":[{"href":"https:\/\/www.claresco-cosmetic.de\/kosmetik-shop\/wp-json\/wp\/v2\/types\/product"}],"replies":[{"embeddable":true,"href":"https:\/\/www.claresco-cosmetic.de\/kosmetik-shop\/wp-json\/wp\/v2\/comments?post=987472911"}],"wp:featuredmedia":[{"embeddable":true,"href":"https:\/\/www.claresco-cosmetic.de\/kosmetik-shop\/wp-json\/wp\/v2\/media\/987472908"}],"wp:attachment":[{"href":"https:\/\/www.claresco-cosmetic.de\/kosmetik-shop\/wp-json\/wp\/v2\/media?parent=987472911"}],"wp:term":[{"taxonomy":"product_brand","embeddable":true,"href":"https:\/\/www.claresco-cosmetic.de\/kosmetik-shop\/wp-json\/wp\/v2\/product_brand?post=987472911"},{"taxonomy":"product_cat","embeddable":true,"href":"https:\/\/www.claresco-cosmetic.de\/kosmetik-shop\/wp-json\/wp\/v2\/product_cat?post=987472911"},{"taxonomy":"product_tag","embeddable":true,"href":"https:\/\/www.claresco-cosmetic.de\/kosmetik-shop\/wp-json\/wp\/v2\/product_tag?post=987472911"}],"curies":[{"name":"wp","href":"https:\/\/api.w.org\/{rel}","templated":true}]}}