{"id":987472912,"date":"2021-06-23T21:16:52","date_gmt":"2021-06-23T19:16:52","guid":{"rendered":"https:\/\/www.claresco-cosmetic.de\/kosmetik-shop\/?post_type=product&#038;p=987472912"},"modified":"2025-07-26T20:45:32","modified_gmt":"2025-07-26T18:45:32","slug":"gold-24ka-luxus-augencreme","status":"publish","type":"product","link":"https:\/\/www.claresco-cosmetic.de\/kosmetik-shop\/produkt\/gold-24ka-luxus-augencreme\/","title":{"rendered":"Gold 24Ka Luxus Augencreme"},"content":{"rendered":"<p>F\u00fcr die Haut um die Augen und f\u00fcr die eigenst\u00e4ndige Pflege von normaler bis fettiger Haut oder als Cremeunterlage bei trockener Haut.<\/p>\n<p>Enth\u00e4lt Teilchen reinen Goldes, welche die Kommunikation zwischen den Zellen f\u00f6rdern. Durch die hohe Konzentration an Isoflavonen in Liposomenform werden die Kollagenproduktion und die Hauterneuerung angeregt. Folglich werden bereits ausgepr\u00e4gte Falten gegl\u00e4ttet, die Haut wird gefestigt und erh\u00e4lt ein j\u00fcngeres Aussehen!<\/p>\n<p>&nbsp;<\/p>\n<p><strong>Wirkung aktiver Inhaltsstoffe:<\/strong><\/p>\n<p><em>GOLDTEILCHEN in ihrer reinsten Form (24 Karat):<br \/>\n<\/em>Wirken nachweislich hautverj\u00fcngend, gl\u00e4tten Linien und Falten und verbessern die Hautspannung. Nach dem Auftragen auf die Haut aktiviert das Gold die Elektronen in den Hautzellen. Sind die Zellen aktiviert, wird in der Haut der Kommunikationsprozess der Zellen aufgebaut (F\u00f6rderung von Regeneration und Wachstum der Zellen).<\/p>\n<p>CERAMIDE:<br \/>\nWirken Stress entgegen und sind effektiv im Kampf gegen Hautalterung und Faltenbildung, da sie einen hydrolipiden Schutzfilm aufbauen, der den Feuchtigkeitsverlust verhindert. Das zus\u00e4tzliche Vitamin A regt die Zellerneuerung an, f\u00f6rdert die Entstehung von Kollagenfasern und strafft die Hautstruktur.<\/p>\n<p>&nbsp;<\/p>\n<p><strong>Anwendung:<\/strong><\/p>\n<p>Creme jeden Morgen und Abend mit sanft kreisenden Bewegungen auf die gereinigte und tonisierte Haut um die Augen auftragen.<\/p>\n<p>&nbsp;<\/p>\n<p>&nbsp;<\/p>\n","protected":false},"excerpt":{"rendered":"<p>Intensives Anti-Wrinkle Treatment<br \/>\nParaben, Paraffin &amp; Silicone FREI<\/p>\n","protected":false},"featured_media":987472906,"comment_status":"open","ping_status":"closed","template":"","meta":{"_et_pb_use_builder":"off","_et_pb_old_content":"<strong>Anwendungsgebiete: <\/strong>\r\n\r\nAls Gesichtspackung wird masque verwendet bei allen Hautarten zur Straffung und Versch\u00f6nerung des Hautbildes.\r\nZur kurfristigen Therapie bei d\u00fcnner, empfindlicher Haut mit oberfl\u00e4chlichen Entz\u00fcndungen.\r\n\r\n<strong>Wirkungsweise:<\/strong>\r\n\r\nMasque erh\u00f6ht mit Hilfe der Lipacide RH (Lipoaminos\u00e4uren) die F\u00e4higkeit der Epidermis, den zullul\u00e4ren Wassergehalt stabil zu halten. Die Haut wird sichtbar straffer und elastischer. Lipacide RH wirkt gleichzeitig vorbeugend gegen bakterielle Entz\u00fcndungen.\r\n\r\n<strong>Anwendung<\/strong>:\r\n\r\nQuantit\u00e4t und Art der Anwendung sind nach dem individuellen und aktuellen Zustand der Haut festzulegen.\r\n\r\n<strong>Gegenanzeigen:<\/strong>\r\n\r\nDas Produkt sollte bei bekannter Campher-Unvertr\u00e4glichkeit nicht angewendet werden.\r\n\r\n\u00a0","_et_gb_content_width":""},"product_brand":[475],"product_cat":[178,211,84,210,113],"product_tag":[190,193,56,66,185],"class_list":{"0":"post-987472912","1":"product","2":"type-product","3":"status-publish","4":"has-post-thumbnail","6":"product_brand-afrodita","7":"product_cat-afrodita","8":"product_cat-augen-und-co","9":"product_cat-gesicht","10":"product_cat-gesichtspflege","11":"product_cat-glow","12":"product_tag-antiaging","13":"product_tag-augencreme","14":"product_tag-creme","15":"product_tag-gesichtscreme","16":"product_tag-gold","18":"first","19":"instock","20":"taxable","21":"shipping-taxable","22":"purchasable","23":"product-type-simple"},"booking_location":null,"booking_location_type":null,"booking_duration":null,"booking_duration_unit":null,"booking_buffer":null,"booking_cost":null,"booking_resources":null,"exclude_global_add_ons":[],"addons":[],"_links":{"self":[{"href":"https:\/\/www.claresco-cosmetic.de\/kosmetik-shop\/wp-json\/wp\/v2\/product\/987472912","targetHints":{"allow":["GET"]}}],"collection":[{"href":"https:\/\/www.claresco-cosmetic.de\/kosmetik-shop\/wp-json\/wp\/v2\/product"}],"about":[{"href":"https:\/\/www.claresco-cosmetic.de\/kosmetik-shop\/wp-json\/wp\/v2\/types\/product"}],"replies":[{"embeddable":true,"href":"https:\/\/www.claresco-cosmetic.de\/kosmetik-shop\/wp-json\/wp\/v2\/comments?post=987472912"}],"wp:featuredmedia":[{"embeddable":true,"href":"https:\/\/www.claresco-cosmetic.de\/kosmetik-shop\/wp-json\/wp\/v2\/media\/987472906"}],"wp:attachment":[{"href":"https:\/\/www.claresco-cosmetic.de\/kosmetik-shop\/wp-json\/wp\/v2\/media?parent=987472912"}],"wp:term":[{"taxonomy":"product_brand","embeddable":true,"href":"https:\/\/www.claresco-cosmetic.de\/kosmetik-shop\/wp-json\/wp\/v2\/product_brand?post=987472912"},{"taxonomy":"product_cat","embeddable":true,"href":"https:\/\/www.claresco-cosmetic.de\/kosmetik-shop\/wp-json\/wp\/v2\/product_cat?post=987472912"},{"taxonomy":"product_tag","embeddable":true,"href":"https:\/\/www.claresco-cosmetic.de\/kosmetik-shop\/wp-json\/wp\/v2\/product_tag?post=987472912"}],"curies":[{"name":"wp","href":"https:\/\/api.w.org\/{rel}","templated":true}]}}