{"id":987472913,"date":"2021-06-23T21:27:52","date_gmt":"2021-06-23T19:27:52","guid":{"rendered":"https:\/\/www.claresco-cosmetic.de\/kosmetik-shop\/?post_type=product&#038;p=987472913"},"modified":"2025-07-26T20:45:32","modified_gmt":"2025-07-26T18:45:32","slug":"gold-24ka-luxus-beauty-oel","status":"publish","type":"product","link":"https:\/\/www.claresco-cosmetic.de\/kosmetik-shop\/produkt\/gold-24ka-luxus-beauty-oel\/","title":{"rendered":"Gold 24Ka Luxus Beauty \u00d6l"},"content":{"rendered":"<p>Mit seinem hohen Anteil an nat\u00fcrlichen Antioxidantien bildet es auf der Haut eine Schutzbarriere und hilft dabei, Feuchtigkeitsverlust zu verhindern.<br \/>\nERGEBNIS: regenerierte, weiche und sichtbar gestraffte Haut sowie ein frischer, leuchtender Teint.<\/p>\n<p>&nbsp;<\/p>\n<p><strong>Wirkung aktiver Inhaltsstoffe:<br \/>\n<\/strong><\/p>\n<p><em>GOLD<\/em><br \/>\nwirkt in seiner reinsten Form (24 Karat) nachweislich im Sinne der Hautverj\u00fcngung, Faltengl\u00e4ttung und Verbesserung der Spannkraft. Gold aktiviert die Elektronen in den Hautzellen, womit der Zellkommunikationsprozess stimuliert und somit ihre Erneuerung und ihr Wachstum angeregt werden.<\/p>\n<p><em>M\u00c4DES\u00dcSS\u00d6L<\/em><br \/>\ngilt als eines der besten Emollienten, denn es ist eine nat\u00fcrliche Quelle f\u00fcr Triglyceride und Carotinoide. Mit Vitaminen und einem mehr als 90-prozentigen Gehalt an langen Fetts\u00e4ureketten sorgt es f\u00fcr eine intensive Regeneration und antioxidative Wirkung<\/p>\n<p>&nbsp;<\/p>\n<p><strong>Anwendung:<\/strong><\/p>\n<p>Auf die gereinigte und mehrfach tonisierte Haut im Gesicht sowie an Hals und Dekollet\u00e9 auftragen. Danach je nach Bedarf noch ein ausgew\u00e4hltes Pflegeprodukt auftragen. F\u00fcr ein zus\u00e4tzliches Wohlgef\u00fchl auf der Haut empfehlen wir, in der Handfl\u00e4che 3 bis 5 Tropfen\u00a0 Beauty-\u00d6l mit dem Lifting-Serum zu vermischen.<\/p>\n<p>&nbsp;<\/p>\n<p>&nbsp;<\/p>\n","protected":false},"excerpt":{"rendered":"<p>LUXURI\u00d6SES SCH\u00d6NHEITS\u00d6L f\u00fcr trockene Haut<\/p>\n<ul>\n<li>reine Goldpartikel<\/li>\n<li>100 % reines, kaltgepresstes M\u00e4des\u00fc\u00df\u00f6l<\/li>\n<\/ul>\n","protected":false},"featured_media":987472907,"comment_status":"open","ping_status":"closed","template":"","meta":{"_et_pb_use_builder":"off","_et_pb_old_content":"<strong>Anwendungsgebiete: <\/strong>\r\n\r\nAls Gesichtspackung wird masque verwendet bei allen Hautarten zur Straffung und Versch\u00f6nerung des Hautbildes.\r\nZur kurfristigen Therapie bei d\u00fcnner, empfindlicher Haut mit oberfl\u00e4chlichen Entz\u00fcndungen.\r\n\r\n<strong>Wirkungsweise:<\/strong>\r\n\r\nMasque erh\u00f6ht mit Hilfe der Lipacide RH (Lipoaminos\u00e4uren) die F\u00e4higkeit der Epidermis, den zullul\u00e4ren Wassergehalt stabil zu halten. Die Haut wird sichtbar straffer und elastischer. Lipacide RH wirkt gleichzeitig vorbeugend gegen bakterielle Entz\u00fcndungen.\r\n\r\n<strong>Anwendung<\/strong>:\r\n\r\nQuantit\u00e4t und Art der Anwendung sind nach dem individuellen und aktuellen Zustand der Haut festzulegen.\r\n\r\n<strong>Gegenanzeigen:<\/strong>\r\n\r\nDas Produkt sollte bei bekannter Campher-Unvertr\u00e4glichkeit nicht angewendet werden.\r\n\r\n\u00a0","_et_gb_content_width":""},"product_brand":[475],"product_cat":[178,84,210],"product_tag":[190,194,185,60,120,65],"class_list":{"0":"post-987472913","1":"product","2":"type-product","3":"status-publish","4":"has-post-thumbnail","6":"product_brand-afrodita","7":"product_cat-afrodita","8":"product_cat-gesicht","9":"product_cat-gesichtspflege","10":"product_tag-antiaging","11":"product_tag-gesichtsoel","12":"product_tag-gold","13":"product_tag-koerperoel","14":"product_tag-serum","15":"product_tag-wirkstoffe","17":"first","18":"instock","19":"taxable","20":"shipping-taxable","21":"purchasable","22":"product-type-simple"},"booking_location":null,"booking_location_type":null,"booking_duration":null,"booking_duration_unit":null,"booking_buffer":null,"booking_cost":null,"booking_resources":null,"exclude_global_add_ons":[],"addons":[],"_links":{"self":[{"href":"https:\/\/www.claresco-cosmetic.de\/kosmetik-shop\/wp-json\/wp\/v2\/product\/987472913","targetHints":{"allow":["GET"]}}],"collection":[{"href":"https:\/\/www.claresco-cosmetic.de\/kosmetik-shop\/wp-json\/wp\/v2\/product"}],"about":[{"href":"https:\/\/www.claresco-cosmetic.de\/kosmetik-shop\/wp-json\/wp\/v2\/types\/product"}],"replies":[{"embeddable":true,"href":"https:\/\/www.claresco-cosmetic.de\/kosmetik-shop\/wp-json\/wp\/v2\/comments?post=987472913"}],"wp:featuredmedia":[{"embeddable":true,"href":"https:\/\/www.claresco-cosmetic.de\/kosmetik-shop\/wp-json\/wp\/v2\/media\/987472907"}],"wp:attachment":[{"href":"https:\/\/www.claresco-cosmetic.de\/kosmetik-shop\/wp-json\/wp\/v2\/media?parent=987472913"}],"wp:term":[{"taxonomy":"product_brand","embeddable":true,"href":"https:\/\/www.claresco-cosmetic.de\/kosmetik-shop\/wp-json\/wp\/v2\/product_brand?post=987472913"},{"taxonomy":"product_cat","embeddable":true,"href":"https:\/\/www.claresco-cosmetic.de\/kosmetik-shop\/wp-json\/wp\/v2\/product_cat?post=987472913"},{"taxonomy":"product_tag","embeddable":true,"href":"https:\/\/www.claresco-cosmetic.de\/kosmetik-shop\/wp-json\/wp\/v2\/product_tag?post=987472913"}],"curies":[{"name":"wp","href":"https:\/\/api.w.org\/{rel}","templated":true}]}}