{"id":987472915,"date":"2021-06-23T22:28:35","date_gmt":"2021-06-23T20:28:35","guid":{"rendered":"https:\/\/www.claresco-cosmetic.de\/kosmetik-shop\/?post_type=product&#038;p=987472915"},"modified":"2025-07-26T20:45:32","modified_gmt":"2025-07-26T18:45:32","slug":"gold-24ka-luxus-koerperlotion","status":"publish","type":"product","link":"https:\/\/www.claresco-cosmetic.de\/kosmetik-shop\/produkt\/gold-24ka-luxus-koerperlotion\/","title":{"rendered":"Gold 24Ka Luxus K\u00f6rperlotion"},"content":{"rendered":"<p>Intensive, feuchtigkeitsspendende Bodylotion mit so genanntem &#8220;fl\u00fcssigem Gold &#8211; dem Jojoba\u00f6l&#8221;. Es sch\u00fctzt Ihre Haut vor dem Austrocknen und verleiht Ihrer Haut Weichheit und Geschmeidigkeit. Mit einem eleganten Duft entf\u00fchrt es Sie in eine sinnliche Welt, die ein unvergessliches Erlebnis in der Pflege Ihrer Haut schafft. FANTASIE von purer Luxus und privilegierte Hautpflege f\u00fcr anspruchsvolle Hautbed\u00fcrfnisse!<\/p>\n<p>&nbsp;<\/p>\n<p><strong>Wirkung aktiver Inhaltsstoffe:<\/strong><\/p>\n<p><em>GOLDTEILCHEN in ihrer reinsten Form (24 Karat):<br \/>\n<\/em>wirken nachweislich hautverj\u00fcngend, gl\u00e4tten Linien und Falten und verbessern die Hautspannung. Nach dem Auftragen auf die Haut aktiviert das Gold die Elektronen in den Hautzellen. Sind die Zellen aktiviert, wird in der Haut der Kommunikationsprozess der Zellen aufgebaut (F\u00f6rderung von Regeneration und Wachstum der Zellen).<\/p>\n<p><em>SOJA-ISOFLAVONE in Kapselform<\/em><br \/>\nstimulieren die Synthese von Kollagen- und Elastin und verringern ihre Degradation. Die Haut wird folglich straffer, besser mit Feuchtigkeit versorgt, glatter und dicker.<\/p>\n<p><em>JOJOBA\u00d6L<\/em><br \/>\ngoldfarbenes fl\u00fcssiges Wachs, das seiner Zusammensetzung nach dem nat\u00fcrlichen Hauttalg sehr \u00e4hnlich ist. Es ist zudem eine wahre Schatzkammer an Vitamin A und E und besitzt eine intensive antioxidantische Wirkung. Es dringt in die tieferen Hautschichten ein und wirkt ausgesprochen pflegend. Es hilft den transepidermalen Feuchtigkeitsverlust zu verhindern, macht die Haut weich und verbessert ihre Spannkraft. Mit seiner einzigartigen Zusammensetzung und seinen nicht komedogenen Eigenschaften ist es f\u00fcr die Pflege aller Hauttypen, selbst Mischhaut und fettiger Haut, geeignet. Kein Wunder also, dass es auch \u201efl\u00fcssiges Gold\u201c genannt wird!<\/p>\n<p><em>KARIT\u00c9BUTTER<br \/>\n<\/em>weist einen extrem hohen Gehalt an Antioxidantien, Fetts\u00e4uren und Vitaminen auf. Karit\u00e9butter f\u00f6rdert die Zellerneuerung, erneuert den Hydrolipidmantel der Haut und hilft dabei, vor Umwelteinfl\u00fcssen zu sch\u00fctzen. Sie wirkt extrem feuchtigkeits- und n\u00e4hrstoffspendend.<\/p>\n<p>&nbsp;<\/p>\n<p><strong>Anwendung:<\/strong><br \/>\nBodylotion auf die Handfl\u00e4che geben und auf die Haut auftragen.<\/p>\n","protected":false},"excerpt":{"rendered":"<ul>\n<li>f\u00fcr alle Hauttypen geeignet<\/li>\n<li>luxuri\u00f6se Pflegeformel<\/li>\n<li>mit reinen 24-Karat-Goldteilchen, Soja-Isoflavonen und goldenem Jojoba\u00f6l<\/li>\n<li>schnell einziehende Textur<\/li>\n<li>frei von Parabenen und Paraffin<\/li>\n<li>hypoallergener Duftstoff<\/li>\n<li>veganes Produkt<\/li>\n<\/ul>\n","protected":false},"featured_media":987472916,"comment_status":"open","ping_status":"closed","template":"","meta":{"_et_pb_use_builder":"off","_et_pb_old_content":"<strong>Anwendungsgebiete: <\/strong>\r\n\r\nAls Gesichtspackung wird masque verwendet bei allen Hautarten zur Straffung und Versch\u00f6nerung des Hautbildes.\r\nZur kurfristigen Therapie bei d\u00fcnner, empfindlicher Haut mit oberfl\u00e4chlichen Entz\u00fcndungen.\r\n\r\n<strong>Wirkungsweise:<\/strong>\r\n\r\nMasque erh\u00f6ht mit Hilfe der Lipacide RH (Lipoaminos\u00e4uren) die F\u00e4higkeit der Epidermis, den zullul\u00e4ren Wassergehalt stabil zu halten. Die Haut wird sichtbar straffer und elastischer. Lipacide RH wirkt gleichzeitig vorbeugend gegen bakterielle Entz\u00fcndungen.\r\n\r\n<strong>Anwendung<\/strong>:\r\n\r\nQuantit\u00e4t und Art der Anwendung sind nach dem individuellen und aktuellen Zustand der Haut festzulegen.\r\n\r\n<strong>Gegenanzeigen:<\/strong>\r\n\r\nDas Produkt sollte bei bekannter Campher-Unvertr\u00e4glichkeit nicht angewendet werden.\r\n\r\n\u00a0","_et_gb_content_width":""},"product_brand":[475],"product_cat":[178,85,213],"product_tag":[185,118,191],"class_list":{"0":"post-987472915","1":"product","2":"type-product","3":"status-publish","4":"has-post-thumbnail","6":"product_brand-afrodita","7":"product_cat-afrodita","8":"product_cat-koerper","9":"product_cat-koerperpflege","10":"product_tag-gold","11":"product_tag-lotion","12":"product_tag-luxus","14":"first","15":"onbackorder","16":"taxable","17":"shipping-taxable","18":"purchasable","19":"product-type-simple"},"booking_location":null,"booking_location_type":null,"booking_duration":null,"booking_duration_unit":null,"booking_buffer":null,"booking_cost":null,"booking_resources":null,"exclude_global_add_ons":[],"addons":[],"_links":{"self":[{"href":"https:\/\/www.claresco-cosmetic.de\/kosmetik-shop\/wp-json\/wp\/v2\/product\/987472915","targetHints":{"allow":["GET"]}}],"collection":[{"href":"https:\/\/www.claresco-cosmetic.de\/kosmetik-shop\/wp-json\/wp\/v2\/product"}],"about":[{"href":"https:\/\/www.claresco-cosmetic.de\/kosmetik-shop\/wp-json\/wp\/v2\/types\/product"}],"replies":[{"embeddable":true,"href":"https:\/\/www.claresco-cosmetic.de\/kosmetik-shop\/wp-json\/wp\/v2\/comments?post=987472915"}],"wp:featuredmedia":[{"embeddable":true,"href":"https:\/\/www.claresco-cosmetic.de\/kosmetik-shop\/wp-json\/wp\/v2\/media\/987472916"}],"wp:attachment":[{"href":"https:\/\/www.claresco-cosmetic.de\/kosmetik-shop\/wp-json\/wp\/v2\/media?parent=987472915"}],"wp:term":[{"taxonomy":"product_brand","embeddable":true,"href":"https:\/\/www.claresco-cosmetic.de\/kosmetik-shop\/wp-json\/wp\/v2\/product_brand?post=987472915"},{"taxonomy":"product_cat","embeddable":true,"href":"https:\/\/www.claresco-cosmetic.de\/kosmetik-shop\/wp-json\/wp\/v2\/product_cat?post=987472915"},{"taxonomy":"product_tag","embeddable":true,"href":"https:\/\/www.claresco-cosmetic.de\/kosmetik-shop\/wp-json\/wp\/v2\/product_tag?post=987472915"}],"curies":[{"name":"wp","href":"https:\/\/api.w.org\/{rel}","templated":true}]}}