{"id":987473014,"date":"2021-07-13T12:55:03","date_gmt":"2021-07-13T10:55:03","guid":{"rendered":"https:\/\/www.claresco-cosmetic.de\/kosmetik-shop\/?post_type=product&#038;p=987473014"},"modified":"2026-04-24T15:05:34","modified_gmt":"2026-04-24T13:05:34","slug":"geschenkgutschein-postversand","status":"publish","type":"product","link":"https:\/\/www.claresco-cosmetic.de\/kosmetik-shop\/produkt\/geschenkgutschein-postversand\/","title":{"rendered":"Geschenk Gutschein &#8211; einl\u00f6sbar vor Ort"},"content":{"rendered":"<div>\n<p>Wenn Sie beim Schenken gro\u00dfen Wert darauf legen, Lebensfreude und Wohlbefinden zu verbreiten und wenn Sie sicher gehen wollen, mit Ihrer Geschenkidee immer den richtigen Geschmack zu treffen, dann liegen Sie mit einem Gutschein genau richtig.<\/p>\n<p>&nbsp;<\/p>\n<h5>Einl\u00f6sbar<\/h5>\n<p>Dieser Gutschein kann f\u00fcr Behandlungen oder einen Einkauf direkt im Salon, in 73262 Reichenbach, eingel\u00f6st werden.<\/p>\n<p>&nbsp;<\/p>\n<h5>Versand<\/h5>\n<\/div>\n<div>\n<p>Wir versenden den Gutschein h\u00fcbsch verpackt werkt\u00e4glich per Post.<br \/>\nSagen Sie uns Bescheid, wenn Sie eine Abholung vor Ort w\u00e4hlen m\u00f6chten.<\/p>\n<p>&nbsp;<\/p>\n<\/div>\n<div>\n<h5>Ausdrucken<\/h5>\n<p>Wenn Sie &#8220;selber ausdrucken&#8221; gew\u00e4hlt haben, erhalten Sie eine Email mit einem PDF-Dokument, das zum Ausdruck geeignet ist.<\/p>\n<\/div>\n<p>&nbsp;<\/p>\n<h5>Hinweise<\/h5>\n<div>\n<ul>\n<li>Erwerben Sie einen Geschenkgutschein f\u00fcr den Einkauf oder eine Behandlung direkt im Studio, ist dieser auch ausschlie\u00dflich im Studio in Reichenbach einl\u00f6sbar.<\/li>\n<li>Bitte beachten Sie, bei reinem Waren-Einkauf kann der Gutschein nur als ganzen Wert eingel\u00f6st werden.<\/li>\n<li>F\u00fcr Behandlungen ist eine teilweise Einl\u00f6sung je nach Bedarf m\u00f6glich, der Restbetrag wird dann entsprechend gutgeschrieben.<\/li>\n<li>Gutscheine sind nicht in bar auszahlbar<\/li>\n<li>Es gelten unsere AGB<\/li>\n<\/ul>\n<\/div>\n","protected":false},"excerpt":{"rendered":"<p>Ein individuelles und besonderes Geschenk, das immer gut ankommt!<\/p>\n","protected":false},"featured_media":987483686,"comment_status":"open","ping_status":"closed","template":"","meta":{"_et_pb_use_builder":"","_et_pb_old_content":"","_et_gb_content_width":""},"product_brand":[],"product_cat":[455,103],"product_tag":[325,340,324],"class_list":{"0":"post-987473014","1":"product","2":"type-product","3":"status-publish","4":"has-post-thumbnail","6":"product_cat-geschenkideen","7":"product_cat-gutscheine","8":"product_tag-geschenke","9":"product_tag-gutschein","10":"product_tag-weihnachten","11":"product_shipping_class-gutschein-per-post","13":"first","14":"instock","15":"sold-individually","16":"taxable","17":"shipping-taxable","18":"purchasable","19":"product-type-variable"},"booking_location":null,"booking_location_type":null,"booking_duration":null,"booking_duration_unit":null,"booking_buffer":null,"booking_cost":null,"booking_resources":null,"exclude_global_add_ons":[],"addons":[],"_links":{"self":[{"href":"https:\/\/www.claresco-cosmetic.de\/kosmetik-shop\/wp-json\/wp\/v2\/product\/987473014","targetHints":{"allow":["GET"]}}],"collection":[{"href":"https:\/\/www.claresco-cosmetic.de\/kosmetik-shop\/wp-json\/wp\/v2\/product"}],"about":[{"href":"https:\/\/www.claresco-cosmetic.de\/kosmetik-shop\/wp-json\/wp\/v2\/types\/product"}],"replies":[{"embeddable":true,"href":"https:\/\/www.claresco-cosmetic.de\/kosmetik-shop\/wp-json\/wp\/v2\/comments?post=987473014"}],"wp:featuredmedia":[{"embeddable":true,"href":"https:\/\/www.claresco-cosmetic.de\/kosmetik-shop\/wp-json\/wp\/v2\/media\/987483686"}],"wp:attachment":[{"href":"https:\/\/www.claresco-cosmetic.de\/kosmetik-shop\/wp-json\/wp\/v2\/media?parent=987473014"}],"wp:term":[{"taxonomy":"product_brand","embeddable":true,"href":"https:\/\/www.claresco-cosmetic.de\/kosmetik-shop\/wp-json\/wp\/v2\/product_brand?post=987473014"},{"taxonomy":"product_cat","embeddable":true,"href":"https:\/\/www.claresco-cosmetic.de\/kosmetik-shop\/wp-json\/wp\/v2\/product_cat?post=987473014"},{"taxonomy":"product_tag","embeddable":true,"href":"https:\/\/www.claresco-cosmetic.de\/kosmetik-shop\/wp-json\/wp\/v2\/product_tag?post=987473014"}],"curies":[{"name":"wp","href":"https:\/\/api.w.org\/{rel}","templated":true}]}}