{"id":987473081,"date":"2021-07-28T13:19:36","date_gmt":"2021-07-28T11:19:36","guid":{"rendered":"https:\/\/www.claresco-cosmetic.de\/kosmetik-shop\/?post_type=product&#038;p=987473081"},"modified":"2025-07-26T20:52:12","modified_gmt":"2025-07-26T18:52:12","slug":"balance-hydration-spray-refill","status":"publish","type":"product","link":"https:\/\/www.claresco-cosmetic.de\/kosmetik-shop\/produkt\/balance-hydration-spray-refill\/","title":{"rendered":"Balance Hydration Spray Refill"},"content":{"rendered":"<p>Das Balance Hydration Spray tr\u00e4gt jetzt das EcoCert Siegel und wurde entsprechend zertifiziert!<\/p>\n<p>Der Refill ist die Nachf\u00fcllflasche f\u00fcr bereits vorhandene Sprayflaschen mit Zerst\u00e4uber.<\/p>\n<p>&nbsp;<\/p>\n<h5>Merkmale und Vorteile:<\/h5>\n<ul>\n<li>Ein Feuchtigkeitsspray, dessen spezielle Formel die Fettproduktion und den pH-Wert der Haut reguliert.<\/li>\n<\/ul>\n<ul>\n<li>Mandarinenbl\u00fctenwasser und Grapefruitextrakte, Kamille, Myrrhe und Algenextrakte beruhigen und pflegen die Haut.<\/li>\n<\/ul>\n<ul>\n<li>Myrre hemmt Entz\u00fcndungen, bek\u00e4mpft Infektionen durch Bakterien und Pilze und verbessert die Hautzirkulation.<\/li>\n<\/ul>\n<ul>\n<li>Algenextrakte regulieren eine \u00fcberm\u00e4\u00dfige Talgproduktion und den pH-Wert der Haut.<\/li>\n<\/ul>\n<ul>\n<li>Extrakte aus gr\u00fcnem Tee bieten einen zus\u00e4tzlichen Vorteil von Balance. Studien haben bewiesen, dass bereits 3 % Extrakte aus gr\u00fcnem Tee ausreichen, um akneanf\u00e4llige Haut nachweislich zu unterst\u00fctzen, und wir setzen genau diesen Prozentsatz in unserem Produkt ein.<\/li>\n<\/ul>\n<p>&nbsp;<\/p>\n<h5>Beschreibung:<\/h5>\n<p>Entionisiertes Bl\u00fctenwasser mit Pflanzenextrakten<\/p>\n<p>&nbsp;<\/p>\n<h5>Wirkung:<\/h5>\n<ul>\n<li>Fixiert Mineralien f\u00fcr ein lang anhaltendes und glattes Finish<\/li>\n<li>Versorgt die Haut mit Feuchtigkeit und sch\u00fctzt vor Bakterien<\/li>\n<\/ul>\n<p>&nbsp;<\/p>\n<h5>Inhalt:<\/h5>\n<p>281ml<\/p>\n<p>&nbsp;<\/p>\n<h5>Inhaltsstoffe:<\/h5>\n<p>Aqua\/Water\/Eau, Aloe Barbadensis Leaf Juice Powder*, Citrus Grandis (Grapefruit) Peel Extract*, Citrus Aurantium Dulcis (Orange) Peel Extract*, Rosmarinus Officinalis (Rosemary) Leaf Extract*, Chamomilla Recutita (Matricaria) Flower Extract*, Olea Europaea (Olive) Leaf Extract*, Laminaria Digitata (Algae) Extract*, Camellia Sinensis (Green Tea) Leaf Extract*, Raphanus Sativus (Radish) Root Extract, Citrus Aurantium Dulcis (Orange) Oil Alcohol**.<\/p>\n<p>* Inhaltsstoff aus \u00f6kologischem Anbau.<br \/>\n** Hergestellt unter Verwendung organischer, \u00f6kologischer Inhaltsstoffe.<\/p>\n<p>100% der Inhaltsstoffe sind nat\u00fcrlichen Ursprungs.<br \/>\n30.01% aller Inhaltsstoffe sind aus \u00f6kologischem Anbau.<\/p>\n","protected":false},"excerpt":{"rendered":"<p>Ein Feuchtigkeitsspray, dessen spezielle Formel die Fettproduktion und den pH-Wert der Haut reguliert<\/p>\n<p>&nbsp;<\/p>\n","protected":false},"featured_media":987485480,"comment_status":"open","ping_status":"closed","template":"","meta":{"_et_pb_use_builder":"off","_et_pb_old_content":"<strong>Anwendungsgebiete: <\/strong>\r\n\r\nAls Gesichtspackung wird masque verwendet bei allen Hautarten zur Straffung und Versch\u00f6nerung des Hautbildes.\r\nZur kurfristigen Therapie bei d\u00fcnner, empfindlicher Haut mit oberfl\u00e4chlichen Entz\u00fcndungen.\r\n\r\n<strong>Wirkungsweise:<\/strong>\r\n\r\nMasque erh\u00f6ht mit Hilfe der Lipacide RH (Lipoaminos\u00e4uren) die F\u00e4higkeit der Epidermis, den zullul\u00e4ren Wassergehalt stabil zu halten. Die Haut wird sichtbar straffer und elastischer. Lipacide RH wirkt gleichzeitig vorbeugend gegen bakterielle Entz\u00fcndungen.\r\n\r\n<strong>Anwendung<\/strong>:\r\n\r\nQuantit\u00e4t und Art der Anwendung sind nach dem individuellen und aktuellen Zustand der Haut festzulegen.\r\n\r\n<strong>Gegenanzeigen:<\/strong>\r\n\r\nDas Produkt sollte bei bekannter Campher-Unvertr\u00e4glichkeit nicht angewendet werden.\r\n\r\n\u00a0","_et_gb_content_width":""},"product_brand":[474],"product_cat":[368,129,84,220,83,86],"product_tag":[197,199,442,173,443,445],"class_list":{"0":"post-987473081","1":"product","2":"type-product","3":"status-publish","4":"has-post-thumbnail","6":"product_brand-jane-iredale","7":"product_cat-feuchtigkeitsspray","8":"product_cat-mineralmakeup-gesicht","9":"product_cat-gesicht","10":"product_cat-mu-gesicht","11":"product_cat-jane-iredale","12":"product_cat-make-up","13":"product_tag-feuchtigkeit","14":"product_tag-feuchtigkeitsspray","15":"product_tag-fixierung","16":"product_tag-make-up","17":"product_tag-make-up-fixieren","18":"product_tag-refill","20":"first","21":"onbackorder","22":"taxable","23":"shipping-taxable","24":"purchasable","25":"product-type-simple"},"booking_location":null,"booking_location_type":null,"booking_duration":null,"booking_duration_unit":null,"booking_buffer":null,"booking_cost":null,"booking_resources":null,"exclude_global_add_ons":[],"addons":[],"_links":{"self":[{"href":"https:\/\/www.claresco-cosmetic.de\/kosmetik-shop\/wp-json\/wp\/v2\/product\/987473081","targetHints":{"allow":["GET"]}}],"collection":[{"href":"https:\/\/www.claresco-cosmetic.de\/kosmetik-shop\/wp-json\/wp\/v2\/product"}],"about":[{"href":"https:\/\/www.claresco-cosmetic.de\/kosmetik-shop\/wp-json\/wp\/v2\/types\/product"}],"replies":[{"embeddable":true,"href":"https:\/\/www.claresco-cosmetic.de\/kosmetik-shop\/wp-json\/wp\/v2\/comments?post=987473081"}],"wp:featuredmedia":[{"embeddable":true,"href":"https:\/\/www.claresco-cosmetic.de\/kosmetik-shop\/wp-json\/wp\/v2\/media\/987485480"}],"wp:attachment":[{"href":"https:\/\/www.claresco-cosmetic.de\/kosmetik-shop\/wp-json\/wp\/v2\/media?parent=987473081"}],"wp:term":[{"taxonomy":"product_brand","embeddable":true,"href":"https:\/\/www.claresco-cosmetic.de\/kosmetik-shop\/wp-json\/wp\/v2\/product_brand?post=987473081"},{"taxonomy":"product_cat","embeddable":true,"href":"https:\/\/www.claresco-cosmetic.de\/kosmetik-shop\/wp-json\/wp\/v2\/product_cat?post=987473081"},{"taxonomy":"product_tag","embeddable":true,"href":"https:\/\/www.claresco-cosmetic.de\/kosmetik-shop\/wp-json\/wp\/v2\/product_tag?post=987473081"}],"curies":[{"name":"wp","href":"https:\/\/api.w.org\/{rel}","templated":true}]}}