{"id":987473094,"date":"2021-07-28T15:11:04","date_gmt":"2021-07-28T13:11:04","guid":{"rendered":"https:\/\/www.claresco-cosmetic.de\/kosmetik-shop\/?post_type=product&#038;p=987473094"},"modified":"2025-07-26T20:52:12","modified_gmt":"2025-07-26T18:52:12","slug":"pommisst-hydration-spray-refill","status":"publish","type":"product","link":"https:\/\/www.claresco-cosmetic.de\/kosmetik-shop\/produkt\/pommisst-hydration-spray-refill\/","title":{"rendered":"Pommisst Hydration Spray Refill"},"content":{"rendered":"<p>Das POMMISST\u00a0 Hydration Spray tr\u00e4gt jetzt das EcoCert Siegel und wurde entsprechend zertifiziert!<\/p>\n<p>Der Refill ist die Nachf\u00fcllflasche f\u00fcr bereits vorhandene Sprayflaschen mit Zerst\u00e4uber.<\/p>\n<p>&nbsp;<\/p>\n<h5>Merkmale und Vorteile:<\/h5>\n<ul>\n<li>Ein Gesichtsspray mit den zus\u00e4tzlichen Vorteilen des Granatapfelextrakts. Dieses wirksame Antioxidationsmittel dient als UV-Schutz, der vor Hautkrebs sch\u00fctzt.<\/li>\n<\/ul>\n<ul>\n<li>Pflegt und sch\u00fctzt alle Hauttypen und versorgt sie mit Feuchtigkeit.<\/li>\n<\/ul>\n<ul>\n<li>Verwenden Sie es, um Grundierungen zu fixieren und um Poren und feine F\u00e4ltchen zu verdecken.<\/li>\n<\/ul>\n<ul>\n<li>Der erfrischende, saubere Duft beruhigt und baut auf.<\/li>\n<\/ul>\n<p>&nbsp;<\/p>\n<h5>Beschreibung:<\/h5>\n<ul>\n<li>Entionisiertes Bl\u00fctenwasser mit Pflanzenextrakten<\/li>\n<li>Fixiert Mineralien f\u00fcr ein lang anhaltendes und glattes Finish<\/li>\n<li>Versorgt die Haut mit Feuchtigkeit<\/li>\n<li>Enth\u00e4lt wirkungsvolle Antioxidationsmittel<\/li>\n<li>Verbessert die Leistung des LSF<\/li>\n<\/ul>\n<p>&nbsp;<\/p>\n<h5>Inhalt:<\/h5>\n<p>0,281 Liter<\/p>\n<p>&nbsp;<\/p>\n<h5>Inhaltsstoffe:<\/h5>\n<p>Hydration Spray Aqua\/Water\/Eau, Aloe Barbadensis Leaf Juice Powder*, Punica Granatum (Pomegranate) Extract*, Camellia Sinensis (White Tea) Leaf Extract*, Laminaria Digitata (Algae) Extract*, Rosmarinus Officinalis (Rosemary) Leaf Extract*, Olea Europaea (Olive) Leaf Extract*, Raphanus Sativus (Radish) Root Extract, Punica Granatum (Pomegranate) Seed Oil*, Alcohol**.<\/p>\n<p>* Inhaltsstoff aus \u00f6kologischem Anbau.<br \/>\n** Hergestellt unter Verwendung organischer, \u00f6kologischer Inhaltsstoffe.<\/p>\n<p>100% der Inhaltsstoffe sind nat\u00fcrlichen Ursprungs.<br \/>\n31.83% aller Inhaltsstoffe sind aus \u00f6kologischem Anbau.<\/p>\n<p>&nbsp;<\/p>\n<h5>Was ist EcoCert?<\/h5>\n<p>EcoCert ist eine anerkannte und weltweit in h\u00f6chstem Ma\u00dfe respektierte, \u00f6kologische Zertifizierungsstelle. Es war das erste Zertifizierungsunternehmen, das einen Standard f\u00fcr &#8220;nat\u00fcrliche und \u00f6kologische Kosmetik&#8221; entwickelt hat. Die Mission dieses EcoCert Standards ist es sicherzustellen, dass ein Produkt mit diesem Siegel nat\u00fcrlich und \u00f6kologisch einwandfrei hergestellt wurde und diese Kriterien w\u00e4hrend des gesamten Produktlebenszyklus erf\u00fcllt.<\/p>\n","protected":false},"excerpt":{"rendered":"<p>Pommisst Hydrations Spray. Ein Gesichtsspray mit den zus\u00e4tzlichen Vorteilen des Granatapfelextrakts. Der Refill ist die Nachf\u00fcllflasche.<\/p>\n","protected":false},"featured_media":987485490,"comment_status":"open","ping_status":"closed","template":"","meta":{"_et_pb_use_builder":"","_et_pb_old_content":"","_et_gb_content_width":""},"product_brand":[474],"product_cat":[368,129,220,83,86],"product_tag":[197,199,442,64,173,443,445],"class_list":{"0":"post-987473094","1":"product","2":"type-product","3":"status-publish","4":"has-post-thumbnail","6":"product_brand-jane-iredale","7":"product_cat-feuchtigkeitsspray","8":"product_cat-mineralmakeup-gesicht","9":"product_cat-mu-gesicht","10":"product_cat-jane-iredale","11":"product_cat-make-up","12":"product_tag-feuchtigkeit","13":"product_tag-feuchtigkeitsspray","14":"product_tag-fixierung","15":"product_tag-hautschutz","16":"product_tag-make-up","17":"product_tag-make-up-fixieren","18":"product_tag-refill","20":"first","21":"onbackorder","22":"taxable","23":"shipping-taxable","24":"purchasable","25":"product-type-simple"},"booking_location":null,"booking_location_type":null,"booking_duration":null,"booking_duration_unit":null,"booking_buffer":null,"booking_cost":null,"booking_resources":null,"exclude_global_add_ons":[],"addons":[],"_links":{"self":[{"href":"https:\/\/www.claresco-cosmetic.de\/kosmetik-shop\/wp-json\/wp\/v2\/product\/987473094","targetHints":{"allow":["GET"]}}],"collection":[{"href":"https:\/\/www.claresco-cosmetic.de\/kosmetik-shop\/wp-json\/wp\/v2\/product"}],"about":[{"href":"https:\/\/www.claresco-cosmetic.de\/kosmetik-shop\/wp-json\/wp\/v2\/types\/product"}],"replies":[{"embeddable":true,"href":"https:\/\/www.claresco-cosmetic.de\/kosmetik-shop\/wp-json\/wp\/v2\/comments?post=987473094"}],"wp:featuredmedia":[{"embeddable":true,"href":"https:\/\/www.claresco-cosmetic.de\/kosmetik-shop\/wp-json\/wp\/v2\/media\/987485490"}],"wp:attachment":[{"href":"https:\/\/www.claresco-cosmetic.de\/kosmetik-shop\/wp-json\/wp\/v2\/media?parent=987473094"}],"wp:term":[{"taxonomy":"product_brand","embeddable":true,"href":"https:\/\/www.claresco-cosmetic.de\/kosmetik-shop\/wp-json\/wp\/v2\/product_brand?post=987473094"},{"taxonomy":"product_cat","embeddable":true,"href":"https:\/\/www.claresco-cosmetic.de\/kosmetik-shop\/wp-json\/wp\/v2\/product_cat?post=987473094"},{"taxonomy":"product_tag","embeddable":true,"href":"https:\/\/www.claresco-cosmetic.de\/kosmetik-shop\/wp-json\/wp\/v2\/product_tag?post=987473094"}],"curies":[{"name":"wp","href":"https:\/\/api.w.org\/{rel}","templated":true}]}}