{"id":987474369,"date":"2022-03-27T15:28:06","date_gmt":"2022-03-27T13:28:06","guid":{"rendered":"https:\/\/www.claresco-cosmetic.de\/kosmetik-shop\/?post_type=product&#038;p=987474369"},"modified":"2025-07-26T20:52:11","modified_gmt":"2025-07-26T18:52:11","slug":"hydropure-hyaluronic-acid-lip-treatment","status":"publish","type":"product","link":"https:\/\/www.claresco-cosmetic.de\/kosmetik-shop\/produkt\/hydropure-hyaluronic-acid-lip-treatment\/","title":{"rendered":"HydroPure Hyaluronic Acid Lip Treatment"},"content":{"rendered":"<p>Repair, Restore, Revive &#8211; Das HydroPure Hyaluronic Acid Lip Treatment ist eine reparative Lippenpflege, die intensiv Feuchtigkeit spendet und gleichzeitig trockene, gereizte Lippen sch\u00fctzt, beruhigt und gl\u00e4ttet.<\/p>\n<p>Eine d\u00fcnne, gleichm\u00e4\u00dfige Schicht auf den Lippen reicht, damit Inhaltsstoffe wie Padina-Algenextrakt, Shea Butter und Hyalurons\u00e4ure rissige Lippen im Handumdrehen wieder glatt und geschmeidig machen. Ingwerwurzel-Extrakt sorgt f\u00fcr einen dezenten Plumping-Effekt und erzeugt ein leichtes Kribbeln auf den Lippen, das gute Laune macht. Sie werden sehen, eine kurze Me-Time f\u00fcr die Lippen wirkt wahre Wunder!<\/p>\n<p><strong>Vorteile und Funktionen:<\/strong><\/p>\n<ul>\n<li>Beruhigt, gl\u00e4ttet und macht rissige Lippen wieder geschmeidig.<\/li>\n<li>Hyalurons\u00e4ure hilft, Feuchtigkeit anzuziehen und einzuschlie\u00dfen, und bildet eine Barriere, die rissige Lippen sch\u00fctzt.<\/li>\n<li>Botanische Buttersorten und \u00d6le beruhigen gereizte und trockene Lippen.<\/li>\n<li>Padina-Algenextrakt sorgt daf\u00fcr, dass sich die Lippen hydratisiert und gestrafft anf\u00fchlen. Es hat nachweislich regenerierende und reparative Eigenschaften, indem es die Kollagensynthese anregt.<\/li>\n<li>Shea Butter f\u00fcllt die Haut mit nat\u00fcrlichen Fetts\u00e4uren auf und steigert so die Festigkeit der Lippen.<\/li>\n<li>Ingwerwurzelextrakt sorgt f\u00fcr ein subtiles, k\u00fchles Prickeln, das die Lippen belebt und sichtbar aufpolstert.Mit einem Keramikapplikator f\u00fcr ein k\u00fchlendes, beruhigendes und sanftes Auftragen.<\/li>\n<\/ul>\n<p><strong>Hauptinhaltsstoffe:<\/strong><\/p>\n<p><em>Padina Algenextrakt:<\/em><\/p>\n<ul>\n<li>Spendet Feuchtigkeit.<\/li>\n<li>Reduziert das Erscheinungsbild von feinen Linien.<\/li>\n<li>Macht die Lippen weich und geschmeidig.<\/li>\n<\/ul>\n<p><em>Mischung aus pflanzlichen \u00d6len und Buttersorten:<\/em><\/p>\n<ul>\n<li>Spendet Feuchtigkeit und sch\u00fctzt.<\/li>\n<li>Reduziert den trans-epidermalen Wasserverlust.<\/li>\n<\/ul>\n<p><em>Butyrospermum Parkii (Shea) Butter:<\/em><\/p>\n<ul>\n<li>Enth\u00e4lt Fetts\u00e4uren, die helfen, die Lippen zu beruhigen und zu reparieren.<\/li>\n<\/ul>\n<p><em>Hyalurons\u00e4ure (als Natriumhyaluronat):<\/em><\/p>\n<ul>\n<li>Bindet bis zum 1.000-fachen seines Gewichts an Wasser.<\/li>\n<li>Versorgt die Haut mit Feuchtigkeit und schlie\u00dft sie ein.<\/li>\n<li>Reduziert das Erscheinungsbild von feinen Linien.<\/li>\n<li>Schafft eine sch\u00fctzende Barriere.<\/li>\n<\/ul>\n<p><strong>Anwendungshinweis:<\/strong><\/p>\n<p>Tragen Sie eine d\u00fcnne, gleichm\u00e4\u00dfige Schicht auf die Lippen auf, um sie zu beruhigen, mit Feuchtigkeit zu versorgen und zu sch\u00fctzen.<\/p>\n","protected":false},"excerpt":{"rendered":"<p>Repair, Restore, Revive &#8211; Das HydroPure Hyaluronic Acid Lip Treatment ist eine reparative Lippenpflege, die intensiv Feuchtigkeit spendet und gleichzeitig trockene, gereizte Lippen sch\u00fctzt, beruhigt und gl\u00e4ttet.<\/p>\n","protected":false},"featured_media":987474337,"comment_status":"open","ping_status":"closed","template":"","meta":{"_et_pb_use_builder":"off","_et_pb_old_content":"<strong>Anwendungsgebiete: <\/strong>\r\n\r\nAls Gesichtspackung wird masque verwendet bei allen Hautarten zur Straffung und Versch\u00f6nerung des Hautbildes.\r\nZur kurfristigen Therapie bei d\u00fcnner, empfindlicher Haut mit oberfl\u00e4chlichen Entz\u00fcndungen.\r\n\r\n<strong>Wirkungsweise:<\/strong>\r\n\r\nMasque erh\u00f6ht mit Hilfe der Lipacide RH (Lipoaminos\u00e4uren) die F\u00e4higkeit der Epidermis, den zullul\u00e4ren Wassergehalt stabil zu halten. Die Haut wird sichtbar straffer und elastischer. Lipacide RH wirkt gleichzeitig vorbeugend gegen bakterielle Entz\u00fcndungen.\r\n\r\n<strong>Anwendung<\/strong>:\r\n\r\nQuantit\u00e4t und Art der Anwendung sind nach dem individuellen und aktuellen Zustand der Haut festzulegen.\r\n\r\n<strong>Gegenanzeigen:<\/strong>\r\n\r\nDas Produkt sollte bei bekannter Campher-Unvertr\u00e4glichkeit nicht angewendet werden.\r\n\r\n\u00a0","_et_gb_content_width":""},"product_brand":[474],"product_cat":[211,83,222,131,462,86],"product_tag":[127,124,173],"class_list":{"0":"post-987474369","1":"product","2":"type-product","3":"status-publish","4":"has-post-thumbnail","6":"product_brand-jane-iredale","7":"product_cat-augen-und-co","8":"product_cat-jane-iredale","9":"product_cat-mu-lippen","10":"product_cat-mineralmakeup-lippen","11":"product_cat-lippenpflege","12":"product_cat-make-up","13":"product_tag-janeiredale","14":"product_tag-lippen","15":"product_tag-make-up","17":"first","18":"onbackorder","19":"taxable","20":"shipping-taxable","21":"purchasable","22":"product-type-simple"},"booking_location":null,"booking_location_type":null,"booking_duration":null,"booking_duration_unit":null,"booking_buffer":null,"booking_cost":null,"booking_resources":null,"exclude_global_add_ons":[],"addons":[],"_links":{"self":[{"href":"https:\/\/www.claresco-cosmetic.de\/kosmetik-shop\/wp-json\/wp\/v2\/product\/987474369","targetHints":{"allow":["GET"]}}],"collection":[{"href":"https:\/\/www.claresco-cosmetic.de\/kosmetik-shop\/wp-json\/wp\/v2\/product"}],"about":[{"href":"https:\/\/www.claresco-cosmetic.de\/kosmetik-shop\/wp-json\/wp\/v2\/types\/product"}],"replies":[{"embeddable":true,"href":"https:\/\/www.claresco-cosmetic.de\/kosmetik-shop\/wp-json\/wp\/v2\/comments?post=987474369"}],"wp:featuredmedia":[{"embeddable":true,"href":"https:\/\/www.claresco-cosmetic.de\/kosmetik-shop\/wp-json\/wp\/v2\/media\/987474337"}],"wp:attachment":[{"href":"https:\/\/www.claresco-cosmetic.de\/kosmetik-shop\/wp-json\/wp\/v2\/media?parent=987474369"}],"wp:term":[{"taxonomy":"product_brand","embeddable":true,"href":"https:\/\/www.claresco-cosmetic.de\/kosmetik-shop\/wp-json\/wp\/v2\/product_brand?post=987474369"},{"taxonomy":"product_cat","embeddable":true,"href":"https:\/\/www.claresco-cosmetic.de\/kosmetik-shop\/wp-json\/wp\/v2\/product_cat?post=987474369"},{"taxonomy":"product_tag","embeddable":true,"href":"https:\/\/www.claresco-cosmetic.de\/kosmetik-shop\/wp-json\/wp\/v2\/product_tag?post=987474369"}],"curies":[{"name":"wp","href":"https:\/\/api.w.org\/{rel}","templated":true}]}}