{"id":987474894,"date":"2022-04-06T10:14:52","date_gmt":"2022-04-06T08:14:52","guid":{"rendered":"https:\/\/www.claresco-cosmetic.de\/kosmetik-shop\/?post_type=product&#038;p=987474894"},"modified":"2026-04-12T19:55:27","modified_gmt":"2026-04-12T17:55:27","slug":"o-p-phase-2-intervall-squalan","status":"publish","type":"product","link":"https:\/\/www.claresco-cosmetic.de\/kosmetik-shop\/produkt\/o-p-phase-2-intervall-squalan\/","title":{"rendered":"Phase 2 Intervall + Squalan -ohne Parf\u00fcm-"},"content":{"rendered":"<h5>Anwendungsgebiete:<\/h5>\n<p>Bei d\u00fcnner, trockener und sensibler Haut, bei St\u00f6rungen im Wasserhaushalt der Haut, sowie zur Intervalltherapie mit Phase 2 aktive regeneration.<\/p>\n<p>&nbsp;<\/p>\n<h5>Wirkungsweise:<\/h5>\n<p>Phase 2 intervall bindet \u00fcber l\u00e4ngere Zeit Fett und Feuchtigkeit in den \u00e4u\u00dferen Hautschichten. Die Wiederherstellung des Gleichgewichtes im Wasserhaushalt der Haut wird mit Hilfe des Mineralstoffkomplexes und Hyalurons\u00e4ure unterst\u00fctzt. Besonders effektiv ist Phase 2 intervall auch bei Verhornungsst\u00f6rungen und \u00dcberverhornung.<\/p>\n<p>&nbsp;<\/p>\n<h5>Anwendung:<\/h5>\n<p>Menge, Einwirkungszeit und H\u00e4ufigkeit der Anwendung ist nach dem individuellen und aktuellen Hautzustand festzulegen.<\/p>\n<p>&nbsp;<\/p>\n<h5>Gegenanzeigen:<\/h5>\n<p>Bei Intervall mit Avocado-\u00d6l, sollte das Produkt bei bekannter Unvertr\u00e4glichkeit mit Avocado-\u00d6l, nicht verwendet werden.<\/p>\n","protected":false},"excerpt":{"rendered":"<p>Reichhaltige Gesichtpflege, mit Mineralien und Hyalurons\u00e4ure. Sorgt f\u00fcr ein Gleichgewicht im Wasserhaushalt der Haut.<\/p>\n","protected":false},"featured_media":987486126,"comment_status":"open","ping_status":"closed","template":"","meta":{"_et_pb_use_builder":"off","_et_pb_old_content":"<strong>Anwendungsgebiete:<\/strong>\r\n\r\nBei d\u00fcnner, trockener und sensibler Haut, bei St\u00f6rungen im Wasserhaushalt der Haut, sowie zur Intervalltherapie mit phase 2 aktive regeneration.\r\n\r\n\u00a0\r\n\r\n<strong>Wirkungsweise:<\/strong>\r\n\r\nphase 2 intervall bindet \u00fcber l\u00e4ngere Zeit Fett und Feuchtigkeit in den \u00e4u\u00dferen Hautschichten. Die Wiederherstellung des Gleichgewichtes im Wasserhaushalt der Haut wird mit Hilfe des Mineralstoffkomplexes und Hyalurons\u00e4ure unterst\u00fctzt. Besonders effektiv ist phase 2 intervall auch bei Verhornungsst\u00f6rungen und \u00dcberverhornung.\r\n\r\n\u00a0\r\n\r\n<strong>Anwendung:<\/strong>\r\n\r\nMenge, Einwirkungszeit und H\u00e4ufigkeit der Anwendung ist nach dem individuellen und aktuellen Hautzustand festzulegen.\r\n\r\n\u00a0\r\n\r\n<strong>Gegenanzeigen:<\/strong>\r\n\r\nBei bekannter Unvertr\u00e4glichkeit von Avocado-\u00d6l sollte das Produkt nicht verwendet werden.\r\n\r\n<span style=\"font-weight: bold\">\u00a0<\/span>","_et_gb_content_width":""},"product_brand":[472],"product_cat":[372,84,210,214,85,171,90,43],"product_tag":[56,66,64,68,67],"class_list":{"0":"post-987474894","1":"product","2":"type-product","3":"status-publish","4":"has-post-thumbnail","6":"product_brand-rosel-heim","7":"product_cat-alle-rosel-heim-produkte","8":"product_cat-gesicht","9":"product_cat-gesichtspflege","10":"product_cat-handpflege","11":"product_cat-koerper","12":"product_cat-rh-ohne-parfuem","13":"product_cat-rh-regeneration","14":"product_cat-rosel-heim","15":"product_tag-creme","16":"product_tag-gesichtscreme","17":"product_tag-hautschutz","18":"product_tag-regeneration","19":"product_tag-tagescreme","20":"pa_inhalt-15ml","21":"pa_inhalt-50ml","22":"pa_packform-airless-spender","23":"pa_packform-tiegel","25":"first","26":"instock","27":"taxable","28":"shipping-taxable","29":"purchasable","30":"product-type-variable"},"booking_location":null,"booking_location_type":null,"booking_duration":null,"booking_duration_unit":null,"booking_buffer":null,"booking_cost":null,"booking_resources":null,"exclude_global_add_ons":[],"addons":[],"_links":{"self":[{"href":"https:\/\/www.claresco-cosmetic.de\/kosmetik-shop\/wp-json\/wp\/v2\/product\/987474894","targetHints":{"allow":["GET"]}}],"collection":[{"href":"https:\/\/www.claresco-cosmetic.de\/kosmetik-shop\/wp-json\/wp\/v2\/product"}],"about":[{"href":"https:\/\/www.claresco-cosmetic.de\/kosmetik-shop\/wp-json\/wp\/v2\/types\/product"}],"replies":[{"embeddable":true,"href":"https:\/\/www.claresco-cosmetic.de\/kosmetik-shop\/wp-json\/wp\/v2\/comments?post=987474894"}],"wp:featuredmedia":[{"embeddable":true,"href":"https:\/\/www.claresco-cosmetic.de\/kosmetik-shop\/wp-json\/wp\/v2\/media\/987486126"}],"wp:attachment":[{"href":"https:\/\/www.claresco-cosmetic.de\/kosmetik-shop\/wp-json\/wp\/v2\/media?parent=987474894"}],"wp:term":[{"taxonomy":"product_brand","embeddable":true,"href":"https:\/\/www.claresco-cosmetic.de\/kosmetik-shop\/wp-json\/wp\/v2\/product_brand?post=987474894"},{"taxonomy":"product_cat","embeddable":true,"href":"https:\/\/www.claresco-cosmetic.de\/kosmetik-shop\/wp-json\/wp\/v2\/product_cat?post=987474894"},{"taxonomy":"product_tag","embeddable":true,"href":"https:\/\/www.claresco-cosmetic.de\/kosmetik-shop\/wp-json\/wp\/v2\/product_tag?post=987474894"}],"curies":[{"name":"wp","href":"https:\/\/api.w.org\/{rel}","templated":true}]}}