{"id":987475662,"date":"2022-06-05T14:55:45","date_gmt":"2022-06-05T12:55:45","guid":{"rendered":"https:\/\/www.claresco-cosmetic.de\/kosmetik-shop\/?post_type=product&#038;p=987475662"},"modified":"2026-03-27T10:08:27","modified_gmt":"2026-03-27T09:08:27","slug":"cleansing-gel","status":"publish","type":"product","link":"https:\/\/www.claresco-cosmetic.de\/kosmetik-shop\/produkt\/cleansing-gel\/","title":{"rendered":"Cleansing Gel"},"content":{"rendered":"<h5>Produktinformationen<\/h5>\n<p>Erfrischend zart ist der reichhaltige Schaum des Waschgels. Mit vielen wertvollen Inhaltsstoffen. Auf Basis des 100% reinen Aloe Vera Bio Ursaftes anstelle von Wasser wirkt das Reinigungsgel f\u00fcr das Gesicht in Verbindung mit der waschaktiven pflanzlichen Seifenrinde und nat\u00fcrlichen Weizenproteinen. Sie gelten als schnelle Sch\u00f6nmacher und reinigen intensiv. Und zwar ohne auszutrocknen.<\/p>\n<p>\u200bDie Viskosit\u00e4t des lichtenergiereichen Aloe Vera Gesichtsgels mit seinen wichtigen Glycon\u00e4hrstoffen garantiert eine hohe Vertr\u00e4glichkeit. Es hat die gleichen Eigenschaften wie die Fl\u00fcssigkeit, die unsere Zellen umsp\u00fclt. So wird schon bei der Reinigung Ihre Hautregeneration gef\u00f6rdert.<\/p>\n<p>Die neuartige besondere Wirkstoffkombination des Reinigungsgels verleiht Ihnen augenblicklich ein samtiges, glattes Hautgef\u00fchl. \u200b<\/p>\n<p>Ein wesentlicher Faktor f\u00fcr die Qualit\u00e4t der Produkte von Pharmos Natur sind die Bauern und ihre Familien. Sie lassen all ihr Wissen aus vielen Generationen \u00fcber bestm\u00f6gliche Anbaumethoden, g\u00fcnstigste Erntezeiten und schonende Verarbeitungsweisen in ihre t\u00e4gliche Arbeit einflie\u00dfen. Durch langfristige Kooperationsvereinbarungen und eine faire Bezahlung helfen wir dabei, Existenzgrundlagen zu sichern.<\/p>\n<p>&nbsp;<\/p>\n<h5>Anwendung:<\/h5>\n<p>Mischen Sie morgens und abends eine kleine Menge CLEANSING GEL mit etwas Wasser. Tragen Sie es dann auf Gesicht, Hals und Dekollet\u00e9 auf und arbeiten Sie es ganz leicht ein. Sp\u00fclen Sie es mit reichlich Wasser ab. Oder benutzen Sie ein Reinigungsschw\u00e4mmchen.\u200b<\/p>\n<p>&nbsp;<\/p>\n<h5>Empfohlen f\u00fcr:<\/h5>\n<p>Fettige Haut &gt; <em>beugt starker R\u00fcckfettung der Haut vor<\/em><br \/>\nReife Haut &gt; <em>f\u00f6rdert die Hautregeneration<\/em><br \/>\nEmpfindliche Haut &gt; <em>vertr\u00e4glich und nat\u00fcrlich reinigend<\/em><br \/>\nDie Entfernung von Augen Make-Up &gt; <em>reinigt schonend und gr\u00fcndlich\u200b<\/em><br \/>\nAlle Hauttypen &gt; <em>100 % vertr\u00e4glich<\/em><\/p>\n<p>&nbsp;<\/p>\n[et_pb_section global_module=\"987493041\"][\/et_pb_section]\n","protected":false},"excerpt":{"rendered":"<p>Sanft sch\u00e4umendes Reinigungsgel f\u00fcr alle Hauttypen<\/p>\n<p>&nbsp;<\/p>\n<ul>\n<li style=\"margin-bottom: 12px;\">reinigt sanft &amp; f\u00f6rdert Hautregeneration\u200b<\/li>\n<li style=\"margin-bottom: 12px;\">reguliert den Hydrolipidfilm\u200b<\/li>\n<li style=\"margin-bottom: 12px;\">verleiht ein Gef\u00fchl von Frische und Sauberkeit<\/li>\n<li style=\"margin-bottom: 12px;\">leicht sch\u00e4umend\u200b<\/li>\n<li style=\"margin-bottom: 12px;\">beugt einer starken R\u00fcckfettung der Haut vor\u200b<\/li>\n<li style=\"margin-bottom: 12px;\">ideal zum Abnehmen von Augen Make-Up\u200b<\/li>\n<li>aus echten Heil- und Verj\u00fcngungspflanzen, sacred plants<\/li>\n<\/ul>\n","protected":false},"featured_media":987475663,"comment_status":"open","ping_status":"closed","template":"","meta":{"_et_pb_use_builder":"","_et_pb_old_content":"","_et_gb_content_width":""},"product_brand":[473],"product_cat":[251,84,115,245,463,240,239,242],"product_tag":[],"class_list":{"0":"post-987475662","1":"product","2":"type-product","3":"status-publish","4":"has-post-thumbnail","6":"product_brand-pharmos-natur","7":"product_cat-pharmos-alle-naturkosmetik","8":"product_cat-gesicht","9":"product_cat-gesichtsreinigung","10":"product_cat-pharmos-hautprobleme","11":"product_cat-holistic-detox","12":"product_cat-pharmos-naturkosmetik","13":"product_cat-pharmos-natur","14":"product_cat-pharmos-reinigung","16":"first","17":"onbackorder","18":"taxable","19":"shipping-taxable","20":"purchasable","21":"product-type-simple"},"booking_location":null,"booking_location_type":null,"booking_duration":null,"booking_duration_unit":null,"booking_buffer":null,"booking_cost":null,"booking_resources":null,"exclude_global_add_ons":[],"addons":[],"_links":{"self":[{"href":"https:\/\/www.claresco-cosmetic.de\/kosmetik-shop\/wp-json\/wp\/v2\/product\/987475662","targetHints":{"allow":["GET"]}}],"collection":[{"href":"https:\/\/www.claresco-cosmetic.de\/kosmetik-shop\/wp-json\/wp\/v2\/product"}],"about":[{"href":"https:\/\/www.claresco-cosmetic.de\/kosmetik-shop\/wp-json\/wp\/v2\/types\/product"}],"replies":[{"embeddable":true,"href":"https:\/\/www.claresco-cosmetic.de\/kosmetik-shop\/wp-json\/wp\/v2\/comments?post=987475662"}],"wp:featuredmedia":[{"embeddable":true,"href":"https:\/\/www.claresco-cosmetic.de\/kosmetik-shop\/wp-json\/wp\/v2\/media\/987475663"}],"wp:attachment":[{"href":"https:\/\/www.claresco-cosmetic.de\/kosmetik-shop\/wp-json\/wp\/v2\/media?parent=987475662"}],"wp:term":[{"taxonomy":"product_brand","embeddable":true,"href":"https:\/\/www.claresco-cosmetic.de\/kosmetik-shop\/wp-json\/wp\/v2\/product_brand?post=987475662"},{"taxonomy":"product_cat","embeddable":true,"href":"https:\/\/www.claresco-cosmetic.de\/kosmetik-shop\/wp-json\/wp\/v2\/product_cat?post=987475662"},{"taxonomy":"product_tag","embeddable":true,"href":"https:\/\/www.claresco-cosmetic.de\/kosmetik-shop\/wp-json\/wp\/v2\/product_tag?post=987475662"}],"curies":[{"name":"wp","href":"https:\/\/api.w.org\/{rel}","templated":true}]}}