{"id":987475741,"date":"2022-06-05T16:12:35","date_gmt":"2022-06-05T14:12:35","guid":{"rendered":"https:\/\/www.claresco-cosmetic.de\/kosmetik-shop\/?post_type=product&#038;p=987475741"},"modified":"2025-12-31T18:21:05","modified_gmt":"2025-12-31T17:21:05","slug":"gentle-peeling","status":"publish","type":"product","link":"https:\/\/www.claresco-cosmetic.de\/kosmetik-shop\/produkt\/gentle-peeling\/","title":{"rendered":"Gentle Peeling"},"content":{"rendered":"<h5>Produktinformationen<\/h5>\n<p>Wussten Sie, wie wichtig regelm\u00e4\u00dfige Peelings sind, um Ihre Haut zum Strahlen zu bringen?<\/p>\n<p>Auf schonende Art und Weise unterst\u00fctzt das innovative GENTLE PEELING mit dem BiophotonactivE Complex diesen wichtigen Erneuerungsprozess: mit Bio Aloe Vera, Algen und ganz neu Silica aus dem Schachtelhalm, in Form von nat\u00fcrlichen Peeling-K\u00f6rnern, die ein sanftes, aber merkliches Abschleifen unterst\u00fctzen. Nachhaltig und genau das Richtige f\u00fcr Ihre Pflege-Routine.<\/p>\n<p>&nbsp;<\/p>\n<h5>NEUER INHALTSSTOFF<\/h5>\n<p>GENTLE PEELING mit Silica aus dem Schachtelhalm.<br \/>\nEine erstaunliche Pflanze: der Schachtelhalm. Gesch\u00e4tzt wird sie seit Jahrhunderten f\u00fcr ihre heilenden, reinigenden und zellerneuernden Eigenschaften. Sie hat einen hohen Gehalt an Silica, Kiesels\u00e4ure, einem wichtigen Mineral f\u00fcr Haut, Haare und N\u00e4gel. Schachtelhalm st\u00e4rkt das Bindegewebe, regt die Durchblutung sowie den Lymphfluss an, f\u00f6rdert die Wund-heilung und lindert Hautirritationen.<\/p>\n<p>Bei regelm\u00e4\u00dfiger Anwendung \u2013 1 x w\u00f6chentlich \u2013 festigt es zudem das Bindegewebe und reduziert Altersflecken. Das ist Natur, die wirkt.<\/p>\n<p>&nbsp;<\/p>\n<h5>Anwendung<\/h5>\n<p>Wenden Sie das GENTLE PEELING ein bis zweimal w\u00f6chentlich an. Feuchten Sie Ihre H\u00e4nde an und geben Sie eine kleine Menge Algenpeeling mit dem beigef\u00fcgten Kosmetik-Spatel in die Hand. Massieren Sie jetzt das Gesichtspeeling mit kreisenden Bewegungen in die Haut ein, lassen Sie es kurz einwirken und waschen Sie es dann gr\u00fcndlich mit Wasser ab. Anschlie\u00dfend geben Sie ein wenig MOISTURIZING SPRAY oder HARMONIZING TONIC auf ein Wattepad und reinigen nach.\u200b<\/p>\n<p>&nbsp;<\/p>\n<h5>Tipp\u200b<\/h5>\n<p>Bei irritierter Haut mischen Sie etwas Gesichtspeeling mit der Reinigungs-Emulsion. So wirkt es noch zarter.<\/p>\n<p>&nbsp;<\/p>\n<h5>Empfohlen f\u00fcr:<\/h5>\n<ul>\n<li>\u00dcberverhornung der Haut \u2192 <em>\u00a0l\u00f6st alte Hornzellen<\/em><\/li>\n<li>Gro\u00dfporige Haut \u2192 <em>befreit die Haut von Talgabsonderungen und Unreinheiten<\/em><\/li>\n<li>Raue Ellbogen und Knie \u2192 <em>macht raue Hautstellen glatt und geschmeidig\u200b<\/em><\/li>\n<li>Aknenarben \u2192 <em>gl\u00e4ttet Narben und l\u00e4sst sie blasser erscheinen\u200b<\/em><\/li>\n<li>M\u00fcde Haut \u2192 <em>f\u00f6rdert die Durchblutung &amp; aktiviert den Lymphfluss<\/em><\/li>\n<li>Alle Hauttypen \u2192 <em>ausgenommen bei entz\u00fcndlichen Prozessen der Haut<\/em><\/li>\n<\/ul>\n<p>&nbsp;<\/p>\n[et_pb_section global_module=\"987493041\"][\/et_pb_section]\n","protected":false},"excerpt":{"rendered":"<p>Hautbildverfeinerndes Peeling f\u00fcr alle Hauttypen<\/p>\n<p>&nbsp;<\/p>\n<ul>\n<li style=\"margin-bottom: 12px;\">mit Silica aus dem Schachtelhalm<\/li>\n<li style=\"margin-bottom: 12px;\">l\u00f6st sanft alte Hornzellen<\/li>\n<li style=\"margin-bottom: 12px;\">f\u00f6rdert die Durchblutung<\/li>\n<li style=\"margin-bottom: 12px;\">vermindert Pigmentflecken<\/li>\n<li style=\"margin-bottom: 12px;\">verfeinert das Hautbild<\/li>\n<li style=\"margin-bottom: 12px;\">beseitigt Talgabsonderungen der Haut<\/li>\n<li style=\"margin-bottom: 12px;\">absorbiert Schmutzpartikel<\/li>\n<li style=\"margin-bottom: 12px;\">macht die Haut aufnahmef\u00e4hig f\u00fcr Wirkstoffe<\/li>\n<li>pflegt und versorgt mit Feuchtigkeit<\/li>\n<\/ul>\n","protected":false},"featured_media":987475742,"comment_status":"open","ping_status":"closed","template":"","meta":{"_et_pb_use_builder":"","_et_pb_old_content":"","_et_gb_content_width":""},"product_brand":[473],"product_cat":[251,84,115,245,463,240,239,242],"product_tag":[],"class_list":{"0":"post-987475741","1":"product","2":"type-product","3":"status-publish","4":"has-post-thumbnail","6":"product_brand-pharmos-natur","7":"product_cat-pharmos-alle-naturkosmetik","8":"product_cat-gesicht","9":"product_cat-gesichtsreinigung","10":"product_cat-pharmos-hautprobleme","11":"product_cat-holistic-detox","12":"product_cat-pharmos-naturkosmetik","13":"product_cat-pharmos-natur","14":"product_cat-pharmos-reinigung","16":"first","17":"onbackorder","18":"taxable","19":"shipping-taxable","20":"purchasable","21":"product-type-simple"},"booking_location":null,"booking_location_type":null,"booking_duration":null,"booking_duration_unit":null,"booking_buffer":null,"booking_cost":null,"booking_resources":null,"exclude_global_add_ons":[],"addons":[],"_links":{"self":[{"href":"https:\/\/www.claresco-cosmetic.de\/kosmetik-shop\/wp-json\/wp\/v2\/product\/987475741","targetHints":{"allow":["GET"]}}],"collection":[{"href":"https:\/\/www.claresco-cosmetic.de\/kosmetik-shop\/wp-json\/wp\/v2\/product"}],"about":[{"href":"https:\/\/www.claresco-cosmetic.de\/kosmetik-shop\/wp-json\/wp\/v2\/types\/product"}],"replies":[{"embeddable":true,"href":"https:\/\/www.claresco-cosmetic.de\/kosmetik-shop\/wp-json\/wp\/v2\/comments?post=987475741"}],"wp:featuredmedia":[{"embeddable":true,"href":"https:\/\/www.claresco-cosmetic.de\/kosmetik-shop\/wp-json\/wp\/v2\/media\/987475742"}],"wp:attachment":[{"href":"https:\/\/www.claresco-cosmetic.de\/kosmetik-shop\/wp-json\/wp\/v2\/media?parent=987475741"}],"wp:term":[{"taxonomy":"product_brand","embeddable":true,"href":"https:\/\/www.claresco-cosmetic.de\/kosmetik-shop\/wp-json\/wp\/v2\/product_brand?post=987475741"},{"taxonomy":"product_cat","embeddable":true,"href":"https:\/\/www.claresco-cosmetic.de\/kosmetik-shop\/wp-json\/wp\/v2\/product_cat?post=987475741"},{"taxonomy":"product_tag","embeddable":true,"href":"https:\/\/www.claresco-cosmetic.de\/kosmetik-shop\/wp-json\/wp\/v2\/product_tag?post=987475741"}],"curies":[{"name":"wp","href":"https:\/\/api.w.org\/{rel}","templated":true}]}}