{"id":987475759,"date":"2022-06-05T20:26:17","date_gmt":"2022-06-05T18:26:17","guid":{"rendered":"https:\/\/www.claresco-cosmetic.de\/kosmetik-shop\/?post_type=product&#038;p=987475759"},"modified":"2026-03-23T20:40:14","modified_gmt":"2026-03-23T19:40:14","slug":"sensitive-gel","status":"publish","type":"product","link":"https:\/\/www.claresco-cosmetic.de\/kosmetik-shop\/produkt\/sensitive-gel\/","title":{"rendered":"Sensitive Gel"},"content":{"rendered":"<h5>Produktinformationen<\/h5>\n<p>Es f\u00fchlt sich ein wenig an wie fliegen. So leicht, so lebendig. Dieses ganz nat\u00fcrliche Feuchtigkeitsgel belebt Ihre Haut mit rein pflanzlichen Wirkstoffen. Auf einf\u00fchlsame Weise bringt das harmonisierende Aloe Vera Gel besonders empfindsame Haut wieder ins Gleichgewicht. Unser 100% reiner Aloe Vera BioUrsaft &#8211; anstelle von Wasser &#8211; in Verbindung mit dem reichhaltigen Netzwerk an Wirkstoffen aus dem schwarzen Sesam Ursamen f\u00fchrt der Haut au\u00dfergew\u00f6hnlich viel Feuchtigkeit, neue Elastizit\u00e4t und lebendige Frische zu.<\/p>\n<p>Merklich erh\u00f6ht es die Widerstandskraft Ihrer Haut, verw\u00f6hnt sie umfassend und beugt Hautirritationen vor. \u200bWie beruhigend es ist, sp\u00fcren Sie daran, dass R\u00f6tungen reduziert werden, es entz\u00fcndungshemmend wirkt und Ihre Haut tief von innen heraus belebt. \u200b<\/p>\n<p>Trockenheitsf\u00e4ltchen und -linien zeigen sich sichtbar gemildert. Durch den angeregten Hautstoffwechsel beruhigen sich gereizte, empfindliche Hautpartien. Empfindsame Haut wirkt sichtbar geschmeidiger, samtiger und jugendlicher.<\/p>\n<p>Wussten Sie&#8230;<br \/>\ndass Pharmos Natur die Heil- und Verj\u00fcngungspflanzen, sacred plants, nur bei geeigneten Mondphasen ernten? In \u00f6kologischer Mischkultur, mit der Liebe der Kleinbauern. So werden sowohl die vielen Hundert Wirkstoffe in den einzelnen Pflanzen aber auch ihre Wesenskraft und ihren Spirit erhalten.<\/p>\n<p>&nbsp;<\/p>\n<h5>Anwendung:<\/h5>\n<p>Tragen Sie das SENSITIVE GEL morgens und abends gleichm\u00e4\u00dfig auf die gereinigte Haut auf. Wenden Sie es bei fettiger Haut pur an.\u200b In allen anderen F\u00e4llen tragen Sie es unter der Pflegecreme oder mit der Pflegecreme gemischt auf.\u200b<\/p>\n<p>&nbsp;<\/p>\n<h5>Empfohlen f\u00fcr:<\/h5>\n<ul>\n<li>Empfindliche, gereizte Haut \u2192 <em>bringt die Haut wieder ins Gleichgewicht<\/em><\/li>\n<li>Trockene Haut<em> \u2192 versorgt mit Feuchtigkeit pur\u200b<\/em><\/li>\n<li>Unreine und entz\u00fcndliche Haut<em> \u2192 belebt die Haut mit rein pflanzlichen Wirkstoffen\u200b<\/em><\/li>\n<li>Fettige, junge Haut \u2192 <em>sorgt f\u00fcr eine ausgewogene Fett- \/Feuchtigkeitsproduktion\u200b<\/em><\/li>\n<li>Handpflege<em> \u2192 bei besonders trockener Haut<\/em><\/li>\n<\/ul>\n","protected":false},"excerpt":{"rendered":"<p>N\u00e4hrendes, beruhigendes Feuchtigkeitserum<\/p>\n<p>&nbsp;<\/p>\n<ul>\n<li style=\"margin-bottom: 12px;\">intensiv Feuchtigkeit spendendes &amp; n\u00e4hrendes Serum\u200b<\/li>\n<li style=\"margin-bottom: 12px;\">wirkt regenerierend und entz\u00fcndungshemmend\u200b<\/li>\n<li style=\"margin-bottom: 12px;\">lindert R\u00f6tungen und beruhigt\u200b<\/li>\n<li>aus echten Heil- und Verj\u00fcngungspflanzen, sacred plants<\/li>\n<\/ul>\n","protected":false},"featured_media":987475760,"comment_status":"open","ping_status":"closed","template":"","meta":{"_et_pb_use_builder":"","_et_pb_old_content":"","_et_gb_content_width":""},"product_brand":[473],"product_cat":[251,84,243,210,214,240,239,244],"product_tag":[],"class_list":{"0":"post-987475759","1":"product","2":"type-product","3":"status-publish","4":"has-post-thumbnail","6":"product_brand-pharmos-natur","7":"product_cat-pharmos-alle-naturkosmetik","8":"product_cat-gesicht","9":"product_cat-pharmos-gesichtspflege","10":"product_cat-gesichtspflege","11":"product_cat-handpflege","12":"product_cat-pharmos-naturkosmetik","13":"product_cat-pharmos-natur","14":"product_cat-pharmos-serum","16":"first","17":"onbackorder","18":"taxable","19":"shipping-taxable","20":"purchasable","21":"product-type-simple"},"booking_location":null,"booking_location_type":null,"booking_duration":null,"booking_duration_unit":null,"booking_buffer":null,"booking_cost":null,"booking_resources":null,"exclude_global_add_ons":[],"addons":[],"_links":{"self":[{"href":"https:\/\/www.claresco-cosmetic.de\/kosmetik-shop\/wp-json\/wp\/v2\/product\/987475759","targetHints":{"allow":["GET"]}}],"collection":[{"href":"https:\/\/www.claresco-cosmetic.de\/kosmetik-shop\/wp-json\/wp\/v2\/product"}],"about":[{"href":"https:\/\/www.claresco-cosmetic.de\/kosmetik-shop\/wp-json\/wp\/v2\/types\/product"}],"replies":[{"embeddable":true,"href":"https:\/\/www.claresco-cosmetic.de\/kosmetik-shop\/wp-json\/wp\/v2\/comments?post=987475759"}],"wp:featuredmedia":[{"embeddable":true,"href":"https:\/\/www.claresco-cosmetic.de\/kosmetik-shop\/wp-json\/wp\/v2\/media\/987475760"}],"wp:attachment":[{"href":"https:\/\/www.claresco-cosmetic.de\/kosmetik-shop\/wp-json\/wp\/v2\/media?parent=987475759"}],"wp:term":[{"taxonomy":"product_brand","embeddable":true,"href":"https:\/\/www.claresco-cosmetic.de\/kosmetik-shop\/wp-json\/wp\/v2\/product_brand?post=987475759"},{"taxonomy":"product_cat","embeddable":true,"href":"https:\/\/www.claresco-cosmetic.de\/kosmetik-shop\/wp-json\/wp\/v2\/product_cat?post=987475759"},{"taxonomy":"product_tag","embeddable":true,"href":"https:\/\/www.claresco-cosmetic.de\/kosmetik-shop\/wp-json\/wp\/v2\/product_tag?post=987475759"}],"curies":[{"name":"wp","href":"https:\/\/api.w.org\/{rel}","templated":true}]}}