{"id":987475761,"date":"2022-06-05T21:08:42","date_gmt":"2022-06-05T19:08:42","guid":{"rendered":"https:\/\/www.claresco-cosmetic.de\/kosmetik-shop\/?post_type=product&#038;p=987475761"},"modified":"2026-03-14T15:55:03","modified_gmt":"2026-03-14T14:55:03","slug":"vitamin-booster","status":"publish","type":"product","link":"https:\/\/www.claresco-cosmetic.de\/kosmetik-shop\/produkt\/vitamin-booster\/","title":{"rendered":"Vitamin Booster"},"content":{"rendered":"<h5>Produktinformationen<\/h5>\n<p>W\u00fcnschen Sie sich auch echte Wirkstoffpower f\u00fcr Ihre Haut? Unser Vitamin Serum aus \u00f6kologisch angebauter Aloe Vera, kostbarem Klettensamen\u00f6l und nat\u00fcrlichen Vitaminen stimuliert Ihre Zellaktivit\u00e4t und reguliert Ihren Feuchtigkeitshaushalt. Denn die Aloe Vera zieht tief in die Haut ein, so dass sich eine regenerierende, feuchtigkeitsspendende und gl\u00e4ttende Wirkung zeigt. Die Durchblutung der feinen Kapillaren verbessert sich durch das Gesichtsserum. \u200b<\/p>\n<p>Und die besonders wichtigen Aktivkomponenten der Aloe Vera, die Glycon\u00e4hrstoffe, sorgen f\u00fcr eine perfekte Zellkommunikation. In Verbindung mit den enthaltenen Sch\u00f6nheitsvitaminen A, C, E und Beta-Carotin wirkt dieses n\u00e4hrstoffreiche Gesichtsserum als \u201eFreier Radikalenf\u00e4nger\u201c und beugt vorzeitiger Hautalterung vor. Denn die enthaltenen Antioxidantien sch\u00fctzen Ihre Zellen vor freien Radikalen, fangen sie ein und neutralisieren sie. Ein \u201evoller Obstkorb\u201c f\u00fcr Ihre Haut. \u200b<\/p>\n<p>Ein feuchtigkeitsspendendes Wirkstoffwunder f\u00fcr Ihre nat\u00fcrliche Gesichtspflege, unser Vitamin C Serum: Es bewahrt die nat\u00fcrliche Spannkraft Ihrer Haut, steigert mit Anti-Aging Wirkung Ihre Hautelastizit\u00e4t und beugt Pigmentver\u00e4nderungen der Haut vor. Eine zutiefst wirkstoffreiche Feuchtigkeitspflege f\u00fcr einen sanften Schimmer, nat\u00fcrlichen Glow und einen glatten, prallen, ebenm\u00e4\u00dfigen Teint. \u200b<\/p>\n<p>&nbsp;<\/p>\n<h5>Anwendung:<\/h5>\n<p>Tragen Sie den VITAMIN BOOSTER morgens und abends gleichm\u00e4\u00dfig auf Ihre gereinigte Haut auf. Verwenden Sie ihn bei normaler und Mischhaut als alleinige Pflege. Tragen Sie ihn bei trockener Haut unter oder gemischt mit einer Pflegecreme auf.<\/p>\n<p>&nbsp;<\/p>\n<h5>Empfohlen f\u00fcr:<\/h5>\n<ul>\n<li>Hyperpigmentation<em> \u2192 reduziert Flecken<\/em><\/li>\n<li>M\u00fcde, fahle Haut \u2192 <em>belebt und verbessert die Durchblutung\u200b<\/em><\/li>\n<li>Raucherhaut<em> \u2192 sch\u00fctzt vor freien Radikalen<\/em><\/li>\n<li>Sonnengesch\u00e4digte Haut \u2192 <em>regeneriert und stimuliert die Zellaktivit\u00e4t\u200b<\/em><\/li>\n<li>Vorzeitige Hautalterung<em> \u2192 beugt der Bildung von Falten und Linien vor\u200b<\/em><\/li>\n<li>Ideale Make-Up Unterlage<em> \u2192 sorgt f\u00fcr ausreichend Feuchtigkeit und einen optimalen Halt \u200b<\/em><\/li>\n<\/ul>\n<p>&nbsp;<\/p>\n[et_pb_section global_module=\"987493113\"][\/et_pb_section]\n","protected":false},"excerpt":{"rendered":"<p>Regulierendes Vitamin-C Serum f\u00fcr einen ebenm\u00e4\u00dfigen Teint<\/p>\n<p>&nbsp;<\/p>\n<ul>\n<li style=\"margin-bottom: 12px;\">antioxidativer Zellschutz mit den Vitaminen A, C und E\u200b<\/li>\n<li style=\"margin-bottom: 12px;\">beugt vorzeitiger Hautalterung vor\u200b<\/li>\n<li style=\"margin-bottom: 12px;\">aufhellend und vorbeugend bei Hyperpigmentierung\u200b<\/li>\n<li style=\"margin-bottom: 12px;\">belebt und sorgt f\u00fcr einen frischen Teint\u200b<\/li>\n<li style=\"margin-bottom: 12px;\">versorgt die Haut intensiv mit Feuchtigkeit\u200b<\/li>\n<li>aus echten Heil- und Verj\u00fcngungspflanzen, sacred plants<\/li>\n<\/ul>\n","protected":false},"featured_media":987475762,"comment_status":"open","ping_status":"closed","template":"","meta":{"_et_pb_use_builder":"","_et_pb_old_content":"","_et_gb_content_width":""},"product_brand":[473],"product_cat":[251,84,243,210,113,240,239,244],"product_tag":[],"class_list":{"0":"post-987475761","1":"product","2":"type-product","3":"status-publish","4":"has-post-thumbnail","6":"product_brand-pharmos-natur","7":"product_cat-pharmos-alle-naturkosmetik","8":"product_cat-gesicht","9":"product_cat-pharmos-gesichtspflege","10":"product_cat-gesichtspflege","11":"product_cat-glow","12":"product_cat-pharmos-naturkosmetik","13":"product_cat-pharmos-natur","14":"product_cat-pharmos-serum","15":"pa_inhalt-50ml","17":"first","18":"instock","19":"taxable","20":"shipping-taxable","21":"purchasable","22":"product-type-simple"},"booking_location":null,"booking_location_type":null,"booking_duration":null,"booking_duration_unit":null,"booking_buffer":null,"booking_cost":null,"booking_resources":null,"exclude_global_add_ons":[],"addons":[],"_links":{"self":[{"href":"https:\/\/www.claresco-cosmetic.de\/kosmetik-shop\/wp-json\/wp\/v2\/product\/987475761","targetHints":{"allow":["GET"]}}],"collection":[{"href":"https:\/\/www.claresco-cosmetic.de\/kosmetik-shop\/wp-json\/wp\/v2\/product"}],"about":[{"href":"https:\/\/www.claresco-cosmetic.de\/kosmetik-shop\/wp-json\/wp\/v2\/types\/product"}],"replies":[{"embeddable":true,"href":"https:\/\/www.claresco-cosmetic.de\/kosmetik-shop\/wp-json\/wp\/v2\/comments?post=987475761"}],"wp:featuredmedia":[{"embeddable":true,"href":"https:\/\/www.claresco-cosmetic.de\/kosmetik-shop\/wp-json\/wp\/v2\/media\/987475762"}],"wp:attachment":[{"href":"https:\/\/www.claresco-cosmetic.de\/kosmetik-shop\/wp-json\/wp\/v2\/media?parent=987475761"}],"wp:term":[{"taxonomy":"product_brand","embeddable":true,"href":"https:\/\/www.claresco-cosmetic.de\/kosmetik-shop\/wp-json\/wp\/v2\/product_brand?post=987475761"},{"taxonomy":"product_cat","embeddable":true,"href":"https:\/\/www.claresco-cosmetic.de\/kosmetik-shop\/wp-json\/wp\/v2\/product_cat?post=987475761"},{"taxonomy":"product_tag","embeddable":true,"href":"https:\/\/www.claresco-cosmetic.de\/kosmetik-shop\/wp-json\/wp\/v2\/product_tag?post=987475761"}],"curies":[{"name":"wp","href":"https:\/\/api.w.org\/{rel}","templated":true}]}}