{"id":987475763,"date":"2022-06-05T21:23:02","date_gmt":"2022-06-05T19:23:02","guid":{"rendered":"https:\/\/www.claresco-cosmetic.de\/kosmetik-shop\/?post_type=product&#038;p=987475763"},"modified":"2025-12-31T18:21:04","modified_gmt":"2025-12-31T17:21:04","slug":"balancing-oil-serum","status":"publish","type":"product","link":"https:\/\/www.claresco-cosmetic.de\/kosmetik-shop\/produkt\/balancing-oil-serum\/","title":{"rendered":"Balancing Oil Serum"},"content":{"rendered":"<h5>Produktinformationen<\/h5>\n<p>Im ersten Augenblick verzaubert der Duft dieser Aromapflege aus Lavendelbl\u00fcten, Rosenholz, Rosengeranie, Palmerosa, Orange und schwarzem Sesam Ursamen. Dann \u00fcberzeugt ihre Wirkung. Mit unserem ausgleichenden Gesichts\u00f6l erleben Sie, wie gesund Ihre Hautbalance sein kann. \u200b<\/p>\n<p>Vorzeitiger Hautalterung wirkt diese Pflege entgegen, Ihr Hautstoffwechsel wird angeregt und Ihre Hautstruktur sichtbar verbessert. Das BALANCING OIL ist reich an unges\u00e4ttigten Fetts\u00e4uren. Es gl\u00e4ttet F\u00e4ltchen, strafft das Bindegewebe und pflegt Ihre Haut sichtbar. Ein komplexes rundum \u201eN\u00e4hrstoffpaket\u201c. \u200b<\/p>\n<p>Ohne zu fetten, zieht das pflanzliche Aroma\u00f6l rasch in die Haut ein und hinterl\u00e4sst einen seidig schimmernden Teint. Sinnlich, beruhigend, nervenst\u00e4rkend und harmonisierend. Genie\u00dfen Sie Ihre jugendliche Ausstrahlung voller Lebendigkeit. \u200bDas komplexe, ganzheitliche Wirkstoffnetz dieser Heil- und Verj\u00fcngungspflanzen, sacred plants. Es besteht aus Hunderten von Einzelstoffen, die in ihrem nat\u00fcrlichen Verbund belassen werden.<\/p>\n<p>&nbsp;<\/p>\n<h5>Wussten Sie&#8230;<\/h5>\n<p>dass sich die Wirkweise aller pflanzlichen Inhaltsstoffe dann ganz nat\u00fcrlich in diesem wunderbaren Zusammenspiel vervielfacht? Wie es die Natur vorgibt. Denn jede Pflanze besitzt ihre eigene Energie und ihre individuelle Wesenskraft.<\/p>\n<p>&nbsp;<\/p>\n<h5>Anwendung:<\/h5>\n<p>Tragen Sie einige Tropfen BALANCING OIL pur unter einer Pflegecreme auf oder mischen Sie alles direkt mit Ihrer Pflegecreme in der Hand.<\/p>\n<p>&nbsp;<\/p>\n<h5>Empfohlen f\u00fcr:<\/h5>\n<p>&nbsp;<\/p>\n<ul>\n<li>Sensible, entz\u00fcndliche Haut<em> \u2192 wirkt ausgleichend und beruhigend<\/em><\/li>\n<li>Unreine Haut<em> \u2192 zieht ein, ohne zu fetten<\/em><\/li>\n<li>Anreicherung der t\u00e4glichen (Nacht-)pflege<em> \u2192 zur Anwendung bei Bedarf\u200b<\/em><\/li>\n<li>Zugabe bei Pflege im Winter<em> \u2192 f\u00fcr den Schutz vor K\u00e4lte und Wind<\/em><\/li>\n<li>Mischhaut<em> \u2192 kann zonenbezogen auf pflegebed\u00fcrftigere Stellen aufgetragen werden\u200b<\/em><\/li>\n<\/ul>\n<p>&nbsp;<\/p>\n[et_pb_section global_module=\"987493092\"][\/et_pb_section]\n","protected":false},"excerpt":{"rendered":"<p>Ausgleichendes \u00d6l-Serum zur Regulierung der Haut<\/p>\n<p>&nbsp;<\/p>\n<ul>\n<li style=\"margin-bottom: 12px;\">vitalisierendes, hautpflegendes Gesichts\u00f6l<\/li>\n<li style=\"margin-bottom: 12px;\">nervenst\u00e4rkend, entspannend und beruhigend\u200b<\/li>\n<li style=\"margin-bottom: 12px;\">reguliert die Talgdr\u00fcsenproduktion<\/li>\n<li style=\"margin-bottom: 12px;\">bringt den Hautstoffwechsel ins \u200bGleichgewicht\u200b<\/li>\n<li style=\"margin-bottom: 12px;\">enth\u00e4lt wichtige nat\u00fcrliche Antioxidantien, Sesamol und Sesamolin\u200b<\/li>\n<li>aus echten Heil- und Verj\u00fcngungspflanzen, sacred plants<\/li>\n<\/ul>\n","protected":false},"featured_media":987475764,"comment_status":"open","ping_status":"closed","template":"","meta":{"_et_pb_use_builder":"","_et_pb_old_content":"","_et_gb_content_width":""},"product_brand":[473],"product_cat":[251,84,210,243,245,240,239,244,459],"product_tag":[],"class_list":{"0":"post-987475763","1":"product","2":"type-product","3":"status-publish","4":"has-post-thumbnail","6":"product_brand-pharmos-natur","7":"product_cat-pharmos-alle-naturkosmetik","8":"product_cat-gesicht","9":"product_cat-gesichtspflege","10":"product_cat-pharmos-gesichtspflege","11":"product_cat-pharmos-hautprobleme","12":"product_cat-pharmos-naturkosmetik","13":"product_cat-pharmos-natur","14":"product_cat-pharmos-serum","15":"product_cat-rabatt-aktionen","17":"first","18":"instock","19":"taxable","20":"shipping-taxable","21":"purchasable","22":"product-type-simple"},"booking_location":null,"booking_location_type":null,"booking_duration":null,"booking_duration_unit":null,"booking_buffer":null,"booking_cost":null,"booking_resources":null,"exclude_global_add_ons":[],"addons":[],"_links":{"self":[{"href":"https:\/\/www.claresco-cosmetic.de\/kosmetik-shop\/wp-json\/wp\/v2\/product\/987475763","targetHints":{"allow":["GET"]}}],"collection":[{"href":"https:\/\/www.claresco-cosmetic.de\/kosmetik-shop\/wp-json\/wp\/v2\/product"}],"about":[{"href":"https:\/\/www.claresco-cosmetic.de\/kosmetik-shop\/wp-json\/wp\/v2\/types\/product"}],"replies":[{"embeddable":true,"href":"https:\/\/www.claresco-cosmetic.de\/kosmetik-shop\/wp-json\/wp\/v2\/comments?post=987475763"}],"wp:featuredmedia":[{"embeddable":true,"href":"https:\/\/www.claresco-cosmetic.de\/kosmetik-shop\/wp-json\/wp\/v2\/media\/987475764"}],"wp:attachment":[{"href":"https:\/\/www.claresco-cosmetic.de\/kosmetik-shop\/wp-json\/wp\/v2\/media?parent=987475763"}],"wp:term":[{"taxonomy":"product_brand","embeddable":true,"href":"https:\/\/www.claresco-cosmetic.de\/kosmetik-shop\/wp-json\/wp\/v2\/product_brand?post=987475763"},{"taxonomy":"product_cat","embeddable":true,"href":"https:\/\/www.claresco-cosmetic.de\/kosmetik-shop\/wp-json\/wp\/v2\/product_cat?post=987475763"},{"taxonomy":"product_tag","embeddable":true,"href":"https:\/\/www.claresco-cosmetic.de\/kosmetik-shop\/wp-json\/wp\/v2\/product_tag?post=987475763"}],"curies":[{"name":"wp","href":"https:\/\/api.w.org\/{rel}","templated":true}]}}