{"id":987475802,"date":"2022-06-06T13:45:37","date_gmt":"2022-06-06T11:45:37","guid":{"rendered":"https:\/\/www.claresco-cosmetic.de\/kosmetik-shop\/?post_type=product&#038;p=987475802"},"modified":"2026-03-14T15:55:03","modified_gmt":"2026-03-14T14:55:03","slug":"sun-harmony-face-protect-cream","status":"publish","type":"product","link":"https:\/\/www.claresco-cosmetic.de\/kosmetik-shop\/produkt\/sun-harmony-face-protect-cream\/","title":{"rendered":"SUN HARMONY Face Protect Cream"},"content":{"rendered":"<h5>Produktinformationen<\/h5>\n<p>Ein hervorragender und gut vertr\u00e4glicher Sonnenschutz aus dem Zusammenwirken von echten Heil- und Verj\u00fcngungspflanzen. Achiote, Sanddornfruchtfleisch, Ectoin-gesunde Mikroorganismen, Wildrosen\u00f6l, \u00d6l aus dem schwarzen Sesam Ursamen und Oryzan\u00f6l berreichern die SUN HARMONY Face Protect Cream. Zinkoxyd sichert den gesetzlich nachweisbaren Lichtschutzfaktor LSF 30.<\/p>\n<p>Die SUN HARMONY Face Protect Cream ist feuchtigkeitsspendend und stark antioxidativ. Sie wehrt freie Radikale ab und beugt sonnenbedingten Pigmentflecken wie auch F\u00e4ltchen vor. Ausgew\u00e4hlte Heil- und Verj\u00fcngungspflanzen erg\u00e4nzen sich und verst\u00e4rken gegenseitig ihre Wirkkraft. Das Erlebnis dieses vollkommenen Sonnenschutzes mit der Achiote ist f\u00fcr Sie in eine hautpflegende, zeitgem\u00e4\u00dfe und moderne Sonnenschutzkosmetik umgesetzt.<\/p>\n<p>Au\u00dfergew\u00f6hnliche Pflanzen aus aller Welt werden in achtsamer Handarbeit verarbeitet \u2013 unter Ber\u00fccksichtigung energetischer Prinzipien wie Mondphasen, 28-Tage-Rhythmen und dem Erhalt der nat\u00fcrlichen Lichtenergie (Biophotonen). In Deutschland werden sie mit moderner, schonender Technik veredelt und in nachhaltige, recyclingf\u00e4hige Verpackungen abgef\u00fcllt. Alle Leitpflanzen stammen aus zertifiziert biologischem Anbau. Die Kosmetik ist durch Eco Control gem\u00e4\u00df dem NCS-Standard f\u00fcr Naturkosmetik zertifiziert. Der zus\u00e4tzliche Qualit\u00e4tsanspruch unserer \u201eessbaren\u201c Rezepturen ist bio-lebensmittelzertifiziert. Unsere Produkte sind frei von synthetischen Duftstoffen, hormon\u00e4hnlichen Substanzen, PEGs, Nanopartikeln, Alkohol, Zitronens\u00e4ure, Parabenen und Phenoxyethanol.<\/p>\n<p>SUN HARMONY sch\u00fctzt Ihre Haut \u2013 und respektiert zugleich Meer und Umwelt.<\/p>\n<p>&nbsp;<\/p>\n<h5>Anwendung:<\/h5>\n<p>Vor dem Sonnen sorgf\u00e4ltig auftragen. Mehrfach, insbesondere nach dem Baden auftragen, um den Schutz aufrecht zu erhalten. Intensive Mittagssonne vermeiden. Kleinkinder vor direkter Sonne sch\u00fctzen.<\/p>\n<p>&nbsp;<\/p>\n<h5>Empfohlen f\u00fcr:<\/h5>\n<ul>\n<li style=\"margin-bottom: 14px;\">Sonnenallergie sch\u00fctzt vor \u2192 freien Radikalen und UV-Strahlung\u200b<\/li>\n<li style=\"margin-bottom: 14px;\">Allergien auf chemische Lichtschutzfilter \u2192 wirkt nat\u00fcrlich, antiallergen und entz\u00fcndungshemmend\u200b<\/li>\n<li style=\"margin-bottom: 14px;\">Besonders empfindliche, allergische Haut\u200b \u2192 ohne Nanopartikel &amp; hormon\u00e4hnliche Substanzen\u200b<\/li>\n<li style=\"margin-bottom: 14px;\">Alle Hauttypen \u2192 100 % vertr\u00e4glich<\/li>\n<\/ul>\n<p>&nbsp;<\/p>\n[et_pb_section global_module=\"987493041\"][\/et_pb_section]\n","protected":false},"excerpt":{"rendered":"<p>Ein nat\u00fcrlicher Sonnenschutz f\u00fcr das Gesicht mit LSF 30<\/p>\n<ul>\n<li style=\"margin-bottom: 14px;\">ohne Nanopartikel &amp; hormon\u00e4hnliche Substanzen<\/li>\n<li style=\"margin-bottom: 14px;\">sehr hautschonend und umweltfreundlich formuliert<\/li>\n<li style=\"margin-bottom: 14px;\">sch\u00fctzt vor UV-Strahlung mit LSF 30 &amp; versorgt die Haut mit Feuchtigkeit<\/li>\n<li style=\"margin-bottom: 14px;\">antioxidativ, antiallergen, entz\u00fcndungshemmend<\/li>\n<li style=\"margin-bottom: 14px;\">sch\u00fctzt vor freien Radikalen, sonnenbedingten Pigmentflecken &amp; F\u00e4ltchen<\/li>\n<li style=\"margin-bottom: 14px;\">aus echten Heil- &amp; Verj\u00fcngungspflanzen, sacred plants<\/li>\n<\/ul>\n<p>&nbsp;<\/p>\n","protected":false},"featured_media":987475803,"comment_status":"open","ping_status":"closed","template":"","meta":{"_et_pb_use_builder":"","_et_pb_old_content":"","_et_gb_content_width":""},"product_brand":[473],"product_cat":[341,251,84,243,240,239,248,114,227],"product_tag":[],"class_list":{"0":"post-987475802","1":"product","2":"type-product","3":"status-publish","4":"has-post-thumbnail","6":"product_brand-pharmos-natur","7":"product_cat-alle-angebote","8":"product_cat-pharmos-alle-naturkosmetik","9":"product_cat-gesicht","10":"product_cat-pharmos-gesichtspflege","11":"product_cat-pharmos-naturkosmetik","12":"product_cat-pharmos-natur","13":"product_cat-pharmos-sonnenpflege","14":"product_cat-sonnenprodukte","15":"product_cat-gesichtssonnenschutz","17":"first","18":"instock","19":"sale","20":"taxable","21":"shipping-taxable","22":"purchasable","23":"product-type-simple"},"booking_location":null,"booking_location_type":null,"booking_duration":null,"booking_duration_unit":null,"booking_buffer":null,"booking_cost":null,"booking_resources":null,"exclude_global_add_ons":[],"addons":[],"_links":{"self":[{"href":"https:\/\/www.claresco-cosmetic.de\/kosmetik-shop\/wp-json\/wp\/v2\/product\/987475802","targetHints":{"allow":["GET"]}}],"collection":[{"href":"https:\/\/www.claresco-cosmetic.de\/kosmetik-shop\/wp-json\/wp\/v2\/product"}],"about":[{"href":"https:\/\/www.claresco-cosmetic.de\/kosmetik-shop\/wp-json\/wp\/v2\/types\/product"}],"replies":[{"embeddable":true,"href":"https:\/\/www.claresco-cosmetic.de\/kosmetik-shop\/wp-json\/wp\/v2\/comments?post=987475802"}],"wp:featuredmedia":[{"embeddable":true,"href":"https:\/\/www.claresco-cosmetic.de\/kosmetik-shop\/wp-json\/wp\/v2\/media\/987475803"}],"wp:attachment":[{"href":"https:\/\/www.claresco-cosmetic.de\/kosmetik-shop\/wp-json\/wp\/v2\/media?parent=987475802"}],"wp:term":[{"taxonomy":"product_brand","embeddable":true,"href":"https:\/\/www.claresco-cosmetic.de\/kosmetik-shop\/wp-json\/wp\/v2\/product_brand?post=987475802"},{"taxonomy":"product_cat","embeddable":true,"href":"https:\/\/www.claresco-cosmetic.de\/kosmetik-shop\/wp-json\/wp\/v2\/product_cat?post=987475802"},{"taxonomy":"product_tag","embeddable":true,"href":"https:\/\/www.claresco-cosmetic.de\/kosmetik-shop\/wp-json\/wp\/v2\/product_tag?post=987475802"}],"curies":[{"name":"wp","href":"https:\/\/api.w.org\/{rel}","templated":true}]}}