{"id":987475818,"date":"2022-06-06T18:48:49","date_gmt":"2022-06-06T16:48:49","guid":{"rendered":"https:\/\/www.claresco-cosmetic.de\/kosmetik-shop\/?post_type=product&#038;p=987475818"},"modified":"2026-03-14T15:58:01","modified_gmt":"2026-03-14T14:58:01","slug":"sun-harmony-tanning-oil","status":"publish","type":"product","link":"https:\/\/www.claresco-cosmetic.de\/kosmetik-shop\/produkt\/sun-harmony-tanning-oil\/","title":{"rendered":"SUN HARMONY Tanning Oil"},"content":{"rendered":"<h5>Produktinformationen<\/h5>\n<p>Reine Begeisterung \u2013 dieses Sonnen\u00f6l! <strong>Eine vollkommen nat\u00fcrliche Sonnenpflege<\/strong>, reich an wertvollen Pflanzen\u00f6len aus traditionellen Heil- und Verj\u00fcngungspflanzen, auch als sacred plants bekannt. Achiote, schwarzer Sesam, Walnusskern\u00f6l sowie Hanf-, Sanddorn- und Carancha\u00f6l verbinden sich zu einer harmonischen Pflegeformel, die ihr ganzheitliches Potenzial entfaltet. Die naturbelassenen \u00d6le geben ihre kostbaren Inhaltsstoffe besonders sanft frei und sorgen so f\u00fcr ein wohltuendes Hautgef\u00fchl.<\/p>\n<p>Dank ihrer antioxidativen Wirkung tragen diese pflanzlichen Inhaltsstoffe dazu bei, die Haut vor sch\u00e4dlichen Umwelteinfl\u00fcssen zu sch\u00fctzen. Die Rezeptur st\u00e4rkt die nat\u00fcrliche Hautbarriere, unterst\u00fctzt die Neutralisierung freier Radikale und kann die k\u00f6rpereigene Melaninbildung anregen \u2013 f\u00fcr eine schonend gebr\u00e4unte Haut mit eigenem Schutzmechanismus.<\/p>\n<p>Gleichzeitig pflegt das Sonnen\u00f6l die Haut intensiv und versorgt sie mit wichtigen n\u00e4hrenden Pflanzenstoffen. Es f\u00f6rdert ein harmonisches Hautbild und regt die Regeneration der Haut an. Das Bio-Sonnen\u00f6l schenkt der Haut einen zarten Bronzeton, der f\u00fcr einen nat\u00fcrlich frischen Sommerglanz sorgt.<\/p>\n<p>Ein Gedanke begleitet uns dabei stets: F\u00fcr alles Leben \u2013 ob Pflanzen, Tiere oder Menschen \u2013 ist die Sonne die Quelle von Licht, W\u00e4rme und Energie. Seit jeher steht Licht f\u00fcr Lebenskraft und nat\u00fcrliche Vitalit\u00e4t.<\/p>\n<p>&nbsp;<\/p>\n<h5>Anwendung:<\/h5>\n<p>Tragen Sie das TANNING OIL pur oder 1:1 gemischt mit der FACE PROTECT CREAM auf. Lassen Sie es gut einziehen.<\/p>\n<p>&nbsp;<\/p>\n<h5>Empfohlen f\u00fcr:<\/h5>\n<ul>\n<li style=\"margin-bottom: 14px;\">Besonders sensible, allergische Haut \u2192 wirkt 100% nat\u00fcrlich und sch\u00fctzt sensible Haut\u200b<\/li>\n<li style=\"margin-bottom: 14px;\">Vitiligo und pigmentlose Flecken \u2192 f\u00f6rdert die Repigmentierung der Haut<\/li>\n<li style=\"margin-bottom: 14px;\">Alle Hauttypen \u2192 100 % vertr\u00e4glich<\/li>\n<\/ul>\n<p>&nbsp;<\/p>\n[et_pb_section global_module=\"987493092\"][\/et_pb_section]\n","protected":false},"excerpt":{"rendered":"<p>Nat\u00fcrliches Sonnen\u00f6l aus schwarzem Sesam Ursamen und Achiote\u200b<\/p>\n<p>&nbsp;<\/p>\n<ul>\n<li style=\"margin-bottom: 14px;\">100% nat\u00fcrlicher Sonnenschutz mit starker antioxidativer Wirkung\u200b<\/li>\n<li style=\"margin-bottom: 14px;\">unterst\u00fctzt die heuteigene Schutzfunktion bei UV-Strahlung<\/li>\n<li style=\"margin-bottom: 14px;\">pflegt, sch\u00fctzt, harmonisiert &amp; kann zur Vitamin-D-Bildung beitragen<\/li>\n<li style=\"margin-bottom: 14px;\">f\u00f6rdert die nat\u00fcrliche Melaninbildung f\u00fcr eine sanft gebr\u00e4unte Haut<\/li>\n<li style=\"margin-bottom: 14px;\">begleitend bei sonnenbedingten Pigmentver\u00e4nderungen\u200b<\/li>\n<li style=\"margin-bottom: 14px;\">mit einer F\u00fclle an Biophotonen<\/li>\n<li style=\"margin-bottom: 14px;\">aus echten Heil- und Verj\u00fcngungspflanzen, sacred plants<\/li>\n<\/ul>\n","protected":false},"featured_media":987493086,"comment_status":"open","ping_status":"closed","template":"","meta":{"_et_pb_use_builder":"","_et_pb_old_content":"","_et_gb_content_width":""},"product_brand":[473],"product_cat":[251,85,213,240,239,248,228],"product_tag":[],"class_list":{"0":"post-987475818","1":"product","2":"type-product","3":"status-publish","4":"has-post-thumbnail","6":"product_brand-pharmos-natur","7":"product_cat-pharmos-alle-naturkosmetik","8":"product_cat-koerper","9":"product_cat-koerperpflege","10":"product_cat-pharmos-naturkosmetik","11":"product_cat-pharmos-natur","12":"product_cat-pharmos-sonnenpflege","13":"product_cat-koerpersonnenschutz","14":"pa_inhalt-60ml","16":"first","17":"onbackorder","18":"taxable","19":"shipping-taxable","20":"purchasable","21":"product-type-simple"},"booking_location":null,"booking_location_type":null,"booking_duration":null,"booking_duration_unit":null,"booking_buffer":null,"booking_cost":null,"booking_resources":null,"exclude_global_add_ons":[],"addons":[],"_links":{"self":[{"href":"https:\/\/www.claresco-cosmetic.de\/kosmetik-shop\/wp-json\/wp\/v2\/product\/987475818","targetHints":{"allow":["GET"]}}],"collection":[{"href":"https:\/\/www.claresco-cosmetic.de\/kosmetik-shop\/wp-json\/wp\/v2\/product"}],"about":[{"href":"https:\/\/www.claresco-cosmetic.de\/kosmetik-shop\/wp-json\/wp\/v2\/types\/product"}],"replies":[{"embeddable":true,"href":"https:\/\/www.claresco-cosmetic.de\/kosmetik-shop\/wp-json\/wp\/v2\/comments?post=987475818"}],"wp:featuredmedia":[{"embeddable":true,"href":"https:\/\/www.claresco-cosmetic.de\/kosmetik-shop\/wp-json\/wp\/v2\/media\/987493086"}],"wp:attachment":[{"href":"https:\/\/www.claresco-cosmetic.de\/kosmetik-shop\/wp-json\/wp\/v2\/media?parent=987475818"}],"wp:term":[{"taxonomy":"product_brand","embeddable":true,"href":"https:\/\/www.claresco-cosmetic.de\/kosmetik-shop\/wp-json\/wp\/v2\/product_brand?post=987475818"},{"taxonomy":"product_cat","embeddable":true,"href":"https:\/\/www.claresco-cosmetic.de\/kosmetik-shop\/wp-json\/wp\/v2\/product_cat?post=987475818"},{"taxonomy":"product_tag","embeddable":true,"href":"https:\/\/www.claresco-cosmetic.de\/kosmetik-shop\/wp-json\/wp\/v2\/product_tag?post=987475818"}],"curies":[{"name":"wp","href":"https:\/\/api.w.org\/{rel}","templated":true}]}}