{"id":987475888,"date":"2022-06-08T18:10:22","date_gmt":"2022-06-08T16:10:22","guid":{"rendered":"https:\/\/www.claresco-cosmetic.de\/kosmetik-shop\/?post_type=product&#038;p=987475888"},"modified":"2025-12-31T18:21:06","modified_gmt":"2025-12-31T17:21:06","slug":"after-shave-effect-serum","status":"publish","type":"product","link":"https:\/\/www.claresco-cosmetic.de\/kosmetik-shop\/produkt\/after-shave-effect-serum\/","title":{"rendered":"Nature of Men Effect Serum"},"content":{"rendered":"<h5>Produktinformationen<\/h5>\n<p>Sie werden gerne umsorgt und gepflegt? Ganz individuell? \u00dcberzeugen Sie sich einfach selbst, was f\u00fcr einen Effect dieses Serum hat. Denn M\u00e4nner sind anders. Und ihre Haut auch. \u200bAfter Shave &amp; Pflegebooster in einem hochwirksamen Feuchtigkeits- und \u00d6l-Serum. Diese Textur ist ein Highlight mit Cranberry, Traubenkern-\u00d6l, nat\u00fcrlichem Hyaluron und dem 100% reinen Aloe Vera Bio Ursaft anstelle von Wasser.<\/p>\n<p>Das Nature of Men EFFECT SERUM ist echte Wellness f\u00fcr Ihre Haut. Und damit es ganz einfach geht, erf\u00fcllt es gleich unterschiedliche Aufgaben: Entz\u00fcndungen wird vorgebeugt, Irritationen klingen rasch ab.<\/p>\n<p>Auf und in der Haut entsteht ein angenehmes und tiefes Wohlgef\u00fchl. Es gl\u00e4ttet, strafft &#8211; auch die Halspartie &#8211; und regeneriert Ihre Haut. Gleichzeitig verfeinert es die Poren, mindert F\u00e4ltchen und die F\u00e4ltchentiefe. Ein After Shave Serum und Pflegebooster, das\u00a0 Feuchtigkeit spendet, vitalisiert und Ihre Haut bzw. den Hautstoffwechsel harmonisiert. \u200b<\/p>\n<p>Perfekte Pflege, umfassender Schutz und tiefe Regeneration mit heilender Mehrfachwirkung. Durch seine leichte und gleichzeitig reichhaltige Zusammensetzung zieht das After Shave Serum sofort ein und spendet viel Feuchtigkeit. Es wirkt zellerneuernd und energetisierend. Und es ist auch ideal f\u00fcr sensible Haut. Echte Wirkstoffe aus der Natur aktivieren Ihre nat\u00fcrliche Lebensenergie.<\/p>\n<p>&nbsp;<\/p>\n<h5>Anwendung:<\/h5>\n<p>Tragen Sie das EFFECT SERUM morgens und abends gleichm\u00e4\u00dfig auf Ihre gereinigte Haut auf. Bei Bedarf mischen Sie einige Tropfen SKIN &amp; BEARD OIL dazu. Verwenden Sie das EFFECT SERUM auch unbedingt nach der Rasur.<\/p>\n<p>&nbsp;<\/p>\n<h5>Empfohlen f\u00fcr:<\/h5>\n<ul>\n<li>Besonders empfindliche Haut \u2192 <em>pflegt, sch\u00fctzt und regeneriert die Haut\u200b<\/em><\/li>\n<li>Gereizte Haut \u2192 <em>wirkt regenerierend und beruhigend nach der Rasur<\/em><\/li>\n<li>Entz\u00fcndungen und eingewachsene Haare \u2192 <em>wirkt vorbeugend\u200b<\/em><\/li>\n<li>Alle Hauttypen \u2192 <em>100 % vertr\u00e4glich<\/em><\/li>\n<\/ul>\n<p>&nbsp;<\/p>\n<p>&nbsp;<\/p>\n[et_pb_section global_module=\"987493092\"][\/et_pb_section]\n","protected":false},"excerpt":{"rendered":"<p>Schnell einziehendes After-Shave und Pflegeserum<\/p>\n<p>&nbsp;<\/p>\n<ul>\n<li>Pflege, Schutz &amp; Regeneration<\/li>\n<li>zieht schnell und ohne Fettglanz ein\u200b<\/li>\n<li>gl\u00e4ttend, straffend, regenerierend, beruhigend, feuchtigkeitsspendend &amp; entz\u00fcndungshemmend\u200b<\/li>\n<li>Irritationen klingen rasch ab\u200b<\/li>\n<li>aus echten Heil- und Verj\u00fcngungspflanzen, sacred plants<\/li>\n<\/ul>\n<p>&nbsp;<\/p>\n","protected":false},"featured_media":987475877,"comment_status":"open","ping_status":"closed","template":"","meta":{"_et_pb_use_builder":"","_et_pb_old_content":"","_et_gb_content_width":""},"product_brand":[473],"product_cat":[251,84,210,243,247,240,239,244],"product_tag":[],"class_list":{"0":"post-987475888","1":"product","2":"type-product","3":"status-publish","4":"has-post-thumbnail","6":"product_brand-pharmos-natur","7":"product_cat-pharmos-alle-naturkosmetik","8":"product_cat-gesicht","9":"product_cat-gesichtspflege","10":"product_cat-pharmos-gesichtspflege","11":"product_cat-pharmos-maennerpflege","12":"product_cat-pharmos-naturkosmetik","13":"product_cat-pharmos-natur","14":"product_cat-pharmos-serum","16":"first","17":"onbackorder","18":"taxable","19":"shipping-taxable","20":"purchasable","21":"product-type-simple"},"booking_location":null,"booking_location_type":null,"booking_duration":null,"booking_duration_unit":null,"booking_buffer":null,"booking_cost":null,"booking_resources":null,"exclude_global_add_ons":[],"addons":[],"_links":{"self":[{"href":"https:\/\/www.claresco-cosmetic.de\/kosmetik-shop\/wp-json\/wp\/v2\/product\/987475888","targetHints":{"allow":["GET"]}}],"collection":[{"href":"https:\/\/www.claresco-cosmetic.de\/kosmetik-shop\/wp-json\/wp\/v2\/product"}],"about":[{"href":"https:\/\/www.claresco-cosmetic.de\/kosmetik-shop\/wp-json\/wp\/v2\/types\/product"}],"replies":[{"embeddable":true,"href":"https:\/\/www.claresco-cosmetic.de\/kosmetik-shop\/wp-json\/wp\/v2\/comments?post=987475888"}],"wp:featuredmedia":[{"embeddable":true,"href":"https:\/\/www.claresco-cosmetic.de\/kosmetik-shop\/wp-json\/wp\/v2\/media\/987475877"}],"wp:attachment":[{"href":"https:\/\/www.claresco-cosmetic.de\/kosmetik-shop\/wp-json\/wp\/v2\/media?parent=987475888"}],"wp:term":[{"taxonomy":"product_brand","embeddable":true,"href":"https:\/\/www.claresco-cosmetic.de\/kosmetik-shop\/wp-json\/wp\/v2\/product_brand?post=987475888"},{"taxonomy":"product_cat","embeddable":true,"href":"https:\/\/www.claresco-cosmetic.de\/kosmetik-shop\/wp-json\/wp\/v2\/product_cat?post=987475888"},{"taxonomy":"product_tag","embeddable":true,"href":"https:\/\/www.claresco-cosmetic.de\/kosmetik-shop\/wp-json\/wp\/v2\/product_tag?post=987475888"}],"curies":[{"name":"wp","href":"https:\/\/api.w.org\/{rel}","templated":true}]}}