{"id":987475889,"date":"2022-06-08T19:16:56","date_gmt":"2022-06-08T17:16:56","guid":{"rendered":"https:\/\/www.claresco-cosmetic.de\/kosmetik-shop\/?post_type=product&#038;p=987475889"},"modified":"2025-12-31T18:21:04","modified_gmt":"2025-12-31T17:21:04","slug":"body-power-lotion","status":"publish","type":"product","link":"https:\/\/www.claresco-cosmetic.de\/kosmetik-shop\/produkt\/body-power-lotion\/","title":{"rendered":"Body &#038; Power Lotion"},"content":{"rendered":"<h5>Produktinformationen<\/h5>\n<p>Frauen finden, dass auch die \u00e4u\u00dferen Werte bei M\u00e4nnern z\u00e4hlen. Was halten Sie davon und was denken Sie? Mit dieser Body Lotion f\u00fcr M\u00e4nner treffen Sie diesbez\u00fcglich auf jeden Fall ins Schwarze. \u200b<\/p>\n<p>100% reiner Aloe Vera Bio Ursaft anstelle von Wasser. Mit Jojoba, Weihrauch und Minze. Unsere Aloe Vera Lotion zieht tief in die Haut ein, sorgt f\u00fcr ein geschmeidiges Hautgef\u00fchl und eine gest\u00e4rkte Hautbarriere. Ihre Zellerneuerung wird angeregt. \u200b<\/p>\n<p>Das macht Sie noch sch\u00f6ner. Die Body Lotion ist eine Wohltat bei Muskel- und Gelenkschmerzen. Irritationen auf der Haut klingen rasch ab. Ihr Hautstoffwechsel wird aktiviert, die Durchblutung gef\u00f6rdert, M\u00fcdigkeit und Stress lassen nach, die Feuchtigkeits-Depots in Ihrer Haut sind gut gef\u00fcllt. \u200bDiese revitalisierende BODY &amp; POWER LOTION verleiht Ihrer Haut unmittelbar ein frisches Aussehen. Prickelnde Lebendigkeit, Vitalit\u00e4t und Energie pulsieren in all Ihren Zellen. Straff und glatt zeigt sie sich dann von ihrer besten Seite. Ein ganz neues K\u00f6rpergef\u00fchl! 100% Natur, die wirkt.<\/p>\n<p>&nbsp;<\/p>\n<h5>Anwendung:<\/h5>\n<p>Tragen Sie die BODY &amp; POWER LOTION gleichm\u00e4\u00dfig auf den K\u00f6rper, besonders auch auf Ihre Gelenke auf und massieren Sie sie sorgf\u00e4ltig ein.<\/p>\n<p>&nbsp;<\/p>\n<h5>Empfohlen f\u00fcr:<\/h5>\n<ul>\n<li>Schwere Beine &amp; Venenprobleme \u2192 <em>vitalisiert und st\u00e4rkt\u200b<\/em><\/li>\n<li>K\u00f6rperliche Bet\u00e4tigung &amp; Sport \u2192 <em>st\u00e4rkende Pflegelotion f\u00fcr danach \u200b<\/em><\/li>\n<li>Sonnengesch\u00e4digte Haut &amp; Keratosen \u2192 <em>regeneriert und spendet Feuchtigkeit\u200b<\/em><\/li>\n<li>Alle Hauttypen \u2192 <em>revitalisiert und sorgt f\u00fcr frische, glatte Haut\u200b<\/em><\/li>\n<li>Die Glatze \u2192 <em>zur Pflege der Kopfhaut<\/em><\/li>\n<\/ul>\n<p>&nbsp;<\/p>\n[et_pb_section global_module=\"987493092\"][\/et_pb_section]\n","protected":false},"excerpt":{"rendered":"<p>Feuchtigkeitsspendende Bodylotion mit Bio Aloe Vera und Weihrauch f\u00fcr M\u00e4nner<\/p>\n<p>&nbsp;<\/p>\n<ul>\n<li>revitalisierende Body Lotion f\u00fcr frische, glatte Haut\u200b<\/li>\n<li>eine Wohltat f\u00fcr Muskeln und Gelenke\u200b<\/li>\n<li>Feuchtigkeitsdepots werden gef\u00fcllt &amp; die Zellerneuerung angeregt<\/li>\n<li>Irritationen klingen rasch ab\u200b<\/li>\n<li>wirkungsvoll bei Keratosen \u200b<\/li>\n<li>aus echten Heil- und Verj\u00fcngungspflanzen, sacred plants\u200b<\/li>\n<\/ul>\n","protected":false},"featured_media":987475876,"comment_status":"open","ping_status":"closed","template":"","meta":{"_et_pb_use_builder":"","_et_pb_old_content":"","_et_gb_content_width":""},"product_brand":[473],"product_cat":[251,85,249,213,247,240,239],"product_tag":[],"class_list":{"0":"post-987475889","1":"product","2":"type-product","3":"status-publish","4":"has-post-thumbnail","6":"product_brand-pharmos-natur","7":"product_cat-pharmos-alle-naturkosmetik","8":"product_cat-koerper","9":"product_cat-pharmos-koerperpflege","10":"product_cat-koerperpflege","11":"product_cat-pharmos-maennerpflege","12":"product_cat-pharmos-naturkosmetik","13":"product_cat-pharmos-natur","15":"first","16":"onbackorder","17":"taxable","18":"shipping-taxable","19":"purchasable","20":"product-type-simple"},"booking_location":null,"booking_location_type":null,"booking_duration":null,"booking_duration_unit":null,"booking_buffer":null,"booking_cost":null,"booking_resources":null,"exclude_global_add_ons":[],"addons":[],"_links":{"self":[{"href":"https:\/\/www.claresco-cosmetic.de\/kosmetik-shop\/wp-json\/wp\/v2\/product\/987475889","targetHints":{"allow":["GET"]}}],"collection":[{"href":"https:\/\/www.claresco-cosmetic.de\/kosmetik-shop\/wp-json\/wp\/v2\/product"}],"about":[{"href":"https:\/\/www.claresco-cosmetic.de\/kosmetik-shop\/wp-json\/wp\/v2\/types\/product"}],"replies":[{"embeddable":true,"href":"https:\/\/www.claresco-cosmetic.de\/kosmetik-shop\/wp-json\/wp\/v2\/comments?post=987475889"}],"wp:featuredmedia":[{"embeddable":true,"href":"https:\/\/www.claresco-cosmetic.de\/kosmetik-shop\/wp-json\/wp\/v2\/media\/987475876"}],"wp:attachment":[{"href":"https:\/\/www.claresco-cosmetic.de\/kosmetik-shop\/wp-json\/wp\/v2\/media?parent=987475889"}],"wp:term":[{"taxonomy":"product_brand","embeddable":true,"href":"https:\/\/www.claresco-cosmetic.de\/kosmetik-shop\/wp-json\/wp\/v2\/product_brand?post=987475889"},{"taxonomy":"product_cat","embeddable":true,"href":"https:\/\/www.claresco-cosmetic.de\/kosmetik-shop\/wp-json\/wp\/v2\/product_cat?post=987475889"},{"taxonomy":"product_tag","embeddable":true,"href":"https:\/\/www.claresco-cosmetic.de\/kosmetik-shop\/wp-json\/wp\/v2\/product_tag?post=987475889"}],"curies":[{"name":"wp","href":"https:\/\/api.w.org\/{rel}","templated":true}]}}