{"id":987475900,"date":"2022-06-08T20:11:33","date_gmt":"2022-06-08T18:11:33","guid":{"rendered":"https:\/\/www.claresco-cosmetic.de\/kosmetik-shop\/?post_type=product&#038;p=987475900"},"modified":"2025-12-31T18:21:09","modified_gmt":"2025-12-31T17:21:09","slug":"skin-beard-oil","status":"publish","type":"product","link":"https:\/\/www.claresco-cosmetic.de\/kosmetik-shop\/produkt\/skin-beard-oil\/","title":{"rendered":"Skin &#038; Beard Oil"},"content":{"rendered":"<h5>Produktinformationen<\/h5>\n<p>Ein echtes Allroundtalent f\u00fcr Haut und Barthaar ist dieses wertvolle Bart\u00f6l aus dem schwarzem Sesam Ursamen, Arganfrucht, Sonnenblume und wilder Sojabohne. Mit dem Duft nach Ackerminze, Bergamotte und Weihrauch.<\/p>\n<p>Vielfalt in einem wunderbaren Produkt. \u200bMit seinem hohen Gehalt an Lecithin, den Antioxidantien Sesamol und Sesamolin sowie Omega Fetts\u00e4uren st\u00e4rkt es die Hautfunktionen, stimuliert das Zellwachstum und bindet Feuchtigkeit. Wertvolle Lipide n\u00e4hren Ihre Haut, wirken entz\u00fcndungshemmend und stehen f\u00fcr eine intensive Regeneration. \u200b<\/p>\n<p>Ihre Haut unter dem Bart wird in der Tiefe gepflegt, so dass das Barthaar gesund wachsen kann und eine nat\u00fcrliche Elastizit\u00e4t und Spannkraft bekommt und erh\u00e4lt. Aufgrund seiner besonderen Haptik zieht das \u00d6l ganz leicht in die Haut ein, \u200bumschlie\u00dft das Barthaar gleichzeitig wie ein sch\u00fctzender Mantel und wirkt harmonisierend. F\u00fcr gl\u00e4nzendes, gesundes Barthaar und geschmeidige Haut. Erstklassige Pflege, wie \u201eMann\u201c sie versteht. Einfach Natur, die wirkt.<\/p>\n<p>&nbsp;<\/p>\n<h5>Anwendung:<\/h5>\n<p>Massieren Sie einige Tropfen pur in den Bart ein und nehmen Sie auch etwas \u200bSKIN &amp; BEARD OIL unter das Effect Serum. \u200b Oder mischen Sie ein paar Tropfen mit dem Effect Serum direkt in der Hand, bevor Sie es auftragen.<\/p>\n<p>&nbsp;<\/p>\n<h5>Empfohlen f\u00fcr:<\/h5>\n<ul>\n<li>Empfindliche Haut \u2192 <em>beruhigt und harmonisiert\u200b<\/em><\/li>\n<li>Irritierte, unreine Haut \u2192 <em>wirkt entz\u00fcndungshemmend bei Unreinheiten\u200b<\/em><\/li>\n<li>Seborrhoea Sicca \u2192 <em>reguliert die Talgproduktion und sch\u00fctzt die Zellmembran\u200b<\/em><\/li>\n<li>Spliss und trockene Haarspitzen \u2192 <em>sorgt f\u00fcr gl\u00e4nzendes &amp; gesundes Haar\u200b<\/em><\/li>\n<li>Bartflechte \u2192 <em>wirkt Hautinfektionen entgegen\u200b<\/em><\/li>\n<li>Alle Hauttypen \u2192 <em>unterst\u00fctzt das Feuchtigkeitsbindeverm\u00f6gen \u200b<\/em><\/li>\n<\/ul>\n<p>&nbsp;<\/p>\n","protected":false},"excerpt":{"rendered":"<p>Entz\u00fcndungshemmendes \u00d6l f\u00fcr irritierte Haut<\/p>\n<p>&nbsp;<\/p>\n<ul>\n<li style=\"margin-bottom: 12px;\">beruhigt empfindliche Haut &amp; wirkt entz\u00fcndungshemmend bei Unreinheiten\u200b<\/li>\n<li style=\"margin-bottom: 12px;\">reguliert die Talgproduktion, sch\u00fctzt die Zellmembran &amp; verhindert \u00dcberverhornung\u200b<\/li>\n<li style=\"margin-bottom: 12px;\">unterst\u00fctzt das Feuchtigkeitsbindeverm\u00f6gen\u200b<\/li>\n<li style=\"margin-bottom: 12px;\">sorgt f\u00fcr gl\u00e4nzendes &amp; gesundes Haar\u200b<\/li>\n<li>aus echten Heil- und Verj\u00fcngungspflanzen, sacred plants<\/li>\n<\/ul>\n","protected":false},"featured_media":987475881,"comment_status":"open","ping_status":"closed","template":"","meta":{"_et_pb_use_builder":"","_et_pb_old_content":"","_et_gb_content_width":""},"product_brand":[473],"product_cat":[251,84,243,210,247,240,239],"product_tag":[],"class_list":{"0":"post-987475900","1":"product","2":"type-product","3":"status-publish","4":"has-post-thumbnail","6":"product_brand-pharmos-natur","7":"product_cat-pharmos-alle-naturkosmetik","8":"product_cat-gesicht","9":"product_cat-pharmos-gesichtspflege","10":"product_cat-gesichtspflege","11":"product_cat-pharmos-maennerpflege","12":"product_cat-pharmos-naturkosmetik","13":"product_cat-pharmos-natur","15":"first","16":"onbackorder","17":"taxable","18":"shipping-taxable","19":"purchasable","20":"product-type-simple"},"booking_location":null,"booking_location_type":null,"booking_duration":null,"booking_duration_unit":null,"booking_buffer":null,"booking_cost":null,"booking_resources":null,"exclude_global_add_ons":[],"addons":[],"_links":{"self":[{"href":"https:\/\/www.claresco-cosmetic.de\/kosmetik-shop\/wp-json\/wp\/v2\/product\/987475900","targetHints":{"allow":["GET"]}}],"collection":[{"href":"https:\/\/www.claresco-cosmetic.de\/kosmetik-shop\/wp-json\/wp\/v2\/product"}],"about":[{"href":"https:\/\/www.claresco-cosmetic.de\/kosmetik-shop\/wp-json\/wp\/v2\/types\/product"}],"replies":[{"embeddable":true,"href":"https:\/\/www.claresco-cosmetic.de\/kosmetik-shop\/wp-json\/wp\/v2\/comments?post=987475900"}],"wp:featuredmedia":[{"embeddable":true,"href":"https:\/\/www.claresco-cosmetic.de\/kosmetik-shop\/wp-json\/wp\/v2\/media\/987475881"}],"wp:attachment":[{"href":"https:\/\/www.claresco-cosmetic.de\/kosmetik-shop\/wp-json\/wp\/v2\/media?parent=987475900"}],"wp:term":[{"taxonomy":"product_brand","embeddable":true,"href":"https:\/\/www.claresco-cosmetic.de\/kosmetik-shop\/wp-json\/wp\/v2\/product_brand?post=987475900"},{"taxonomy":"product_cat","embeddable":true,"href":"https:\/\/www.claresco-cosmetic.de\/kosmetik-shop\/wp-json\/wp\/v2\/product_cat?post=987475900"},{"taxonomy":"product_tag","embeddable":true,"href":"https:\/\/www.claresco-cosmetic.de\/kosmetik-shop\/wp-json\/wp\/v2\/product_tag?post=987475900"}],"curies":[{"name":"wp","href":"https:\/\/api.w.org\/{rel}","templated":true}]}}