{"id":987476092,"date":"2022-06-26T20:52:43","date_gmt":"2022-06-26T18:52:43","guid":{"rendered":"https:\/\/www.claresco-cosmetic.de\/kosmetik-shop\/?post_type=product&#038;p=987476092"},"modified":"2026-03-13T11:36:40","modified_gmt":"2026-03-13T10:36:40","slug":"bio-lifting","status":"publish","type":"product","link":"https:\/\/www.claresco-cosmetic.de\/kosmetik-shop\/produkt\/bio-lifting\/","title":{"rendered":"BIO-Lifting"},"content":{"rendered":"<h5>Beschreibung:<\/h5>\n<p>Nat\u00fcrliche Impulse f\u00fcr echte und schnelle Straffung und Regeneration. Linien und F\u00e4ltchen werden deutlich sichtbar reduziert. Ein ebenm\u00e4\u00dfiges, glattes und verj\u00fcngtes Hautbild l\u00e4sst Sie von innen nach au\u00dfen strahlen!<\/p>\n<p>&nbsp;<\/p>\n<h5>Nutzen:<\/h5>\n<ul>\n<li>F\u00fcr regenerationsbed\u00fcrftige, m\u00fcde und schlaffe Haut<\/li>\n<li>F\u00fcr trockene Haut<\/li>\n<li>Bei vorzeitiger Hautalterung<\/li>\n<\/ul>\n<p>&nbsp;<\/p>\n<h5>Wirkung:<strong>\u00a0<\/strong><\/h5>\n<ul>\n<li>Zellerneuernd und regenerierend<\/li>\n<li>Sofort sichtbare Straffung<\/li>\n<li>Die Haut ist glatt und gut gen\u00e4hrt<\/li>\n<\/ul>\n<p>&nbsp;<\/p>\n<h5>Besonderheiten:<\/h5>\n<ul>\n<li>Aloe Vera Frischblattanwendung<\/li>\n<li>Achtsame Ber\u00fchrungen nach der Pharmos Natur Methode<\/li>\n<\/ul>\n","protected":false},"excerpt":{"rendered":"<ul>\n<li>100% nat\u00fcrliches Bio-Lifting<\/li>\n<li>Hautverj\u00fcngenden Kostbarkeiten aus der Natur verw\u00f6hnen Sie<\/li>\n<li>Mit reiner Bio-Aloe-Vera und schwarzem Sesam aus dem Himalaya<\/li>\n<\/ul>\n<p>&nbsp;<\/p>\n<p>Wahlweise 60min oder 90min<\/p>\n","protected":false},"featured_media":987480187,"comment_status":"open","ping_status":"closed","template":"","meta":{"_et_pb_use_builder":"off","_et_pb_old_content":"<strong>Dieser Service beinhaltet:<\/strong>\r\n<ul>\r\n \t<li>\u00dcbergang bestehender Nagelmodellage feilen<\/li>\r\n \t<li>in Form feilen<\/li>\r\n \t<li>Nagelhaut entfernen<\/li>\r\n \t<li>Gel\u00fcberzug \/ Rebalancierung in Frenchoptik oder mit Glitzer\u00fcberzug<\/li>\r\n \t<li>Hand & Nagelpflege<\/li>\r\n<\/ul>","_et_gb_content_width":""},"product_brand":[],"product_cat":[107,267,81],"product_tag":[],"class_list":{"0":"post-987476092","1":"product","2":"type-product","3":"status-publish","4":"has-post-thumbnail","6":"product_cat-termine-gesicht","7":"product_cat-termine-greenluxury","8":"product_cat-termine","10":"first","11":"instock","12":"virtual","13":"sold-individually","14":"taxable","15":"purchasable","16":"product-type-booking"},"booking_location":"","booking_location_type":"","booking_duration":30,"booking_duration_unit":"minute","booking_buffer":10,"booking_cost":0,"booking_resources":[987471011],"exclude_global_add_ons":[],"addons":[],"_links":{"self":[{"href":"https:\/\/www.claresco-cosmetic.de\/kosmetik-shop\/wp-json\/wp\/v2\/product\/987476092","targetHints":{"allow":["GET"]}}],"collection":[{"href":"https:\/\/www.claresco-cosmetic.de\/kosmetik-shop\/wp-json\/wp\/v2\/product"}],"about":[{"href":"https:\/\/www.claresco-cosmetic.de\/kosmetik-shop\/wp-json\/wp\/v2\/types\/product"}],"replies":[{"embeddable":true,"href":"https:\/\/www.claresco-cosmetic.de\/kosmetik-shop\/wp-json\/wp\/v2\/comments?post=987476092"}],"wp:featuredmedia":[{"embeddable":true,"href":"https:\/\/www.claresco-cosmetic.de\/kosmetik-shop\/wp-json\/wp\/v2\/media\/987480187"}],"wp:attachment":[{"href":"https:\/\/www.claresco-cosmetic.de\/kosmetik-shop\/wp-json\/wp\/v2\/media?parent=987476092"}],"wp:term":[{"taxonomy":"product_brand","embeddable":true,"href":"https:\/\/www.claresco-cosmetic.de\/kosmetik-shop\/wp-json\/wp\/v2\/product_brand?post=987476092"},{"taxonomy":"product_cat","embeddable":true,"href":"https:\/\/www.claresco-cosmetic.de\/kosmetik-shop\/wp-json\/wp\/v2\/product_cat?post=987476092"},{"taxonomy":"product_tag","embeddable":true,"href":"https:\/\/www.claresco-cosmetic.de\/kosmetik-shop\/wp-json\/wp\/v2\/product_tag?post=987476092"}],"curies":[{"name":"wp","href":"https:\/\/api.w.org\/{rel}","templated":true}]}}