{"id":987476098,"date":"2022-06-27T11:11:05","date_gmt":"2022-06-27T09:11:05","guid":{"rendered":"https:\/\/www.claresco-cosmetic.de\/kosmetik-shop\/?post_type=product&#038;p=987476098"},"modified":"2024-12-06T20:58:34","modified_gmt":"2024-12-06T19:58:34","slug":"men-only","status":"publish","type":"product","link":"https:\/\/www.claresco-cosmetic.de\/kosmetik-shop\/produkt\/men-only\/","title":{"rendered":"MEN Only"},"content":{"rendered":"<p>Pure Pflanzenkraft aus sacred plants. Die M\u00e4nnerpflege aus Heil- und Verj\u00fcngungspflanzen wird ihren individuellen Bed\u00fcrfnissen und besonderen Anspr\u00fcchen in jeder Hinsicht gerecht.<\/p>\n<p>&nbsp;<\/p>\n<h5>Nutzen:<\/h5>\n<ul>\n<li>M\u00e4nnerhaut braucht oft besondere Unterst\u00fctzung, denn die Gesichtshaut des Mannes muss h\u00e4ufig mehr aushalten.<\/li>\n<li>Die t\u00e4gliche Rasur schw\u00e4cht die hauteigene Barriere, klassischer Rasierschaum- oder Seifenprodukte trocknen die Haut zus\u00e4tzlich aus. Ein m\u00f6glichst sanftes, pH-neutrales Produkt hilft, den sch\u00fctzenden Lipidfilm der Haut intakt zu halten.<\/li>\n<li>Mit MEN Only spendieren wir Ihrer Haut neue Leuchtkraft und Ausstrahlung und helfen ihr dabei, sich selbst zu regenerieren.<\/li>\n<li>Frische, Power, Energie. Sie sehen klasse aus. Natur, die wirkt!<\/li>\n<\/ul>\n<p>&nbsp;<\/p>\n<h5>Wirkung:<strong>\u00a0<\/strong><\/h5>\n<ul>\n<li>Zellerneuernd<\/li>\n<li>Regenerierend<\/li>\n<li>Frisches und gepflegtes Aussehen<\/li>\n<li>Entspanntes Wohlgef\u00fchl und neue Energie<\/li>\n<\/ul>\n<p>&nbsp;<\/p>\n<h5>Besonderheit<\/h5>\n<ul>\n<li>Aloe Vera Frischblattanwendung<\/li>\n<li>Gesichtsmassage nach der Pharmos Natur Methode<\/li>\n<\/ul>\n","protected":false},"excerpt":{"rendered":"<p><span style=\"font-size: 24px; color: #617665;\">\u2714<\/span> Speziell auf die M\u00e4nnerhaut abgestimmt mit 100% Natur<\/p>\n<p><span style=\"font-size: 24px; color: #617665;\">\u2714<\/span> Perfekt in der Wirkung, vielseitig und unkompliziert<\/p>\n<p><span style=\"font-size: 24px; color: #617665;\">\u2714<\/span> Gepflegtes Aussehen und neue Energie<\/p>\n<p>&nbsp;<\/p>\n<p>Dauer: ca. 60min<\/p>\n<p>&nbsp;<\/p>\n<p>&nbsp;<\/p>\n","protected":false},"featured_media":987480186,"comment_status":"open","ping_status":"closed","template":"","meta":{"_et_pb_use_builder":"off","_et_pb_old_content":"<strong>Dieser Service beinhaltet:<\/strong>\r\n<ul>\r\n \t<li>\u00dcbergang bestehender Nagelmodellage feilen<\/li>\r\n \t<li>in Form feilen<\/li>\r\n \t<li>Nagelhaut entfernen<\/li>\r\n \t<li>Gel\u00fcberzug \/ Rebalancierung in Frenchoptik oder mit Glitzer\u00fcberzug<\/li>\r\n \t<li>Hand & Nagelpflege<\/li>\r\n<\/ul>","_et_gb_content_width":""},"product_brand":[],"product_cat":[107,267,81],"product_tag":[],"class_list":{"0":"post-987476098","1":"product","2":"type-product","3":"status-publish","4":"has-post-thumbnail","6":"product_cat-termine-gesicht","7":"product_cat-termine-greenluxury","8":"product_cat-termine","10":"first","11":"instock","12":"virtual","13":"sold-individually","14":"taxable","15":"purchasable","16":"product-type-booking"},"booking_location":"","booking_location_type":"","booking_duration":60,"booking_duration_unit":"minute","booking_buffer":0,"booking_cost":97,"booking_resources":[987471011],"exclude_global_add_ons":[],"addons":[],"_links":{"self":[{"href":"https:\/\/www.claresco-cosmetic.de\/kosmetik-shop\/wp-json\/wp\/v2\/product\/987476098","targetHints":{"allow":["GET"]}}],"collection":[{"href":"https:\/\/www.claresco-cosmetic.de\/kosmetik-shop\/wp-json\/wp\/v2\/product"}],"about":[{"href":"https:\/\/www.claresco-cosmetic.de\/kosmetik-shop\/wp-json\/wp\/v2\/types\/product"}],"replies":[{"embeddable":true,"href":"https:\/\/www.claresco-cosmetic.de\/kosmetik-shop\/wp-json\/wp\/v2\/comments?post=987476098"}],"wp:featuredmedia":[{"embeddable":true,"href":"https:\/\/www.claresco-cosmetic.de\/kosmetik-shop\/wp-json\/wp\/v2\/media\/987480186"}],"wp:attachment":[{"href":"https:\/\/www.claresco-cosmetic.de\/kosmetik-shop\/wp-json\/wp\/v2\/media?parent=987476098"}],"wp:term":[{"taxonomy":"product_brand","embeddable":true,"href":"https:\/\/www.claresco-cosmetic.de\/kosmetik-shop\/wp-json\/wp\/v2\/product_brand?post=987476098"},{"taxonomy":"product_cat","embeddable":true,"href":"https:\/\/www.claresco-cosmetic.de\/kosmetik-shop\/wp-json\/wp\/v2\/product_cat?post=987476098"},{"taxonomy":"product_tag","embeddable":true,"href":"https:\/\/www.claresco-cosmetic.de\/kosmetik-shop\/wp-json\/wp\/v2\/product_tag?post=987476098"}],"curies":[{"name":"wp","href":"https:\/\/api.w.org\/{rel}","templated":true}]}}