{"id":987476190,"date":"2022-06-28T21:27:34","date_gmt":"2022-06-28T19:27:34","guid":{"rendered":"https:\/\/www.claresco-cosmetic.de\/kosmetik-shop\/?post_type=product&#038;p=987476190"},"modified":"2026-03-23T21:04:31","modified_gmt":"2026-03-23T20:04:31","slug":"aloe-vera-bio-ursaft-kurpackung","status":"publish","type":"product","link":"https:\/\/www.claresco-cosmetic.de\/kosmetik-shop\/produkt\/aloe-vera-bio-ursaft-kurpackung\/","title":{"rendered":"Aloe Vera Bio Ursaft Kurpackung"},"content":{"rendered":"[et_pb_section global_module=\"987493261\"][\/et_pb_section]\n<h5>Wie die Reise nach Innen begann<\/h5>\n<p>Die Pharmos Natur Aloe Vera Pflanzen gedeihen in der tropischen Region Campeche auf der Halbinsel Yucat\u00e1n \u2013 einem fruchtbaren Ort, gepr\u00e4gt von jahrhundertealter Kultur und urspr\u00fcnglicher Natur. Die Kombination aus reichem Boden, sonnigem Klima und lebendiger Biodiversit\u00e4t schafft beste Voraussetzungen f\u00fcr die Qualit\u00e4t der Pflanzen.<\/p>\n<ul>\n<li><span style=\"color: #5c585c; font-weight: 500;\">\u00d6kologischer Anbau mit Verantwortung<\/span><br \/>\nIn \u00f6kologischer Mischkultur kultivieren erfahrene Kleinbauernfamilien jede Pflanze mit gr\u00f6\u00dfter Achtsamkeit. Pharmos Natur pflegt eine faire, langj\u00e4hrige Partnerschaft \u2013 frei von chemisch-synthetischen Zus\u00e4tzen und im Einklang mit den nat\u00fcrlichen Rhythmen der Region.<\/li>\n<\/ul>\n<ul>\n<li><span style=\"color: #5c585c; font-weight: 500;\">Ganzheitlich verarbeitet<\/span><br \/>\nDas Gel wird direkt aus dem Blattinneren sorgf\u00e4ltig von Hand gewonnen \u2013 nur die reine, innere Pflanzenmatrix gelangt in unseren BioUrsaft. Dabei bleibt die nat\u00fcrliche Zusammensetzung mit wertvollen Mucopolysacchariden, Vitaminen, Mineralstoffen und Aminos\u00e4uren vollst\u00e4ndig erhalten.<\/li>\n<\/ul>\n<ul>\n<li><span style=\"color: #5c585c; font-weight: 500;\">Sp\u00fcrbare Vitalit\u00e4t<\/span><br \/>\nDie Aloe Vera speichert in ihrem Gel Lichtenergie in Form von Biophotonen \u2013 Ausdruck hoher pflanzlicher Vitalit\u00e4t. Diese nat\u00fcrliche Energie, kombiniert mit der hohen N\u00e4hrstoffdichte, macht unseren Aloe Vera BioUrsaft zu einem besonderen Naturprodukt mit umfassendem Wert f\u00fcr Ihr t\u00e4gliches Wohlbefinden.<\/li>\n<\/ul>\n<p>&nbsp;<\/p>\n<h5>Lichtvoller Balsam<\/h5>\n<p>Der naturbelassene Aloe Vera BioUrsaft \u00fcberzeugt durch seine besondere Qualit\u00e4t und Konsistenz. Viele Anwenderinnen und Anwender beschreiben ein Gef\u00fchl von Frische und innerer Harmonie \u2013 wie ein wohltuender Balsam, der K\u00f6rper und Geist gleicherma\u00dfen anspricht.<\/p>\n[et_pb_section global_module=\"987493294\"][\/et_pb_section]\n<p>&nbsp;<\/p>\n<h5>Verzehrempfehlung<\/h5>\n<p>Die 35 Jahre lange Erfahrung zeigt: Trinken Sie den Aloe Vera BioUrsaft &#8211; vor allem in dieser besonderen Zeit. Immer wieder kurweise. Deshalb haben wir f\u00fcr Sie eine Kurpackung entwickelt. Morgens 30 Minuten vor dem Fr\u00fchst\u00fcck und abends gleich nach dem Z\u00e4hneputzen. Jeweils 25-30 ml langsam und schluckweise. Bei Bedarf trinken Sie 100 ml \u00fcber den Tag verteilt. Natur, die Sie gesund h\u00e4lt. F\u00fcr Diabetiker geeignet.<\/p>\n<p>&nbsp;<\/p>\n<h5>Forschung &amp; Wissen<\/h5>\n<p>Aloe Vera z\u00e4hlt zu den am umfassendsten untersuchten Pflanzen weltweit. Das International Aloe Science Council dokumentiert regelm\u00e4\u00dfig neue Forschungsergebnisse. Wissenschaftliche Untersuchungen \u2013 etwa aus Japan \u2013 besch\u00e4ftigen sich mit dem Einfluss von Mucopolysacchariden auf die Zellkommunikation, einem zentralen Aspekt gesunder Stoffwechselprozesse.<\/p>\n<p>&nbsp;<\/p>\n<h5>N\u00e4hrstoffanalyse<\/h5>\n<p>N\u00e4hrwerte (100g enthalten durchschnittlich)<br \/>\nBrennwert 6 kJ<br \/>\nBrennwert 1 kcal<br \/>\nFett &lt; 0,5 g<br \/>\ndavon ges\u00e4ttigte Fetts\u00e4uren &lt; 0,1 g<br \/>\nKohlenhydrate &lt; 0,5 g<br \/>\ndavon Zucker &lt; 0,5 g<br \/>\nBallaststoffe &lt; 0,5 g<br \/>\nEiwei\u00df &lt; 0,5 g<br \/>\nSalz &lt; 0,01 g<br \/>\n(Abh\u00e4ngig von erntebedingten Schwankungen)<\/p>\n<p>&nbsp;<\/p>\n","protected":false},"excerpt":{"rendered":"<p>Biozertifizierter, 100% reiner Ursaft des Frischpflanzenblattes<\/p>\n<p>&nbsp;<\/p>\n<ul>\n<li style=\"margin-bottom: 12px;\">Pflanzenpower in ihrer reinsten Form \u2013 sacred plants<\/li>\n<li style=\"margin-bottom: 12px;\">Mit einer F\u00fclle an Biophotonen \u2013 Ausdruck h\u00f6chster Qualit\u00e4t und achtsamer Verarbeitung<\/li>\n<li style=\"margin-bottom: 12px;\">Biozertifiziert und angebaut in \u00f6kologischer Mischkultur an einem besonderen Kraftplatz in Mexiko<\/li>\n<li style=\"margin-bottom: 12px;\">Reiche F\u00fclle nat\u00fcrlicher Pflanzenstoffe \u2013 unverf\u00e4lscht und ganzheitlich bewahrt<\/li>\n<li style=\"margin-bottom: 12px;\">Von Kleinbauern in fairer Partnerschaft gehegt &amp; gepflegt<\/li>\n<li style=\"margin-bottom: 12px;\">\u00d6kologisch, ganzheitlich, nachhaltig, fair &amp; sozial<\/li>\n<li style=\"margin-bottom: 12px;\">100\u202f% naturbelassener und ganzheitlicher Aloe Vera Bio-Ursaft \u2013 ohne Konservierungsstoffe, ohne Zusatz von Zitronens\u00e4ure &amp; Zucker<\/li>\n<li>Textur und Farbe unterliegen nat\u00fcrlichen Schwankungen<\/li>\n<\/ul>\n","protected":false},"featured_media":987484417,"comment_status":"open","ping_status":"closed","template":"","meta":{"_et_pb_use_builder":"","_et_pb_old_content":"","_et_gb_content_width":""},"product_brand":[473],"product_cat":[256,255,241,239],"product_tag":[],"class_list":{"0":"post-987476190","1":"product","2":"type-product","3":"status-publish","4":"has-post-thumbnail","6":"product_brand-pharmos-natur","7":"product_cat-alle-lebensgesundmittel","8":"product_cat-aloe-ursaft","9":"product_cat-lebensgesundmittel","10":"product_cat-pharmos-natur","11":"pa_inhalt-3x-750ml","13":"first","14":"onbackorder","15":"taxable","16":"shipping-taxable","17":"purchasable","18":"product-type-simple"},"booking_location":null,"booking_location_type":null,"booking_duration":null,"booking_duration_unit":null,"booking_buffer":null,"booking_cost":null,"booking_resources":null,"exclude_global_add_ons":[],"addons":[],"_links":{"self":[{"href":"https:\/\/www.claresco-cosmetic.de\/kosmetik-shop\/wp-json\/wp\/v2\/product\/987476190","targetHints":{"allow":["GET"]}}],"collection":[{"href":"https:\/\/www.claresco-cosmetic.de\/kosmetik-shop\/wp-json\/wp\/v2\/product"}],"about":[{"href":"https:\/\/www.claresco-cosmetic.de\/kosmetik-shop\/wp-json\/wp\/v2\/types\/product"}],"replies":[{"embeddable":true,"href":"https:\/\/www.claresco-cosmetic.de\/kosmetik-shop\/wp-json\/wp\/v2\/comments?post=987476190"}],"wp:featuredmedia":[{"embeddable":true,"href":"https:\/\/www.claresco-cosmetic.de\/kosmetik-shop\/wp-json\/wp\/v2\/media\/987484417"}],"wp:attachment":[{"href":"https:\/\/www.claresco-cosmetic.de\/kosmetik-shop\/wp-json\/wp\/v2\/media?parent=987476190"}],"wp:term":[{"taxonomy":"product_brand","embeddable":true,"href":"https:\/\/www.claresco-cosmetic.de\/kosmetik-shop\/wp-json\/wp\/v2\/product_brand?post=987476190"},{"taxonomy":"product_cat","embeddable":true,"href":"https:\/\/www.claresco-cosmetic.de\/kosmetik-shop\/wp-json\/wp\/v2\/product_cat?post=987476190"},{"taxonomy":"product_tag","embeddable":true,"href":"https:\/\/www.claresco-cosmetic.de\/kosmetik-shop\/wp-json\/wp\/v2\/product_tag?post=987476190"}],"curies":[{"name":"wp","href":"https:\/\/api.w.org\/{rel}","templated":true}]}}