{"id":987476236,"date":"2022-06-29T21:26:18","date_gmt":"2022-06-29T19:26:18","guid":{"rendered":"https:\/\/www.claresco-cosmetic.de\/kosmetik-shop\/?post_type=product&#038;p=987476236"},"modified":"2026-03-14T15:55:02","modified_gmt":"2026-03-14T14:55:02","slug":"babaco-vera","status":"publish","type":"product","link":"https:\/\/www.claresco-cosmetic.de\/kosmetik-shop\/produkt\/babaco-vera\/","title":{"rendered":"Babaco Vera"},"content":{"rendered":"<h5>[et_pb_section global_module=\"987493381\"][\/et_pb_section]<\/h5>\n<h5>Die Heldin aus den Bergen Ecuadors<\/h5>\n<p>Die Babaco-Papaya ist eine besondere Frucht aus den Hochlagen der ecuadorianischen Anden. Auf rund 3.500 Metern wachsen die Papayab\u00e4ume auf vulkanischem Boden, der reich an nat\u00fcrlichen Mineralstoffen ist. Diese Region bietet ideale klimatische Bedingungen f\u00fcr das Gedeihen dieser seltenen Papaya-Art \u2013 weltweit kommt sie ausschlie\u00dflich in Ecuador vor.<\/p>\n<p>Der Anbau erfolgt auf fruchtbarer Vulkanerde, die f\u00fcr ihre N\u00e4hrstoffvielfalt bekannt ist. Unsere Entscheidung f\u00fcr dieses Anbaugebiet beruht auf dem Zusammenspiel aus H\u00f6henlage, Bodenbeschaffenheit und langj\u00e4hriger Erfahrung lokaler Bauernfamilien. So k\u00f6nnen die Pflanzen optimal wachsen und ihre volle Qualit\u00e4t entfalten.<\/p>\n<p>&nbsp;<\/p>\n<h5>Von den Einheimischen &#8220;Gesundheitsmelone genannt&#8221;<\/h5>\n<p>In einigen Regionen Ecuadors wird die Babaco-Papaya von Einheimischen traditionell als \u201eGesundheitsmelone\u201c oder \u201eMedizinbaum\u201c bezeichnet. In den ersten 6 bis 8 Monaten ihrer Reifephase ist die Frucht au\u00dfen dunkelgr\u00fcn, w\u00e4hrend das Fruchtfleisch im Inneren wei\u00df ist und von Natur aus Papain enth\u00e4lt \u2013 ein eiwei\u00dfspaltendes Enzym, das in vielen Papaya-Arten vorkommt.<\/p>\n<p>&nbsp;<\/p>\n<h5>Auf den richtigen Erntezeitpunkt kommt es an<\/h5>\n<p>Die Kleinbauern ernten jede Babaco-Frucht per Hand \u2013 zum optimalen Reifezeitpunkt. Dabei achten sie auf \u00e4u\u00dfere und innere Merkmale, die auf einen hohen nat\u00fcrlichen Papain-Gehalt hinweisen. W\u00e4hrend ihrer Reifezeit ver\u00e4ndert sich das Aussehen der Frucht deutlich: Die Schale wird gelblich, das Fruchtfleisch r\u00f6tlicher. In dieser Phase wird die Frucht milder im Geschmack und besonders aromatisch.<\/p>\n[et_pb_section global_module=\"987493384\"][\/et_pb_section]\n<p>&nbsp;<\/p>\n<h5>Enzyme. Schl\u00fcssel f\u00fcr das Leben<\/h5>\n<p>Wie viele Fr\u00fcchte nutzt auch die Babaco-Papaya w\u00e4hrend ihres Wachstums nat\u00fcrliche Enzyme wie Papain. Dieses eiwei\u00dfspaltende Enzym ist vor allem in der unreifen Frucht enthalten. In der Ern\u00e4hrung spielen Enzyme traditionell eine Rolle, da sie in vielen pflanzlichen Lebensmitteln enthalten sind. Besonders in ausgewogener, frischer Kost werden sie gesch\u00e4tzt.\u00a0 Mit BABACOVERA\u00ae bieten wir ein naturbelassenes Fruchtpulver aus gr\u00fcner Babaco-Papaya und gemahlenen Papaya-Kernen an \u2013 reich an Ballaststoffen und mit einem von Natur aus vorhandenen Enzymgehalt. Die Mischung eignet sich zur t\u00e4glichen Erg\u00e4nzung einer bewussten Ern\u00e4hrung.<\/p>\n<p>&nbsp;<\/p>\n<h5>Naturbelassenes Fruchtpulver mit feiner Sch\u00e4rfe<\/h5>\n<p>BABACOVERA\u00ae besteht zu 90\u202f% aus gr\u00fcner Babaco-Papaya und zu 10\u202f% aus fein vermahlenen Carica-Papaya-Kernen. Es ist gluten- und laktosefrei, angenehm im Geschmack und einfach in der Anwendung. Viele Menschen sch\u00e4tzen BABACOVERA\u00ae als Bestandteil einer abwechslungsreichen, pflanzenbasierten Ern\u00e4hrung \u2013 zuhause, unterwegs oder im B\u00fcro.<\/p>\n<p>&nbsp;<\/p>\n<h5>Verzehrempfehlung<\/h5>\n<p>Kauen Sie mehrmals t\u00e4glich \u00bc Teel\u00f6ffel Fruchtpulver zwischen oder nach den Mahlzeiten. Gut einspeicheln, dann schlucken. Bitte trinken Sie ausreichend Wasser dazu.<\/p>\n<p>&nbsp;<\/p>\n<h5>N\u00e4hrwerte (100g enthalten durchschnittlich)<\/h5>\n<p>Energie 1415 kJ \/ 337 kcal<br \/>\nFett 4,4 g<br \/>\ndavon ges\u00e4ttigte Fetts\u00e4uren 0,7 g<br \/>\nKohlenhydrate 50 g<br \/>\ndavon Zucker 45 g<br \/>\nBallaststoffe 22 g<br \/>\nEiwei\u00df 13 g<br \/>\nSalz &lt; 0,01 g<\/p>\n<p>Hinweis:<br \/>\n0\u202f% Zuckerzusatz. Nur fruchteigener Zucker. 0\u202f% Einsatz von S\u00fc\u00dfstoffen. Nur die S\u00fc\u00dfe aus der Frucht. K\u00fchl, trocken und lichtgesch\u00fctzt lagern.<\/p>\n<p>&nbsp;<\/p>\n","protected":false},"excerpt":{"rendered":"<p>Fruchtpulver aus der Babaco-Papaya und Bergpapaya<\/p>\n<p>&nbsp;<\/p>\n<ul>\n<li style=\"margin-bottom: 12px;\">enzymhaltige Obst-Faser-Kost aus der Babaco-Papaya<\/li>\n<li style=\"margin-bottom: 12px;\">mit intensiver Lichtenergie &amp; hoher Schwingung<\/li>\n<li style=\"margin-bottom: 12px;\">ganzheitlich erhaltenes &amp; schmackhaftes Fruchtpulver<\/li>\n<li style=\"margin-bottom: 12px;\">Nahrung kann schnell aufgespalten &amp; Zellm\u00fcll schneller abtransportiert werden<\/li>\n<li style=\"margin-bottom: 12px;\">Enzympeeling von innen<\/li>\n<li style=\"margin-bottom: 12px;\">von den Einheimischen Gesundheitsmelone oder \u201eMedizinbaum\u201c genannt<\/li>\n<li style=\"margin-bottom: 12px;\">gedeiht auf fruchtbarer Vulkanerde mit gro\u00dfem Spektrum an N\u00e4hrstoffen<\/li>\n<li style=\"margin-bottom: 12px;\">frei von Gluten &amp; Lactose<\/li>\n<li style=\"margin-bottom: 12px;\">ohne Konservierungsstoffe<\/li>\n<li>faire und verantwortungsvolle Zusammenarbeit mit Kleinbauern in den Bergen Ecuadors<\/li>\n<\/ul>\n","protected":false},"featured_media":987476240,"comment_status":"open","ping_status":"closed","template":"","meta":{"_et_pb_use_builder":"","_et_pb_old_content":"","_et_gb_content_width":""},"product_brand":[473],"product_cat":[256,463,252,241,239],"product_tag":[],"class_list":{"0":"post-987476236","1":"product","2":"type-product","3":"status-publish","4":"has-post-thumbnail","6":"product_brand-pharmos-natur","7":"product_cat-alle-lebensgesundmittel","8":"product_cat-holistic-detox","9":"product_cat-innere-reinigung","10":"product_cat-lebensgesundmittel","11":"product_cat-pharmos-natur","12":"pa_inhalt-50g","14":"first","15":"outofstock","16":"taxable","17":"shipping-taxable","18":"purchasable","19":"product-type-simple"},"booking_location":null,"booking_location_type":null,"booking_duration":null,"booking_duration_unit":null,"booking_buffer":null,"booking_cost":null,"booking_resources":null,"exclude_global_add_ons":[],"addons":[],"_links":{"self":[{"href":"https:\/\/www.claresco-cosmetic.de\/kosmetik-shop\/wp-json\/wp\/v2\/product\/987476236","targetHints":{"allow":["GET"]}}],"collection":[{"href":"https:\/\/www.claresco-cosmetic.de\/kosmetik-shop\/wp-json\/wp\/v2\/product"}],"about":[{"href":"https:\/\/www.claresco-cosmetic.de\/kosmetik-shop\/wp-json\/wp\/v2\/types\/product"}],"replies":[{"embeddable":true,"href":"https:\/\/www.claresco-cosmetic.de\/kosmetik-shop\/wp-json\/wp\/v2\/comments?post=987476236"}],"wp:featuredmedia":[{"embeddable":true,"href":"https:\/\/www.claresco-cosmetic.de\/kosmetik-shop\/wp-json\/wp\/v2\/media\/987476240"}],"wp:attachment":[{"href":"https:\/\/www.claresco-cosmetic.de\/kosmetik-shop\/wp-json\/wp\/v2\/media?parent=987476236"}],"wp:term":[{"taxonomy":"product_brand","embeddable":true,"href":"https:\/\/www.claresco-cosmetic.de\/kosmetik-shop\/wp-json\/wp\/v2\/product_brand?post=987476236"},{"taxonomy":"product_cat","embeddable":true,"href":"https:\/\/www.claresco-cosmetic.de\/kosmetik-shop\/wp-json\/wp\/v2\/product_cat?post=987476236"},{"taxonomy":"product_tag","embeddable":true,"href":"https:\/\/www.claresco-cosmetic.de\/kosmetik-shop\/wp-json\/wp\/v2\/product_tag?post=987476236"}],"curies":[{"name":"wp","href":"https:\/\/api.w.org\/{rel}","templated":true}]}}