{"id":987476252,"date":"2022-06-30T11:28:00","date_gmt":"2022-06-30T09:28:00","guid":{"rendered":"https:\/\/www.claresco-cosmetic.de\/kosmetik-shop\/?post_type=product&#038;p=987476252"},"modified":"2025-12-31T18:21:09","modified_gmt":"2025-12-31T17:21:09","slug":"terminalia-vera","status":"publish","type":"product","link":"https:\/\/www.claresco-cosmetic.de\/kosmetik-shop\/produkt\/terminalia-vera\/","title":{"rendered":"Terminalia Vera"},"content":{"rendered":"[et_pb_section global_module=\"987493381\"][\/et_pb_section]\n<h5>Kostbare 3-Frucht aus dem Chitwan Nationalpark<\/h5>\n<p>Drei besondere Fr\u00fcchte aus dem Himalaya: Terminalia chebula, Terminalia bellerica und Phyllanthus emblica \u2013 vereint in unseren 3-Fr\u00fcchte Daily Balance Kapseln. Sie enthalten nat\u00fcrliche Bitterstoffe und Zink und basieren auf traditionellem Wissen aus der ayurvedischen Pflanzenkunde.<\/p>\n<p>Die Fr\u00fcchte stammen aus dem Chitwan-Nationalpark im S\u00fcdwesten Nepals. Das besondere Klima dieser Region bietet ideale Bedingungen f\u00fcr ihr Wachstum. Vor Ort arbeiten wir mit Chepang-Bauern zusammen \u2013 einer lokalen Gemeinschaft mit tief verwurzeltem Wissen im Umgang mit heimischen Pflanzen.<\/p>\n<p>&nbsp;<\/p>\n<h5>Traditionelles Pflanzenwissen<\/h5>\n<p>In Nepal ist das Wissen um die Nutzung heimischer Pflanzen tief verwurzelt. Die drei Fr\u00fcchte spielen dort seit Langem eine Rolle in der traditionellen Ern\u00e4hrung. Unsere Rezeptur basiert auf \u00fcberlieferten ayurvedischen Anwendungen und verwendet ausschlie\u00dflich ganze Fr\u00fcchte \u2013 keine Extrakte.<\/p>\n<p>Durch die schonende Verarbeitung bleibt die nat\u00fcrliche Vielfalt der Pflanzenbestandteile erhalten. Die Fr\u00fcchte werden fein vermahlen und in pflanzliche Cellulose-Kapseln gef\u00fcllt \u2013 eine praktische Form f\u00fcr die moderne Ern\u00e4hrung.<\/p>\n<p>&nbsp;<\/p>\n<h5>Bitterstoffe f\u00fcr das Wohlbefinden<\/h5>\n<p>Nat\u00fcrliche Bitterstoffe kommen in vielen urspr\u00fcnglichen Lebensmitteln vor \u2013 etwa in Pflanzen wie Chicor\u00e9e oder Radicchio. In der modernen Ern\u00e4hrung sind sie jedoch oft nur noch in geringem Ma\u00dfe enthalten. Bitterstoffe werden in verschiedenen Ern\u00e4hrungstraditionen gesch\u00e4tzt und gelten dort als wichtiger Bestandteil f\u00fcr die geschmackliche Vielfalt.<\/p>\n<p>&nbsp;<\/p>\n<h5>Zink &#8211; ein essentielles Spurenelement<\/h5>\n<p>Zink tr\u00e4gt zu einer normalen Funktion des Immunsystems bei und hilft, die Zellen vor oxidativem Stress zu sch\u00fctzen. Es leistet au\u00dferdem einen Beitrag zu einem normalen Kohlenhydrat-, Fetts\u00e4ure- und S\u00e4ure-Basen-Stoffwechsel.*<\/p>\n<p>Diese Fruchtmischung von Pharmos Natur vereint Zutaten mit einer nat\u00fcrlichen Vielfalt an sekund\u00e4ren Pflanzenstoffen und Geschmackskomponenten \u2013 im Sinne einer ganzheitlich ausgerichteten Ern\u00e4hrung.<\/p>\n<p>*Zugelassene gesundheitsbezogene Angaben gem\u00e4\u00df EU-Verordnung Nr. 1924\/2006.<\/p>\n<p>&nbsp;<\/p>\n[et_pb_section global_module=\"987493403\"][\/et_pb_section]\n<p>&nbsp;<\/p>\n<h5>Verzehrempfehlung<\/h5>\n<p>Schlucken Sie am Abend 1-2 Kapseln zusammen mit viel Wasser. Der ganzheitliche Pflanzeninhaltstoffkomplex erh\u00f6ht sofort Ihr Wohlgef\u00fchl. Wir empfehlen die 3-Fr\u00fcchte auch als gesunde Begleitung einer ausgewogenen Ern\u00e4hrung in den Wechseljahren und bei allen Formen der Hormonumstellung.<\/p>\n<p>Inhaltsstoffe pro Portion (2 Kapseln):<br \/>\n2,5mg Zink (50 %*)<br \/>\n*=der Referenzmenge gem\u00e4\u00df LMIV<\/p>\n<p>&nbsp;<\/p>\n<h5>Lagerung<\/h5>\n<p>K\u00fchl, trocken und lichtgesch\u00fctzt lagern.<\/p>\n<p>&nbsp;<\/p>\n<h5>Hinweis<\/h5>\n<p>Nahrungserg\u00e4nzungsmittel dienen nicht als Ersatz f\u00fcr eine abwechslungsreiche, ausgewogene Ern\u00e4hrung und eine gesunde Lebensweise. Die angegebene t\u00e4gliche Verzehrempfehlung darf nicht \u00fcberschritten werden. Au\u00dferhalb der Reichweite von kleinen Kindern aufbewahren. Bei gleichzeitiger Einnahme mit Blutgerinnungsstoffen sollte die Einnahme mit dem Arzt abgesprochen werden.<\/p>\n<p>Laut Lebensmittelsicherheits- und Verbraucherschutzgesetz ist es nicht erlaubt, einem Lebensmittel Eigenschaften der Vorbeugung, Behandlung oder Heilung einer menschlichen Krankheit zuzuschreiben oder den Eindruck dieser Eigenschaften entstehen zu lassen. Darum wird hier leider auf jede weitere Information verzichtet.<\/p>\n<p>&nbsp;<\/p>\n","protected":false},"excerpt":{"rendered":"<p>Dreifrucht f\u00fcr ein starkes Immunsystem &#8211; Kapseln<\/p>\n<p>&nbsp;<\/p>\n<ul>\n<li style=\"margin-bottom: 12px;\">Kostbare Fr\u00fcchtekraft aus Terminalia chebula, Terminalia bellirica und Phyllanthus emblica<\/li>\n<li style=\"margin-bottom: 12px;\">Mit einer F\u00fclle an Biophotonen \u2013 Ausdruck h\u00f6chster Qualit\u00e4t und achtsamer Verarbeitung<\/li>\n<li style=\"margin-bottom: 12px;\">Ganzheitlich erhaltener Pflanzenkomplex \u2013 unverf\u00e4lscht und naturbelassen<\/li>\n<li style=\"margin-bottom: 12px;\">Traditionell gesch\u00e4tzt im Ayurveda f\u00fcr eine bewusste Lebensweise<\/li>\n<li style=\"margin-bottom: 12px;\">Ohne Konservierungsstoffe, ohne Gentechnik<\/li>\n<li style=\"margin-bottom: 12px;\">Vegan, laktosefrei und glutenfrei<\/li>\n<li>Fairer und respektvoller Umgang mit der Natur und den Kleinbauern in Nepal<\/li>\n<\/ul>\n","protected":false},"featured_media":987476254,"comment_status":"open","ping_status":"closed","template":"","meta":{"_et_pb_use_builder":"","_et_pb_old_content":"","_et_gb_content_width":""},"product_brand":[473],"product_cat":[256,463,252,241,239],"product_tag":[],"class_list":{"0":"post-987476252","1":"product","2":"type-product","3":"status-publish","4":"has-post-thumbnail","6":"product_brand-pharmos-natur","7":"product_cat-alle-lebensgesundmittel","8":"product_cat-holistic-detox","9":"product_cat-innere-reinigung","10":"product_cat-lebensgesundmittel","11":"product_cat-pharmos-natur","12":"pa_inhalt-80st","14":"first","15":"onbackorder","16":"taxable","17":"shipping-taxable","18":"purchasable","19":"product-type-simple"},"booking_location":null,"booking_location_type":null,"booking_duration":null,"booking_duration_unit":null,"booking_buffer":null,"booking_cost":null,"booking_resources":null,"exclude_global_add_ons":[],"addons":[],"_links":{"self":[{"href":"https:\/\/www.claresco-cosmetic.de\/kosmetik-shop\/wp-json\/wp\/v2\/product\/987476252","targetHints":{"allow":["GET"]}}],"collection":[{"href":"https:\/\/www.claresco-cosmetic.de\/kosmetik-shop\/wp-json\/wp\/v2\/product"}],"about":[{"href":"https:\/\/www.claresco-cosmetic.de\/kosmetik-shop\/wp-json\/wp\/v2\/types\/product"}],"replies":[{"embeddable":true,"href":"https:\/\/www.claresco-cosmetic.de\/kosmetik-shop\/wp-json\/wp\/v2\/comments?post=987476252"}],"wp:featuredmedia":[{"embeddable":true,"href":"https:\/\/www.claresco-cosmetic.de\/kosmetik-shop\/wp-json\/wp\/v2\/media\/987476254"}],"wp:attachment":[{"href":"https:\/\/www.claresco-cosmetic.de\/kosmetik-shop\/wp-json\/wp\/v2\/media?parent=987476252"}],"wp:term":[{"taxonomy":"product_brand","embeddable":true,"href":"https:\/\/www.claresco-cosmetic.de\/kosmetik-shop\/wp-json\/wp\/v2\/product_brand?post=987476252"},{"taxonomy":"product_cat","embeddable":true,"href":"https:\/\/www.claresco-cosmetic.de\/kosmetik-shop\/wp-json\/wp\/v2\/product_cat?post=987476252"},{"taxonomy":"product_tag","embeddable":true,"href":"https:\/\/www.claresco-cosmetic.de\/kosmetik-shop\/wp-json\/wp\/v2\/product_tag?post=987476252"}],"curies":[{"name":"wp","href":"https:\/\/api.w.org\/{rel}","templated":true}]}}