{"id":987476258,"date":"2022-06-30T14:03:52","date_gmt":"2022-06-30T12:03:52","guid":{"rendered":"https:\/\/www.claresco-cosmetic.de\/kosmetik-shop\/?post_type=product&#038;p=987476258"},"modified":"2026-02-16T17:47:42","modified_gmt":"2026-02-16T16:47:42","slug":"boswellia-vera-weihrauch","status":"publish","type":"product","link":"https:\/\/www.claresco-cosmetic.de\/kosmetik-shop\/produkt\/boswellia-vera-weihrauch\/","title":{"rendered":"Boswellia Vera Weihrauch"},"content":{"rendered":"<h5><\/h5>\n<h5>Zum Reinigen von innen und au\u00dfen<\/h5>\n<p>Wunderland Oman. Gesegnet mit ehrw\u00fcrdigen Weihrauchb\u00e4umen an den n\u00f6rdlichen Ausl\u00e4ufern des Dhofargebirges. Wild und in freier Natur wachsen sie dort an energiereichen Kraftpl\u00e4tzen. Aus dieser sagenumwobenen Gegend beziehen wir den Weihrauch Boswellia sacra in h\u00f6chster Qualit\u00e4t.<\/p>\n<p>Bekannt unter dem Namen Weihrauch, arabisch Luban, ist der nuancenreiche Duft noch heute im Oman allgegenw\u00e4rtig. Weihrauch wird zum Reinigen von unangenehmen Ger\u00fcchen und Gedanken verwendet. Nach Diskussionen und Streit. Als R\u00e4ucherwerk befreit es R\u00e4ume und auch Menschen von destruktiven Energien.<\/p>\n<p>F\u00fcr die innerliche Reinigung verwenden die Einheimischen zwei bis drei St\u00fcckchen wei\u00dfen Weihrauch in einem Liter Trinkwasser. Sie f\u00fchlen sich gereinigt und befreit. Die Wasserflasche mit Weihrauch trinken Sie jeden Tag.<\/p>\n<p>&nbsp;<\/p>\n<h5>Weihrauch in bester Qualit\u00e4t<\/h5>\n<p>Der \u201eLebenssaft des Baumes\u201c wird als Tropfen behutsam aus dem inneren Stamm entnommen. Sofort verwandelt sich das \u201efl\u00fcssige Gold\u201c in Harzst\u00fcckchen. \u00dcberw\u00e4ltigend ist die Vielfalt an unterschiedlichen Formen und Farben der einzelnen St\u00fcckchen. Zart, klein oder grobk\u00f6rnig schimmern sie in r\u00f6tlich-brauner, braun-goldener bis hell-gelber oder gr\u00fcnlich-wei\u00dfer Farbe. Klar und rein. Daran erkannt man beste Qualit\u00e4t, die aus dem Oman kommt.<\/p>\n<p>&nbsp;<\/p>\n[et_pb_section global_module=\"987493454\"][\/et_pb_section]\n<p>&nbsp;<\/p>\n<h5>Erntezeitpunkt wichtig f\u00fcr hohen Standard<\/h5>\n<p>Ab Ende M\u00e4rz bis Ende August ist Erntezeit. Erst wenn der Baum in dieser Zeit das dritte Mal mit einem speziellen Messer im inneren des Stammes \u201eangeritzt\u201c wird, gibt er die Harz-Qualit\u00e4t frei, die hochwertig und rein ist. Diesen Weihrauch verwendet PHARMOS NATUR. Die Erntemenge h\u00e4ngt vom Alter, der Gr\u00f6\u00dfe und dem Zustand des Baumes ab und liegt zwischen 3 und 10 Kilo pro Baum. Die Einheimischen, die uns begleitet haben, bitten den Baum vorher um Erlaubnis. Sie sp\u00fcren die Zustimmung. Wir haben auch erlebt, dass der Baum keinen Tropfen abgibt.<\/p>\n<p>&nbsp;<\/p>\n<h5>Richtig R\u00e4uchern<\/h5>\n<p>Seinen charakteristischen, dezent balsamischen, leicht fruchtig-s\u00fc\u00dfen bis zitronig-frischen Duft entfaltet der Weihrauch, sobald er erhitzt wird und schmilzt. Spezielle Weihrauchkohle (Schnellz\u00fcnderkohle) l\u00e4sst sich mit einem Feuerzeug problemlos entz\u00fcnden. Sobald die Kohle durchgegl\u00fcht und auf ihrer Oberfl\u00e4che eine graue Ascheschicht aufweist, legen Sie kleine Mengen Weihrauch darauf. Sein leichter, wei\u00dfer Rauch breitet sich nun angenehm im Raum aus. Er l\u00f6st energetische Stagnationen auf und erfrischt und vitalisiert den Raum. Beim Verbrennen von Weihrauch entsteht <strong>kein<\/strong> Tetrahydrocannabiol (THC). Ein wunderbares und befreiendes Gef\u00fchl.<\/p>\n<p>&nbsp;<\/p>\n<h5>Unsere Anwendungsempfehlung:<\/h5>\n<p>R\u00e4uchern Sie mindestens einmal in der Woche ihre gesamte Wohnung. \u00d6ffnen Sie dabei T\u00fcren und Fenster, damit der Rauch abziehen und die gebundene Energie mitnehmen kann. Beobachten Sie, wo die Rauchs\u00e4ule verweilt. Dort ist es erforderlich intensiver zu r\u00e4uchern, um den Platz energetisch zu reinigen. T\u00e4gliches R\u00e4uchern empfehlen wir, um gut zu schlafen, Stressenergie und \u00c4rger abzubauen, nach Streitgespr\u00e4chen und nach unerfreulichen Besuchen.<\/p>\n<p>&nbsp;<\/p>\n<p>&nbsp;<\/p>\n","protected":false},"excerpt":{"rendered":"<p>Heiliger Weihrauch aus dem Oman<\/p>\n<p>&nbsp;<\/p>\n<ul>\n<li style=\"margin-bottom: 12px;\">Weihrauch \u2013 Boswellia sacra in h\u00f6chster Qualit\u00e4t<\/li>\n<li style=\"margin-bottom: 12px;\">Traditionell vielseitig anwendbar \u2013 zum R\u00e4uchern oder als Zugabe in Wasser<\/li>\n<li>Von wildwachsenden B\u00e4umen an kraftvollen Naturpl\u00e4tzen im S\u00fcden Omans<\/li>\n<\/ul>\n","protected":false},"featured_media":987476256,"comment_status":"open","ping_status":"closed","template":"","meta":{"_et_pb_use_builder":"","_et_pb_old_content":"","_et_gb_content_width":""},"product_brand":[473],"product_cat":[256,455,252,241,239,482,459],"product_tag":[],"class_list":{"0":"post-987476258","1":"product","2":"type-product","3":"status-publish","4":"has-post-thumbnail","6":"product_brand-pharmos-natur","7":"product_cat-alle-lebensgesundmittel","8":"product_cat-geschenkideen","9":"product_cat-innere-reinigung","10":"product_cat-lebensgesundmittel","11":"product_cat-pharmos-natur","12":"product_cat-pharmos-geschenksets","13":"product_cat-rabatt-aktionen","15":"first","16":"onbackorder","17":"taxable","18":"shipping-taxable","19":"purchasable","20":"product-type-simple"},"booking_location":null,"booking_location_type":null,"booking_duration":null,"booking_duration_unit":null,"booking_buffer":null,"booking_cost":null,"booking_resources":null,"exclude_global_add_ons":[],"addons":[],"_links":{"self":[{"href":"https:\/\/www.claresco-cosmetic.de\/kosmetik-shop\/wp-json\/wp\/v2\/product\/987476258","targetHints":{"allow":["GET"]}}],"collection":[{"href":"https:\/\/www.claresco-cosmetic.de\/kosmetik-shop\/wp-json\/wp\/v2\/product"}],"about":[{"href":"https:\/\/www.claresco-cosmetic.de\/kosmetik-shop\/wp-json\/wp\/v2\/types\/product"}],"replies":[{"embeddable":true,"href":"https:\/\/www.claresco-cosmetic.de\/kosmetik-shop\/wp-json\/wp\/v2\/comments?post=987476258"}],"wp:featuredmedia":[{"embeddable":true,"href":"https:\/\/www.claresco-cosmetic.de\/kosmetik-shop\/wp-json\/wp\/v2\/media\/987476256"}],"wp:attachment":[{"href":"https:\/\/www.claresco-cosmetic.de\/kosmetik-shop\/wp-json\/wp\/v2\/media?parent=987476258"}],"wp:term":[{"taxonomy":"product_brand","embeddable":true,"href":"https:\/\/www.claresco-cosmetic.de\/kosmetik-shop\/wp-json\/wp\/v2\/product_brand?post=987476258"},{"taxonomy":"product_cat","embeddable":true,"href":"https:\/\/www.claresco-cosmetic.de\/kosmetik-shop\/wp-json\/wp\/v2\/product_cat?post=987476258"},{"taxonomy":"product_tag","embeddable":true,"href":"https:\/\/www.claresco-cosmetic.de\/kosmetik-shop\/wp-json\/wp\/v2\/product_tag?post=987476258"}],"curies":[{"name":"wp","href":"https:\/\/api.w.org\/{rel}","templated":true}]}}