{"id":987476285,"date":"2022-07-01T14:20:44","date_gmt":"2022-07-01T12:20:44","guid":{"rendered":"https:\/\/www.claresco-cosmetic.de\/kosmetik-shop\/?post_type=product&#038;p=987476285"},"modified":"2025-12-31T18:21:06","modified_gmt":"2025-12-31T17:21:06","slug":"jujube-vera-fruchtpulver","status":"publish","type":"product","link":"https:\/\/www.claresco-cosmetic.de\/kosmetik-shop\/produkt\/jujube-vera-fruchtpulver\/","title":{"rendered":"JujubeVera Fruchtpulver"},"content":{"rendered":"[et_pb_section global_module=\"987493381\"][\/et_pb_section]\n<h5><\/h5>\n<h5>\nJujube aus sonnenverw\u00f6hnten H\u00f6henlagen<\/h5>\n<p>Die Jujube stammen aus besonders naturbelassenen Regionen und werden traditionell in vielen Kulturen gesch\u00e4tzt. Die Fr\u00fcchte reifen in sonnenreichen H\u00f6henlagen, was ihnen ihr besonderes Aroma und ihre nat\u00fcrliche S\u00fc\u00dfe verleiht.\u00a0Die sorgf\u00e4ltige Ernte und schonende Trocknung bewahren die Qualit\u00e4t dieser au\u00dfergew\u00f6hnlichen Fr\u00fcchte. Jujube gelten in der asiatischen Pflanzenkunde seit Jahrhunderten als bedeutende Zutat in der Ern\u00e4hrung \u2013 gesch\u00e4tzt f\u00fcr ihren Geschmack und ihre traditionelle Verwendung.<\/p>\n<p>&nbsp;<\/p>\n<h5>Wertvolle Pflanzenbausteine, sorgf\u00e4ltige Verarbeitung &amp; nat\u00fcrliche Qualit\u00e4t<\/h5>\n<p>Die wohlschmeckenden Jujube-Fr\u00fcchte sehen in der Vorstufe zur endg\u00fcltigen Reife aus wie kleine Birnen und erinnern im Erntestadium \u00e4u\u00dferlich an Datteln. Die Fr\u00fcchte werden in Symbiose mit Granat\u00e4pfeln, Feigen, Mandel- und Olivenb\u00e4umen angebaut, \u00a0konsequent \u00f6kologisch, ohne chemische Zus\u00e4tze. Einmal im Jahr ernten Kleinbauernfamilien die Fr\u00fcchte in sorgf\u00e4ltiger Handarbeit und trocknen sie behutsam. So bleiben ihre nat\u00fcrlichen Eigenschaften bestm\u00f6glich erhalten \u2013 ebenso wie ihre wertvollen Pflanzenbestandteile.<\/p>\n<p>&nbsp;<\/p>\n[et_pb_section global_module=\"987493451\"][\/et_pb_section]\n<p>&nbsp;<\/p>\n<h5>Chinesische und tibetische Gesundheitslehre<\/h5>\n<p>In der chinesischen und tibetischen Gesundheitslehre werden Jujube -botanisch Ziziphus Jujuba- als Lebensmittel hochgesch\u00e4tzt und gleichzeitig als Naturheilmittel eingesetzt.<\/p>\n<p>Gem\u00e4\u00df diesem Verst\u00e4ndnis f\u00fcr ein gesundes Leben tragen sie dazu bei, die Lebenskraft von Milz und Magen zu unterst\u00fctzen und die Lebensenergie dieser beiden Organe in Balance zu halten. Die Milz ist ein wichtiges Organ f\u00fcr die Blutreinigung und \u00fcbernimmt auch elementare Aufgaben f\u00fcr ein stabiles Immunsystem. Ein Abwehrorgan, das sich um unerw\u00fcnschte Eindringlinge k\u00fcmmert, denn die Milz produziert \u201eAbwehrsoldaten\u201c. Eine ihrer wichtigsten Aufgaben ist die Bildung von wei\u00dfen Blutk\u00f6rperchen (Lymphozyten). Sie sind wichtig f\u00fcr die Abwehr von Krankheitserregern.<\/p>\n<p>Traditionel\u00a0 werden Jujube auch als Brustbeere bezeichnet. Das Kauen der Jujube l\u00f6st ein Wohlgef\u00fchl im gesamten Mund- und Rachenraum aus. Die Atemwege k\u00f6nnen sich regelrecht entspannen.<\/p>\n<p>&nbsp;<\/p>\n<h5>Verzehrempfehlung<\/h5>\n<p>Nehmen Sie t\u00e4glich 1-2 Teel\u00f6ffel JUJUBEVERA\u00ae Fruchtpulver zu sich. Sie k\u00f6nnen sie auch in Suppen, Saucen und Gem\u00fcse mitkochen.<\/p>\n<p>&nbsp;<\/p>\n<h5>N\u00e4hrwertanalyse<\/h5>\n<p>N\u00e4hrwerte (100g enthalten durchschnittlich)<br \/>\nBrennwert 1383 kJ<br \/>\nBrennwert 327 kcal<br \/>\nFett 0,5 g<br \/>\ndavon ges\u00e4ttigte Fetts\u00e4uren &lt; 0,1 g<br \/>\nKohlenhydrate 69 g<br \/>\ndavon Zucker 63 g<br \/>\nBallaststoffe 16 g<br \/>\nEiwei\u00df 3,6 g<br \/>\nSalz &lt; 0,01 g<\/p>\n<p>(Anh\u00e4ngig von Erntebedingten Schwankungen)<\/p>\n<p>K\u00fchl und trocken lagern.<\/p>\n<p>&nbsp;<\/p>\n<h5>Hinweis<\/h5>\n<p>Laut Lebensmittelsicherheits- und Verbraucherschutzgesetz ist es nicht erlaubt, einem Lebensmittel Eigenschaften der Vorbeugung, Behandlung oder Heilung einer menschlichen Krankheit zuzuschreiben oder den Eindruck dieser Eigenschaften entstehen zu lassen. Darum wird hier leider auf jede weitere Information verzichtet.<\/p>\n<p>&nbsp;<\/p>\n","protected":false},"excerpt":{"rendered":"<p>Jujube Fruchtpulver f\u00fcr ein besseres Wohlgef\u00fchl<\/p>\n<p>&nbsp;<\/p>\n<ul>\n<li style=\"margin-bottom: 12px;\">Lebensfreude schmeckt rund &amp; s\u00fc\u00df \u2013 wie unsere Jujuben<\/li>\n<li style=\"margin-bottom: 12px;\">Voller nat\u00fcrlicher Pflanzenkraft und traditionell gesch\u00e4tzt f\u00fcr bewussten Genuss<\/li>\n<li style=\"margin-bottom: 12px;\">Erfrischend mild im Geschmack \u2013 angenehm f\u00fcr Mund und Magen<\/li>\n<li style=\"margin-bottom: 12px;\">Mit einer F\u00fclle an Biophotonen \u2013 Ausdruck h\u00f6chster Qualit\u00e4t und achtsamer Verarbeitung<\/li>\n<li style=\"margin-bottom: 12px;\">Bew\u00e4hrte Rezeptur aus der chinesischen Lebenslehre \u2013 jetzt aus Portugal verf\u00fcgbar<\/li>\n<li style=\"margin-bottom: 12px;\">Angebaut in \u00f6kologischer Mischkultur<\/li>\n<li style=\"margin-bottom: 12px;\">Ohne Konservierungsstoffe, ohne Gentechnik, vegan<\/li>\n<li>Fairer &amp; verantwortungsvoller Umgang mit der Natur und unseren Kleinbauernfamilien im S\u00fcden Portugals<\/li>\n<\/ul>\n","protected":false},"featured_media":987476277,"comment_status":"open","ping_status":"closed","template":"","meta":{"_et_pb_use_builder":"","_et_pb_old_content":"","_et_gb_content_width":""},"product_brand":[473],"product_cat":[256,253,241,239],"product_tag":[],"class_list":{"0":"post-987476285","1":"product","2":"type-product","3":"status-publish","4":"has-post-thumbnail","6":"product_brand-pharmos-natur","7":"product_cat-alle-lebensgesundmittel","8":"product_cat-kraft-staerke","9":"product_cat-lebensgesundmittel","10":"product_cat-pharmos-natur","12":"first","13":"onbackorder","14":"taxable","15":"shipping-taxable","16":"purchasable","17":"product-type-simple"},"booking_location":null,"booking_location_type":null,"booking_duration":null,"booking_duration_unit":null,"booking_buffer":null,"booking_cost":null,"booking_resources":null,"exclude_global_add_ons":[],"addons":[],"_links":{"self":[{"href":"https:\/\/www.claresco-cosmetic.de\/kosmetik-shop\/wp-json\/wp\/v2\/product\/987476285","targetHints":{"allow":["GET"]}}],"collection":[{"href":"https:\/\/www.claresco-cosmetic.de\/kosmetik-shop\/wp-json\/wp\/v2\/product"}],"about":[{"href":"https:\/\/www.claresco-cosmetic.de\/kosmetik-shop\/wp-json\/wp\/v2\/types\/product"}],"replies":[{"embeddable":true,"href":"https:\/\/www.claresco-cosmetic.de\/kosmetik-shop\/wp-json\/wp\/v2\/comments?post=987476285"}],"wp:featuredmedia":[{"embeddable":true,"href":"https:\/\/www.claresco-cosmetic.de\/kosmetik-shop\/wp-json\/wp\/v2\/media\/987476277"}],"wp:attachment":[{"href":"https:\/\/www.claresco-cosmetic.de\/kosmetik-shop\/wp-json\/wp\/v2\/media?parent=987476285"}],"wp:term":[{"taxonomy":"product_brand","embeddable":true,"href":"https:\/\/www.claresco-cosmetic.de\/kosmetik-shop\/wp-json\/wp\/v2\/product_brand?post=987476285"},{"taxonomy":"product_cat","embeddable":true,"href":"https:\/\/www.claresco-cosmetic.de\/kosmetik-shop\/wp-json\/wp\/v2\/product_cat?post=987476285"},{"taxonomy":"product_tag","embeddable":true,"href":"https:\/\/www.claresco-cosmetic.de\/kosmetik-shop\/wp-json\/wp\/v2\/product_tag?post=987476285"}],"curies":[{"name":"wp","href":"https:\/\/api.w.org\/{rel}","templated":true}]}}