{"id":987476286,"date":"2022-07-01T14:33:37","date_gmt":"2022-07-01T12:33:37","guid":{"rendered":"https:\/\/www.claresco-cosmetic.de\/kosmetik-shop\/?post_type=product&#038;p=987476286"},"modified":"2026-03-14T15:47:16","modified_gmt":"2026-03-14T14:47:16","slug":"nelli-vera-kapseln","status":"publish","type":"product","link":"https:\/\/www.claresco-cosmetic.de\/kosmetik-shop\/produkt\/nelli-vera-kapseln\/","title":{"rendered":"NelliVera"},"content":{"rendered":"[et_pb_section global_module=\"987493381\"][\/et_pb_section]\n<h5><\/h5>\n<h5>Wissen, Sorgfalt und Naturkraft<\/h5>\n<p>Der Traum ist so alt wie die Menschheit forever young. Damit Sie sich in jedem Alter jung, gesund und voller Lebenskraft f\u00fchlen, hat sich Pharmos Natur f\u00fcr Sie auf den Weg nach Nepal gemacht. Der Forscherdrang hat\u00a0 dort zu wunderbaren Pflanzen gef\u00fchrt.<\/p>\n<p>Dort f\u00fchrte die Neugier zur Phyllanthus emblica, einer Pflanze mit jahrhundertealter Tradition. Besonders ber\u00fchrt hat uns die Arbeit der Chepang-Gemeinschaft im Chitwan-Nationalpark. Mit gro\u00dfem Wissen und viel Sorgfalt verarbeiten sie die von ihnen liebevoll \u201eNelli\u201c genannten Fr\u00fcchte in reiner Handarbeit.<\/p>\n<p>Fruchtfleisch und Kern werden zun\u00e4chst getrennt, anschlie\u00dfend schonend getrocknet und danach wieder zusammengef\u00fchrt \u2013 ein aufwendiger Prozess zur Sicherung der Produktqualit\u00e4t und zur nat\u00fcrlichen Stabilisierung.<\/p>\n<p>In Deutschland werden die getrockneten Fr\u00fcchte fein vermahlen und mit langem Pfeffer, schwarzem Pfeffer, Ingwer sowie Selenhefe kombiniert \u2013 zu unserer einzigartigen NelliVera\u00ae Rezeptur.<\/p>\n<p>Alle verwendeten Zutaten stammen aus kontrolliert biologischem Anbau oder Wildsammlung.<\/p>\n<p>&nbsp;<\/p>\n[et_pb_section global_module=\"987493452\"][\/et_pb_section]\n<p>&nbsp;<\/p>\n<h5>Perfekt integriert in NelliVera. 5000 Jahre altes Wissen aus der Ayurveda<\/h5>\n<p>Diese Rezeptur folgt der urspr\u00fcnglichen ayurvedischen Lebenslehre. Denn bereits vor tausenden von Jahren galt die Phyllanthus emblica als spirituelle Frucht, die Haut und innere Organe verj\u00fcngt. Heute nennen wir das Anti-Aging. Ganz aus der Natur. Die roten oder gr\u00fcn-gelben Fr\u00fcchte der Phyllanthus emblica \u00e4hneln unserer Stachelbeere und sind extrem sauer &#8211; ein Hinweis auf ihren Gehalt an Vitamin C.<\/p>\n<p>Vitamin C tr\u00e4gt zur normalen Funktion des Immunsystems sowie zur normalen Kollagenbildung f\u00fcr eine normale Funktion der Haut bei. Es hilft au\u00dferdem dabei, die Zellen vor oxidativem Stress zu sch\u00fctzen.<\/p>\n<p>Erg\u00e4nzt wird die Rezeptur durch Selen in Form von Natriumselenit. Selen tr\u00e4gt zur Erhaltung normaler Haare und N\u00e4gel sowie zu einer normalen Schilddr\u00fcsenfunktion bei.<\/p>\n<p>&nbsp;<\/p>\n<h5>Verzehrempfehlung<\/h5>\n<p>Nehmen Sie t\u00e4glich morgens 2-3 Kapseln und trinken Sie ein Glas Wasser dazu.\u00a0 NELLIVERA\u00ae bewahrt Ihre Vitalit\u00e4t und Ihre Lebenskraft.<\/p>\n<p>&nbsp;<\/p>\n<h5>N\u00e4hrwertanalyse<\/h5>\n<p>Zusammensetzung Tagesdosis (2 Kapseln)<br \/>\nPhyllanthus emblica 960 mg<br \/>\nPiper nigrum \/ Schwarzer Pfeffer 10 mg<br \/>\nPiper longum \/ Langer Pfeffer 10 mg<br \/>\nIngwerwurzelextrakt 10 mg<br \/>\ndavon Gingerol 0,5 mg<br \/>\nSelen*** 36 \u00b5g 66 %<\/p>\n<p>*** Selen tr\u00e4gt zu einer normalen Funktion des Immunsystems bei. Selen tr\u00e4gt au\u00dferdem dazu bei, die Zellen vor oxidativem Stress zu sch\u00fctzen.<\/p>\n<p>&nbsp;<\/p>\n<h5>Hinweise<\/h5>\n<p>Nahrungserg\u00e4nzungsmittel dienen nicht als Ersatz f\u00fcr eine abwechslungsreiche, ausgewogene Ern\u00e4hrung und eine gesunde Lebensweise. Die angegebene empfohlene t\u00e4gliche Verzehrmenge darf nicht \u00fcberschritten werden. Au\u00dferhalb der Reichweite von kleinen Kindern aufbewahren.<\/p>\n<p>Laut Lebensmittelsicherheits- und Verbraucherschutzgesetz ist es nicht erlaubt, einem Lebensmittel Eigenschaften der Vorbeugung, Behandlung oder Heilung einer menschlichen Krankheit zuzuschreiben oder den Eindruck dieser Eigenschaften entstehen zu lassen. Darum wird hier leider auf jede weitere Information verzichtet.<\/p>\n<p>&nbsp;<\/p>\n","protected":false},"excerpt":{"rendered":"<p>Antioxidative Kapseln f\u00fcr ein wirkungsvolles Anti-Aging von innen<\/p>\n<p>&nbsp;<\/p>\n<ul>\n<li style=\"margin-bottom: 12px;\">Kapseln mit Selen zum Schutz vor oxidativem Stress<\/li>\n<li style=\"margin-bottom: 12px;\">Mit einer F\u00fclle an Biophotonen \u2013 Ausdruck h\u00f6chster Qualit\u00e4t und achtsamer Verarbeitung<\/li>\n<li style=\"margin-bottom: 12px;\">Selen tr\u00e4gt zu einer normalen Funktion des Immunsystems bei<\/li>\n<li style=\"margin-bottom: 12px;\">Selen unterst\u00fctzt die normale Funktion der Schilddr\u00fcse<\/li>\n<li style=\"margin-bottom: 12px;\">Ohne Konservierungsstoffe<\/li>\n<li style=\"margin-bottom: 12px;\">NelliVera\u00ae Rezeptur zur t\u00e4glichen Versorgung mit Selen<\/li>\n<li>Faire und verantwortungsvolle Zusammenarbeit mit Ureinwohnern und ihren Familien<\/li>\n<\/ul>\n","protected":false},"featured_media":987476290,"comment_status":"open","ping_status":"closed","template":"","meta":{"_et_pb_use_builder":"","_et_pb_old_content":"","_et_gb_content_width":""},"product_brand":[473],"product_cat":[256,241,239,254],"product_tag":[],"class_list":{"0":"post-987476286","1":"product","2":"type-product","3":"status-publish","4":"has-post-thumbnail","6":"product_brand-pharmos-natur","7":"product_cat-alle-lebensgesundmittel","8":"product_cat-lebensgesundmittel","9":"product_cat-pharmos-natur","10":"product_cat-schutz-regeneration","11":"pa_inhalt-80st","13":"first","14":"outofstock","15":"taxable","16":"shipping-taxable","17":"purchasable","18":"product-type-simple"},"booking_location":null,"booking_location_type":null,"booking_duration":null,"booking_duration_unit":null,"booking_buffer":null,"booking_cost":null,"booking_resources":null,"exclude_global_add_ons":[],"addons":[],"_links":{"self":[{"href":"https:\/\/www.claresco-cosmetic.de\/kosmetik-shop\/wp-json\/wp\/v2\/product\/987476286","targetHints":{"allow":["GET"]}}],"collection":[{"href":"https:\/\/www.claresco-cosmetic.de\/kosmetik-shop\/wp-json\/wp\/v2\/product"}],"about":[{"href":"https:\/\/www.claresco-cosmetic.de\/kosmetik-shop\/wp-json\/wp\/v2\/types\/product"}],"replies":[{"embeddable":true,"href":"https:\/\/www.claresco-cosmetic.de\/kosmetik-shop\/wp-json\/wp\/v2\/comments?post=987476286"}],"wp:featuredmedia":[{"embeddable":true,"href":"https:\/\/www.claresco-cosmetic.de\/kosmetik-shop\/wp-json\/wp\/v2\/media\/987476290"}],"wp:attachment":[{"href":"https:\/\/www.claresco-cosmetic.de\/kosmetik-shop\/wp-json\/wp\/v2\/media?parent=987476286"}],"wp:term":[{"taxonomy":"product_brand","embeddable":true,"href":"https:\/\/www.claresco-cosmetic.de\/kosmetik-shop\/wp-json\/wp\/v2\/product_brand?post=987476286"},{"taxonomy":"product_cat","embeddable":true,"href":"https:\/\/www.claresco-cosmetic.de\/kosmetik-shop\/wp-json\/wp\/v2\/product_cat?post=987476286"},{"taxonomy":"product_tag","embeddable":true,"href":"https:\/\/www.claresco-cosmetic.de\/kosmetik-shop\/wp-json\/wp\/v2\/product_tag?post=987476286"}],"curies":[{"name":"wp","href":"https:\/\/api.w.org\/{rel}","templated":true}]}}