{"id":987476332,"date":"2022-07-06T21:33:10","date_gmt":"2022-07-06T19:33:10","guid":{"rendered":"https:\/\/www.claresco-cosmetic.de\/kosmetik-shop\/?post_type=product&#038;p=987476332"},"modified":"2025-12-31T18:21:06","modified_gmt":"2025-12-31T17:21:06","slug":"moisturizing-cream","status":"publish","type":"product","link":"https:\/\/www.claresco-cosmetic.de\/kosmetik-shop\/produkt\/moisturizing-cream\/","title":{"rendered":"Moisturizing Cream"},"content":{"rendered":"<h5>Produktinformationen<\/h5>\n<p>Das feuchtigkeitsspendende Allroundtalent &#8211; die Feuchtigkeitscreme. Aus 100% reiner Bio Aloe Vera anstelle von Wasser. Mit Avocado \u00d6l, Hanf\u00f6l, Magnolie, Chiasamen \u00d6l, Johanniskraut und Calendula. All das sind ausgew\u00e4hlte Heil- und Verj\u00fcngungspflanzen, sacred plants. Ein echter Gewinn f\u00fcr Ihre Haut, denn sie wird geschmeidiger, elastischer und rundum versorgt mit einem nat\u00fcrlichen Feuchtigkeitskomplex. Vitamin E, ein wichtiges Antioxidans und Verj\u00fcngungsvitamin, wehrt freie Radikale ab.<\/p>\n<p>Der S\u00e4ureschutzmantel wird von Grund auf gest\u00e4rkt. Trockenheitsf\u00e4ltchen und -linien lassen sich sichtbar mildern, der Hautstoffwechsel wird angeregt, gereizte, empfindliche Hautpartien beruhigen sich. \u200bSanft wird die Regeneration Ihrer Haut durch die Feuchtigkeitscreme f\u00fcrs Gesicht angeregt, indem ganz einfach ihre nat\u00fcrlichen Funktionen stimuliert werden. Feuchtigkeitscreme Natur pur, sch\u00fctzt, pflegt, gl\u00e4ttet, erfrischt und verw\u00f6hnt Ihre Haut. \u200b<\/p>\n<p>&nbsp;<\/p>\n<h5>Anwendung<\/h5>\n<p>Tragen Sie die MOISTURIZING CREAM morgens und abends gleichm\u00e4\u00dfig auf Ihre gereinigte Haut auf.<\/p>\n<p>&nbsp;<\/p>\n<h5>Empfohlen f\u00fcr<\/h5>\n<ul>\n<li>Feuchtigkeitsarme Haut\u00a0 \u2192 macht die Haut geschmeidiger und elastischer\u200b<\/li>\n<li>Kleine Verletzungen\u00a0 \u2192\u00a0 wirkt als nat\u00fcrliche Wund- und Heilsalbe<\/li>\n<li>Trockene H\u00e4nde und F\u00fc\u00dfe\u00a0 \u2192\u00a0 versorgt die Haut mit einem nat\u00fcrlichen Feuchtigkeitskomplex<\/li>\n<li>Junge Haut\u00a0 \u00a0\u2192\u00a0 stimuliert die nat\u00fcrlichen Funktionen der Haut\u200b<\/li>\n<li>Normale Haut\u00a0 \u2192\u00a0 erfrischt und verw\u00f6hnt\u200b<\/li>\n<\/ul>\n<p>&nbsp;<\/p>\n[et_pb_section global_module=\"987493092\"][\/et_pb_section]\n","protected":false},"excerpt":{"rendered":"<p>Feuchtigkeitsspendende Gesichtscreme mit Avocado\u00f6l<\/p>\n<p>&nbsp;<\/p>\n<ul>\n<li style=\"margin-bottom: 12px;\">leichte, sch\u00fctzende Feuchtigkeitspflege<\/li>\n<li style=\"margin-bottom: 12px;\">verringert den transepidermalen Wasserverlust\u200b<\/li>\n<li style=\"margin-bottom: 12px;\">Vitamin E sch\u00fctzt die nat\u00fcrliche Hautstruktur\u200b<\/li>\n<li style=\"margin-bottom: 12px;\">k\u00fchlt angenehm und macht die Haut weich und geschmeidig\u200b<\/li>\n<li>aus echten Heil- und Verj\u00fcngungspflanzen, sacred plants<\/li>\n<\/ul>\n","protected":false},"featured_media":987476405,"comment_status":"open","ping_status":"closed","template":"","meta":{"_et_pb_use_builder":"","_et_pb_old_content":"","_et_gb_content_width":""},"product_brand":[473],"product_cat":[251,84,210,243,240,239,459],"product_tag":[],"class_list":{"0":"post-987476332","1":"product","2":"type-product","3":"status-publish","4":"has-post-thumbnail","6":"product_brand-pharmos-natur","7":"product_cat-pharmos-alle-naturkosmetik","8":"product_cat-gesicht","9":"product_cat-gesichtspflege","10":"product_cat-pharmos-gesichtspflege","11":"product_cat-pharmos-naturkosmetik","12":"product_cat-pharmos-natur","13":"product_cat-rabatt-aktionen","15":"first","16":"instock","17":"taxable","18":"shipping-taxable","19":"purchasable","20":"product-type-simple"},"booking_location":null,"booking_location_type":null,"booking_duration":null,"booking_duration_unit":null,"booking_buffer":null,"booking_cost":null,"booking_resources":null,"exclude_global_add_ons":[],"addons":[],"_links":{"self":[{"href":"https:\/\/www.claresco-cosmetic.de\/kosmetik-shop\/wp-json\/wp\/v2\/product\/987476332","targetHints":{"allow":["GET"]}}],"collection":[{"href":"https:\/\/www.claresco-cosmetic.de\/kosmetik-shop\/wp-json\/wp\/v2\/product"}],"about":[{"href":"https:\/\/www.claresco-cosmetic.de\/kosmetik-shop\/wp-json\/wp\/v2\/types\/product"}],"replies":[{"embeddable":true,"href":"https:\/\/www.claresco-cosmetic.de\/kosmetik-shop\/wp-json\/wp\/v2\/comments?post=987476332"}],"wp:featuredmedia":[{"embeddable":true,"href":"https:\/\/www.claresco-cosmetic.de\/kosmetik-shop\/wp-json\/wp\/v2\/media\/987476405"}],"wp:attachment":[{"href":"https:\/\/www.claresco-cosmetic.de\/kosmetik-shop\/wp-json\/wp\/v2\/media?parent=987476332"}],"wp:term":[{"taxonomy":"product_brand","embeddable":true,"href":"https:\/\/www.claresco-cosmetic.de\/kosmetik-shop\/wp-json\/wp\/v2\/product_brand?post=987476332"},{"taxonomy":"product_cat","embeddable":true,"href":"https:\/\/www.claresco-cosmetic.de\/kosmetik-shop\/wp-json\/wp\/v2\/product_cat?post=987476332"},{"taxonomy":"product_tag","embeddable":true,"href":"https:\/\/www.claresco-cosmetic.de\/kosmetik-shop\/wp-json\/wp\/v2\/product_tag?post=987476332"}],"curies":[{"name":"wp","href":"https:\/\/api.w.org\/{rel}","templated":true}]}}