{"id":987476423,"date":"2022-07-09T15:10:21","date_gmt":"2022-07-09T13:10:21","guid":{"rendered":"https:\/\/www.claresco-cosmetic.de\/kosmetik-shop\/?post_type=product&#038;p=987476423"},"modified":"2025-12-31T18:21:04","modified_gmt":"2025-12-31T17:21:04","slug":"care-balm","status":"publish","type":"product","link":"https:\/\/www.claresco-cosmetic.de\/kosmetik-shop\/produkt\/care-balm\/","title":{"rendered":"Care Balm Pflegebalsam"},"content":{"rendered":"<h5>Produktinformationen<\/h5>\n<p>Ein wirklich sinnliches Pflegeerlebnis f\u00fcr Ihre Haut: Der Pflegebalsam aus Macadamianuss \u00d6l und 100% reiner Bio Aloe Vera anstelle von Wasser. Diese Creme f\u00fcr trockene Haut verleiht Ihnen sp\u00fcrbar mehr Vitalit\u00e4t und zeigt sofort einen strahlend frischen Teint. Ihre F\u00e4ltchen werden sichtbar gemildert. \u200b<\/p>\n<p>Das nachhaltig, regenerierender Pflegebalsam entfaltet vor allem bei anspruchsvoller, feinporiger Haut seine umfassende Wirkung. Pflegebed\u00fcrftige Haut wird optimal mit n\u00e4hrenden Wirkstoffen versorgt. Bio Aloe Vera und Macadamia gl\u00e4tten Ihre Haut. Linien und Trockenheitsf\u00e4ltchen werden sichtbar gemindert. Das Erscheinungsbild Ihrer Haut wird deutlich verbessert. Die Gesichtscreme f\u00fcr trockene Haut hinterl\u00e4sst ein sp\u00fcrbares Pflegegef\u00fchl. Ganz schnell. \u200b<\/p>\n<p>M\u00fcde Haut erh\u00e4lt einen Energieschub und viel Lebendigkeit. Natur, die wirkt. Alle wertvollen, naturbelassenen Inhaltstoffe der Heil- und Verj\u00fcngungspflanzen, sacred plants, bleiben in ihrer urspr\u00fcnglichen Verbindung. Es werden keine Einzelstoffe isoliert. Denn erst in diesem ganzheitlichen Netzwerk aus hochwirksamen Mikron\u00e4hrstoffen verw\u00f6hnen, pflegen und n\u00e4hren sie Haut und Sinne. Wie in der Natur vorgesehen.<\/p>\n<p>&nbsp;<\/p>\n<h5>Anwendung<\/h5>\n<p>Tragen Sie den CARE BALM morgens und abends gleichm\u00e4\u00dfig auf Ihre gereinigte Haut auf.<\/p>\n<p>&nbsp;<\/p>\n<h5>Empfohlen f\u00fcr<\/h5>\n<p>Anspruchsvolle Haut \u2192 versorgt die Haut mit n\u00e4hrenden Wirkstoffen<br \/>\nFeinporige, d\u00fcnne Haut \u2192 verbessert das Erscheinungsbild der Haut<br \/>\nRaue, schuppige Haut \u2192 gl\u00e4ttet Hautschuppen und raue Stellen<br \/>\nNeurodermitis \u2192 regeneriert und pflegt betroffene Hautstellen\u200b<\/p>\n<p>&nbsp;<\/p>\n[et_pb_section global_module=\"987493092\"][\/et_pb_section]\n","protected":false},"excerpt":{"rendered":"<p>N\u00e4hrende Gesichtscreme mit leichter Textur<\/p>\n<p>&nbsp;<\/p>\n<ul>\n<li style=\"margin-bottom: 12px;\">reichhaltige Pflegecreme mit leichter Textur<\/li>\n<li style=\"margin-bottom: 12px;\">gl\u00e4ttet die Schuppenschicht der Haut\u200b<\/li>\n<li style=\"margin-bottom: 12px;\">wirkt harmonisierend\u200b<\/li>\n<li style=\"margin-bottom: 12px;\">versorgt die Haut optimal mit N\u00e4hrstoffen\u200b<\/li>\n<li>aus echten Heil- und Verj\u00fcngungspflanzen, sacred plants<\/li>\n<\/ul>\n","protected":false},"featured_media":987476404,"comment_status":"open","ping_status":"closed","template":"","meta":{"_et_pb_use_builder":"","_et_pb_old_content":"","_et_gb_content_width":""},"product_brand":[473],"product_cat":[251,84,210,243,113,240,239],"product_tag":[],"class_list":{"0":"post-987476423","1":"product","2":"type-product","3":"status-publish","4":"has-post-thumbnail","6":"product_brand-pharmos-natur","7":"product_cat-pharmos-alle-naturkosmetik","8":"product_cat-gesicht","9":"product_cat-gesichtspflege","10":"product_cat-pharmos-gesichtspflege","11":"product_cat-glow","12":"product_cat-pharmos-naturkosmetik","13":"product_cat-pharmos-natur","15":"first","16":"onbackorder","17":"taxable","18":"shipping-taxable","19":"purchasable","20":"product-type-simple"},"booking_location":null,"booking_location_type":null,"booking_duration":null,"booking_duration_unit":null,"booking_buffer":null,"booking_cost":null,"booking_resources":null,"exclude_global_add_ons":[],"addons":[],"_links":{"self":[{"href":"https:\/\/www.claresco-cosmetic.de\/kosmetik-shop\/wp-json\/wp\/v2\/product\/987476423","targetHints":{"allow":["GET"]}}],"collection":[{"href":"https:\/\/www.claresco-cosmetic.de\/kosmetik-shop\/wp-json\/wp\/v2\/product"}],"about":[{"href":"https:\/\/www.claresco-cosmetic.de\/kosmetik-shop\/wp-json\/wp\/v2\/types\/product"}],"replies":[{"embeddable":true,"href":"https:\/\/www.claresco-cosmetic.de\/kosmetik-shop\/wp-json\/wp\/v2\/comments?post=987476423"}],"wp:featuredmedia":[{"embeddable":true,"href":"https:\/\/www.claresco-cosmetic.de\/kosmetik-shop\/wp-json\/wp\/v2\/media\/987476404"}],"wp:attachment":[{"href":"https:\/\/www.claresco-cosmetic.de\/kosmetik-shop\/wp-json\/wp\/v2\/media?parent=987476423"}],"wp:term":[{"taxonomy":"product_brand","embeddable":true,"href":"https:\/\/www.claresco-cosmetic.de\/kosmetik-shop\/wp-json\/wp\/v2\/product_brand?post=987476423"},{"taxonomy":"product_cat","embeddable":true,"href":"https:\/\/www.claresco-cosmetic.de\/kosmetik-shop\/wp-json\/wp\/v2\/product_cat?post=987476423"},{"taxonomy":"product_tag","embeddable":true,"href":"https:\/\/www.claresco-cosmetic.de\/kosmetik-shop\/wp-json\/wp\/v2\/product_tag?post=987476423"}],"curies":[{"name":"wp","href":"https:\/\/api.w.org\/{rel}","templated":true}]}}