{"id":987476426,"date":"2022-07-11T10:50:06","date_gmt":"2022-07-11T08:50:06","guid":{"rendered":"https:\/\/www.claresco-cosmetic.de\/kosmetik-shop\/?post_type=product&#038;p=987476426"},"modified":"2026-03-14T15:55:03","modified_gmt":"2026-03-14T14:55:03","slug":"balancing-cream","status":"publish","type":"product","link":"https:\/\/www.claresco-cosmetic.de\/kosmetik-shop\/produkt\/balancing-cream\/","title":{"rendered":"Balancing Cream"},"content":{"rendered":"<h5>Produktinformationen<\/h5>\n<p><span style=\"color: #5c585c; font-weight: 500;\">Das perfekte Gleichgewicht finden<\/span> F\u00fchlt sich Ihre Haut empfindlich an, neigt zu Reizungen oder zeigt R\u00f6tungen? Haben Sie mit Couperose, Rosacea, zu Akne neigender Haut oder Mischhaut zu k\u00e4mpfen? Dann kennen Sie das Gef\u00fchl, wenn Balance schwer erreichbar scheint. Genau aus diesem Grund hat Pharmos Natur die neu verbesserte Balancing Cream entwickelt \u2013 eine luxuri\u00f6se L\u00f6sung, die Ihre Haut beruhigt, harmonisiert und ihre nat\u00fcrliche Vitalit\u00e4t wiederherstellt.<\/p>\n<p>Im Herzen der Formel steht das heilige Aloe Vera, das f\u00fcr seine hohe Konzentration an Biophotonen und kraftvollen aktiven Inhaltsstoffen bekannt ist. Dank des innovativen BiophotonActivE Complex\u00ae bleiben diese Wirkstoffe nicht nur erhalten, sondern dringen tief in Ihre Haut ein, um sie zu erneuern, zu sch\u00fctzen und ins Gleichgewicht zu bringen. Dieser revolution\u00e4re Prozess unterst\u00fctzt Ihre Haut auf zellul\u00e4rer Ebene und sorgt daf\u00fcr, dass sie sich st\u00e4rker, ges\u00fcnder und wundersch\u00f6n strahlend anf\u00fchlt.<\/p>\n<p>Sorgf\u00e4ltig ausgew\u00e4hlte Inhaltsstoffe f\u00fcr empfindliche Haut:<\/p>\n<p><strong><span style=\"color: #808080;\">Eibisch-Extrakt:<\/span><\/strong><br \/>\nBeruhigt Irritationen, reduziert R\u00f6tungen und schenkt selbst der sensibelsten Haut Wohlbefinden.<\/p>\n<p><strong><span style=\"color: #808080;\">Patschuli-\u00d6l:<\/span><\/strong><br \/>\nBek\u00e4mpft freie Radikale, reduziert oxidativen Stress und reguliert die Talgproduktion \u2013 ideal bei Unreinheiten.<\/p>\n<p><strong><span style=\"color: #808080;\">Perubalsam:<\/span><\/strong><br \/>\nAntiseptisch und regenerierend \u2013 perfekt f\u00fcr raue oder gesch\u00e4digte Haut.<\/p>\n<p><span style=\"color: #808080;\"><strong>Bergamotte-\u00d6l:<\/strong><\/span><br \/>\nEntgiftet, strafft und erfrischt Ihre Haut.<\/p>\n<p><strong><span style=\"color: #808080;\">Orangen-\u00d6l:<\/span><\/strong><br \/>\nEntz\u00fcndungshemmend und heilend \u2013 ideal zur Beruhigung von Akne und zur Unterst\u00fctzung der Hauterneuerung.<\/p>\n<p>Diese Inhaltsstoffe vereinen sich zu einer beruhigenden, entz\u00fcndungshemmenden und antimikrobiellen Formel, die nicht nur R\u00f6tungen und Irritationen reduziert, sondern auch die Poren verfeinert und vorzeitiger Hautalterung vorbeugt.<\/p>\n<p>&nbsp;<\/p>\n<h5><span style=\"color: #5c585c;\">Warum die Balancing Cream?<\/span><\/h5>\n<p>Ihre Haut ist einzigartig \u2013 und genauso einzigartig ist diese Pflege. Ob Sie mit Couperose, Rosacea, Unreinheiten oder einer Kombination aus \u00f6ligen und trockenen Hautpartien k\u00e4mpfen \u2013 die Balancing Cream bietet genau das, was Ihre Haut braucht. Sie beruhigt Hautreizungen, harmonisiert Feuchtigkeits- und \u00d6lwerte und hinterl\u00e4sst Ihre Haut samtig weich mit einem verfeinerten, mattierten Finish.<\/p>\n<p>Hautpflege sollte so rein wie wirksam sein. Deshalb werden bei Pharmos Natur die heiligen Pflanzen nachhaltig und in Zusammenarbeit mit Kleinbauern angebaut. Dabei wird auf \u00f6kologische Mischkulturen ohne k\u00fcnstliche Chemikalien gesetzt. Dieses Engagement stellt sicher, dass jeder Tropfen der Pflege genauso freundlich zur Umwelt ist wie zu Ihrer Haut. Erleben Sie den Unterschied einer Creme, die Ihre Haut nicht nur pflegt \u2013 sondern transformiert.<\/p>\n<p>&nbsp;<\/p>\n<h5>Anwendung<\/h5>\n<p>Tragen Sie die BALANCING CREAM morgens und abends gleichm\u00e4\u00dfig auf Ihre gereinigte Haut auf.<\/p>\n<p>&nbsp;<\/p>\n<h5>Empfohlen f\u00fcr<\/h5>\n<ul>\n<li>Empfindliche, gereizte Haut \u2192 beruhigt Irritationen und entspannt die Haut<\/li>\n<li>zu Akne neigende Haut \u2192 harmonisiert Fett- und Feuchtigkeitsgehalt<\/li>\n<li>Couperose und Rosacea \u2192 reduziert R\u00f6tungen und st\u00e4rkt die Haut<\/li>\n<li>Mischhaut \u2192 stellt Balance her und sorgt f\u00fcr ein mattiertes Finish\u200b<\/li>\n<li>Raue oder gesch\u00e4digte Haut\u2192 f\u00f6rdert Regeneration und Geschmeidigkeit<\/li>\n<\/ul>\n<p>&nbsp;<\/p>\n<p>&nbsp;<\/p>\n[et_pb_section global_module=\"987493092\"][\/et_pb_section]\n","protected":false},"excerpt":{"rendered":"<p>Gesichtscreme f\u00fcr empfindliche und irritierte Haut<\/p>\n<p>&nbsp;<\/p>\n<ul>\n<li style=\"margin-bottom: 12px;\">Regeneriert die Haut bei Couperose und Rosacea und sorgt f\u00fcr ein sichtbar verfeinertes Hautbild<\/li>\n<li style=\"margin-bottom: 12px;\">Harmonisiert die Fett- und Feuchtigkeitsproduktion f\u00fcr ein ausgeglichenes Hautgef\u00fchl<\/li>\n<li style=\"margin-bottom: 12px;\">Hinterl\u00e4sst einen mattierten, gesch\u00fctzten Teint mit langanhaltender Frische<\/li>\n<li style=\"margin-bottom: 12px;\">Beruhigt die Haut, wirkt entz\u00fcndungshemmend und reduziert R\u00f6tungen effektiv<\/li>\n<li style=\"margin-bottom: 12px;\">Hergestellt aus kostbaren Heil- und Verj\u00fcngungspflanzen, den sacred plants<\/li>\n<li>Reich an Biophotonen f\u00fcr eine revolution\u00e4re Hautlebendigkeit<\/li>\n<\/ul>\n","protected":false},"featured_media":987476403,"comment_status":"open","ping_status":"closed","template":"","meta":{"_et_pb_use_builder":"","_et_pb_old_content":"","_et_gb_content_width":""},"product_brand":[473],"product_cat":[251,84,210,243,463,240,239],"product_tag":[280,56,66,67],"class_list":{"0":"post-987476426","1":"product","2":"type-product","3":"status-publish","4":"has-post-thumbnail","6":"product_brand-pharmos-natur","7":"product_cat-pharmos-alle-naturkosmetik","8":"product_cat-gesicht","9":"product_cat-gesichtspflege","10":"product_cat-pharmos-gesichtspflege","11":"product_cat-holistic-detox","12":"product_cat-pharmos-naturkosmetik","13":"product_cat-pharmos-natur","14":"product_tag-couperose","15":"product_tag-creme","16":"product_tag-gesichtscreme","17":"product_tag-tagescreme","18":"pa_inhalt-50ml","20":"first","21":"onbackorder","22":"taxable","23":"shipping-taxable","24":"purchasable","25":"product-type-simple"},"booking_location":null,"booking_location_type":null,"booking_duration":null,"booking_duration_unit":null,"booking_buffer":null,"booking_cost":null,"booking_resources":null,"exclude_global_add_ons":[],"addons":[],"_links":{"self":[{"href":"https:\/\/www.claresco-cosmetic.de\/kosmetik-shop\/wp-json\/wp\/v2\/product\/987476426","targetHints":{"allow":["GET"]}}],"collection":[{"href":"https:\/\/www.claresco-cosmetic.de\/kosmetik-shop\/wp-json\/wp\/v2\/product"}],"about":[{"href":"https:\/\/www.claresco-cosmetic.de\/kosmetik-shop\/wp-json\/wp\/v2\/types\/product"}],"replies":[{"embeddable":true,"href":"https:\/\/www.claresco-cosmetic.de\/kosmetik-shop\/wp-json\/wp\/v2\/comments?post=987476426"}],"wp:featuredmedia":[{"embeddable":true,"href":"https:\/\/www.claresco-cosmetic.de\/kosmetik-shop\/wp-json\/wp\/v2\/media\/987476403"}],"wp:attachment":[{"href":"https:\/\/www.claresco-cosmetic.de\/kosmetik-shop\/wp-json\/wp\/v2\/media?parent=987476426"}],"wp:term":[{"taxonomy":"product_brand","embeddable":true,"href":"https:\/\/www.claresco-cosmetic.de\/kosmetik-shop\/wp-json\/wp\/v2\/product_brand?post=987476426"},{"taxonomy":"product_cat","embeddable":true,"href":"https:\/\/www.claresco-cosmetic.de\/kosmetik-shop\/wp-json\/wp\/v2\/product_cat?post=987476426"},{"taxonomy":"product_tag","embeddable":true,"href":"https:\/\/www.claresco-cosmetic.de\/kosmetik-shop\/wp-json\/wp\/v2\/product_tag?post=987476426"}],"curies":[{"name":"wp","href":"https:\/\/api.w.org\/{rel}","templated":true}]}}