{"id":987476427,"date":"2022-07-11T11:01:44","date_gmt":"2022-07-11T09:01:44","guid":{"rendered":"https:\/\/www.claresco-cosmetic.de\/kosmetik-shop\/?post_type=product&#038;p=987476427"},"modified":"2026-03-14T15:58:01","modified_gmt":"2026-03-14T14:58:01","slug":"nourishing-rose-cream","status":"publish","type":"product","link":"https:\/\/www.claresco-cosmetic.de\/kosmetik-shop\/produkt\/nourishing-rose-cream\/","title":{"rendered":"Nourishing Rose Cream"},"content":{"rendered":"<h5>Produktinformationen<\/h5>\n<p>F\u00fcrsorglich und w\u00e4rmend legt sich die Rosencreme wie ein sch\u00fctzender Mantel um Ihre Haut. In dieser n\u00e4hrstoffreichen Aloe Vera Creme mit Sheabutter, Kakaobutter, Jojoba-, Avocado-, &amp; Oliven\u00f6l, echtem Rosen\u00f6l Bienenwachs &amp; Lanolin findet Ihre Haut Entspannung und intensive Pflege. Wenn sie trocken, reifer, anspruchsvoller oder auch durch Wettereinfl\u00fcsse angegriffen ist. Und sie merkt, wie gut ihr das tut.<\/p>\n<p>Mit der Aloe Vera Gesichtscreme haben Sie verl\u00e4ssliche N\u00e4hrstofflieferanten an Ihrer Seite. Sie erhalten wertvolle Lipide und den feuchtigkeitsspendenden Regenerationskomplex der nat\u00fcrlichen Bio Aloe Vera. \u200b<\/p>\n<p>Sie regeneriert und belebt auch als Nachtcreme. Trockene, reife und anspruchsvolle Haut wird glatt, zart und geschmeidig. Ihr Hautrelief wird harmonisiert. Kostbarer, zarter Rosenduft bringt K\u00f6rper, Geist und Seele in Einklang. \u200bDas gelingt, wenn alle Pflanzen mit h\u00f6chster Sorgfalt und Liebe w\u00e4hrend der gesamten Wachstumsphase betreut werden. Gro\u00dfe Wertsch\u00e4tzung gegen\u00fcber unseren Heil- und Verj\u00fcngungspflanzen, sacred plants, haben wir alle tief in uns verankert.<\/p>\n<p>&nbsp;<\/p>\n<h5>Anwendung<\/h5>\n<p>Tragen Sie die NOURISHING ROSE CREAM morgens und abends gleichm\u00e4\u00dfig auf Ihre gereinigte Haut auf. Nehmen Sie die Creme vor allem auch als Schutz vor K\u00e4lte &#8211; vor und nach einem Aufenthalt im Freien.<\/p>\n<p>&nbsp;<\/p>\n<h5>Empfohlen f\u00fcr<\/h5>\n<ul>\n<li>Sehr trockene Haut \u2192 dient als reichhaltige und nat\u00fcrliche Pflege\u200b<\/li>\n<li>Von Wind, Wetter und K\u00e4lte gestresste Haut \u2192 pflegt mit wertvollen Lipiden\u200b<\/li>\n<li>Rissige H\u00e4nde und F\u00fc\u00dfe \u2192 regeneriert beanspruchte Haut<\/li>\n<\/ul>\n<p>&nbsp;<\/p>\n[et_pb_section global_module=\"987493199\"][\/et_pb_section]\n","protected":false},"excerpt":{"rendered":"<p>Intensiv pflegende Rosencreme f\u00fcr trockene und reife Haut<\/p>\n<p>&nbsp;<\/p>\n<ul>\n<li style=\"margin-bottom: 12px;\">n\u00e4hrende Intensivpflege f\u00fcr die trockene, reife &amp; witterungsgesch\u00e4digte Haut\u200b<\/li>\n<li style=\"margin-bottom: 12px;\">intensiv sch\u00fctzende, gl\u00e4ttende Pflegecreme\u200b<\/li>\n<li style=\"margin-bottom: 12px;\">reichhaltige Nachtcreme und perfekter K\u00e4lteschutz\u200b<\/li>\n<li style=\"margin-bottom: 12px;\">auch f\u00fcr Kinder geeignet\u200b<\/li>\n<li>aus echten Heil- und Verj\u00fcngungspflanzen, sacred plants<\/li>\n<\/ul>\n","protected":false},"featured_media":987476402,"comment_status":"open","ping_status":"closed","template":"","meta":{"_et_pb_use_builder":"","_et_pb_old_content":"","_et_gb_content_width":""},"product_brand":[473],"product_cat":[251,351,84,243,210,245,240,239],"product_tag":[66,67,63],"class_list":{"0":"post-987476427","1":"product","2":"type-product","3":"status-publish","4":"has-post-thumbnail","6":"product_brand-pharmos-natur","7":"product_cat-pharmos-alle-naturkosmetik","8":"product_cat-beliebte-produkte","9":"product_cat-gesicht","10":"product_cat-pharmos-gesichtspflege","11":"product_cat-gesichtspflege","12":"product_cat-pharmos-hautprobleme","13":"product_cat-pharmos-naturkosmetik","14":"product_cat-pharmos-natur","15":"product_tag-gesichtscreme","16":"product_tag-tagescreme","17":"product_tag-tagesschutz","18":"pa_inhalt-50ml","20":"first","21":"onbackorder","22":"taxable","23":"shipping-taxable","24":"purchasable","25":"product-type-simple"},"booking_location":null,"booking_location_type":null,"booking_duration":null,"booking_duration_unit":null,"booking_buffer":null,"booking_cost":null,"booking_resources":null,"exclude_global_add_ons":[],"addons":[],"_links":{"self":[{"href":"https:\/\/www.claresco-cosmetic.de\/kosmetik-shop\/wp-json\/wp\/v2\/product\/987476427","targetHints":{"allow":["GET"]}}],"collection":[{"href":"https:\/\/www.claresco-cosmetic.de\/kosmetik-shop\/wp-json\/wp\/v2\/product"}],"about":[{"href":"https:\/\/www.claresco-cosmetic.de\/kosmetik-shop\/wp-json\/wp\/v2\/types\/product"}],"replies":[{"embeddable":true,"href":"https:\/\/www.claresco-cosmetic.de\/kosmetik-shop\/wp-json\/wp\/v2\/comments?post=987476427"}],"wp:featuredmedia":[{"embeddable":true,"href":"https:\/\/www.claresco-cosmetic.de\/kosmetik-shop\/wp-json\/wp\/v2\/media\/987476402"}],"wp:attachment":[{"href":"https:\/\/www.claresco-cosmetic.de\/kosmetik-shop\/wp-json\/wp\/v2\/media?parent=987476427"}],"wp:term":[{"taxonomy":"product_brand","embeddable":true,"href":"https:\/\/www.claresco-cosmetic.de\/kosmetik-shop\/wp-json\/wp\/v2\/product_brand?post=987476427"},{"taxonomy":"product_cat","embeddable":true,"href":"https:\/\/www.claresco-cosmetic.de\/kosmetik-shop\/wp-json\/wp\/v2\/product_cat?post=987476427"},{"taxonomy":"product_tag","embeddable":true,"href":"https:\/\/www.claresco-cosmetic.de\/kosmetik-shop\/wp-json\/wp\/v2\/product_tag?post=987476427"}],"curies":[{"name":"wp","href":"https:\/\/api.w.org\/{rel}","templated":true}]}}