{"id":987476442,"date":"2022-07-11T11:50:18","date_gmt":"2022-07-11T09:50:18","guid":{"rendered":"https:\/\/www.claresco-cosmetic.de\/kosmetik-shop\/?post_type=product&#038;p=987476442"},"modified":"2026-03-23T20:40:14","modified_gmt":"2026-03-23T19:40:14","slug":"intensive-eye-liposome","status":"publish","type":"product","link":"https:\/\/www.claresco-cosmetic.de\/kosmetik-shop\/produkt\/intensive-eye-liposome\/","title":{"rendered":"Intensive Eye Liposome"},"content":{"rendered":"<h5>Produktinformationen<\/h5>\n<p>Augenf\u00e4lliger Soforteffekt? Dieses fettfreies Augen-Gel, \u00fcberzeugt durch Wirkung. Auf Basis des Aloe Vera Bio Ursaftes &#8211; 100% rein &#8211; und Spirulina Algen. Eine ganz besondere Augenpflege f\u00fcr Ihre empfindliche Augenpartie. Sie wird sanft vitalisiert, intensiv umsorgt und ausreichend gepflegt. Diese Falten Creme ist ein feuchtigkeitsspendendes sichtbares Lifting.<\/p>\n<p>Gestrafft und gegl\u00e4ttet strahlt Ihre Haut rings um die Augen herum. Bio Aloe Vera zieht tief in die Haut ein und kann dort ihre regenerierende, entz\u00fcndungshemmende, feuchtigkeitsspendende und gl\u00e4ttende Wirkung entfalten. Die Durchblutung der feinen Kapillaren verbessert sich, so dass die Zellkommunikation wunderbar funktioniert. Denn in Kombination mit den Spirulina Algen und Sojalezithin wird die nat\u00fcrliche Zellregeneration gef\u00f6rdert. Die Elastizit\u00e4t Ihrer Haut wird verbessert. Linien, F\u00e4ltchen, Schwellungen und Augenschatten werden deutlich reduziert. Fr\u00fchzeitiger Hautalterung und F\u00e4ltchenbildung wird vorgebeugt. Auch wunderbar f\u00fcr die Pflege der Oberlippe geeignet.<\/p>\n<p>Ganz intuitiv sp\u00fcren Sie, dass sowohl die materielle, ganzheitliche Wirkkraft als auch das Bewusstsein und die Energie der ausgew\u00e4hlten Heil- und Verj\u00fcngungspflanzen, sacred plants, in unsere Produkte einflie\u00dfen.<\/p>\n<p>&nbsp;<\/p>\n<h5>Anwendung<\/h5>\n<p>Tragen Sie die INTENSIVE EYE LIPOSOME morgens und abends sanft um die Augen herum auf.<\/p>\n<p>&nbsp;<\/p>\n<h5>Empfohlen f\u00fcr<\/h5>\n<ul>\n<li>Schwellungen und Schatten im Augenbereich \u2192 wirkt k\u00fchlend und wohltuend<\/li>\n<li>Gereizte, empfindliche Augen \u2192 beruhigt feine Haut<\/li>\n<li>Ekzeme auf dem Augenlid \u2192 heilt besonders in Kombination mit 1 Tropfen HARMONIZING OIL\u200b<\/li>\n<li>J\u00fcngere Haut \u2192 versorgt mit Feuchtigkeit als fettfreie Augenpflege<\/li>\n<li>Augenringe und Tr\u00e4nens\u00e4cke \u2192 vitalisiert und verleiht neue Lebenskraft<\/li>\n<li>Oberlippenf\u00e4ltchen \u2192 gl\u00e4ttet und f\u00f6rdert die Zellregeneration<\/li>\n<\/ul>\n<p>&nbsp;<\/p>\n[et_pb_section global_module=\"987493113\"][\/et_pb_section]\n","protected":false},"excerpt":{"rendered":"<p>Vitalisierendes Augengel mit abschwellender Wirkung<\/p>\n<p>&nbsp;<\/p>\n<ul>\n<li style=\"margin-bottom: 12px;\">durchfeuchtet, regeneriert und beruhigt, wirkt abschwellend\u200b<\/li>\n<li style=\"margin-bottom: 12px;\">polstert die Haut rund um die zarte Augenpartie auf\u200b<\/li>\n<li style=\"margin-bottom: 12px;\">m\u00fcde und angestrengte Augen werden erfrischt und belebt<\/li>\n<li style=\"margin-bottom: 12px;\">beugt F\u00e4ltchenbildung vor\u200b<\/li>\n<li>aus echten Heil- und Verj\u00fcngungspflanzen, sacred plants<\/li>\n<\/ul>\n","protected":false},"featured_media":987476401,"comment_status":"open","ping_status":"closed","template":"","meta":{"_et_pb_use_builder":"","_et_pb_old_content":"","_et_gb_content_width":""},"product_brand":[473],"product_cat":[251,211,84,243,240,239],"product_tag":[190,123,283,282],"class_list":{"0":"post-987476442","1":"product","2":"type-product","3":"status-publish","4":"has-post-thumbnail","6":"product_brand-pharmos-natur","7":"product_cat-pharmos-alle-naturkosmetik","8":"product_cat-augen-und-co","9":"product_cat-gesicht","10":"product_cat-pharmos-gesichtspflege","11":"product_cat-pharmos-naturkosmetik","12":"product_cat-pharmos-natur","13":"product_tag-antiaging","14":"product_tag-augen","15":"product_tag-augenringe","16":"product_tag-ekzeme","17":"pa_inhalt-20ml","19":"first","20":"onbackorder","21":"taxable","22":"shipping-taxable","23":"purchasable","24":"product-type-simple"},"booking_location":null,"booking_location_type":null,"booking_duration":null,"booking_duration_unit":null,"booking_buffer":null,"booking_cost":null,"booking_resources":null,"exclude_global_add_ons":[],"addons":[],"_links":{"self":[{"href":"https:\/\/www.claresco-cosmetic.de\/kosmetik-shop\/wp-json\/wp\/v2\/product\/987476442","targetHints":{"allow":["GET"]}}],"collection":[{"href":"https:\/\/www.claresco-cosmetic.de\/kosmetik-shop\/wp-json\/wp\/v2\/product"}],"about":[{"href":"https:\/\/www.claresco-cosmetic.de\/kosmetik-shop\/wp-json\/wp\/v2\/types\/product"}],"replies":[{"embeddable":true,"href":"https:\/\/www.claresco-cosmetic.de\/kosmetik-shop\/wp-json\/wp\/v2\/comments?post=987476442"}],"wp:featuredmedia":[{"embeddable":true,"href":"https:\/\/www.claresco-cosmetic.de\/kosmetik-shop\/wp-json\/wp\/v2\/media\/987476401"}],"wp:attachment":[{"href":"https:\/\/www.claresco-cosmetic.de\/kosmetik-shop\/wp-json\/wp\/v2\/media?parent=987476442"}],"wp:term":[{"taxonomy":"product_brand","embeddable":true,"href":"https:\/\/www.claresco-cosmetic.de\/kosmetik-shop\/wp-json\/wp\/v2\/product_brand?post=987476442"},{"taxonomy":"product_cat","embeddable":true,"href":"https:\/\/www.claresco-cosmetic.de\/kosmetik-shop\/wp-json\/wp\/v2\/product_cat?post=987476442"},{"taxonomy":"product_tag","embeddable":true,"href":"https:\/\/www.claresco-cosmetic.de\/kosmetik-shop\/wp-json\/wp\/v2\/product_tag?post=987476442"}],"curies":[{"name":"wp","href":"https:\/\/api.w.org\/{rel}","templated":true}]}}