{"id":987476445,"date":"2022-07-11T14:14:18","date_gmt":"2022-07-11T12:14:18","guid":{"rendered":"https:\/\/www.claresco-cosmetic.de\/kosmetik-shop\/?post_type=product&#038;p=987476445"},"modified":"2025-12-31T18:21:06","modified_gmt":"2025-12-31T17:21:06","slug":"regenerating-mask","status":"publish","type":"product","link":"https:\/\/www.claresco-cosmetic.de\/kosmetik-shop\/produkt\/regenerating-mask\/","title":{"rendered":"Regenerating Mask"},"content":{"rendered":"<h5>Produktinformationen<\/h5>\n<p>Erleben Sie das Geheimnis einer bioaktiven Anti Aging Maske mit nachhaltiger Tiefenwirkung. Eine Wundermaske f\u00fcr jede Haut.<\/p>\n<p>Die Gesichtsmaske beeindruckt mit Ihrer echten &#8220;Vorher-Nachher&#8221; Wirkung. Schon nach der ersten Anwendung sp\u00fcren Sie die mineralienhaltige Pflege, die richtig unter die Haut geht: mit 100% reinem Aloe Vera Bio Ursaft anstelle von Wasser, Jojoba-\u00d6l, schwarzem Sesam Ursamen, wei\u00dfer Mineralerde und Hyaluron. \u200b<\/p>\n<p>Wertvoll und sehr wirksam ist das Netzwerk aus Calcium, Magnesium, Zink und essentiellen Aminos\u00e4uren. Reichhaltige Anti-Oxidantien, vor allem Vitamine und kostbare Proteine st\u00e4rken die Festigkeit Ihrer Haut. Spezielle Mineralerde aktiviert ihre Schutzmechanismen. Aufgrund dieser au\u00dfergew\u00f6hnlichen Textur wird die Anti Faltenmaske direkt bis in die unteren Hautschichten aufgenommen. Mit beruhigender, r\u00f6tungsmindernder und entz\u00fcndungshemmender Wirkung. \u200b<\/p>\n<p>Einfach eine \u00fcberzeugende Mehrfachwirkung und Ihre Haut ist optimal auf Regeneration mit echtem Lifting-Effekt eingestellt. Elastin- und Kollagenproduktion werden ganz nat\u00fcrlich angeregt. Durch intensive Feuchtigkeit &#8211; dank sei unserer besonderen Bio Aloe Vera aus \u00f6kologischer Mischkultur &#8211; gl\u00e4tten sich Linien und F\u00e4ltchen sichtbar. Bei regelm\u00e4\u00dfiger Anwendung verblassen Pigment- und Altersflecken deutlich. Ihre Haut zeigt sich feinporig, geschmeidig und strahlend sch\u00f6n, genauso wie Sie selbst.<\/p>\n<p>&nbsp;<\/p>\n<h5>Anwendung<\/h5>\n<p>Tragen Sie die REGENERATING MASK 1-2 x w\u00f6chentlich nach dem Reinigungsprogramm gleichm\u00e4\u00dfig auf Gesicht, Hals und Dekollet\u00e9 auf: Und waschen Sie die Maske nach 15 Minuten Einwirkzeit gr\u00fcndlich ab.\u200b F\u00fcr den besonderen Glow verwenden Sie vorher ein OIL SERUM unter der Maske.<\/p>\n<p>&nbsp;<\/p>\n<h5>Empfohlen f\u00fcr<\/h5>\n<ul>\n<li>Reife Haut \u2192 erzielt eine sofort sichtbare, straffende Wirkung<\/li>\n<li>Empfindliche Haut \u2192 st\u00e4rkt die Schutzmechanismen und wirkt beruhigend\u200b<\/li>\n<li>Trockene Haut \u2192 spendet intensive Feuchtigkeit\u200b<\/li>\n<li>Alle Hauttypen \u2192 regt die Hautregeneration an<\/li>\n<\/ul>\n<p>&nbsp;<\/p>\n<p>&nbsp;<\/p>\n[et_pb_section global_module=\"987493113\"][\/et_pb_section]\n","protected":false},"excerpt":{"rendered":"<p>Straffende, gl\u00e4ttende und remineralisierende Gesichtsmaske<\/p>\n<p>&nbsp;<\/p>\n<ul>\n<li style=\"margin-bottom: 12px;\">sorgt f\u00fcr einen strahlenden, lebendigen, &amp; ebenm\u00e4\u00dfigen Teint\u200b<\/li>\n<li style=\"margin-bottom: 12px;\">strafft, gl\u00e4ttet &amp; spendet Feuchtigkeit\u200b<\/li>\n<li style=\"margin-bottom: 12px;\">beruhigt, lindert R\u00f6tungen und Entz\u00fcndungen\u200b<\/li>\n<li style=\"margin-bottom: 12px;\">Pigmentflecken verblassen bei regelm\u00e4\u00dfiger Anwendung\u200b<\/li>\n<li>aus echten Heil- und Verj\u00fcngungspflanzen, sacred plants\u200b<\/li>\n<\/ul>\n","protected":false},"featured_media":987493209,"comment_status":"open","ping_status":"closed","template":"","meta":{"_et_pb_use_builder":"","_et_pb_old_content":"","_et_gb_content_width":""},"product_brand":[473],"product_cat":[251,84,243,210,245,463,111,240,239],"product_tag":[280,56,66,67],"class_list":{"0":"post-987476445","1":"product","2":"type-product","3":"status-publish","4":"has-post-thumbnail","6":"product_brand-pharmos-natur","7":"product_cat-pharmos-alle-naturkosmetik","8":"product_cat-gesicht","9":"product_cat-pharmos-gesichtspflege","10":"product_cat-gesichtspflege","11":"product_cat-pharmos-hautprobleme","12":"product_cat-holistic-detox","13":"product_cat-masken","14":"product_cat-pharmos-naturkosmetik","15":"product_cat-pharmos-natur","16":"product_tag-couperose","17":"product_tag-creme","18":"product_tag-gesichtscreme","19":"product_tag-tagescreme","21":"first","22":"onbackorder","23":"taxable","24":"shipping-taxable","25":"purchasable","26":"product-type-simple"},"booking_location":null,"booking_location_type":null,"booking_duration":null,"booking_duration_unit":null,"booking_buffer":null,"booking_cost":null,"booking_resources":null,"exclude_global_add_ons":[],"addons":[],"_links":{"self":[{"href":"https:\/\/www.claresco-cosmetic.de\/kosmetik-shop\/wp-json\/wp\/v2\/product\/987476445","targetHints":{"allow":["GET"]}}],"collection":[{"href":"https:\/\/www.claresco-cosmetic.de\/kosmetik-shop\/wp-json\/wp\/v2\/product"}],"about":[{"href":"https:\/\/www.claresco-cosmetic.de\/kosmetik-shop\/wp-json\/wp\/v2\/types\/product"}],"replies":[{"embeddable":true,"href":"https:\/\/www.claresco-cosmetic.de\/kosmetik-shop\/wp-json\/wp\/v2\/comments?post=987476445"}],"wp:featuredmedia":[{"embeddable":true,"href":"https:\/\/www.claresco-cosmetic.de\/kosmetik-shop\/wp-json\/wp\/v2\/media\/987493209"}],"wp:attachment":[{"href":"https:\/\/www.claresco-cosmetic.de\/kosmetik-shop\/wp-json\/wp\/v2\/media?parent=987476445"}],"wp:term":[{"taxonomy":"product_brand","embeddable":true,"href":"https:\/\/www.claresco-cosmetic.de\/kosmetik-shop\/wp-json\/wp\/v2\/product_brand?post=987476445"},{"taxonomy":"product_cat","embeddable":true,"href":"https:\/\/www.claresco-cosmetic.de\/kosmetik-shop\/wp-json\/wp\/v2\/product_cat?post=987476445"},{"taxonomy":"product_tag","embeddable":true,"href":"https:\/\/www.claresco-cosmetic.de\/kosmetik-shop\/wp-json\/wp\/v2\/product_tag?post=987476445"}],"curies":[{"name":"wp","href":"https:\/\/api.w.org\/{rel}","templated":true}]}}