{"id":987476456,"date":"2022-07-11T20:01:16","date_gmt":"2022-07-11T18:01:16","guid":{"rendered":"https:\/\/www.claresco-cosmetic.de\/kosmetik-shop\/?post_type=product&#038;p=987476456"},"modified":"2025-12-19T19:34:12","modified_gmt":"2025-12-19T18:34:12","slug":"balancing-kleingroessen-set","status":"publish","type":"product","link":"https:\/\/www.claresco-cosmetic.de\/kosmetik-shop\/produkt\/balancing-kleingroessen-set\/","title":{"rendered":"BALANCING Kleingr\u00f6\u00dfen Set"},"content":{"rendered":"<p>Im Kleinen ganz gro\u00df Praktisch, stylisch, voller Wirkstoffe, intensiver Lichtenergie \u2013 Biophotonen \u2013 und hoher Schwingung. Und sie passen \u00fcberall mit rein: in die Handtasche, in den Kulturbeutel oder sogar einfach Mal in die Hosentasche. Immer und \u00fcberall dabei. Pflege, Schutz und Regeneration jederzeit an jedem Ort. Erleben Sie, wie echte Natur neue Balance herstellt. \u00a0 Die <strong>Balancing Cream<\/strong> eignet sich optimal f\u00fcr sensible Mischhaut. Mit entz\u00fcndungshemmender Wirkung bei Hautunreinheiten und beruhigend bei Couperose und gro\u00dfporiger Haut. Mattierend und Hautbild verfeinernd. \u00a0 In Verbindung mit dem <strong>Moisturizing Spray<\/strong> ist das eine wahre Powerkombination. Denn das belebende Energiespray ist den ganzen Tag und \u00fcberall anwendbar. Ein wirkliches Allround-Talent. Sp\u00fcren Sie den 100% reinen Aloe Vera BioUrsaft und erleben Sie die befreiende, erfrischende Wirkung von Tulsi, dem indischen Basilikum. \u00a0 Der reichhaltige Schaum des <strong>Cleansing Gel<\/strong> wirkt erfrischend und ganz zart. Ohne auszutrocknen. Schon bei der Reinigung wird Ihre Hautregeneration gef\u00f6rdert. \u00a0 P.S.: Die Minis sind auch perfekt als Geschenk-Idee. F\u00fcr kleine und f\u00fcr gro\u00dfe Anl\u00e4sse! \u00a0<\/p>\n<h5>Anwendung<\/h5>\n<p>Reinigen Sie Ihr Gesicht morgens und abends mit einer kleinen Menge des Cleansing Gels. Tragen Sie danach die Balancing Cream auf Ihre Haut auf. Und genie\u00dfen Sie zwischendurch immer wieder das Moisturizing Spray. \u00a0<\/p>\n<h5>Empfohlen f\u00fcr<\/h5>\n<ul>\n<li>COUPEROSE UND ROSACEA \u2192 wirkt R\u00f6tungen entgegen<\/li>\n<li>MISCHHAUT \u2192 stellt das Gleichgewicht her<\/li>\n<li>ZU ENTZ\u00dcNDUNG NEIGENDE HAUT \u2192 beruhigt sensible Hautstellen\u200b<\/li>\n<li>NACHLASSENDE KONZENTRATION \u2192 f\u00f6rdert die Konzentration &amp; \u00f6ffnet das Bewusstsein\u200b<\/li>\n<li>ENTFERNUNG AUGEN MAKE-UP \u2192 reinigt schonend und gr\u00fcndlich<\/li>\n<\/ul>\n<p>\u00a0<\/p>\n","protected":false},"excerpt":{"rendered":"<p>Sacred Plants in praktischen Kleingr\u00f6\u00dfen<br \/>\nBalancing Cream 15ml, Moisturizing Spray 20ml, Cleansing Gel 20ml<\/p>\n<p>&nbsp;<\/p>\n<ul>\n<li>regeneriert bei Couperose &amp; verfeinert das Hautbild<\/li>\n<li>wirkt mattierend, sch\u00fctzend und mindert R\u00f6tungen<\/li>\n<li>erfrischendes Energiespray<\/li>\n<li>Feuchtigkeit spendender Rundumschutz<\/li>\n<li>reinigt sanft &amp; f\u00f6rdert die Hautregeneration<\/li>\n<li>ideal zum Abnehmen von Augen Make-Up\u200b<\/li>\n<\/ul>\n","protected":false},"featured_media":987476447,"comment_status":"open","ping_status":"closed","template":"","meta":{"_et_pb_use_builder":"","_et_pb_old_content":"","_et_gb_content_width":""},"product_brand":[473],"product_cat":[251,84,243,210,115,350,240,239,456,459],"product_tag":[288,287,289],"class_list":{"0":"post-987476456","1":"product","2":"type-product","3":"status-publish","4":"has-post-thumbnail","6":"product_brand-pharmos-natur","7":"product_cat-pharmos-alle-naturkosmetik","8":"product_cat-gesicht","9":"product_cat-pharmos-gesichtspflege","10":"product_cat-gesichtspflege","11":"product_cat-gesichtsreinigung","12":"product_cat-kleingroessen","13":"product_cat-pharmos-naturkosmetik","14":"product_cat-pharmos-natur","15":"product_cat-sets","16":"product_cat-rabatt-aktionen","17":"product_tag-geschenkset","18":"product_tag-kleingroessen","19":"product_tag-set","21":"first","22":"instock","23":"taxable","24":"shipping-taxable","25":"purchasable","26":"product-type-simple"},"booking_location":null,"booking_location_type":null,"booking_duration":null,"booking_duration_unit":null,"booking_buffer":null,"booking_cost":null,"booking_resources":null,"exclude_global_add_ons":[],"addons":[],"_links":{"self":[{"href":"https:\/\/www.claresco-cosmetic.de\/kosmetik-shop\/wp-json\/wp\/v2\/product\/987476456","targetHints":{"allow":["GET"]}}],"collection":[{"href":"https:\/\/www.claresco-cosmetic.de\/kosmetik-shop\/wp-json\/wp\/v2\/product"}],"about":[{"href":"https:\/\/www.claresco-cosmetic.de\/kosmetik-shop\/wp-json\/wp\/v2\/types\/product"}],"replies":[{"embeddable":true,"href":"https:\/\/www.claresco-cosmetic.de\/kosmetik-shop\/wp-json\/wp\/v2\/comments?post=987476456"}],"wp:featuredmedia":[{"embeddable":true,"href":"https:\/\/www.claresco-cosmetic.de\/kosmetik-shop\/wp-json\/wp\/v2\/media\/987476447"}],"wp:attachment":[{"href":"https:\/\/www.claresco-cosmetic.de\/kosmetik-shop\/wp-json\/wp\/v2\/media?parent=987476456"}],"wp:term":[{"taxonomy":"product_brand","embeddable":true,"href":"https:\/\/www.claresco-cosmetic.de\/kosmetik-shop\/wp-json\/wp\/v2\/product_brand?post=987476456"},{"taxonomy":"product_cat","embeddable":true,"href":"https:\/\/www.claresco-cosmetic.de\/kosmetik-shop\/wp-json\/wp\/v2\/product_cat?post=987476456"},{"taxonomy":"product_tag","embeddable":true,"href":"https:\/\/www.claresco-cosmetic.de\/kosmetik-shop\/wp-json\/wp\/v2\/product_tag?post=987476456"}],"curies":[{"name":"wp","href":"https:\/\/api.w.org\/{rel}","templated":true}]}}