{"id":987476457,"date":"2022-07-11T20:12:24","date_gmt":"2022-07-11T18:12:24","guid":{"rendered":"https:\/\/www.claresco-cosmetic.de\/kosmetik-shop\/?post_type=product&#038;p=987476457"},"modified":"2025-12-02T20:53:55","modified_gmt":"2025-12-02T19:53:55","slug":"moisturizing-kleingroessen-set","status":"publish","type":"product","link":"https:\/\/www.claresco-cosmetic.de\/kosmetik-shop\/produkt\/moisturizing-kleingroessen-set\/","title":{"rendered":"MOISTURIZING Kleingr\u00f6\u00dfen Set"},"content":{"rendered":"<p>Die Kleinen zeigen echte Gr\u00f6\u00dfe<\/p>\n<p>Ob als Geschenk-Idee, Reise-Set oder st\u00e4ndige Begleiter: die Minis sind stylisch, praktisch, reich an Wirkstoffen mit intensiver Lichtenergie &#8211; Biophotonen -und hoher Schwingung. Immer und \u00fcberall eine Quelle tiefer Regeneration, echter Sch\u00f6nheit und purer Energie. Echte Green Luxury Naturprodukte.<\/p>\n<p>Was das f\u00fcr uns bedeutet? \u201eGreen\u201c ist die Natur, ihre Sch\u00f6nheit, ihre Lebendigkeit, ihre Einzigartigkeit, ihre Kraft und ihre sch\u00f6pferische St\u00e4rke. \u201eLuxury\u201c ist der Luxus, genau diese unglaubliche F\u00fclle der Natur einsetzen zu d\u00fcrfen. Ganz behutsam.<\/p>\n<p>Mit der <strong>Moisturizing Cream<\/strong> wird Ihre Haut elastischer, geschmeidiger und rundum versorgt mit einem nat\u00fcrlichen Feuchtigkeitskomplex. Vitamin E wehrt freie Radikale ab. Es ist ein wichtiges Antioxidans und Verj\u00fcngungsvitamin.<\/p>\n<p>Das <strong>Moisturizing Spray<\/strong> erg\u00e4nzt Ihre Pflege ganzheitlich. \u00dcberall und zu jederzeit l\u00e4sst es sich einfach anwenden. Und es sch\u00fctzt, erfrischt und \u00f6ffnet alle Sinne.<\/p>\n<p>Durch die <strong>Cleansing Cream<\/strong> kommt ein tiefer Reinigungsprozess in Gang, so dass sich Ihre Haut von Anfang an optimal regenerieren kann. Erfrischend, ganz sanft und ohne auszutrocknen. Green Luxury Naturkosmetik aus echten Heil- und Verj\u00fcngungspflanzen, sacred plants f\u00fcr gesunde, geschmeidige Haut. \u200b<\/p>\n<p>&nbsp;<\/p>\n<h5>Anwendung<\/h5>\n<p>Reinigen Sie Ihr Gesicht morgens und abends mit einer kleinen Menge des Cleansing Cream. Tragen Sie danach die Moisturizing Cream auf Ihre Haut auf. Und genie\u00dfen Sie zwischendurch immer wieder das Moisturizing Spray.<\/p>\n<p>&nbsp;<\/p>\n<h5>Empfohlen f\u00fcr<\/h5>\n<ul>\n<li>FEUCHTIGKEITSARME HAUT \u2192 macht die Haut geschmeidiger und elastischer<\/li>\n<li>NORMALE HAUT \u2192 erfrischt und verw\u00f6hnt\u200b<\/li>\n<li>MISCHHAUT, FETTIGE, UNREINE HAUT \u2192 befreit die Haut schonend von R\u00fcckst\u00e4nden aus Leitungswasser<\/li>\n<li>EMPFINDLICHE HAUT \u2192 vertr\u00e4glich und nat\u00fcrlich reinigend<\/li>\n<li>ENTFERNUNG VON AUGEN MAKE-UP \u2192 reinigt schonend und gr\u00fcndlich\u200b<\/li>\n<\/ul>\n<p>&nbsp;<\/p>\n","protected":false},"excerpt":{"rendered":"<p>Moisturizing &#8211; die Minis im Set<br \/>\nSacred Plants in praktischen Kleingr\u00f6\u00dfen: Moisturizing Cream 15ml, Moisturizing Spray 20ml, Cleansing Cream 20ml<\/p>\n<p>&nbsp;<\/p>\n<ul>\n<li>leichte, sch\u00fctzende Feuchtigkeitspflege<\/li>\n<li>verringert den transepidermalen Wasserverlust\u200b<\/li>\n<li>Feuchtigkeit spendender Rundumschutz<\/li>\n<li>erfrischendes Energiespray<\/li>\n<li>reguliert den Hydrolipidfilm \u200b<\/li>\n<li>verleiht ein Gef\u00fchl von Frische und ein glattes Hautgef\u00fchl<\/li>\n<\/ul>\n","protected":false},"featured_media":987476448,"comment_status":"open","ping_status":"closed","template":"","meta":{"_et_pb_use_builder":"","_et_pb_old_content":"","_et_gb_content_width":""},"product_brand":[473],"product_cat":[251,84,243,210,115,350,240,239,456],"product_tag":[288,287,289],"class_list":{"0":"post-987476457","1":"product","2":"type-product","3":"status-publish","4":"has-post-thumbnail","6":"product_brand-pharmos-natur","7":"product_cat-pharmos-alle-naturkosmetik","8":"product_cat-gesicht","9":"product_cat-pharmos-gesichtspflege","10":"product_cat-gesichtspflege","11":"product_cat-gesichtsreinigung","12":"product_cat-kleingroessen","13":"product_cat-pharmos-naturkosmetik","14":"product_cat-pharmos-natur","15":"product_cat-sets","16":"product_tag-geschenkset","17":"product_tag-kleingroessen","18":"product_tag-set","20":"first","21":"outofstock","22":"taxable","23":"shipping-taxable","24":"purchasable","25":"product-type-simple"},"booking_location":null,"booking_location_type":null,"booking_duration":null,"booking_duration_unit":null,"booking_buffer":null,"booking_cost":null,"booking_resources":null,"exclude_global_add_ons":[],"addons":[],"_links":{"self":[{"href":"https:\/\/www.claresco-cosmetic.de\/kosmetik-shop\/wp-json\/wp\/v2\/product\/987476457","targetHints":{"allow":["GET"]}}],"collection":[{"href":"https:\/\/www.claresco-cosmetic.de\/kosmetik-shop\/wp-json\/wp\/v2\/product"}],"about":[{"href":"https:\/\/www.claresco-cosmetic.de\/kosmetik-shop\/wp-json\/wp\/v2\/types\/product"}],"replies":[{"embeddable":true,"href":"https:\/\/www.claresco-cosmetic.de\/kosmetik-shop\/wp-json\/wp\/v2\/comments?post=987476457"}],"wp:featuredmedia":[{"embeddable":true,"href":"https:\/\/www.claresco-cosmetic.de\/kosmetik-shop\/wp-json\/wp\/v2\/media\/987476448"}],"wp:attachment":[{"href":"https:\/\/www.claresco-cosmetic.de\/kosmetik-shop\/wp-json\/wp\/v2\/media?parent=987476457"}],"wp:term":[{"taxonomy":"product_brand","embeddable":true,"href":"https:\/\/www.claresco-cosmetic.de\/kosmetik-shop\/wp-json\/wp\/v2\/product_brand?post=987476457"},{"taxonomy":"product_cat","embeddable":true,"href":"https:\/\/www.claresco-cosmetic.de\/kosmetik-shop\/wp-json\/wp\/v2\/product_cat?post=987476457"},{"taxonomy":"product_tag","embeddable":true,"href":"https:\/\/www.claresco-cosmetic.de\/kosmetik-shop\/wp-json\/wp\/v2\/product_tag?post=987476457"}],"curies":[{"name":"wp","href":"https:\/\/api.w.org\/{rel}","templated":true}]}}