{"id":987476458,"date":"2022-07-11T20:27:07","date_gmt":"2022-07-11T18:27:07","guid":{"rendered":"https:\/\/www.claresco-cosmetic.de\/kosmetik-shop\/?post_type=product&#038;p=987476458"},"modified":"2026-02-16T15:57:03","modified_gmt":"2026-02-16T14:57:03","slug":"nourishing-oil-serum","status":"publish","type":"product","link":"https:\/\/www.claresco-cosmetic.de\/kosmetik-shop\/produkt\/nourishing-oil-serum\/","title":{"rendered":"Nourishing Oil Serum"},"content":{"rendered":"<h5>Produktinformationen<\/h5>\n<p>Wenn uns die Rose in ihren Bann zieht, sp\u00fcren wir die wahre Verbindung zwischen Himmel und Erde. Sie ist Symbol f\u00fcr das Leben.Das harmonisierendes Rosen\u00f6l aus Damaszener Rosen und Roselle (Hibiscus sabdariffa) auf Basis des \u00d6ls aus dem schwarzen Sesam Ursamen verw\u00f6hnt und regeneriert Ihre Haut. Mit feinstem Rosenduft.<\/p>\n<p>Der komplette Wirkstoffverbund aus Calcium, Magnesium, Zink und essentiellen Aminos\u00e4uren entfaltet sich vollst\u00e4ndig. Reichhaltige Anti-Oxidantien, vor allem Vitamine des B-Komplexes und wertvolle Omega-Fetts\u00e4uren aktivieren alle Schutzmechanismen und wirken fr\u00fchzeitiger Hautalterung entgegen.<\/p>\n<p>Dieses aphrodisierende \u00d6l st\u00e4rkt merklich all Ihre Hautfunktionen und bringt sie in Schwung. Ihr Gewebe wird sichtbar gefestigt. Denn neben ausreichend Feuchtigkeit ben\u00f6tigt die Haut vor allem auch hochwertige Fette, die leicht aufgenommen werden k\u00f6nnen. \u200bDas Bio Rosen\u00f6l gl\u00e4ttet F\u00e4ltchen, strafft das Bindegewebe und pflegt die Haut. Es verleiht auch der empfindlichen Haut Spannkraft und ein zartes Hautgef\u00fchl. Eine Inspiration f\u00fcr Haut und Sinne. \u200b<\/p>\n<p>&nbsp;<\/p>\n<h5>Gut zu wissen:<\/h5>\n<p>Schon in fr\u00fcheren Zeiten kannten die arabischen M\u00e4rchenerz\u00e4hler den Reichtum an Wirkstoffen, der in den kleinen Samen des schwarzen Sesam Ursamens enthalten ist. Ayurvedische \u00c4rzte schrieben ihm besondere Heil- und Sch\u00f6nheitskr\u00e4fte zu.<\/p>\n<p>&nbsp;<\/p>\n<h5>Anwendung<\/h5>\n<p>Tragen Sie einige Tropfen NOURISHING OIL pur unter einer Pflegecreme auf oder mischen Sie alles direkt mit Ihrer Pflegecreme in der Hand.<\/p>\n<p>&nbsp;<\/p>\n<h5>Empfohlen f\u00fcr<\/h5>\n<ul>\n<li>Raue, trockene Haut \u2192 regeneriert und pflegt beanspruchte Haut<\/li>\n<li>Anreicherung der t\u00e4glichen Pflege\u00a0 \u2192 zonenbezogen f\u00fcr pflegebed\u00fcrftigere Stellen<\/li>\n<li>Pflege im Winter \u2192 zum Schutz vor K\u00e4lte und Wind<\/li>\n<\/ul>\n<p>&nbsp;<\/p>\n<p>&nbsp;<\/p>\n[et_pb_section global_module=\"987493092\"][\/et_pb_section]\n","protected":false},"excerpt":{"rendered":"<p>N\u00e4hrendes \u00d6l-Serum zur Regeneration der Haut. Aus schwarzem Sesam Ursamen &amp; Rosenbl\u00fcten<\/p>\n<p>&nbsp;<\/p>\n<ul>\n<li style=\"margin-bottom: 12px;\">harmonisierend, regenerierend, verj\u00fcngend\u200b<\/li>\n<li style=\"margin-bottom: 12px;\">n\u00e4hrt, sch\u00fctzt, pflegt und vitalisiert die Haut\u200b<\/li>\n<li style=\"margin-bottom: 12px;\">bringt den Hautstoffwechsel ins Gleichgewicht\u200b<\/li>\n<li style=\"margin-bottom: 12px;\">enth\u00e4lt wichtige nat\u00fcrliche Antioxidantien, Sesamol und Sesamolin\u200b<\/li>\n<li>aus echten Heil- und Verj\u00fcngungspflanzen, sacred plants<\/li>\n<\/ul>\n","protected":false},"featured_media":987476452,"comment_status":"open","ping_status":"closed","template":"","meta":{"_et_pb_use_builder":"","_et_pb_old_content":"","_et_gb_content_width":""},"product_brand":[473],"product_cat":[251,84,210,243,240,239,244,459],"product_tag":[],"class_list":{"0":"post-987476458","1":"product","2":"type-product","3":"status-publish","4":"has-post-thumbnail","6":"product_brand-pharmos-natur","7":"product_cat-pharmos-alle-naturkosmetik","8":"product_cat-gesicht","9":"product_cat-gesichtspflege","10":"product_cat-pharmos-gesichtspflege","11":"product_cat-pharmos-naturkosmetik","12":"product_cat-pharmos-natur","13":"product_cat-pharmos-serum","14":"product_cat-rabatt-aktionen","16":"first","17":"instock","18":"taxable","19":"shipping-taxable","20":"purchasable","21":"product-type-simple"},"booking_location":null,"booking_location_type":null,"booking_duration":null,"booking_duration_unit":null,"booking_buffer":null,"booking_cost":null,"booking_resources":null,"exclude_global_add_ons":[],"addons":[],"_links":{"self":[{"href":"https:\/\/www.claresco-cosmetic.de\/kosmetik-shop\/wp-json\/wp\/v2\/product\/987476458","targetHints":{"allow":["GET"]}}],"collection":[{"href":"https:\/\/www.claresco-cosmetic.de\/kosmetik-shop\/wp-json\/wp\/v2\/product"}],"about":[{"href":"https:\/\/www.claresco-cosmetic.de\/kosmetik-shop\/wp-json\/wp\/v2\/types\/product"}],"replies":[{"embeddable":true,"href":"https:\/\/www.claresco-cosmetic.de\/kosmetik-shop\/wp-json\/wp\/v2\/comments?post=987476458"}],"wp:featuredmedia":[{"embeddable":true,"href":"https:\/\/www.claresco-cosmetic.de\/kosmetik-shop\/wp-json\/wp\/v2\/media\/987476452"}],"wp:attachment":[{"href":"https:\/\/www.claresco-cosmetic.de\/kosmetik-shop\/wp-json\/wp\/v2\/media?parent=987476458"}],"wp:term":[{"taxonomy":"product_brand","embeddable":true,"href":"https:\/\/www.claresco-cosmetic.de\/kosmetik-shop\/wp-json\/wp\/v2\/product_brand?post=987476458"},{"taxonomy":"product_cat","embeddable":true,"href":"https:\/\/www.claresco-cosmetic.de\/kosmetik-shop\/wp-json\/wp\/v2\/product_cat?post=987476458"},{"taxonomy":"product_tag","embeddable":true,"href":"https:\/\/www.claresco-cosmetic.de\/kosmetik-shop\/wp-json\/wp\/v2\/product_tag?post=987476458"}],"curies":[{"name":"wp","href":"https:\/\/api.w.org\/{rel}","templated":true}]}}